{"id":997,"date":"2016-10-19T17:23:51","date_gmt":"2016-10-19T17:23:51","guid":{"rendered":"http:\/\/www.ahnenforschung-jackmuth.de\/?page_id=997"},"modified":"2016-10-19T17:34:13","modified_gmt":"2016-10-19T17:34:13","slug":"hhstaw-abt-33-nr-f-%c2%bd-fasz-ix","status":"publish","type":"page","link":"https:\/\/www.ahnenforschung-jackmuth.de\/?page_id=997","title":{"rendered":"HHStAW Abt. 3\/3 Nr. f \u00bd Fasz. IX"},"content":{"rendered":"<h3 style=\"text-align: left;\" align=\"CENTER\"><b>Armenverzeichnis 1742<\/b><\/h3>\n<p align=\"JUSTIFY\">[fol. 140r] <i>Verzeichnu\u00df der Armen, so theil\u00df \u00f6ffent-, theil\u00df heimlich wegen deren legierter 50 Gulden sich angeben wie folgen<\/i><\/p>\n<table border=\"0\" width=\"100%\" cellspacing=\"0\" cellpadding=\"0\">\n<tbody>\n<tr valign=\"TOP\">\n<td width=\"52%\"><\/td>\n<td style=\"text-align: center;\" width=\"16%\"><i>Personen<\/i><\/td>\n<td style=\"text-align: center;\" width=\"18%\"><i>Kobst[\u00fcck]<\/i><\/td>\n<td style=\"text-align: center;\" width=\"14%\"><i>alb.<\/i><\/td>\n<\/tr>\n<tr valign=\"TOP\">\n<td width=\"52%\"><i>Joanne\u00df Buchholtz, heimlich<\/i><\/td>\n<td style=\"text-align: center;\" width=\"16%\"><i>3<\/i><\/td>\n<td style=\"text-align: center;\" width=\"18%\"><i>3<\/i><\/td>\n<td style=\"text-align: center;\" width=\"14%\">\u2014<\/td>\n<\/tr>\n<tr valign=\"TOP\">\n<td width=\"52%\"><i>Johanne\u00df Zimmerman<\/i><\/td>\n<td style=\"text-align: center;\" width=\"16%\"><i>1<\/i><\/td>\n<td style=\"text-align: center;\" width=\"18%\"><i>2<\/i><\/td>\n<td style=\"text-align: center;\" width=\"14%\">\u2014<\/td>\n<\/tr>\n<tr valign=\"TOP\">\n<td width=\"52%\"><i>Ludwig Elbert<\/i><\/td>\n<td style=\"text-align: center;\" width=\"16%\"><i>4<\/i><\/td>\n<td style=\"text-align: center;\" width=\"18%\"><i>3<\/i><\/td>\n<td style=\"text-align: center;\" width=\"14%\">\u2014<\/td>\n<\/tr>\n<tr valign=\"TOP\">\n<td width=\"52%\"><i>Anna Maria Vogtin<\/i><\/td>\n<td style=\"text-align: center;\" width=\"16%\"><i>1<\/i><\/td>\n<td style=\"text-align: center;\" width=\"18%\"><i>2<\/i><\/td>\n<td style=\"text-align: center;\" width=\"14%\"><i>6<\/i><\/td>\n<\/tr>\n<tr valign=\"TOP\">\n<td width=\"52%\"><i>Catharina Thorischin, Wittib<\/i><\/td>\n<td style=\"text-align: center;\" width=\"16%\"><i>2<\/i><\/td>\n<td style=\"text-align: center;\" width=\"18%\"><i>2<\/i><\/td>\n<td style=\"text-align: center;\" width=\"14%\"><i>6<\/i><\/td>\n<\/tr>\n<tr valign=\"TOP\">\n<td width=\"52%\"><i>Anna Badungs, Wittib, aegra<\/i><\/td>\n<td style=\"text-align: center;\" width=\"16%\"><i>3<\/i><\/td>\n<td style=\"text-align: center;\" width=\"18%\"><i>3<\/i><\/td>\n<td style=\"text-align: center;\" width=\"14%\"><i>6<\/i><\/td>\n<\/tr>\n<tr valign=\"TOP\">\n<td width=\"52%\"><i>Elisabetha Lackers<\/i><\/td>\n<td style=\"text-align: center;\" width=\"16%\"><i>3<\/i><\/td>\n<td style=\"text-align: center;\" width=\"18%\"><i>3<\/i><\/td>\n<td style=\"text-align: center;\" width=\"14%\">\u2014<\/td>\n<\/tr>\n<tr valign=\"TOP\">\n<td width=\"52%\"><i>Elisabetha Tyri, Wittib, heimblich<\/i><\/td>\n<td style=\"text-align: center;\" width=\"16%\"><i>1<\/i><\/td>\n<td style=\"text-align: center;\" width=\"18%\"><i>2<\/i><\/td>\n<td style=\"text-align: center;\" width=\"14%\">\u2014<\/td>\n<\/tr>\n<tr valign=\"TOP\">\n<td width=\"52%\"><i>Han\u00df G\u00f6rig Thorisch<\/i><\/td>\n<td style=\"text-align: center;\" width=\"16%\"><i>1<\/i><\/td>\n<td style=\"text-align: center;\" width=\"18%\"><i>2<\/i><\/td>\n<td style=\"text-align: center;\" width=\"14%\"><i>7<\/i><\/td>\n<\/tr>\n<tr valign=\"TOP\">\n<td width=\"52%\"><i>Henrig Governe<\/i><\/td>\n<td style=\"text-align: center;\" width=\"16%\"><i>1<\/i><\/td>\n<td style=\"text-align: center;\" width=\"18%\"><i>2<\/i><\/td>\n<td style=\"text-align: center;\" width=\"14%\">\u2014<\/td>\n<\/tr>\n<tr valign=\"TOP\">\n<td width=\"52%\"><i>Jost Z\u00f6rbach<\/i><\/td>\n<td style=\"text-align: center;\" width=\"16%\"><i>2<\/i><\/td>\n<td style=\"text-align: center;\" width=\"18%\"><i>2<\/i><\/td>\n<td style=\"text-align: center;\" width=\"14%\"><i>6<\/i><\/td>\n<\/tr>\n<tr valign=\"TOP\">\n<td width=\"52%\"><i>Jo[ann]es Kipper<\/i><\/td>\n<td style=\"text-align: center;\" width=\"16%\"><i>4<\/i><\/td>\n<td style=\"text-align: center;\" width=\"18%\"><i>3<\/i><\/td>\n<td style=\"text-align: center;\" width=\"14%\">\u2014<\/td>\n<\/tr>\n<tr valign=\"TOP\">\n<td width=\"52%\"><i>Peter Wagener<\/i><\/td>\n<td style=\"text-align: center;\" width=\"16%\"><i>4<\/i><\/td>\n<td style=\"text-align: center;\" width=\"18%\"><i>3<\/i><\/td>\n<td style=\"text-align: center;\" width=\"14%\">\u2014<\/td>\n<\/tr>\n<tr valign=\"TOP\">\n<td width=\"52%\"><i>Peter Bertram<\/i><\/td>\n<td style=\"text-align: center;\" width=\"16%\"><i>5<\/i><\/td>\n<td style=\"text-align: center;\" width=\"18%\"><i>3<\/i><\/td>\n<td style=\"text-align: center;\" width=\"14%\">\u2014<\/td>\n<\/tr>\n<tr valign=\"TOP\">\n<td width=\"52%\"><i>Gerhard M\u00f6seler<\/i><\/td>\n<td style=\"text-align: center;\" width=\"16%\"><i>3<\/i><\/td>\n<td style=\"text-align: center;\" width=\"18%\"><i>3<\/i><\/td>\n<td style=\"text-align: center;\" width=\"14%\">\u2014<\/td>\n<\/tr>\n<tr valign=\"TOP\">\n<td width=\"52%\"><i>Han\u00df Jacob Mangolt<\/i><\/td>\n<td style=\"text-align: center;\" width=\"16%\"><i>5<\/i><\/td>\n<td style=\"text-align: center;\" width=\"18%\"><i>2<\/i><\/td>\n<td style=\"text-align: center;\" width=\"14%\"><i>9<\/i><\/td>\n<\/tr>\n<tr valign=\"TOP\">\n<td width=\"52%\"><i>Caspar Hencke\u00df<\/i><\/td>\n<td style=\"text-align: center;\" width=\"16%\"><i>6<\/i><\/td>\n<td style=\"text-align: center;\" width=\"18%\"><i>3<\/i><\/td>\n<td style=\"text-align: center;\" width=\"14%\">\u2014<\/td>\n<\/tr>\n<tr valign=\"TOP\">\n<td width=\"52%\"><i>Wittib Boosin<\/i><\/td>\n<td style=\"text-align: center;\" width=\"16%\"><i>3<\/i><\/td>\n<td style=\"text-align: center;\" width=\"18%\"><i>3<\/i><\/td>\n<td style=\"text-align: center;\" width=\"14%\">\u2014<\/td>\n<\/tr>\n<tr valign=\"TOP\">\n<td width=\"52%\"><i>Johanne\u00df Z\u00f6rbach<\/i><\/td>\n<td style=\"text-align: center;\" width=\"16%\"><i>5<\/i><\/td>\n<td style=\"text-align: center;\" width=\"18%\"><i>3<\/i><\/td>\n<td style=\"text-align: center;\" width=\"14%\">\u2014<\/td>\n<\/tr>\n<tr valign=\"TOP\">\n<td width=\"52%\"><i>Wittib Fischin<\/i><\/td>\n<td style=\"text-align: center;\" width=\"16%\"><i>2<\/i><\/td>\n<td style=\"text-align: center;\" width=\"18%\"><i>2<\/i><\/td>\n<td style=\"text-align: center;\" width=\"14%\"><i>9<\/i><\/td>\n<\/tr>\n<tr valign=\"TOP\">\n<td width=\"52%\"><i>Henrig R\u00fcbenach<\/i><\/td>\n<td style=\"text-align: center;\" width=\"16%\"><i>3<\/i><\/td>\n<td style=\"text-align: center;\" width=\"18%\"><i>2<\/i><\/td>\n<td style=\"text-align: center;\" width=\"14%\"><i>6<\/i><\/td>\n<\/tr>\n<tr valign=\"TOP\">\n<td width=\"52%\"><i>Johanne\u00df Thron, semper aeger<\/i><\/td>\n<td style=\"text-align: center;\" width=\"16%\"><i>5<\/i><\/td>\n<td style=\"text-align: center;\" width=\"18%\"><i>4<\/i><\/td>\n<td style=\"text-align: center;\" width=\"14%\">\u2014<\/td>\n<\/tr>\n<tr valign=\"TOP\">\n<td style=\"text-align: right;\" width=\"52%\"><i>Latus 20 fl. 19 alb.<\/i><\/td>\n<td style=\"text-align: center;\" width=\"16%\"><\/td>\n<td style=\"text-align: center;\" width=\"18%\"><\/td>\n<td style=\"text-align: center;\" width=\"14%\"><\/td>\n<\/tr>\n<tr valign=\"TOP\">\n<td width=\"52%\">[fol. 140v]<i> Anna Elisabetha Spechtin<\/i><\/td>\n<td style=\"text-align: center;\" width=\"16%\"><i>1<\/i><\/td>\n<td style=\"text-align: center;\" width=\"18%\"><i>2<\/i><\/td>\n<td style=\"text-align: center;\" width=\"14%\">\u2014<\/td>\n<\/tr>\n<tr valign=\"TOP\">\n<td width=\"52%\"><i>Maria Elisabetha Sch\u00fclerin<\/i><\/td>\n<td style=\"text-align: center;\" width=\"16%\"><i>2<\/i><\/td>\n<td style=\"text-align: center;\" width=\"18%\"><i>2<\/i><\/td>\n<td style=\"text-align: center;\" width=\"14%\"><i>9<\/i><\/td>\n<\/tr>\n<tr valign=\"TOP\">\n<td width=\"52%\"><i>Mathias Everhard<\/i><\/td>\n<td style=\"text-align: center;\" width=\"16%\"><i>7<\/i><\/td>\n<td style=\"text-align: center;\" width=\"18%\"><i>3<\/i><\/td>\n<td style=\"text-align: center;\" width=\"14%\">\u2014<\/td>\n<\/tr>\n<tr valign=\"TOP\">\n<td width=\"52%\"><i>Nicola\u00df Eisenbarth<\/i><\/td>\n<td style=\"text-align: center;\" width=\"16%\"><i>3<\/i><\/td>\n<td style=\"text-align: center;\" width=\"18%\"><i>2<\/i><\/td>\n<td style=\"text-align: center;\" width=\"14%\"><i>6<\/i><\/td>\n<\/tr>\n<tr valign=\"TOP\">\n<td width=\"52%\"><i>Wittib Waahl\u00df, ist kranck<\/i><\/td>\n<td style=\"text-align: center;\" width=\"16%\"><i>2<\/i><\/td>\n<td style=\"text-align: center;\" width=\"18%\"><i>4<\/i><\/td>\n<td style=\"text-align: center;\" width=\"14%\">\u2014<\/td>\n<\/tr>\n<tr valign=\"TOP\">\n<td width=\"52%\"><i>Wittib Zimmerschiedts<\/i><\/td>\n<td style=\"text-align: center;\" width=\"16%\"><i>3<\/i><\/td>\n<td style=\"text-align: center;\" width=\"18%\"><i>2<\/i><\/td>\n<td style=\"text-align: center;\" width=\"14%\"><i>9<\/i><\/td>\n<\/tr>\n<tr valign=\"TOP\">\n<td width=\"52%\"><i>Elisabetha Abinets, heimlich<\/i><\/td>\n<td style=\"text-align: center;\" width=\"16%\"><i>1<\/i><\/td>\n<td style=\"text-align: center;\" width=\"18%\"><i>2<\/i><\/td>\n<td style=\"text-align: center;\" width=\"14%\">\u2014<\/td>\n<\/tr>\n<tr valign=\"TOP\">\n<td width=\"52%\"><i>Nicola\u00df Wagener<\/i><\/td>\n<td style=\"text-align: center;\" width=\"16%\"><i>2<\/i><\/td>\n<td style=\"text-align: center;\" width=\"18%\"><i>3<\/i><\/td>\n<td style=\"text-align: center;\" width=\"14%\">\u2014<\/td>\n<\/tr>\n<tr valign=\"TOP\">\n<td width=\"52%\"><i>Maria Elisabetha Britzin<\/i><\/td>\n<td style=\"text-align: center;\" width=\"16%\"><i>2<\/i><\/td>\n<td style=\"text-align: center;\" width=\"18%\"><i>3<\/i><\/td>\n<td style=\"text-align: center;\" width=\"14%\">\u2014<\/td>\n<\/tr>\n<tr valign=\"TOP\">\n<td width=\"52%\"><i>Henrig Dern<\/i><\/td>\n<td style=\"text-align: center;\" width=\"16%\"><i>6<\/i><\/td>\n<td style=\"text-align: center;\" width=\"18%\"><i>3<\/i><\/td>\n<td style=\"text-align: center;\" width=\"14%\">\u2014<\/td>\n<\/tr>\n<tr valign=\"TOP\">\n<td width=\"52%\"><i>Peter Specht\u00df Wittib<\/i><\/td>\n<td style=\"text-align: center;\" width=\"16%\"><i>3<\/i><\/td>\n<td style=\"text-align: center;\" width=\"18%\"><i>3<\/i><\/td>\n<td style=\"text-align: center;\" width=\"14%\">\u2014<\/td>\n<\/tr>\n<tr valign=\"TOP\">\n<td width=\"52%\"><i>Christ Braad<\/i><\/td>\n<td style=\"text-align: center;\" width=\"16%\"><i>5<\/i><\/td>\n<td style=\"text-align: center;\" width=\"18%\"><i>3<\/i><\/td>\n<td style=\"text-align: center;\" width=\"14%\">\u2014<\/td>\n<\/tr>\n<tr valign=\"TOP\">\n<td width=\"52%\"><i>Barthelmi\u00df G\u00f6rig<\/i><\/td>\n<td style=\"text-align: center;\" width=\"16%\"><i>2<\/i><\/td>\n<td style=\"text-align: center;\" width=\"18%\"><i>3<\/i><\/td>\n<td style=\"text-align: center;\" width=\"14%\">\u2014<\/td>\n<\/tr>\n<tr valign=\"TOP\">\n<td width=\"52%\"><i>Wittib Derns<\/i><\/td>\n<td style=\"text-align: center;\" width=\"16%\"><i>3<\/i><\/td>\n<td style=\"text-align: center;\" width=\"18%\"><i>3<\/i><\/td>\n<td style=\"text-align: center;\" width=\"14%\">\u2014<\/td>\n<\/tr>\n<tr valign=\"TOP\">\n<td width=\"52%\"><i>Johanne\u00df Bertram<\/i><\/td>\n<td style=\"text-align: center;\" width=\"16%\"><i>5<\/i><\/td>\n<td style=\"text-align: center;\" width=\"18%\"><i>2<\/i><\/td>\n<td style=\"text-align: center;\" width=\"14%\">\u2014<\/td>\n<\/tr>\n<tr valign=\"TOP\">\n<td width=\"52%\"><i>Elisabetha Billigs, sehr kranck<\/i><\/td>\n<td style=\"text-align: center;\" width=\"16%\"><i>2<\/i><\/td>\n<td style=\"text-align: center;\" width=\"18%\"><i>3<\/i><\/td>\n<td style=\"text-align: center;\" width=\"14%\">\u2014<\/td>\n<\/tr>\n<tr valign=\"TOP\">\n<td width=\"52%\"><i>Anna Barbara Niedt\u00df<\/i><\/td>\n<td style=\"text-align: center;\" width=\"16%\"><i>1<\/i><\/td>\n<td style=\"text-align: center;\" width=\"18%\"><i>2<\/i><\/td>\n<td style=\"text-align: center;\" width=\"14%\">\u2014<\/td>\n<\/tr>\n<tr valign=\"TOP\">\n<td width=\"52%\"><i>Maria Bertram\u00df<\/i><\/td>\n<td style=\"text-align: center;\" width=\"16%\"><i>1<\/i><\/td>\n<td style=\"text-align: center;\" width=\"18%\"><i>2<\/i><\/td>\n<td style=\"text-align: center;\" width=\"14%\">\u2014<\/td>\n<\/tr>\n<tr valign=\"TOP\">\n<td width=\"52%\"><i>Gertrud Derns<\/i><\/td>\n<td style=\"text-align: center;\" width=\"16%\"><i>2<\/i><\/td>\n<td style=\"text-align: center;\" width=\"18%\"><i>2<\/i><\/td>\n<td style=\"text-align: center;\" width=\"14%\"><i>9<\/i><\/td>\n<\/tr>\n<tr valign=\"TOP\">\n<td width=\"52%\"><i>Catharina Hanin, Wittib, heimblich<\/i><\/td>\n<td style=\"text-align: center;\" width=\"16%\"><i>1<\/i><\/td>\n<td style=\"text-align: center;\" width=\"18%\"><i>2<\/i><\/td>\n<td style=\"text-align: center;\" width=\"14%\">\u2014<\/td>\n<\/tr>\n<tr valign=\"TOP\">\n<td width=\"52%\"><i>Anna Maria Jungs<\/i><\/td>\n<td style=\"text-align: center;\" width=\"16%\"><i>1<\/i><\/td>\n<td style=\"text-align: center;\" width=\"18%\"><i>2<\/i><\/td>\n<td style=\"text-align: center;\" width=\"14%\">\u2014<\/td>\n<\/tr>\n<tr valign=\"TOP\">\n<td width=\"52%\"><i>Anna Maria Servatz<\/i><\/td>\n<td style=\"text-align: center;\" width=\"16%\"><i>1<\/i><\/td>\n<td style=\"text-align: center;\" width=\"18%\"><i>2<\/i><\/td>\n<td style=\"text-align: center;\" width=\"14%\">\u2014<\/td>\n<\/tr>\n<tr valign=\"TOP\">\n<td width=\"52%\"><i>Johanne\u00df Drill<\/i><\/td>\n<td style=\"text-align: center;\" width=\"16%\"><i>5<\/i><\/td>\n<td style=\"text-align: center;\" width=\"18%\"><i>3<\/i><\/td>\n<td style=\"text-align: center;\" width=\"14%\">\u2014<\/td>\n<\/tr>\n<tr valign=\"TOP\">\n<td width=\"52%\"><i>Han\u00df G\u00f6rig Th\u00fcne\u00df<\/i><\/td>\n<td style=\"text-align: center;\" width=\"16%\"><i>7<\/i><\/td>\n<td style=\"text-align: center;\" width=\"18%\"><i>3<\/i><\/td>\n<td style=\"text-align: center;\" width=\"14%\">\u2014<\/td>\n<\/tr>\n<tr valign=\"TOP\">\n<td width=\"52%\"><i>Wittib Stein\u00df<\/i><\/td>\n<td style=\"text-align: center;\" width=\"16%\"><i>2<\/i><\/td>\n<td style=\"text-align: center;\" width=\"18%\"><i>3<\/i><\/td>\n<td style=\"text-align: center;\" width=\"14%\">\u2014<\/td>\n<\/tr>\n<tr valign=\"TOP\">\n<td style=\"text-align: right;\" width=\"52%\"><i>Latus 22 fl. 19 alb.<\/i><\/td>\n<td style=\"text-align: center;\" width=\"16%\"><\/td>\n<td style=\"text-align: center;\" width=\"18%\"><\/td>\n<td style=\"text-align: center;\" width=\"14%\"><\/td>\n<\/tr>\n<tr valign=\"TOP\">\n<td width=\"52%\">[fol. 141r]<i> Wittib Befforts<\/i><\/td>\n<td style=\"text-align: center;\" width=\"16%\"><i>2<\/i><\/td>\n<td style=\"text-align: center;\" width=\"18%\"><i>2<\/i><\/td>\n<td style=\"text-align: center;\" width=\"14%\"><i>9<\/i><\/td>\n<\/tr>\n<tr valign=\"TOP\">\n<td width=\"52%\"><i>Elisabetha Laturin<\/i><\/td>\n<td style=\"text-align: center;\" width=\"16%\"><i>2<\/i><\/td>\n<td style=\"text-align: center;\" width=\"18%\"><i>2<\/i><\/td>\n<td style=\"text-align: center;\" width=\"14%\"><i>9<\/i><\/td>\n<\/tr>\n<tr valign=\"TOP\">\n<td width=\"52%\"><i>Joan Adam Leydeck<\/i><\/td>\n<td style=\"text-align: center;\" width=\"16%\"><i>5<\/i><\/td>\n<td style=\"text-align: center;\" width=\"18%\"><i>3<\/i><\/td>\n<td style=\"text-align: center;\" width=\"14%\">\u2014<\/td>\n<\/tr>\n<tr valign=\"TOP\">\n<td width=\"52%\"><i>Johan Adam Evertshe\u00fcser<\/i><\/td>\n<td style=\"text-align: center;\" width=\"16%\"><i>5<\/i><\/td>\n<td style=\"text-align: center;\" width=\"18%\"><i>2<\/i><\/td>\n<td style=\"text-align: center;\" width=\"14%\"><i>5<\/i><\/td>\n<\/tr>\n<tr valign=\"TOP\">\n<td width=\"52%\"><i>Godfried H\u00e4hn<\/i><\/td>\n<td style=\"text-align: center;\" width=\"16%\"><i>4<\/i><\/td>\n<td style=\"text-align: center;\" width=\"18%\"><i>2<\/i><\/td>\n<td style=\"text-align: center;\" width=\"14%\"><i>6<\/i><\/td>\n<\/tr>\n<tr valign=\"TOP\">\n<td width=\"52%\"><i>Hubertus Kun\u00df<\/i><\/td>\n<td style=\"text-align: center;\" width=\"16%\"><i>2<\/i><\/td>\n<td style=\"text-align: center;\" width=\"18%\"><i>2<\/i><\/td>\n<td style=\"text-align: center;\" width=\"14%\">\u2014<\/td>\n<\/tr>\n<tr valign=\"TOP\">\n<td width=\"52%\"><i>Jo[ann]es Buffy, pro Elisabetha Zimmermans pupilla intercessit<\/i><\/td>\n<td style=\"text-align: center;\" width=\"16%\"><i>1<\/i><\/td>\n<td style=\"text-align: center;\" width=\"18%\"><i>2<\/i><\/td>\n<td style=\"text-align: center;\" width=\"14%\">\u2014<\/td>\n<\/tr>\n<tr valign=\"TOP\">\n<td width=\"52%\"><i>Anna Maria Krobbenbergerin<\/i><\/td>\n<td style=\"text-align: center;\" width=\"16%\"><i>1<\/i><\/td>\n<td style=\"text-align: center;\" width=\"18%\"><i>2<\/i><\/td>\n<td style=\"text-align: center;\" width=\"14%\"><i>3<\/i><\/td>\n<\/tr>\n<tr valign=\"TOP\">\n<td width=\"52%\"><i>Andreas Bozung<\/i><\/td>\n<td style=\"text-align: center;\" width=\"16%\"><i>2<\/i><\/td>\n<td style=\"text-align: center;\" width=\"18%\"><i>2<\/i><\/td>\n<td style=\"text-align: center;\" width=\"14%\">\u2014<\/td>\n<\/tr>\n<tr valign=\"TOP\">\n<td style=\"text-align: right;\" width=\"52%\"><i>Latus 7 fl. 8 alb.<\/i><\/td>\n<td style=\"text-align: center;\" width=\"16%\"><\/td>\n<td style=\"text-align: center;\" width=\"18%\"><\/td>\n<td style=\"text-align: center;\" width=\"14%\"><\/td>\n<\/tr>\n<tr valign=\"TOP\">\n<td style=\"text-align: right;\" width=\"52%\"><i>[Summa sum]marum 50 rheinische Gulden <\/i><\/td>\n<td style=\"text-align: center;\" width=\"16%\"><\/td>\n<td style=\"text-align: center;\" width=\"18%\"><\/td>\n<td style=\"text-align: center;\" width=\"14%\"><\/td>\n<\/tr>\n<\/tbody>\n<\/table>\n<p align=\"JUSTIFY\"><i>Nieberen, den 2[ten] Tag [Decem]bris anno 1742 im Pfarhau\u00dfe repartiert und distribuirt a D[omi]no pastore Andrea Schue et adjunctis praetore Finckelmeyer, Michaele Thorisch, synodale, et Werico Jacob, synodale, ita repartitum et destributum ut supra gemelt ist.<\/i><\/p>\n<hr \/>\n<p><span style=\"font-size: small;\"><b>Letztes Update: Oktober 2016<\/b><\/span><br \/>\n<span style=\"font-size: small;\"><b>Ralph Jackmuth<\/b><\/span><\/p>\n","protected":false},"excerpt":{"rendered":"<p>Armenverzeichnis 1742 [fol. 140r] Verzeichnu\u00df der Armen, so theil\u00df \u00f6ffent-, theil\u00df heimlich wegen deren legierter 50 Gulden sich angeben wie folgen Personen Kobst[\u00fcck] alb. Joanne\u00df Buchholtz, heimlich 3 3 \u2014 Johanne\u00df Zimmerman 1 2 \u2014 Ludwig Elbert 4 3 \u2014 Anna Maria Vogtin 1 2 6 Catharina Thorischin, Wittib 2 2 6 Anna Badungs, Wittib, &hellip; <a href=\"https:\/\/www.ahnenforschung-jackmuth.de\/?page_id=997\" class=\"more-link\"><span class=\"screen-reader-text\">\u201eHHStAW Abt. 3\/3 Nr. f \u00bd Fasz. IX\u201c<\/span> weiterlesen<\/a><\/p>\n","protected":false},"author":1,"featured_media":0,"parent":0,"menu_order":0,"comment_status":"closed","ping_status":"closed","template":"","meta":{"footnotes":""},"class_list":["post-997","page","type-page","status-publish","hentry"],"_links":{"self":[{"href":"https:\/\/www.ahnenforschung-jackmuth.de\/index.php?rest_route=\/wp\/v2\/pages\/997","targetHints":{"allow":["GET"]}}],"collection":[{"href":"https:\/\/www.ahnenforschung-jackmuth.de\/index.php?rest_route=\/wp\/v2\/pages"}],"about":[{"href":"https:\/\/www.ahnenforschung-jackmuth.de\/index.php?rest_route=\/wp\/v2\/types\/page"}],"author":[{"embeddable":true,"href":"https:\/\/www.ahnenforschung-jackmuth.de\/index.php?rest_route=\/wp\/v2\/users\/1"}],"replies":[{"embeddable":true,"href":"https:\/\/www.ahnenforschung-jackmuth.de\/index.php?rest_route=%2Fwp%2Fv2%2Fcomments&post=997"}],"version-history":[{"count":0,"href":"https:\/\/www.ahnenforschung-jackmuth.de\/index.php?rest_route=\/wp\/v2\/pages\/997\/revisions"}],"wp:attachment":[{"href":"https:\/\/www.ahnenforschung-jackmuth.de\/index.php?rest_route=%2Fwp%2Fv2%2Fmedia&parent=997"}],"curies":[{"name":"wp","href":"https:\/\/api.w.org\/{rel}","templated":true}]}}