{"id":9943,"date":"2022-11-29T14:16:30","date_gmt":"2022-11-29T14:16:30","guid":{"rendered":"http:\/\/www.ahnenforschung-jackmuth.de\/?page_id=9943"},"modified":"2024-05-08T10:03:42","modified_gmt":"2024-05-08T10:03:42","slug":"ofb-fruecht-1707-1817-clos-klos","status":"publish","type":"page","link":"https:\/\/www.ahnenforschung-jackmuth.de\/?page_id=9943","title":{"rendered":"OFB Fr\u00fccht 1615-1817 &#8211; Clos\/Klos"},"content":{"rendered":"<p style=\"text-align: justify;\"><span style=\"font-family: times new roman, times, serif; font-size: 10pt;\"><span style=\"color: #ff0000;\"><strong><u>Clos<\/u><\/strong><strong> Gerhard:<\/strong> <\/span>Closen Gerhard und sein Eidam Konrad, die in einem Haus wohnten, ist 1606 leibeigen den von Nassau-Weilburg-Saarbr\u00fccken, ein Heppenhauer (Frese\/Schaback: Fr\u00fccht; S. 10)<\/span><\/p>\n<hr \/>\n<p style=\"text-align: justify;\"><span style=\"font-family: times new roman, times, serif; font-size: 10pt;\"><span style=\"color: #ff0000;\"><strong><u>Clos<\/u><\/strong><strong>, Johannes: <\/strong><\/span>pachtet mit Hieronymus Jakob, Weinet Ochs und Johannes Ansel einen Hof in Fr\u00fccht von Friedrich vom Stein, vormals den Hutzing von Lahnstein (Frese\/Schaback: Fr\u00fccht; S. 10); am 01.07.\/21.06.1629 und 12.\/02.10.1631 zum Aussch\u00fcsser bei den Hexenprozessen vereidigt (Steinsches Archiv Nassau, Nr. 5812, pag. 435 und 223)<\/span><\/p>\n<p><span style=\"font-family: times new roman, times, serif; font-size: 10pt;\"><strong>oo I.<\/strong> mit<strong> Katharina:<\/strong> + 17.11.1615 morgens zw. 4 und 5 Uhr Fr\u00fccht, im Wochenbett (bg. 18.11.)<\/span><\/p>\n<table>\n<tbody>\n<tr>\n<td style=\"text-align: center;\" width=\"24\"><span style=\"font-family: times new roman, times, serif; font-size: 10pt;\"><strong>Nr.<\/strong><\/span><\/td>\n<td width=\"151\"><span style=\"font-family: times new roman, times, serif; font-size: 10pt;\"><strong>Vorname (normiert)<\/strong><\/span><\/td>\n<td style=\"text-align: center;\" width=\"59\"><span style=\"font-family: times new roman, times, serif; font-size: 10pt;\"><strong>*<\/strong><\/span><\/td>\n<td style=\"text-align: center;\" width=\"76\"><span style=\"font-family: times new roman, times, serif; font-size: 10pt;\"><strong>gt.<\/strong><\/span><\/td>\n<td style=\"text-align: center;\" width=\"59\"><span style=\"font-family: times new roman, times, serif; font-size: 10pt;\"><strong>konf.<\/strong><\/span><\/td>\n<td style=\"text-align: center;\" width=\"76\"><span style=\"font-family: times new roman, times, serif; font-size: 10pt;\"><strong>+<\/strong><\/span><\/td>\n<td style=\"text-align: center;\" width=\"76\"><span style=\"font-family: times new roman, times, serif; font-size: 10pt;\"><strong>bg.<\/strong><\/span><\/td>\n<td style=\"text-align: center;\" width=\"47\"><span style=\"font-family: times new roman, times, serif; font-size: 10pt;\"><strong>Alter<\/strong><\/span><\/td>\n<td style=\"text-align: center;\" width=\"37\"><span style=\"font-family: times new roman, times, serif; font-size: 10pt;\"><strong>Stand<\/strong><\/span><\/td>\n<\/tr>\n<tr>\n<td style=\"text-align: center;\" width=\"24\"><span style=\"font-family: times new roman, times, serif; font-size: 10pt;\">1<\/span><\/td>\n<td width=\"151\"><span style=\"font-family: times new roman, times, serif; font-size: 10pt;\">Valentin\/Velten<\/span><\/td>\n<td style=\"text-align: center;\" width=\"59\"><\/td>\n<td style=\"text-align: center;\" width=\"76\"><span style=\"font-family: times new roman, times, serif; font-size: 10pt;\">17.11.1615<\/span><\/td>\n<td style=\"text-align: center;\" width=\"59\"><\/td>\n<td style=\"text-align: center;\" width=\"76\"><span style=\"font-family: times new roman, times, serif; font-size: 10pt;\">30.12.1624<\/span><\/td>\n<td style=\"text-align: center;\" width=\"76\"><span style=\"font-family: times new roman, times, serif; font-size: 10pt;\">31.12.1624<\/span><\/td>\n<td style=\"text-align: center;\" width=\"47\"><span style=\"font-family: times new roman, times, serif; font-size: 10pt;\">9,13<\/span><\/td>\n<td style=\"text-align: center;\" width=\"37\"><\/td>\n<\/tr>\n<\/tbody>\n<\/table>\n<p><span style=\"font-family: times new roman, times, serif; font-size: 10pt;\"><strong>Paten: <\/strong><em>Velten Schmidt; D\u00f6nge\u00df Schumacher; vnnd Arnolds Schutzen Hausfraw, s\u00e4mptliche Inwohner zu Fr\u00fccht<\/em><\/span><\/p>\n<p><span style=\"font-family: times new roman, times, serif; font-size: 10pt;\"><strong>oo II.<\/strong> mit <strong>Else<\/strong><\/span><\/p>\n<table>\n<tbody>\n<tr>\n<td style=\"text-align: center;\" width=\"25\"><span style=\"font-family: times new roman, times, serif; font-size: 10pt;\"><strong>Nr.<\/strong><\/span><\/td>\n<td width=\"144\"><span style=\"font-family: times new roman, times, serif; font-size: 10pt;\"><strong>Vorname (normiert)<\/strong><\/span><\/td>\n<td style=\"text-align: center;\" width=\"60\"><span style=\"font-family: times new roman, times, serif; font-size: 10pt;\"><strong>*<\/strong><\/span><\/td>\n<td style=\"text-align: center;\" width=\"77\"><span style=\"font-family: times new roman, times, serif; font-size: 10pt;\"><strong>gt.<\/strong><\/span><\/td>\n<td style=\"text-align: center;\" width=\"60\"><span style=\"font-family: times new roman, times, serif; font-size: 10pt;\"><strong>konf.<\/strong><\/span><\/td>\n<td style=\"text-align: center;\" width=\"77\"><span style=\"font-family: times new roman, times, serif; font-size: 10pt;\"><strong>+<\/strong><\/span><\/td>\n<td style=\"text-align: center;\" width=\"77\"><span style=\"font-family: times new roman, times, serif; font-size: 10pt;\"><strong>bg.<\/strong><\/span><\/td>\n<td style=\"text-align: center;\" width=\"48\"><span style=\"font-family: times new roman, times, serif; font-size: 10pt;\"><strong>Alter<\/strong><\/span><\/td>\n<td style=\"text-align: center;\" width=\"38\"><span style=\"font-family: times new roman, times, serif; font-size: 10pt;\"><strong>Stand<\/strong><\/span><\/td>\n<\/tr>\n<tr>\n<td style=\"text-align: center;\" width=\"25\"><span style=\"font-family: times new roman, times, serif; font-size: 10pt;\">1<\/span><\/td>\n<td width=\"144\"><span style=\"font-family: times new roman, times, serif; font-size: 10pt;\">Hans D\u00f6nges<\/span><\/td>\n<td style=\"text-align: center;\" width=\"60\"><\/td>\n<td style=\"text-align: center;\" width=\"77\"><span style=\"font-family: times new roman, times, serif; font-size: 10pt;\">23.01.1620<\/span><\/td>\n<td style=\"text-align: center;\" width=\"60\"><\/td>\n<td style=\"text-align: center;\" width=\"77\"><span style=\"font-family: times new roman, times, serif; font-size: 10pt;\">02.04.1621<\/span><\/td>\n<td style=\"text-align: center;\" width=\"77\"><span style=\"font-family: times new roman, times, serif; font-size: 10pt;\">03.04.1621<\/span><\/td>\n<td style=\"text-align: center;\" width=\"48\"><span style=\"font-family: times new roman, times, serif; font-size: 10pt;\">1,19<\/span><\/td>\n<td style=\"text-align: center;\" width=\"38\"><\/td>\n<\/tr>\n<tr>\n<td style=\"text-align: center;\"><span style=\"font-family: times new roman, times, serif; font-size: 10pt;\">2<\/span><\/td>\n<td><span style=\"font-family: times new roman, times, serif; font-size: 10pt;\">Konrad<\/span><\/td>\n<td style=\"text-align: center;\"><\/td>\n<td style=\"text-align: center;\"><span style=\"font-family: times new roman, times, serif; font-size: 10pt;\">14.04.1622<\/span><\/td>\n<td style=\"text-align: center;\"><\/td>\n<td style=\"text-align: center;\"><span style=\"font-family: times new roman, times, serif; font-size: 10pt;\">03.11.1626<\/span><\/td>\n<td style=\"text-align: center;\"><span style=\"font-family: times new roman, times, serif; font-size: 10pt;\">04.11.1626<\/span><\/td>\n<td style=\"text-align: center;\"><span style=\"font-family: times new roman, times, serif; font-size: 10pt;\">4,56<\/span><\/td>\n<td style=\"text-align: center;\"><\/td>\n<\/tr>\n<tr>\n<td style=\"text-align: center;\"><span style=\"font-family: times new roman, times, serif; font-size: 10pt;\">3<\/span><\/td>\n<td><span style=\"font-family: times new roman, times, serif; font-size: 10pt;\">Jakob<\/span><\/td>\n<td style=\"text-align: center;\"><\/td>\n<td style=\"text-align: center;\"><span style=\"font-family: times new roman, times, serif; font-size: 10pt;\">02.10.1625<\/span><\/td>\n<td style=\"text-align: center;\"><\/td>\n<td style=\"text-align: center;\"><\/td>\n<td style=\"text-align: center;\"><\/td>\n<td style=\"text-align: center;\"><\/td>\n<td style=\"text-align: center;\"><\/td>\n<\/tr>\n<tr>\n<td style=\"text-align: center;\"><span style=\"font-family: times new roman, times, serif; font-size: 10pt;\">4<\/span><\/td>\n<td><span style=\"font-family: times new roman, times, serif; font-size: 10pt;\">Matth\u00e4us<\/span><\/td>\n<td style=\"text-align: center;\"><\/td>\n<td style=\"text-align: center;\"><span style=\"font-family: times new roman, times, serif; font-size: 10pt;\">01.03.1629<\/span><\/td>\n<td style=\"text-align: center;\"><\/td>\n<td style=\"text-align: center;\"><\/td>\n<td style=\"text-align: center;\"><\/td>\n<td style=\"text-align: center;\"><\/td>\n<td style=\"text-align: center;\"><\/td>\n<\/tr>\n<tr>\n<td style=\"text-align: center;\"><span style=\"font-family: times new roman, times, serif; font-size: 10pt;\">5<\/span><\/td>\n<td><span style=\"font-family: times new roman, times, serif; font-size: 10pt;\">Anton<\/span><\/td>\n<td style=\"text-align: center;\"><\/td>\n<td style=\"text-align: center;\"><span style=\"font-family: times new roman, times, serif; font-size: 10pt;\">30.11.1631<\/span><\/td>\n<td style=\"text-align: center;\"><\/td>\n<td style=\"text-align: center;\"><\/td>\n<td style=\"text-align: center;\"><\/td>\n<td style=\"text-align: center;\"><\/td>\n<td style=\"text-align: center;\"><\/td>\n<\/tr>\n<\/tbody>\n<\/table>\n<p style=\"text-align: justify;\"><span style=\"font-family: times new roman, times, serif; font-size: 10pt;\"><strong>Paten: zu 1) <\/strong><em>Ehr Anthonius Vietor, Pfarrh[er]r; Johann H\u00f6mberger; vnd Clo\u00dfen Michels Tochter Barbell Conrad Zimmermann; Velten Schmidts Sohn D\u00f6nges; vnd Hamman\u00df Jacobs Sohn Hau\u00dffr[au] Anna; alle zue Frucht \u2014 <\/em><strong>zu 2) <\/strong><em>Closen Michels Sohn zue Frucht; Jacob, Hamman\u00df Sohn zu M\u00fchlen; vnd Bernhards D\u00f6ngesen Fraw daselbsten \u2014 <\/em><strong>zu 3) <\/strong><em>Matthe\u00df Schneider; Jacob Rincker; vnnd Johanne\u00df Holtzheu\u00dfers Tochter Maria \u2014 <\/em><strong>zu 4) <\/strong><em>Kratzen D\u00f6nges; Michels Theis vff den H\u00f6fen; vnd Marx Meischeits Tochter Catrein<\/em><\/span><\/p>\n<p><span style=\"font-family: times new roman, times, serif; font-size: 10pt;\"><strong>Weitere Belege:<\/strong> Fr\u00fccht, KB 1, Obligationen<\/span><\/p>\n<p style=\"text-align: justify;\"><span style=\"font-family: times new roman, times, serif; font-size: 10pt;\">[1] [pag. 21] Johannes Clos schuldet der Kirche 110 fl., die er am 08.12.1617 von Arnold Sch\u00fctz zu 6 fl. 10 \u00bd alb. Zinsen j\u00e4hrlich, zahlbar an Martini, \u00fcbernommen hat. Sicherheiten: 1) eine Hofreite zu Fr\u00fccht, die er von Arnold Sch\u00fctz gekauft hatte, vorne grenz die gemeine Gasse, hinten der Junker Adam vom Stein; 2) eine Wiese <em>zu Niderwie\u00df<\/em>, unten grenzen Metzen Erben; 3) eine Wiese <em>in den Seyffen<\/em>, unten grenzt D\u00f6nges Rincker, oben die Arnsteiner Herren; 4) ein Weingarten in <em>Kosten Thal<\/em>, oben grenzt Hammanns Jakob, unten <em>Clo\u00dfen Michell<\/em>; 5) ein St\u00fcck Land im Bongert zwischen den Junkern vom Stein; 6) ein Garten hinter dem Haus von Heinz Born, unten grenzt D\u00f6nges Ansel, oben Hammanns Jakob. Das Kapital wurde Arnold Sch\u00fctz am 21.02.1620 bis auf 5 fl. zugesprochen.<\/span><\/p>\n<p style=\"text-align: justify;\"><span style=\"font-family: times new roman, times, serif; font-size: 10pt;\">[2] [pag. 24-25] Johannes Clos schuldet der Kirche 73 fl., die er von Johannes Bender \u00fcbernommen hat, und zahlt daf\u00fcr 3 fl. 19 alb. 2 d. Zinsen j\u00e4hrlich, zahlbar auf Martini. Desweiteren schuldet er 5 fl. seit dem 21.02.1620, der Rest von 110 fl. (s. u. [22]), und zahlt daf\u00fcr 6 alb. 2 d. Zinsen j\u00e4hrlich. Sicherheiten: 1) seine Hofreite zu Fr\u00fccht, zwischen der Kirche und der Zehntscheuer gelegen; 2) ein St\u00fcck Land zu <em>Derr<\/em>, h\u00e4lt 3 Sester Saat, unten grenzt Enders Rincker, dieses St\u00fcck hat Johannes Bender wieder empfangen; 3) eine Wiese zu <em>Niederwie\u00df<\/em>, unten grenzen <em>Motzen Erben<\/em>, diese Wiese ist verkauft; 4) eine Wiese <em>in den Seyffen<\/em>, unten grenzt D\u00f6nges Rincker, oben die Arnsteiner Herren; 5) ein Weingarten in <em>Costen Thal<\/em>, oben grenzt Hammanns Jakob, unten <em>Clo\u00dfen Michell<\/em>; 6) ein St\u00fcck Land im Bongert zwischen den Junkern vom Stein, h\u00e4lt 1 Sester Saat; 7) ein Garten hinter dem Haus des Heinz Born, oben grenzt D\u00f6nges Ansel, unten Hammanns Jakob; 8) ein St\u00fcck Land vor dem Hain (<em>vorm Haan<\/em>), h\u00e4lt 3 Sester Saat, auf dem gemeinen Weg her, ist verkauft; 9) ein Graspl\u00e4cklein im Flachsgarten, oben grenzt <em>Clo\u00dfen Michell<\/em>, unten D\u00f6nges Rincker. Die Sicherheiten wurden am 21.02.1620 von Schulthei\u00df D\u00f6nges Dalheim und den Gerichtssch\u00f6ffen Veltens D\u00f6nges und Arnd Sch\u00fctz als ausreichend angesehen. Am 02.01.1622 erh\u00e4lt Johannes Clos von den Kirchenmeistern Johann H\u00f6mberger und Konrad Zimmermann 5 fl., die diese von Marx Meuschet und Thiel Zimmermann wegen deren Rezess erhalten haben, Zinsen hierf\u00fcr 6 alb. 2 d. Da Johannes Clos etliche Placken aus den genannten Sicherheiten ver\u00e4u\u00dfert hat, setzt er hierf\u00fcr, wie auch f\u00fcr die oben genannten 5 fl. eine Wiese <em>in den Seyffen<\/em>, oben grenzt Hammanns D\u00f6nges, st\u00f6\u00dft auf den Graben. Hierbei sind gewesen Schulthei\u00df D\u00f6nges Dalheim und die dermaligen Kirchenmeister Johann H\u00f6mberger und Konrad Zimmermann.<\/span><\/p>\n<p style=\"text-align: justify;\"><span style=\"font-family: times new roman, times, serif; font-size: 10pt;\">[3] [pag. 33] Johannes Clos schuldet der Kirche 83 fl. zu 4 fl. 7 alb. 6 d. Zinsen j\u00e4hrlich, zahlbar auf Martini. Sicherheiten: 1) seine Hofreite, zwischen der Kirche und der Zehntscheuer gelegen; 2) eine Wiese <em>in den Seyffen<\/em>, unten grenzt D\u00f6nges Rincker, unten die Herren von Arnstein; 3) ein Weigarten im <em>Costen Thal<\/em>, oben grenzt Hammanns Jakob, und <em>Clo\u00dfen Michell<\/em>; 4) 1 Sester Saat im Bongert, zwischen den Junkern vom Stein; 5) ein Garten hinter dem Haus des Heinz Born, unten grenzt D\u00f6nges Ansel, oben Hammanns Jakob; 6) ein Graspl\u00e4cklein im Flachsgarten, oben grenzt <em>Clo\u00dfen Michell<\/em>, unten D\u00f6nges Rincker; 7) eine Wiese <em>in den Seyffen<\/em>, oben grenzt Hammanns Jakob, st\u00f6\u00dft auf den Graben. Die Sicherheiten wurden am 11.08.1623 als ausreichend angesehen von Schulthei\u00df D\u00f6nges Dalheim und den Gerichtssch\u00f6ffen Veltens D\u00f6nges, Peter Dalheim, Arnd Sch\u00fctz, Velten Schmidt und Johann Elbert, in Beisein Adam H\u00f6mberger, Sendsch\u00f6ffe, Johann H\u00f6mberger und Konrad Zimmermann, dermalige Kirchenmeister. Von 45 fl., die Peter Dalheimer der Kirche schuldet, \u00fcbernimmt Johannes Clos 25 fl. mit 1 fl. 7 alb. 2 d. Zinsen j\u00e4hrlich, die restlichen 20 fl. verzinst Peter Dalheimer. Johannes Clos zahlt also insgesamt 5 fl. 14 alb. 8 d. Zinsen j\u00e4hrlich. Von den 83 fl. \u00fcbernehmen D\u00f6nges Ansel 6 \u00bd fl. und Johannes Bender 65 fl., sodass Johannes Clos der Kirche weiterhin noch 11 \u00bd fl. schuldet. Von den 65 fl. des Johannes Bender \u00fcbernimmt Arnd Sch\u00fctz 40 fl.<\/span><\/p>\n<p style=\"text-align: justify;\"><span style=\"font-family: times new roman, times, serif; font-size: 10pt;\">[4] [pag. 43] Johannes Clos schuldet der Kirche 12 \u00bd fl. zu 14 alb. 2 d. Zinsen j\u00e4hrlich, zahlbar auf Martini. Sicherheiten: 1) ein Weingarten in <em>Costen Thal<\/em>, oben grenzt Hammans Jakob, unten <em>Closen Michell<\/em>; 2) eine Wiese auf dem Stein, oben grenzt Mertens Bernhard, unten die Witwe des D\u00f6nges Rincker. Hierbei ist gewesen Arnd Sch\u00fctz, Gerichtsch\u00f6ffe, Johannes Holzh\u00e4user und Matthes Schneider, dermalige Kirchenmeister. Zur besseren Absicherung der Kirche werden weitere Sicherheiten gesetzt: 1) ein Garten in <em>Heiden<\/em> [?] Garten, grenzt neben herab <em>\u2026 D\u00fcnges<\/em>; 2) ein St\u00fcck am M\u00fchlberg, oben grenzt <em>Schmitz Hans<\/em>, unten [ ], h\u00e4lt \u00bd Achtel Saat. Diese beiden Sicherheiten, die bisher <em>vnstendig<\/em> waren, hat der Schmied Johann Adam Wagner am 12.03.1671 zu 4 alb. Zinsen j\u00e4hrlich geliehen in Beisein von Pfarrer Anton Schmidt, Hans Henrich Zimmermann und Emmerich Rincker. Am 05.01.1652 leiht Enders Rinckers Kapitalien, die vorher der Schmied Hans Adam Wagner entliehen hatte, mit folgenden Zinsen: 1) 4 alb. (s. o.); 2) 11 alb. 2 d. aus 1654; 3) 1 fl. 11 alb. aus 1659; 4) 4 \u00bd fl. aus 1661, in Beisein des Pfarrers Anton Schmidt, des Schulhei\u00dfen Adam Wilhelmi, des Gerichtssch\u00f6ffen Hans Henrich Zimmermann, der Kirchensenioren Johannes Knebel und Hans Velten M\u00fcller, und des Kirchenmeisters Friedrich Mangold (<em>Mangel<\/em>).<\/span><\/p>\n<hr \/>\n<p><span style=\"font-family: times new roman, times, serif; font-size: 10pt;\"><span style=\"color: #ff0000;\"><strong><u>Clos<\/u><\/strong><strong>, N. N.:<\/strong><\/span> Ehefrau des Michel Clos; + 21.04.1618 gegen Abend Fr\u00fccht (bg. 22.04.)<\/span><\/p>\n<hr \/>\n<p><span style=\"font-family: times new roman, times, serif; font-size: 10pt;\"><span style=\"color: #ff0000;\"><strong><u>Clos<\/u><\/strong><strong>, Adam:<\/strong><\/span> Sohn des Michel Clos aus Fr\u00fccht<\/span><\/p>\n<p><span style=\"font-family: times new roman, times, serif; font-size: 10pt;\"><strong>oo 26.05.1633 Fr\u00fccht<\/strong> mit <strong><u>Schmidt<\/u>, Anna:<\/strong> Tochter des Velten Schmidt aus Fr\u00fccht<\/span><\/p>\n<table>\n<tbody>\n<tr>\n<td style=\"text-align: center;\" width=\"26\"><span style=\"font-family: times new roman, times, serif; font-size: 10pt;\"><strong>Nr.<\/strong><\/span><\/td>\n<td width=\"149\"><span style=\"font-family: times new roman, times, serif; font-size: 10pt;\"><strong>Vorname (normiert)<\/strong><\/span><\/td>\n<td style=\"text-align: center;\" width=\"77\"><span style=\"font-family: times new roman, times, serif; font-size: 10pt;\"><strong>*<\/strong><\/span><\/td>\n<td style=\"text-align: center;\" width=\"77\"><span style=\"font-family: times new roman, times, serif; font-size: 10pt;\"><strong>gt.<\/strong><\/span><\/td>\n<td style=\"text-align: center;\" width=\"64\"><span style=\"font-family: times new roman, times, serif; font-size: 10pt;\"><strong>konf.<\/strong><\/span><\/td>\n<td style=\"text-align: center;\" width=\"64\"><span style=\"font-family: times new roman, times, serif; font-size: 10pt;\"><strong>+<\/strong><\/span><\/td>\n<td style=\"text-align: center;\" width=\"64\"><span style=\"font-family: times new roman, times, serif; font-size: 10pt;\"><strong>bg.<\/strong><\/span><\/td>\n<td style=\"text-align: center;\" width=\"44\"><span style=\"font-family: times new roman, times, serif; font-size: 10pt;\"><strong>Alter<\/strong><\/span><\/td>\n<td style=\"text-align: center;\" width=\"40\"><span style=\"font-family: times new roman, times, serif; font-size: 10pt;\"><strong>Stand<\/strong><\/span><\/td>\n<\/tr>\n<tr>\n<td style=\"text-align: center;\" width=\"26\"><span style=\"font-family: times new roman, times, serif; font-size: 10pt;\">1<\/span><\/td>\n<td width=\"149\"><span style=\"font-family: times new roman, times, serif; font-size: 10pt;\">Johannes (illeg.)<\/span><\/td>\n<td style=\"text-align: center;\" width=\"77\"><span style=\"font-family: times new roman, times, serif; font-size: 10pt;\">15.04.1633<\/span><\/td>\n<td style=\"text-align: center;\" width=\"77\"><span style=\"font-family: times new roman, times, serif; font-size: 10pt;\">23.04.1633<\/span><\/td>\n<td style=\"text-align: center;\" width=\"64\"><\/td>\n<td style=\"text-align: center;\" width=\"64\"><\/td>\n<td style=\"text-align: center;\" width=\"64\"><\/td>\n<td style=\"text-align: center;\" width=\"44\"><\/td>\n<td style=\"text-align: center;\" width=\"40\"><\/td>\n<\/tr>\n<\/tbody>\n<\/table>\n<p><span style=\"font-family: times new roman, times, serif; font-size: 10pt;\"><strong>Paten: <\/strong><em>Johannes \u2026 uff den H\u00f6fen&#8230; \u2026; vnd Kratzen D\u00f6nges Fraw Anna<\/em><\/span><\/p>\n<hr \/>\n<p style=\"text-align: justify;\"><span style=\"font-family: times new roman, times, serif; font-size: 10pt;\"><span style=\"color: #ff0000;\"><strong><u>Klos<\/u><\/strong><strong>, Henrich:<\/strong> <\/span>kath.; am 27.01.1669 zum Gerichtssch\u00f6ffen vereidigt (anstelle von Heinz Adam zu Schweighausen); + 28.11.1686 Fr\u00fccht (bg. 30.11.), Leichentext Hiob 19, 25-27<\/span><\/p>\n<hr \/>\n<p style=\"text-align: justify;\"><span style=\"font-family: times new roman, times, serif; font-size: 10pt;\"><span style=\"color: #ff0000;\"><strong><u>Klos<\/u><\/strong><strong>, Johann Henrich:<\/strong> <\/span>M\u00fcller in Braubach; * 02.10.1742 Braubach (gt. 05.10.); konf. 13.06.1756; + 04.03.1820 Braubach; Eltern Johann Michael Klos, gemeiner M\u00fcller in Braubach, und Anna Katharina geb. Rincker; oo II. 18.05.1769 Braubach mit Maria Elisabeth Becker aus Fr\u00fccht (Schw\u00e4gerin)<\/span><\/p>\n<p style=\"text-align: justify;\"><span style=\"font-family: times new roman, times, serif; font-size: 10pt;\"><strong>oo 30.11.1768 Fr\u00fccht<\/strong> mit <strong><u>Becker<\/u>, Katharina Margaretha:<\/strong> * 06.04.1749 Fr\u00fccht; konf. 31.03.1763; bg. 23.08.1769 Braubach (+ wohl im Kindbett); Eltern: Philipp Friedrich Becker und Maria Margaretha geb. D\u00fcster<\/span><\/p>\n<p style=\"text-align: justify;\"><span style=\"font-family: times new roman, times, serif; font-size: 10pt;\">Die Familie wohnt in Braubach. Kind: Georg Philipp *\/gt. 06.08.1769 Braubach, + 06.08.1769 Braubach (bg. 07.08.), von der Hebamme wegen Schwachheit getauft und nach einer halben Stunde gestorben, Pate: Georg Philipp Klos, juvenis (Bruder des Vaters)<\/span><\/p>\n<hr \/>\n<p><span style=\"font-size: 10pt; font-family: times new roman, times, serif;\"><b>Letztes Update: 8. Mai 2024<\/b><\/span><br \/>\n<span style=\"font-size: 10pt; font-family: times new roman, times, serif;\"><b>Ralph Jackmuth<\/b><\/span><\/p>\n","protected":false},"excerpt":{"rendered":"<p>Clos Gerhard: Closen Gerhard und sein Eidam Konrad, die in einem Haus wohnten, ist 1606 leibeigen den von Nassau-Weilburg-Saarbr\u00fccken, ein Heppenhauer (Frese\/Schaback: Fr\u00fccht; S. 10) Clos, Johannes: pachtet mit Hieronymus Jakob, Weinet Ochs und Johannes Ansel einen Hof in Fr\u00fccht von Friedrich vom Stein, vormals den Hutzing von Lahnstein (Frese\/Schaback: Fr\u00fccht; S. 10); am 01.07.\/21.06.1629 &hellip; <a href=\"https:\/\/www.ahnenforschung-jackmuth.de\/?page_id=9943\" class=\"more-link\"><span class=\"screen-reader-text\">\u201eOFB Fr\u00fccht 1615-1817 &#8211; Clos\/Klos\u201c<\/span> weiterlesen<\/a><\/p>\n","protected":false},"author":1,"featured_media":0,"parent":0,"menu_order":0,"comment_status":"closed","ping_status":"closed","template":"","meta":{"footnotes":""},"class_list":["post-9943","page","type-page","status-publish","hentry"],"_links":{"self":[{"href":"https:\/\/www.ahnenforschung-jackmuth.de\/index.php?rest_route=\/wp\/v2\/pages\/9943","targetHints":{"allow":["GET"]}}],"collection":[{"href":"https:\/\/www.ahnenforschung-jackmuth.de\/index.php?rest_route=\/wp\/v2\/pages"}],"about":[{"href":"https:\/\/www.ahnenforschung-jackmuth.de\/index.php?rest_route=\/wp\/v2\/types\/page"}],"author":[{"embeddable":true,"href":"https:\/\/www.ahnenforschung-jackmuth.de\/index.php?rest_route=\/wp\/v2\/users\/1"}],"replies":[{"embeddable":true,"href":"https:\/\/www.ahnenforschung-jackmuth.de\/index.php?rest_route=%2Fwp%2Fv2%2Fcomments&post=9943"}],"version-history":[{"count":0,"href":"https:\/\/www.ahnenforschung-jackmuth.de\/index.php?rest_route=\/wp\/v2\/pages\/9943\/revisions"}],"wp:attachment":[{"href":"https:\/\/www.ahnenforschung-jackmuth.de\/index.php?rest_route=%2Fwp%2Fv2%2Fmedia&parent=9943"}],"curies":[{"name":"wp","href":"https:\/\/api.w.org\/{rel}","templated":true}]}}