{"id":9826,"date":"2022-08-12T17:44:27","date_gmt":"2022-08-12T17:44:27","guid":{"rendered":"http:\/\/www.ahnenforschung-jackmuth.de\/?page_id=9826"},"modified":"2022-08-12T17:44:27","modified_gmt":"2022-08-12T17:44:27","slug":"ofb-spiess-zoeller","status":"publish","type":"page","link":"https:\/\/www.ahnenforschung-jackmuth.de\/?page_id=9826","title":{"rendered":"OFB Spie\u00df &#8211; Z\u00f6ller"},"content":{"rendered":"<p><span style=\"font-family: times new roman, times, serif; font-size: 10pt;\"><span style=\"color: #ff0000;\"><strong><u>Z\u00f6ller<\/u><\/strong><strong>, Peter:<\/strong> <\/span>aus \u2026bach<\/span><\/p>\n<p style=\"text-align: justify;\"><span style=\"font-family: times new roman, times, serif; font-size: 10pt;\"><strong>oo 13.11.1798<\/strong> <strong>Spie\u00df<\/strong> mit <strong><u>Caffay verw. Bornich geb. Rosenbach<\/u>, Maria:<\/strong> Hoffrau vom Spie\u00df; oo I. vor 1792 mit Johannes Bornich, Hofmann auf dem Spie\u00df (+ 17.09.1795 Spie\u00df); oo II. 19.07.1796 Spie\u00df mit Johannes Caffay vom Spie\u00df (+ 03.04.1798 Spie\u00df)<\/span><\/p>\n<hr \/>\n<p><span style=\"font-size: 10pt; font-family: times new roman, times, serif;\"><b>Letztes Update: 12. August 2022<\/b><\/span><br \/>\n<span style=\"font-size: 10pt; font-family: times new roman, times, serif;\"><b>Ralph Jackmuth<\/b><\/span><\/p>\n","protected":false},"excerpt":{"rendered":"<p>Z\u00f6ller, Peter: aus \u2026bach oo 13.11.1798 Spie\u00df mit Caffay verw. Bornich geb. Rosenbach, Maria: Hoffrau vom Spie\u00df; oo I. vor 1792 mit Johannes Bornich, Hofmann auf dem Spie\u00df (+ 17.09.1795 Spie\u00df); oo II. 19.07.1796 Spie\u00df mit Johannes Caffay vom Spie\u00df (+ 03.04.1798 Spie\u00df) Letztes Update: 12. August 2022 Ralph Jackmuth<\/p>\n","protected":false},"author":1,"featured_media":0,"parent":0,"menu_order":0,"comment_status":"closed","ping_status":"closed","template":"","meta":{"footnotes":""},"class_list":["post-9826","page","type-page","status-publish","hentry"],"_links":{"self":[{"href":"https:\/\/www.ahnenforschung-jackmuth.de\/index.php?rest_route=\/wp\/v2\/pages\/9826","targetHints":{"allow":["GET"]}}],"collection":[{"href":"https:\/\/www.ahnenforschung-jackmuth.de\/index.php?rest_route=\/wp\/v2\/pages"}],"about":[{"href":"https:\/\/www.ahnenforschung-jackmuth.de\/index.php?rest_route=\/wp\/v2\/types\/page"}],"author":[{"embeddable":true,"href":"https:\/\/www.ahnenforschung-jackmuth.de\/index.php?rest_route=\/wp\/v2\/users\/1"}],"replies":[{"embeddable":true,"href":"https:\/\/www.ahnenforschung-jackmuth.de\/index.php?rest_route=%2Fwp%2Fv2%2Fcomments&post=9826"}],"version-history":[{"count":0,"href":"https:\/\/www.ahnenforschung-jackmuth.de\/index.php?rest_route=\/wp\/v2\/pages\/9826\/revisions"}],"wp:attachment":[{"href":"https:\/\/www.ahnenforschung-jackmuth.de\/index.php?rest_route=%2Fwp%2Fv2%2Fmedia&parent=9826"}],"curies":[{"name":"wp","href":"https:\/\/api.w.org\/{rel}","templated":true}]}}