{"id":9693,"date":"2022-08-12T11:52:44","date_gmt":"2022-08-12T11:52:44","guid":{"rendered":"http:\/\/www.ahnenforschung-jackmuth.de\/?page_id=9693"},"modified":"2026-02-10T11:22:21","modified_gmt":"2026-02-10T11:22:21","slug":"ofb-spiess-heck","status":"publish","type":"page","link":"https:\/\/www.ahnenforschung-jackmuth.de\/?page_id=9693","title":{"rendered":"OFB Spie\u00df &#8211; Heck"},"content":{"rendered":"<p><a href=\"http:\/\/www.ahnenforschung-jackmuth.de\/?page_id=4650#heck\"><span style=\"font-family: times new roman, times, serif; font-size: 10pt;\">siehe auch OFB Fr\u00fccht<\/span><\/a><\/p>\n<p><span style=\"font-family: times new roman, times, serif; font-size: 10pt;\"><span style=\"color: #ff0000;\"><strong><u>Heck<\/u>, Maria Elisabeth:<\/strong> <\/span><em>Hekin<\/em>; vom Hof Mauch; gefirmt 20.04.1788, Patin: Katharina Glas aus Vallendar (<em>Valenter<\/em>)<\/span><\/p>\n<hr \/>\n<p style=\"text-align: justify;\"><span style=\"font-family: times new roman, times, serif; font-size: 10pt;\"><span style=\"color: #ff0000;\"><strong><u>Heck<\/u><\/strong><strong>, Georg Andreas:<\/strong> <\/span>in Fr\u00fccht auch: Johann Andreas; Schweinehirt in Fr\u00fccht (1803), Kuhhirt in Dienethal (1808), Hirt in Buchholz, Pfarrei Spie\u00df (1812), Hirt auf dem Heinrichshof, Pfarrei Spie\u00df (1824); * 18.09.1779 Dessighofen; + 15.11.1846 Fr\u00fccht; Eltern: Johann Christian Heck (holl\u00e4ndischer Soldat in Dessighofen (1779), Viehhirt in Misselberg (1784), dann Hirt in Oberwies) und Anna Katharina geb. Wenzel<\/span><\/p>\n<p style=\"text-align: justify;\"><span style=\"font-family: times new roman, times, serif; font-size: 10pt;\"><strong>oo I.<\/strong> mit <strong><u>Forst<\/u>,<\/strong> <strong>Maria Elisabeth:<\/strong> * 24.11.1776 Singhofen (gt. 26.11.); + 01.04.1814 Fr\u00fccht, 37 Jahre, 4 Monate und 5 Tage alt; Eltern: Johann Henrich Forst und Anna Katharina<\/span><\/p>\n<table>\n<tbody>\n<tr>\n<td style=\"text-align: center;\" width=\"29\"><span style=\"font-family: times new roman, times, serif; font-size: 10pt;\"><strong>Nr.<\/strong><\/span><\/td>\n<td width=\"145\"><span style=\"font-family: times new roman, times, serif; font-size: 10pt;\"><strong>VN normiert<\/strong><\/span><\/td>\n<td style=\"text-align: center;\" width=\"66\"><span style=\"font-family: times new roman, times, serif; font-size: 10pt;\"><strong>Geburt<\/strong><\/span><\/td>\n<td style=\"text-align: center;\" width=\"74\"><span style=\"font-family: times new roman, times, serif; font-size: 10pt;\"><strong>Taufe<\/strong><\/span><\/td>\n<td style=\"text-align: center;\" width=\"68\"><span style=\"font-family: times new roman, times, serif; font-size: 10pt;\"><strong>gefirmt<\/strong><\/span><\/td>\n<td style=\"text-align: center;\" width=\"67\"><span style=\"font-family: times new roman, times, serif; font-size: 10pt;\"><strong>gestorben<\/strong><\/span><\/td>\n<td style=\"text-align: center;\" width=\"67\"><span style=\"font-family: times new roman, times, serif; font-size: 10pt;\"><strong>begraben<\/strong><\/span><\/td>\n<td style=\"text-align: center;\" width=\"43\"><span style=\"font-family: times new roman, times, serif; font-size: 10pt;\"><strong>Alter<\/strong><\/span><\/td>\n<td style=\"text-align: center;\" width=\"48\"><span style=\"font-family: times new roman, times, serif; font-size: 10pt;\"><strong>Stand<\/strong><\/span><\/td>\n<\/tr>\n<tr>\n<td style=\"text-align: center;\" width=\"29\"><span style=\"font-family: times new roman, times, serif; font-size: 10pt;\">1<\/span><\/td>\n<td width=\"145\"><span style=\"font-family: times new roman, times, serif; font-size: 10pt;\">Johannes<\/span><\/td>\n<td style=\"text-align: center;\" width=\"66\"><span style=\"font-family: times new roman, times, serif; font-size: 10pt;\">12.12.1812<\/span><\/td>\n<td style=\"text-align: center;\" width=\"74\"><span style=\"font-family: times new roman, times, serif; font-size: 10pt;\">13.12.1812<\/span><\/td>\n<td style=\"text-align: center;\" width=\"68\"><\/td>\n<td style=\"text-align: center;\" width=\"67\"><span style=\"font-family: times new roman, times, serif; font-size: 10pt;\">18.11.1815<\/span><\/td>\n<td style=\"text-align: center;\" width=\"67\"><\/td>\n<td style=\"text-align: center;\" width=\"43\"><span style=\"font-family: times new roman, times, serif; font-size: 10pt;\">2,93<\/span><\/td>\n<td style=\"text-align: center;\" width=\"48\"><\/td>\n<\/tr>\n<\/tbody>\n<\/table>\n<p><span style=\"font-family: times new roman, times, serif; font-size: 10pt;\">Kind Nr. 1) + Fr\u00fccht; weitere Kinder siehe OFB Fr\u00fccht<\/span><\/p>\n<p><span style=\"font-family: times new roman, times, serif; font-size: 10pt;\"><strong>Paten:<\/strong> <em>Johanes Caffai ex D\u00fcrstheck et Gertrud Zimmerman [e]x Buchholz<\/em><\/span><\/p>\n<p style=\"text-align: justify;\"><span style=\"font-family: times new roman, times, serif; font-size: 10pt;\"><em>\u00a0<\/em><\/span><span style=\"font-family: times new roman, times, serif; font-size: 10pt;\"><strong>oo II. 23.04.1815 Fr\u00fccht<\/strong> mit <strong><u>Herter<\/u>, Anna Maria:<\/strong> * 13.11.1787 Hof Grenzloch oder Welschenhof (Pfarrei Spie\u00df, heute Bad Ems); Eltern: Heinrich Herter (H\u00e4rter, H\u00f6rter) aus Rhens oo I. 07.09.1784 Spie\u00df mit Maria Margaretha <em>Caffa<\/em> verw. <em>M\u00fcseler<\/em> [M\u00f6seler]<\/span><span style=\"font-family: times new roman, times, serif; font-size: 10pt;\"><em>\u00a0<\/em><\/span><\/p>\n<table>\n<tbody>\n<tr>\n<td style=\"text-align: center;\" width=\"30\"><span style=\"font-family: times new roman, times, serif; font-size: 10pt;\"><strong>Nr.<\/strong><\/span><\/td>\n<td width=\"147\"><span style=\"font-family: times new roman, times, serif; font-size: 10pt;\"><strong>Vorname (normiert)<\/strong><\/span><\/td>\n<td style=\"text-align: center;\" width=\"62\"><span style=\"font-family: times new roman, times, serif; font-size: 10pt;\"><strong>Geburt<\/strong><\/span><\/td>\n<td style=\"text-align: center;\" width=\"67\"><span style=\"font-family: times new roman, times, serif; font-size: 10pt;\"><strong>Taufe<\/strong><\/span><\/td>\n<td style=\"text-align: center;\" width=\"72\"><span style=\"font-family: times new roman, times, serif; font-size: 10pt;\"><strong>gefirmt<\/strong><\/span><\/td>\n<td style=\"text-align: center;\" width=\"63\"><span style=\"font-family: times new roman, times, serif; font-size: 10pt;\"><strong>gestorben<\/strong><\/span><\/td>\n<td style=\"text-align: center;\" width=\"64\"><span style=\"font-family: times new roman, times, serif; font-size: 10pt;\"><strong>begraben<\/strong><\/span><\/td>\n<td style=\"text-align: center;\" width=\"40\"><span style=\"font-family: times new roman, times, serif; font-size: 10pt;\"><strong>Alter<\/strong><\/span><\/td>\n<td style=\"text-align: center;\" width=\"42\"><span style=\"font-family: times new roman, times, serif; font-size: 10pt;\"><strong>Stand<\/strong><\/span><\/td>\n<\/tr>\n<tr>\n<td style=\"text-align: center;\"><span style=\"font-family: times new roman, times, serif; font-size: 10pt;\">6<\/span><\/td>\n<td><span style=\"font-family: times new roman, times, serif; font-size: 10pt;\">Franz<\/span><\/td>\n<td style=\"text-align: center;\"><span style=\"font-family: times new roman, times, serif; font-size: 10pt;\">10.11.1824<\/span><\/td>\n<td style=\"text-align: center;\"><span style=\"font-family: times new roman, times, serif; font-size: 10pt;\">17.11.1824<\/span><\/td>\n<td style=\"text-align: center;\"><\/td>\n<td style=\"text-align: center;\"><span style=\"font-family: times new roman, times, serif; font-size: 10pt;\">13.11.1825<\/span><\/td>\n<td style=\"text-align: center;\"><span style=\"font-family: times new roman, times, serif; font-size: 10pt;\">15.11.1825<\/span><\/td>\n<td style=\"text-align: center;\"><span style=\"font-family: times new roman, times, serif; font-size: 10pt;\">1,0<\/span><\/td>\n<td style=\"text-align: center;\"><\/td>\n<\/tr>\n<\/tbody>\n<\/table>\n<p><span style=\"font-family: times new roman, times, serif; font-size: 10pt;\">Kind Nr. 6) + Fr\u00fccht<\/span><\/p>\n<p><span style=\"font-family: times new roman, times, serif; font-size: 10pt;\">Weitere Kinder <a href=\"http:\/\/www.ahnenforschung-jackmuth.de\/?page_id=4650#heck\">siehe OFB Fr\u00fccht<\/a><br \/>\n<\/span><\/p>\n<p><span style=\"font-family: times new roman, times, serif; font-size: 10pt;\"><strong>Paten:<\/strong> <strong>zu 6) <\/strong><em>1) Franz Nebchen, ledig, Knecht auf dem Bad-Ems; 2) Katharina Fischbach, unverehelicht, Dienstmagd auf dem Heinrichshof<\/em><\/span><\/p>\n<hr \/>\n<p><span style=\"font-family: times new roman, times, serif; font-size: 10pt;\"><span style=\"color: #ff0000;\"><strong><u>Heck<\/u><\/strong><strong>, Johann Wilhelm:<\/strong> <\/span>aus Neuwied<\/span><\/p>\n<p><span style=\"font-family: times new roman, times, serif; font-size: 10pt;\"><strong>o-o<\/strong> mit <strong><u>Zapp<\/u>, Philippina:<\/strong> in Neuborn; * 20.10.1792 Kirchheimersborn (gt. 21.10.); Eltern: Johannes Zappy und Gertrud geb. Fischer<\/span><\/p>\n<table>\n<tbody>\n<tr>\n<td style=\"text-align: center;\" width=\"29\"><span style=\"font-family: times new roman, times, serif; font-size: 10pt;\"><strong>Nr.<\/strong><\/span><\/td>\n<td width=\"145\"><span style=\"font-family: times new roman, times, serif; font-size: 10pt;\"><strong>VN normiert<\/strong><\/span><\/td>\n<td style=\"text-align: center;\" width=\"66\"><span style=\"font-family: times new roman, times, serif; font-size: 10pt;\"><strong>Geburt<\/strong><\/span><\/td>\n<td style=\"text-align: center;\" width=\"74\"><span style=\"font-family: times new roman, times, serif; font-size: 10pt;\"><strong>Taufe<\/strong><\/span><\/td>\n<td style=\"text-align: center;\" width=\"68\"><span style=\"font-family: times new roman, times, serif; font-size: 10pt;\"><strong>gefirmt<\/strong><\/span><\/td>\n<td style=\"text-align: center;\" width=\"67\"><span style=\"font-family: times new roman, times, serif; font-size: 10pt;\"><strong>gestorben<\/strong><\/span><\/td>\n<td style=\"text-align: center;\" width=\"67\"><span style=\"font-family: times new roman, times, serif; font-size: 10pt;\"><strong>begraben<\/strong><\/span><\/td>\n<td style=\"text-align: center;\" width=\"43\"><span style=\"font-family: times new roman, times, serif; font-size: 10pt;\"><strong>Alter<\/strong><\/span><\/td>\n<td style=\"text-align: center;\" width=\"48\"><span style=\"font-family: times new roman, times, serif; font-size: 10pt;\"><strong>Stand<\/strong><\/span><\/td>\n<\/tr>\n<tr>\n<td style=\"text-align: center;\" width=\"29\"><span style=\"font-family: times new roman, times, serif; font-size: 10pt;\">1<\/span><\/td>\n<td width=\"145\"><span style=\"font-family: times new roman, times, serif; font-size: 10pt;\">Johannes (illeg.)<\/span><\/td>\n<td style=\"text-align: center;\" width=\"66\"><span style=\"font-family: times new roman, times, serif; font-size: 10pt;\">12.12.1812<\/span><\/td>\n<td style=\"text-align: center;\" width=\"74\"><span style=\"font-family: times new roman, times, serif; font-size: 10pt;\">13.12.1812<\/span><\/td>\n<td style=\"text-align: center;\" width=\"68\"><\/td>\n<td style=\"text-align: center;\" width=\"67\"><span style=\"font-family: times new roman, times, serif; font-size: 10pt;\">18.11.1815<\/span><\/td>\n<td style=\"text-align: center;\" width=\"67\"><\/td>\n<td style=\"text-align: center;\" width=\"43\"><span style=\"font-family: times new roman, times, serif; font-size: 10pt;\">2,93<\/span><\/td>\n<td style=\"text-align: center;\" width=\"48\"><\/td>\n<\/tr>\n<\/tbody>\n<\/table>\n<p><span style=\"font-family: times new roman, times, serif; font-size: 10pt;\"><strong>Paten:<\/strong> <em>Johanes Zapp, tum in Neuborn, et Maria Magdal[ena] Schuhmacherin, tum in Buchholz<\/em><\/span><\/p>\n<hr \/>\n<p style=\"text-align: justify;\"><span style=\"font-family: times new roman, times, serif; font-size: 10pt;\"><span style=\"color: #ff0000;\"><strong><u>Heck<\/u><\/strong><strong>, Elisabeth Margaretha:<\/strong> <\/span>Tochter des Philipp Heinrich Heck, Viehhirte zu Mauch, und der verstorbenen Elisabeth geb. Thomas; gefirmt 29.07.1828, 18 Jahre alt, Firmpatin: Frau Grisar aus Nievern<\/span><\/p>\n<hr \/>\n<p style=\"text-align: justify;\"><span style=\"font-family: times new roman, times, serif; font-size: 10pt;\"><span style=\"color: #ff0000;\"><strong><u>Heck<\/u><\/strong><strong>, Elisabeth:<\/strong> <\/span>Tochter des Philipp Heinrich Heck, Viehhirte zu Mauch, und der verstorbenen Elisabeth geb. Thomas; gefirmt 29.07.1828, 20 Jahre alt, Firmpatin: Frau Grisar aus Nievern<\/span><\/p>\n<hr \/>\n<p><span style=\"font-family: times new roman, times, serif; font-size: 10pt;\"><span style=\"color: #ff0000;\"><strong><u>Heck<\/u><\/strong><strong>, Philipp Heinrich:<\/strong> <\/span>Sohn des Philipp Heinrich Heck, Viehhirte zu Mauch, und der verstorbenen Elisabeth geb. Thomas; gefirmt 29.07.1828, 16 Jahre alt, Firmpate: Schullehrer Schmalz zu Nievern<\/span><\/p>\n<hr \/>\n<p><span style=\"font-size: 10pt; font-family: times new roman, times, serif;\"><b>Letztes Update: 10. Februar 2026<\/b><\/span><br \/>\n<span style=\"font-size: 10pt; font-family: times new roman, times, serif;\"><b>Ralph Jackmuth<\/b><\/span><\/p>\n","protected":false},"excerpt":{"rendered":"<p>siehe auch OFB Fr\u00fccht Heck, Maria Elisabeth: Hekin; vom Hof Mauch; gefirmt 20.04.1788, Patin: Katharina Glas aus Vallendar (Valenter) Heck, Georg Andreas: in Fr\u00fccht auch: Johann Andreas; Schweinehirt in Fr\u00fccht (1803), Kuhhirt in Dienethal (1808), Hirt in Buchholz, Pfarrei Spie\u00df (1812), Hirt auf dem Heinrichshof, Pfarrei Spie\u00df (1824); * 18.09.1779 Dessighofen; + 15.11.1846 Fr\u00fccht; Eltern: &hellip; <a href=\"https:\/\/www.ahnenforschung-jackmuth.de\/?page_id=9693\" class=\"more-link\"><span class=\"screen-reader-text\">\u201eOFB Spie\u00df &#8211; Heck\u201c<\/span> weiterlesen<\/a><\/p>\n","protected":false},"author":1,"featured_media":0,"parent":0,"menu_order":0,"comment_status":"closed","ping_status":"closed","template":"","meta":{"footnotes":""},"class_list":["post-9693","page","type-page","status-publish","hentry"],"_links":{"self":[{"href":"https:\/\/www.ahnenforschung-jackmuth.de\/index.php?rest_route=\/wp\/v2\/pages\/9693","targetHints":{"allow":["GET"]}}],"collection":[{"href":"https:\/\/www.ahnenforschung-jackmuth.de\/index.php?rest_route=\/wp\/v2\/pages"}],"about":[{"href":"https:\/\/www.ahnenforschung-jackmuth.de\/index.php?rest_route=\/wp\/v2\/types\/page"}],"author":[{"embeddable":true,"href":"https:\/\/www.ahnenforschung-jackmuth.de\/index.php?rest_route=\/wp\/v2\/users\/1"}],"replies":[{"embeddable":true,"href":"https:\/\/www.ahnenforschung-jackmuth.de\/index.php?rest_route=%2Fwp%2Fv2%2Fcomments&post=9693"}],"version-history":[{"count":3,"href":"https:\/\/www.ahnenforschung-jackmuth.de\/index.php?rest_route=\/wp\/v2\/pages\/9693\/revisions"}],"predecessor-version":[{"id":11990,"href":"https:\/\/www.ahnenforschung-jackmuth.de\/index.php?rest_route=\/wp\/v2\/pages\/9693\/revisions\/11990"}],"wp:attachment":[{"href":"https:\/\/www.ahnenforschung-jackmuth.de\/index.php?rest_route=%2Fwp%2Fv2%2Fmedia&parent=9693"}],"curies":[{"name":"wp","href":"https:\/\/api.w.org\/{rel}","templated":true}]}}