{"id":964,"date":"2016-10-18T10:01:12","date_gmt":"2016-10-18T10:01:12","guid":{"rendered":"http:\/\/www.ahnenforschung-jackmuth.de\/?page_id=964"},"modified":"2016-10-22T16:03:57","modified_gmt":"2016-10-22T16:03:57","slug":"archivbestand-kirchspiel-nievern-12","status":"publish","type":"page","link":"https:\/\/www.ahnenforschung-jackmuth.de\/?page_id=964","title":{"rendered":"Archivbestand Kirchspiel Nievern 12"},"content":{"rendered":"<p>HHStAW = Hessisches Hauptstaatsarchiv Wiesbaden<br \/>\nLHAK = Landeshauptarchiv Koblenz<br \/>\nHAN = Heimatarchiv Nievern<\/p>\n<hr \/>\n<h3><strong>Kirche, Pfarrei, Fr\u00fchmesserei, Send, Sendsch\u00f6ffen<\/strong><\/h3>\n<p style=\"text-align: justify;\">Die T\u00e4tigkeiten von Send und Sendsch\u00f6ffen sind in der <a href=\"http:\/\/www.ahnenforschung-jackmuth.de\/?page_id=1087\">Schulthei\u00dfenordnung<\/a> von 1631 und im <a href=\"http:\/\/www.ahnenforschung-jackmuth.de\/?page_id=1044\">Weistum<\/a> von 1641 beschrieben. Weiterhin interessant: das <a href=\"http:\/\/www.ahnenforschung-jackmuth.de\/?page_id=971\">Kirchenvisitationsprotokoll von 1786<\/a><\/p>\n<table width=\"100%\">\n<tbody>\n<tr>\n<td style=\"text-align: center;\" width=\"13%\"><strong>Zeitraum <\/strong><\/td>\n<td style=\"text-align: center;\" width=\"15%\"><strong>Umfang <\/strong><\/td>\n<td style=\"text-align: center;\" width=\"22%\"><strong>Standort <\/strong><\/td>\n<td width=\"50%\"><strong>Bem. <\/strong><\/td>\n<\/tr>\n<tr>\n<td style=\"text-align: center;\" width=\"13%\">1693<\/td>\n<td width=\"15%\"><\/td>\n<td style=\"text-align: center;\" width=\"22%\">HAN<\/td>\n<td style=\"text-align: justify;\" width=\"50%\">Kirchenrechnung; Rechner: Peter Z\u00f6rbach; Abschrift 1959 von verlorenem Original<\/td>\n<\/tr>\n<tr>\n<td style=\"text-align: center;\" width=\"13%\">1697<\/td>\n<td width=\"15%\"><\/td>\n<td style=\"text-align: center;\" width=\"22%\">HHStAW Abt. 3\/3<br \/>\nNr. f 1<\/td>\n<td style=\"text-align: justify;\" width=\"50%\">Lat. Einsetzungsurkunde des Pfarrers Theodor Trippler vom 18.12.1697<\/td>\n<\/tr>\n<tr>\n<td style=\"text-align: center;\" width=\"13%\">1700<\/td>\n<td width=\"15%\"><\/td>\n<td style=\"text-align: center;\" width=\"22%\">LHAK Best. 48<br \/>\nNr. 2467<\/td>\n<td style=\"text-align: justify;\" width=\"50%\">Beschwerde des Nieverner K\u00fcsters Haling Gerre \u00fcber die Verletzung seiner Ehre durch den Pastor Theodor Trippeler durch Unterstellung eines Diebstahls aus dem Klingelbeutel<\/td>\n<\/tr>\n<tr>\n<td style=\"text-align: center;\" width=\"13%\">1717-1767<\/td>\n<td width=\"15%\"><\/td>\n<td style=\"text-align: center;\" width=\"22%\">LHAK Best. 48<br \/>\nNr. 3649<\/td>\n<td style=\"text-align: justify;\" width=\"50%\">Besetzung der Pfarrei und Fr\u00fchmesserei Nievern<\/td>\n<\/tr>\n<tr>\n<td style=\"text-align: center;\" width=\"13%\">1730-1791<\/td>\n<td width=\"15%\"><\/td>\n<td style=\"text-align: center;\" width=\"22%\">LHAK Best. 48<br \/>\nNr. 2427<\/td>\n<td style=\"text-align: justify;\" width=\"50%\">Besetzung der Fr\u00fchmessereipfr\u00fcnde in Nievern<\/td>\n<\/tr>\n<tr>\n<td style=\"text-align: center;\" width=\"13%\">1730<\/td>\n<td width=\"15%\"><\/td>\n<td style=\"text-align: center;\" width=\"22%\">HHStAW Abt. 3\/3<br \/>\nNr. f 1<\/td>\n<td style=\"text-align: justify;\" width=\"50%\">Lat. Beglaubigung eines Jahresged\u00e4chtnisses von Pfarrer Andreas Schue<\/td>\n<\/tr>\n<tr>\n<td style=\"text-align: center;\" width=\"13%\">1733-1777<\/td>\n<td width=\"15%\"><\/td>\n<td style=\"text-align: center;\" width=\"22%\">LHAK Best. 48<br \/>\nNr. 2455<\/td>\n<td style=\"text-align: justify;\" width=\"50%\">Aus\u00fcbung des Kollationsrechtes in der lutherischen Pfarrkirche zu Fr\u00fccht. Enth\u00e4lt auch: Stiftungen an die Fr\u00fchmesserei Nievern, 1740-1776<\/td>\n<\/tr>\n<tr>\n<td style=\"text-align: center;\" width=\"13%\">1743, 1745<\/td>\n<td width=\"15%\"><\/td>\n<td style=\"text-align: center;\" width=\"22%\">LHAK Best. 48<br \/>\nNr. 2454<\/td>\n<td style=\"text-align: justify;\" width=\"50%\">Pr\u00e4sentation von Sendsch\u00f6ffen durch die Vorsteher der Pfarrkirche in Nievern<\/td>\n<\/tr>\n<tr>\n<td style=\"text-align: center;\" width=\"13%\">1747-1806<\/td>\n<td width=\"15%\"><\/td>\n<td style=\"text-align: center;\" width=\"22%\">LHAK Best. 48<br \/>\nNr. 3951<\/td>\n<td width=\"50%\">Besetzung der Fr\u00fchmessereipfr\u00fcnde in Nievern<\/td>\n<\/tr>\n<tr>\n<td style=\"text-align: center;\" width=\"13%\">1762<\/td>\n<td style=\"text-align: center;\" width=\"15%\">12 Bll.<br \/>\n(unfoliiert)<\/td>\n<td style=\"text-align: center;\" width=\"22%\">LHAK Best. 48<br \/>\nNr. 2539<\/td>\n<td style=\"text-align: justify;\" width=\"50%\">Inventarisierung der zur Pfarrei geh\u00f6rigen Unterlagen im Sterbehaus des Pastors Andreas Berg in Nievern<\/td>\n<\/tr>\n<tr>\n<td style=\"text-align: center;\" width=\"13%\">1775<\/td>\n<td width=\"15%\"><\/td>\n<td style=\"text-align: center;\" width=\"22%\">LHAK Best. 48<br \/>\nNr. 2425<\/td>\n<td style=\"text-align: justify;\" width=\"50%\">Eintreibung von Schulden bei dem Fr\u00fchmesser Ferdinand Anton Herfort in Nievern<\/td>\n<\/tr>\n<tr>\n<td style=\"text-align: center;\" width=\"13%\">1778-1792<\/td>\n<td width=\"15%\"><\/td>\n<td style=\"text-align: center;\" width=\"22%\">LHAK Best. 48<br \/>\nNr. 3848<\/td>\n<td style=\"text-align: justify;\" width=\"50%\">Rechtsstreit des Valentin Herfort, Vikar an St. Gereon in K\u00f6ln, f\u00fcr seinen Bruder Ferdinand Anton Herfort, ehemals Fr\u00fchmesser in Nievern, gegen Kammerrat Mollier in Arenfels wegen r\u00fcckst\u00e4ndiger Zahlungen nach dem Tausch der Fr\u00fchmesserei gegen die Pfarrei Hemstal<\/td>\n<\/tr>\n<tr>\n<td style=\"text-align: center;\" width=\"13%\">1786<\/td>\n<td style=\"text-align: center;\" width=\"15%\">1 Faszikel<\/td>\n<td style=\"text-align: center;\" width=\"22%\">HHStAW Abt. 3\/3<br \/>\nNr. f 2<\/td>\n<td width=\"50%\"><a href=\"http:\/\/www.ahnenforschung-jackmuth.de\/?page_id=971\">Visitatio ecclesiae in Nievern<\/a><\/td>\n<\/tr>\n<tr>\n<td style=\"text-align: center;\" width=\"13%\">1787-1789<\/td>\n<td width=\"15%\"><\/td>\n<td style=\"text-align: center;\" width=\"22%\">LHAK Best. 48<br \/>\nNr. 3908<\/td>\n<td width=\"50%\">Berechnung der Einnahmen der Fr\u00fchmesserei<\/td>\n<\/tr>\n<tr>\n<td style=\"text-align: center;\" width=\"13%\">1787<\/td>\n<td style=\"text-align: center;\" width=\"15%\">1 Faszikel<\/td>\n<td style=\"text-align: center;\" width=\"22%\">HHStAW Abt. 3\/3<br \/>\nNr. f 6<\/td>\n<td style=\"text-align: justify;\" width=\"50%\">Gemeinde Fachbach und M\u00fchlen contra Gmde. Nievern betr. Pastoralvieh<\/td>\n<\/tr>\n<tr>\n<td style=\"text-align: center;\" width=\"13%\">1789<\/td>\n<td style=\"text-align: center;\" width=\"15%\">1 Faszikel<\/td>\n<td style=\"text-align: center;\" width=\"22%\">HHStAW Abt. 3\/3<br \/>\nNr. f 7<\/td>\n<td style=\"text-align: justify;\" width=\"50%\">Kalkoffen Wwe. contra Schullehrer Schmalz und die Sch\u00fctzen zu Nievern betr. Lieferung von Glocken- und Sch\u00fctzengarben [= Entlohnung des Gl\u00f6ckners und der Flursch\u00fctzen]<\/td>\n<\/tr>\n<tr>\n<td style=\"text-align: center;\" width=\"13%\">1792-1804<\/td>\n<td width=\"15%\"><\/td>\n<td style=\"text-align: center;\" width=\"22%\">LHAK Best. 48<br \/>\nNr. 3838<\/td>\n<td style=\"text-align: justify;\" width=\"50%\">Feststellung der Eink\u00fcnfte der Fr\u00fchmesserei Nievern<\/td>\n<\/tr>\n<tr>\n<td style=\"text-align: center;\" width=\"13%\">1802-1803<\/td>\n<td width=\"15%\"><\/td>\n<td style=\"text-align: center;\" width=\"22%\">LHAK Best. 48<br \/>\nNr. 3872<\/td>\n<td style=\"text-align: justify;\" width=\"50%\">Anweisung r\u00fcckst\u00e4ndiger Fr\u00fchmessereigelder nach Nievern<\/td>\n<\/tr>\n<tr>\n<td style=\"text-align: center;\" width=\"13%\">1793, 1797<br \/>\n1805-1818<\/td>\n<td width=\"15%\"><\/td>\n<td style=\"text-align: center;\" width=\"22%\">LHAK Best. 48<br \/>\nNr. 2453<\/td>\n<td style=\"text-align: justify;\" width=\"50%\">Kapitalanleihen beim Fr\u00fchmessereifonds in Nievern durch die Kellerei Koblenz<\/td>\n<\/tr>\n<tr>\n<td style=\"text-align: center;\" width=\"13%\">1806<\/td>\n<td width=\"15%\"><\/td>\n<td style=\"text-align: center;\" width=\"22%\">LHAK Best. 48<br \/>\nNr. 2303<\/td>\n<td style=\"text-align: justify;\" width=\"50%\">Verleumdung des Pastors Philippi und der Anna Dorothea Stritter in Nievern als Sodomiter<\/td>\n<\/tr>\n<tr>\n<td style=\"text-align: center;\" width=\"13%\">1809<\/td>\n<td width=\"15%\"><\/td>\n<td style=\"text-align: center;\" width=\"22%\">HHStAW Abt. 3\/3<br \/>\nNr. f 14<\/td>\n<td width=\"50%\">Rechnungen der Kirche zu Nievern (mit Belegen)<\/td>\n<\/tr>\n<tr>\n<td style=\"text-align: center;\" width=\"13%\">1810<\/td>\n<td width=\"15%\"><\/td>\n<td style=\"text-align: center;\" width=\"22%\">HHStAW Abt. 3\/3<br \/>\nNr. f 14<\/td>\n<td width=\"50%\">Rechnungen der Kirche zu Nievern (mit Belegen)<\/td>\n<\/tr>\n<tr>\n<td style=\"text-align: center;\" width=\"13%\">1811<\/td>\n<td width=\"15%\"><\/td>\n<td style=\"text-align: center;\" width=\"22%\">HHStAW Abt. 3\/3<br \/>\nNr. f 14<\/td>\n<td width=\"50%\">Rechnungen der Kirche zu Nievern (mit Belegen)<\/td>\n<\/tr>\n<tr>\n<td style=\"text-align: center;\" width=\"13%\">1812<\/td>\n<td width=\"15%\"><\/td>\n<td style=\"text-align: center;\" width=\"22%\">HHStAW Abt. 3\/3<br \/>\nNr. f 14<\/td>\n<td width=\"50%\">Rechnungen der Kirche zu Nievern (mit Belegen)<\/td>\n<\/tr>\n<tr>\n<td style=\"text-align: center;\" width=\"13%\">1813<\/td>\n<td width=\"15%\"><\/td>\n<td style=\"text-align: center;\" width=\"22%\">HHStAW Abt. 3\/3<br \/>\nNr. f 14<\/td>\n<td width=\"50%\">Rechnungen der Kirche zu Nievern (mit Belegen)<\/td>\n<\/tr>\n<tr>\n<td style=\"text-align: center;\" width=\"13%\">1814<\/td>\n<td width=\"15%\"><\/td>\n<td style=\"text-align: center;\" width=\"22%\">HHStAW Abt. 3\/3<br \/>\nNr. f 14<\/td>\n<td width=\"50%\">Rechnungen der Kirche zu Nievern (mit Belegen)<\/td>\n<\/tr>\n<tr>\n<td style=\"text-align: center;\" width=\"13%\">1815<\/td>\n<td width=\"15%\"><\/td>\n<td style=\"text-align: center;\" width=\"22%\">HHStAW Abt. 3\/3<br \/>\nNr. f 14<\/td>\n<td width=\"50%\">Rechnungen der Kirche zu Nievern (mit Belegen)<\/td>\n<\/tr>\n<tr>\n<td style=\"text-align: center;\" width=\"13%\">1816<\/td>\n<td width=\"15%\"><\/td>\n<td style=\"text-align: center;\" width=\"22%\">HHStAW Abt. 3\/3<br \/>\nNr. f 14<\/td>\n<td width=\"50%\">Rechnungen der Kirche zu Nievern<\/td>\n<\/tr>\n<tr>\n<td style=\"text-align: center;\" width=\"13%\">1817<\/td>\n<td width=\"15%\"><\/td>\n<td style=\"text-align: center;\" width=\"22%\">HHStAW Abt. 3\/3<br \/>\nNr. f 14<\/td>\n<td width=\"50%\">Rechnungen der Kirche zu Nievern<\/td>\n<\/tr>\n<tr>\n<td style=\"text-align: center;\" width=\"13%\">1829<\/td>\n<td width=\"15%\"><\/td>\n<td style=\"text-align: center;\" width=\"22%\">HHStAW Abt. 3\/3<br \/>\nNr. f 14<\/td>\n<td width=\"50%\">Besetzung der Pfarrei in Nievern<\/td>\n<\/tr>\n<tr>\n<td style=\"text-align: center;\" width=\"13%\">1835-1838<\/td>\n<td width=\"15%\"><\/td>\n<td style=\"text-align: center;\" width=\"22%\">LHAK Best. 48<br \/>\nNr. 3551<\/td>\n<td style=\"text-align: justify;\" width=\"50%\">Vertretung durch Dr. Leisler sen. im Berufungsverfahren des Kirchenvorstands in Nievern als Vertreter des Kirchenfonds gegen den F\u00fcrsten Erwein I. von der Leyen vor dem nassauischen Hof- und Appellationsgericht in Usingen wegen Kapitalforderung<\/td>\n<\/tr>\n<tr>\n<td style=\"text-align: center;\" width=\"13%\">1836-1837<\/td>\n<td width=\"15%\"><\/td>\n<td style=\"text-align: center;\" width=\"22%\">LHAK Best. 48<br \/>\nNr. 3491<\/td>\n<td style=\"text-align: justify;\" width=\"50%\">Prozess des Kirchenvorstands von Nievern gegen den F\u00fcrsten Erwein I. von der Leyen vor dem Hof- und Appellationsgericht in Usingen wegen Schulden<\/td>\n<\/tr>\n<tr>\n<td style=\"text-align: center;\" width=\"13%\">1841-1842<\/td>\n<td width=\"15%\"><\/td>\n<td style=\"text-align: center;\" width=\"22%\">LHAK Best. 48<br \/>\nNr. 3459<\/td>\n<td style=\"text-align: justify;\" width=\"50%\">Abtragung der nachgelassenen Schulden des F\u00fcrsten Philipp beim Kirchenfonds in Nievern<\/td>\n<\/tr>\n<tr>\n<td style=\"text-align: center;\" width=\"13%\">1843<\/td>\n<td width=\"15%\"><\/td>\n<td style=\"text-align: center;\" width=\"22%\">LHAK Best. 48<br \/>\nNr. 2383<\/td>\n<td style=\"text-align: justify;\" width=\"50%\">Pr\u00e4sentation des Kaplans Franz Wei\u00df f\u00fcr die Pfarrstelle in Nievern<\/td>\n<\/tr>\n<\/tbody>\n<\/table>\n<hr \/>\n<p><span style=\"font-size: small;\"><b>Letztes Update: Oktober 2016<\/b><\/span><br \/>\n<span style=\"font-size: small;\"><b>Ralph Jackmuth<\/b><\/span><\/p>\n","protected":false},"excerpt":{"rendered":"<p>HHStAW = Hessisches Hauptstaatsarchiv Wiesbaden LHAK = Landeshauptarchiv Koblenz HAN = Heimatarchiv Nievern Kirche, Pfarrei, Fr\u00fchmesserei, Send, Sendsch\u00f6ffen Die T\u00e4tigkeiten von Send und Sendsch\u00f6ffen sind in der Schulthei\u00dfenordnung von 1631 und im Weistum von 1641 beschrieben. Weiterhin interessant: das Kirchenvisitationsprotokoll von 1786 Zeitraum Umfang Standort Bem. 1693 HAN Kirchenrechnung; Rechner: Peter Z\u00f6rbach; Abschrift 1959 von &hellip; <a href=\"https:\/\/www.ahnenforschung-jackmuth.de\/?page_id=964\" class=\"more-link\"><span class=\"screen-reader-text\">\u201eArchivbestand Kirchspiel Nievern 12\u201c<\/span> weiterlesen<\/a><\/p>\n","protected":false},"author":1,"featured_media":0,"parent":0,"menu_order":0,"comment_status":"closed","ping_status":"closed","template":"","meta":{"footnotes":""},"class_list":["post-964","page","type-page","status-publish","hentry"],"_links":{"self":[{"href":"https:\/\/www.ahnenforschung-jackmuth.de\/index.php?rest_route=\/wp\/v2\/pages\/964","targetHints":{"allow":["GET"]}}],"collection":[{"href":"https:\/\/www.ahnenforschung-jackmuth.de\/index.php?rest_route=\/wp\/v2\/pages"}],"about":[{"href":"https:\/\/www.ahnenforschung-jackmuth.de\/index.php?rest_route=\/wp\/v2\/types\/page"}],"author":[{"embeddable":true,"href":"https:\/\/www.ahnenforschung-jackmuth.de\/index.php?rest_route=\/wp\/v2\/users\/1"}],"replies":[{"embeddable":true,"href":"https:\/\/www.ahnenforschung-jackmuth.de\/index.php?rest_route=%2Fwp%2Fv2%2Fcomments&post=964"}],"version-history":[{"count":0,"href":"https:\/\/www.ahnenforschung-jackmuth.de\/index.php?rest_route=\/wp\/v2\/pages\/964\/revisions"}],"wp:attachment":[{"href":"https:\/\/www.ahnenforschung-jackmuth.de\/index.php?rest_route=%2Fwp%2Fv2%2Fmedia&parent=964"}],"curies":[{"name":"wp","href":"https:\/\/api.w.org\/{rel}","templated":true}]}}