{"id":9470,"date":"2022-01-15T20:38:44","date_gmt":"2022-01-15T20:38:44","guid":{"rendered":"http:\/\/www.ahnenforschung-jackmuth.de\/?page_id=9470"},"modified":"2022-11-30T15:21:14","modified_gmt":"2022-11-30T15:21:14","slug":"updates-2022","status":"publish","type":"page","link":"https:\/\/www.ahnenforschung-jackmuth.de\/?page_id=9470","title":{"rendered":"Updates 2022"},"content":{"rendered":"<table style=\"width: 100%;\">\n<tbody>\n<tr>\n<td style=\"width: 10.2381%; text-align: center;\"><span style=\"font-family: times new roman, times, serif; font-size: 10pt;\"><strong>Datum<\/strong><\/span><\/td>\n<td style=\"width: 23.3333%;\"><span style=\"font-family: times new roman, times, serif; font-size: 10pt;\"><strong>Sektion<\/strong><\/span><\/td>\n<td style=\"width: 66.4286%;\"><span style=\"font-family: times new roman, times, serif; font-size: 10pt;\"><strong>Update<\/strong><\/span><\/td>\n<\/tr>\n<tr>\n<td style=\"width: 10.2381%; text-align: center;\"><span style=\"font-family: times new roman, times, serif; font-size: 10pt;\">13.01.2022<\/span><\/td>\n<td style=\"width: 23.3333%;\"><span style=\"font-family: times new roman, times, serif; font-size: 10pt;\">OFB Fr\u00fccht<\/span><\/td>\n<td style=\"width: 66.4286%;\"><span style=\"font-family: times new roman, times, serif; font-size: 10pt;\">Name Heck<\/span><\/td>\n<\/tr>\n<tr>\n<td style=\"width: 10.2381%; text-align: center;\"><span style=\"font-family: times new roman, times, serif; font-size: 10pt;\">15.01.2022<\/span><\/td>\n<td style=\"width: 23.3333%;\"><span style=\"font-family: times new roman, times, serif; font-size: 10pt;\">OFB Fr\u00fccht<\/span><\/td>\n<td style=\"width: 66.4286%;\"><span style=\"font-family: times new roman, times, serif; font-size: 10pt;\">Name Heck<\/span><\/td>\n<\/tr>\n<tr>\n<td style=\"width: 10.2381%; text-align: center;\"><span style=\"font-family: times new roman, times, serif; font-size: 10pt;\">22.02.2022<br \/>\n<\/span><\/td>\n<td style=\"width: 23.3333%;\"><span style=\"font-family: times new roman, times, serif; font-size: 10pt;\">OFB Braubach<br \/>\n<\/span><\/td>\n<td style=\"width: 66.4286%;\">\n<p style=\"text-align: justify;\"><span style=\"font-family: times new roman, times, serif; font-size: 10pt;\">Erg\u00e4nzungen: <\/span><span style=\"font-size: 10pt; font-family: times new roman, times, serif;\">Johann Christian Arzb\u00e4cher oo I. 1788, Kind 3) \u2014 <\/span><span style=\"font-size: 10pt; font-family: times new roman, times, serif;\">Johann Wilhelm Arzb\u00e4cher oo 1791, Kind 4) \u2014 <\/span><span style=\"font-size: 10pt; font-family: times new roman, times, serif;\">Johann Philipp Eschenbrenner oo 1795, Kind 3) oo II. und Johann Philipp Eschenbrenner oo 1796, Kind 1) keine oo II. \u2014 <\/span><span style=\"font-size: 10pt; font-family: times new roman, times, serif;\">Johann Ludwig Gran oo 1791, Kind 3) oo II. und Johann Wilhelm Gran oo 1798, Kind 2) keine oo II. \u2014 <\/span><span style=\"font-size: 10pt; font-family: times new roman, times, serif;\">Johann Konrad Schneider oo 1756, Kind 6) \u2014 <\/span><span style=\"font-size: 10pt; font-family: times new roman, times, serif;\">Samuel Krieger\/Kr\u00fcger und Johann Wilhelm Bausmann oo 1695, Kind 8), durch freundliche Mitteilung von Karl-Erich-Anh\u00e4user \u2014 <\/span><span style=\"font-size: 10pt; font-family: times new roman, times, serif;\">Johann Georg Kneuper oo mit Katharina Margretha Pastert, Kind 5) und Jakob Balthasar Reichard oo 1739, durch freundliche Mitteilung von Ortwin Reinhard<\/span><\/p>\n<\/td>\n<\/tr>\n<tr>\n<td style=\"width: 10.2381%; text-align: center;\"><span style=\"font-family: times new roman, times, serif; font-size: 10pt;\">10.08.2022<br \/>\n<\/span><\/td>\n<td style=\"width: 23.3333%;\"><span style=\"font-family: times new roman, times, serif; font-size: 10pt;\">OFB Giesh\u00fcbel<br \/>\n<\/span><\/td>\n<td style=\"width: 66.4286%;\">\n<p style=\"text-align: justify;\"><span style=\"font-family: times new roman, times, serif; font-size: 10pt;\">Update bis 1875<br \/>\n<\/span><\/p>\n<\/td>\n<\/tr>\n<tr>\n<td style=\"width: 10.2381%; text-align: center;\"><span style=\"font-family: times new roman, times, serif; font-size: 10pt;\">11.08.2022<\/span><\/td>\n<td style=\"width: 23.3333%;\"><span style=\"font-family: times new roman, times, serif; font-size: 10pt;\">OFB Oberwies<br \/>\n<\/span><\/td>\n<td style=\"width: 66.4286%;\">\n<p style=\"text-align: justify;\"><span style=\"font-family: times new roman, times, serif; font-size: 10pt;\">Update bis 1875<\/span><\/p>\n<\/td>\n<\/tr>\n<tr>\n<td style=\"width: 10.2381%; text-align: center;\"><span style=\"font-family: times new roman, times, serif; font-size: 10pt;\">12.08.2022<br \/>\n<\/span><\/td>\n<td style=\"width: 23.3333%;\"><span style=\"font-family: times new roman, times, serif; font-size: 10pt;\">OFB Spie\u00df<br \/>\n<\/span><\/td>\n<td style=\"width: 66.4286%;\">\n<p style=\"text-align: justify;\"><span style=\"font-family: times new roman, times, serif; font-size: 10pt;\">Update bis 1891<\/span><\/p>\n<\/td>\n<\/tr>\n<tr>\n<td style=\"width: 10.2381%; text-align: center;\"><span style=\"font-family: times new roman, times, serif; font-size: 10pt;\">13.08.2022<br \/>\n<\/span><\/td>\n<td style=\"width: 23.3333%;\"><span style=\"font-family: times new roman, times, serif; font-size: 10pt;\">OFB Fr\u00fccht<br \/>\nOFB M\u00fchlen Dornholzhausen<br \/>\n<\/span><\/td>\n<td style=\"width: 66.4286%;\">\n<p style=\"text-align: justify;\"><span style=\"font-family: times new roman, times, serif; font-size: 10pt;\">Diverse Familien<br \/>\n<\/span><\/p>\n<\/td>\n<\/tr>\n<tr>\n<td style=\"width: 10.2381%; text-align: center;\"><span style=\"font-family: times new roman, times, serif; font-size: 10pt;\">29.11.2022<br \/>\n<\/span><\/td>\n<td style=\"width: 23.3333%;\"><span style=\"font-family: times new roman, times, serif; font-size: 10pt;\">OFB Fr\u00fccht<\/span><\/td>\n<td style=\"width: 66.4286%;\">\n<p style=\"text-align: justify;\"><span style=\"font-family: times new roman, times, serif; font-size: 10pt;\">Update Pfarrer- und Schulthei\u00dfenliste; OFB Buchstabe A-R<br \/>\n<\/span><\/p>\n<\/td>\n<\/tr>\n<tr>\n<td style=\"width: 10.2381%; text-align: center;\"><span style=\"font-family: times new roman, times, serif; font-size: 10pt;\">30.11.2022<\/span><\/td>\n<td style=\"width: 23.3333%;\"><span style=\"font-family: times new roman, times, serif; font-size: 10pt;\">OFB Fr\u00fccht<\/span><\/td>\n<td style=\"width: 66.4286%;\">\n<p style=\"text-align: justify;\"><span style=\"font-family: times new roman, times, serif; font-size: 10pt;\">Update Buchstabe S-Z<br \/>\n<\/span><\/p>\n<\/td>\n<\/tr>\n<\/tbody>\n<\/table>\n<p>&nbsp;<\/p>\n","protected":false},"excerpt":{"rendered":"<p>Datum Sektion Update 13.01.2022 OFB Fr\u00fccht Name Heck 15.01.2022 OFB Fr\u00fccht Name Heck 22.02.2022 OFB Braubach Erg\u00e4nzungen: Johann Christian Arzb\u00e4cher oo I. 1788, Kind 3) \u2014 Johann Wilhelm Arzb\u00e4cher oo 1791, Kind 4) \u2014 Johann Philipp Eschenbrenner oo 1795, Kind 3) oo II. und Johann Philipp Eschenbrenner oo 1796, Kind 1) keine oo II. \u2014 &hellip; <a href=\"https:\/\/www.ahnenforschung-jackmuth.de\/?page_id=9470\" class=\"more-link\"><span class=\"screen-reader-text\">\u201eUpdates 2022\u201c<\/span> weiterlesen<\/a><\/p>\n","protected":false},"author":1,"featured_media":0,"parent":0,"menu_order":0,"comment_status":"closed","ping_status":"closed","template":"","meta":{"footnotes":""},"class_list":["post-9470","page","type-page","status-publish","hentry"],"_links":{"self":[{"href":"https:\/\/www.ahnenforschung-jackmuth.de\/index.php?rest_route=\/wp\/v2\/pages\/9470","targetHints":{"allow":["GET"]}}],"collection":[{"href":"https:\/\/www.ahnenforschung-jackmuth.de\/index.php?rest_route=\/wp\/v2\/pages"}],"about":[{"href":"https:\/\/www.ahnenforschung-jackmuth.de\/index.php?rest_route=\/wp\/v2\/types\/page"}],"author":[{"embeddable":true,"href":"https:\/\/www.ahnenforschung-jackmuth.de\/index.php?rest_route=\/wp\/v2\/users\/1"}],"replies":[{"embeddable":true,"href":"https:\/\/www.ahnenforschung-jackmuth.de\/index.php?rest_route=%2Fwp%2Fv2%2Fcomments&post=9470"}],"version-history":[{"count":0,"href":"https:\/\/www.ahnenforschung-jackmuth.de\/index.php?rest_route=\/wp\/v2\/pages\/9470\/revisions"}],"wp:attachment":[{"href":"https:\/\/www.ahnenforschung-jackmuth.de\/index.php?rest_route=%2Fwp%2Fv2%2Fmedia&parent=9470"}],"curies":[{"name":"wp","href":"https:\/\/api.w.org\/{rel}","templated":true}]}}