{"id":9389,"date":"2021-12-30T10:47:09","date_gmt":"2021-12-30T10:47:09","guid":{"rendered":"http:\/\/www.ahnenforschung-jackmuth.de\/?page_id=9389"},"modified":"2021-12-30T10:55:43","modified_gmt":"2021-12-30T10:55:43","slug":"ofb-winterwerb-1666-1720","status":"publish","type":"page","link":"https:\/\/www.ahnenforschung-jackmuth.de\/?page_id=9389","title":{"rendered":"OFB Winterwerb 1666-1720"},"content":{"rendered":"<p><strong>Die Einwohner und Familien in Winterwerb 1666-1720<br \/>\n<\/strong><strong>nach dem ersten Kirchenbuch der Pfarrei Niederbachheim<\/strong><\/p>\n<p style=\"text-align: justify;\">Enth\u00e4lt auch die 1635-1636 w\u00e4hrend der Pest nach Braubach Gefl\u00fcchteten. Zu Oberbachheim siehe Hellmuth Gensicke in: Nass. Annalen, Bd. 94 (1983), Beitr\u00e4ge zur nass. Ortsgeschichte: Kirchspiel und Gericht Niederbachheim, S. 291 ff.<\/p>\n<p style=\"text-align: justify;\"><a href=\"http:\/\/www.ahnenforschung-jackmuth.de\/?page_id=9377#aulmann\">Aulmann<\/a> \u2014 <a href=\"http:\/\/www.ahnenforschung-jackmuth.de\/?page_id=9377#bachumb\">Bachumb<\/a> \u2014 <a href=\"http:\/\/www.ahnenforschung-jackmuth.de\/?page_id=9377#becher\">Becher<\/a> \u2014 <a href=\"http:\/\/www.ahnenforschung-jackmuth.de\/?page_id=9377#becker\">Becker<\/a> \u2014 <a href=\"http:\/\/www.ahnenforschung-jackmuth.de\/?page_id=9377#bock\">Bock<\/a> \u2014 <a href=\"http:\/\/www.ahnenforschung-jackmuth.de\/?page_id=9377#brunner\">Brunner<\/a> \u2014 <a href=\"http:\/\/www.ahnenforschung-jackmuth.de\/?page_id=9377#debusmann\">Debusmann<\/a> \u2014 <a href=\"http:\/\/www.ahnenforschung-jackmuth.de\/?page_id=9377#dessighofer\">Dessighofer<\/a> \u2014 <a href=\"http:\/\/www.ahnenforschung-jackmuth.de\/?page_id=9377#dimstuck\">Dimstuck [?]<\/a> \u2014 <a href=\"http:\/\/www.ahnenforschung-jackmuth.de\/?page_id=9377#fehrlinger\">Fehrlinger<\/a> \u2014 <a href=\"http:\/\/www.ahnenforschung-jackmuth.de\/?page_id=9377#flerger\">Flerger<\/a> \u2014 <a href=\"http:\/\/www.ahnenforschung-jackmuth.de\/?page_id=9377#friesenhahn\">Friesenhahn<\/a> \u2014 <a href=\"http:\/\/www.ahnenforschung-jackmuth.de\/?page_id=9377#gensmann\">Gensmann<\/a> \u2014 <a href=\"http:\/\/www.ahnenforschung-jackmuth.de\/?page_id=9377#grube\">Grube<\/a> \u2014 <a href=\"http:\/\/www.ahnenforschung-jackmuth.de\/?page_id=9377#hans\">Hans<\/a> \u2014 <a href=\"http:\/\/www.ahnenforschung-jackmuth.de\/?page_id=9377#helmer\">Helmer<\/a> \u2014 <a href=\"http:\/\/www.ahnenforschung-jackmuth.de\/?page_id=9377#hoffmann\">Hoffmann<\/a> \u2014 <a href=\"http:\/\/www.ahnenforschung-jackmuth.de\/?page_id=9377#imand\">Imand<\/a> \u2014 <a href=\"http:\/\/www.ahnenforschung-jackmuth.de\/?page_id=9377#knebel\">Knebel<\/a> \u2014 <a href=\"http:\/\/www.ahnenforschung-jackmuth.de\/?page_id=9377#konrad\">Konrad<\/a> \u2014 <a href=\"http:\/\/www.ahnenforschung-jackmuth.de\/?page_id=9377#laux\">Laux<\/a> \u2014 <a href=\"http:\/\/www.ahnenforschung-jackmuth.de\/?page_id=9382#niklas\">Niklas<\/a> \u2014 <a href=\"http:\/\/www.ahnenforschung-jackmuth.de\/?page_id=9382#pfeifer\">Pfeifer<\/a> \u2014 <a href=\"http:\/\/www.ahnenforschung-jackmuth.de\/?page_id=9382#rencker\">Rencker<\/a> \u2014 <a href=\"http:\/\/www.ahnenforschung-jackmuth.de\/?page_id=9382#rhod\">Rhod<\/a> \u2014 <a href=\"http:\/\/www.ahnenforschung-jackmuth.de\/?page_id=9382#scheffer\">Scheffer<\/a> \u2014 <a href=\"http:\/\/www.ahnenforschung-jackmuth.de\/?page_id=9382#schmidt\">Schmidt<\/a> \u2014 <a href=\"http:\/\/www.ahnenforschung-jackmuth.de\/?page_id=9382#schultheiss\">Schulthei\u00df<\/a> \u2014 <a href=\"http:\/\/www.ahnenforschung-jackmuth.de\/?page_id=9382#simon\">Simon<\/a> \u2014 <a href=\"http:\/\/www.ahnenforschung-jackmuth.de\/?page_id=9382#simshaeuser\">Simsh\u00e4user<\/a> \u2014 <a href=\"http:\/\/www.ahnenforschung-jackmuth.de\/?page_id=9382#sommer\">Sommer<\/a> \u2014 <a href=\"http:\/\/www.ahnenforschung-jackmuth.de\/?page_id=9382#stroh\">Stroh<\/a> \u2014 <a href=\"http:\/\/www.ahnenforschung-jackmuth.de\/?page_id=9382#thiel\">Thiel<\/a> \u2014 <a href=\"http:\/\/www.ahnenforschung-jackmuth.de\/?page_id=9382#thomas\">Thomas<\/a> \u2014 <a href=\"http:\/\/www.ahnenforschung-jackmuth.de\/?page_id=9382#urban\">Urban<\/a> \u2014 <a href=\"http:\/\/www.ahnenforschung-jackmuth.de\/?page_id=9382#vogt\">Vogt<\/a> \u2014 <a href=\"http:\/\/www.ahnenforschung-jackmuth.de\/?page_id=9382#wagner\">Wagner<\/a> \u2014 <a href=\"http:\/\/www.ahnenforschung-jackmuth.de\/?page_id=9382#weigand\">Weigand<\/a> \u2014 <a href=\"http:\/\/www.ahnenforschung-jackmuth.de\/?page_id=9382#welsch\">Welsch<\/a> \u2014 <a href=\"http:\/\/www.ahnenforschung-jackmuth.de\/?page_id=9382#weyer\">Weyer<\/a> \u2014 <a href=\"http:\/\/www.ahnenforschung-jackmuth.de\/?page_id=9382#willmann\">Willmann<\/a> \u2014 <a href=\"http:\/\/www.ahnenforschung-jackmuth.de\/?page_id=9382#winterwerber\">Winterwerber<\/a> \u2014 <a href=\"http:\/\/www.ahnenforschung-jackmuth.de\/?page_id=9382#nn\">Name unbekannt<\/a><\/p>\n<hr \/>\n<p><span style=\"font-size: 10pt;\"><b>Letztes Update: 30. Dezember 2021<\/b><\/span><br \/>\n<span style=\"font-size: 10pt;\"><b>Ralph Jackmuth<\/b><\/span><\/p>\n","protected":false},"excerpt":{"rendered":"<p>Die Einwohner und Familien in Winterwerb 1666-1720 nach dem ersten Kirchenbuch der Pfarrei Niederbachheim Enth\u00e4lt auch die 1635-1636 w\u00e4hrend der Pest nach Braubach Gefl\u00fcchteten. Zu Oberbachheim siehe Hellmuth Gensicke in: Nass. Annalen, Bd. 94 (1983), Beitr\u00e4ge zur nass. Ortsgeschichte: Kirchspiel und Gericht Niederbachheim, S. 291 ff. Aulmann \u2014 Bachumb \u2014 Becher \u2014 Becker \u2014 Bock &hellip; <a href=\"https:\/\/www.ahnenforschung-jackmuth.de\/?page_id=9389\" class=\"more-link\"><span class=\"screen-reader-text\">\u201eOFB Winterwerb 1666-1720\u201c<\/span> weiterlesen<\/a><\/p>\n","protected":false},"author":1,"featured_media":0,"parent":0,"menu_order":0,"comment_status":"closed","ping_status":"closed","template":"","meta":{"footnotes":""},"class_list":["post-9389","page","type-page","status-publish","hentry"],"_links":{"self":[{"href":"https:\/\/www.ahnenforschung-jackmuth.de\/index.php?rest_route=\/wp\/v2\/pages\/9389","targetHints":{"allow":["GET"]}}],"collection":[{"href":"https:\/\/www.ahnenforschung-jackmuth.de\/index.php?rest_route=\/wp\/v2\/pages"}],"about":[{"href":"https:\/\/www.ahnenforschung-jackmuth.de\/index.php?rest_route=\/wp\/v2\/types\/page"}],"author":[{"embeddable":true,"href":"https:\/\/www.ahnenforschung-jackmuth.de\/index.php?rest_route=\/wp\/v2\/users\/1"}],"replies":[{"embeddable":true,"href":"https:\/\/www.ahnenforschung-jackmuth.de\/index.php?rest_route=%2Fwp%2Fv2%2Fcomments&post=9389"}],"version-history":[{"count":0,"href":"https:\/\/www.ahnenforschung-jackmuth.de\/index.php?rest_route=\/wp\/v2\/pages\/9389\/revisions"}],"wp:attachment":[{"href":"https:\/\/www.ahnenforschung-jackmuth.de\/index.php?rest_route=%2Fwp%2Fv2%2Fmedia&parent=9389"}],"curies":[{"name":"wp","href":"https:\/\/api.w.org\/{rel}","templated":true}]}}