{"id":9349,"date":"2021-12-20T16:24:07","date_gmt":"2021-12-20T16:24:07","guid":{"rendered":"http:\/\/www.ahnenforschung-jackmuth.de\/?page_id=9349"},"modified":"2024-02-10T13:13:02","modified_gmt":"2024-02-10T13:13:02","slug":"ofb-oberbachheim-1666-1720","status":"publish","type":"page","link":"https:\/\/www.ahnenforschung-jackmuth.de\/?page_id=9349","title":{"rendered":"OFB Oberbachheim 1666-1720"},"content":{"rendered":"<p><strong>Die Einwohner und Familien in Oberbachheim 1666-1720<br \/>\n<\/strong><strong>nach dem ersten Kirchenbuch der Pfarrei Niederbachheim<\/strong><\/p>\n<p style=\"text-align: justify;\">Enth\u00e4lt auch die 1635-1636 w\u00e4hrend der Pest nach Braubach Gefl\u00fcchteten. Zu Oberbachheim siehe Hellmuth Gensicke in: Nass. Annalen, Bd. 94 (1983), Beitr\u00e4ge zur nass. Ortsgeschichte: Kirchspiel und Gericht Niederbachheim, S. 291 ff.<\/p>\n<p style=\"text-align: justify;\"><a href=\"http:\/\/www.ahnenforschung-jackmuth.de\/?page_id=9339#attel\">Attel<\/a> \u2014 <a href=\"http:\/\/www.ahnenforschung-jackmuth.de\/?page_id=9339#beutel\">Beutel<\/a> \u2014 <a href=\"http:\/\/www.ahnenforschung-jackmuth.de\/?page_id=9339#bochel\">Bochel (Bocheler)<\/a> \u2014 <a href=\"http:\/\/www.ahnenforschung-jackmuth.de\/?page_id=9339#donges\">Donges<\/a> \u2014 <a href=\"http:\/\/www.ahnenforschung-jackmuth.de\/?page_id=9339#dreher\">Dreher<\/a> \u2014 <a href=\"http:\/\/www.ahnenforschung-jackmuth.de\/?page_id=9339#eberhard\">Eberhard<\/a> \u2014 <a href=\"http:\/\/www.ahnenforschung-jackmuth.de\/?page_id=9339#elberskirch\">Elberskirch<\/a> \u2014 <a href=\"http:\/\/www.ahnenforschung-jackmuth.de\/?page_id=9339#emmerich\">Emmerich<\/a> \u2014 <a href=\"http:\/\/www.ahnenforschung-jackmuth.de\/?page_id=9339#ernst\">Ernst<\/a> \u2014 <a href=\"http:\/\/www.ahnenforschung-jackmuth.de\/?page_id=9339#fehrlinger\">Fehrlinger<\/a> \u2014 <a href=\"http:\/\/www.ahnenforschung-jackmuth.de\/?page_id=9339#friesenhahn\">Friesenhahn<\/a> \u2014 <a href=\"http:\/\/www.ahnenforschung-jackmuth.de\/?page_id=9339#gerhard\">Gerhard<\/a> \u2014 <a href=\"http:\/\/www.ahnenforschung-jackmuth.de\/?page_id=9339#hallerbach\">Hallerbach<\/a> \u2014 <a href=\"http:\/\/www.ahnenforschung-jackmuth.de\/?page_id=9339#heinz\">Heinz<\/a> \u2014 <a href=\"http:\/\/www.ahnenforschung-jackmuth.de\/?page_id=9339#henrich\">Henrich<\/a> \u2014 <a href=\"http:\/\/www.ahnenforschung-jackmuth.de\/?page_id=9339#hinterweller\">Hinterweller<\/a> \u2014 <a href=\"http:\/\/www.ahnenforschung-jackmuth.de\/?page_id=9339#hoffmann\">Hoffmann<\/a> \u2014 <a href=\"http:\/\/www.ahnenforschung-jackmuth.de\/?page_id=9339#jakob\">Jakob<\/a> \u2014 <a href=\"http:\/\/www.ahnenforschung-jackmuth.de\/?page_id=9339#koeth\">K\u00f6th<\/a> \u2014 <a href=\"http:\/\/www.ahnenforschung-jackmuth.de\/?page_id=9339#krebber\">Krebber<\/a> \u2014 <a href=\"http:\/\/www.ahnenforschung-jackmuth.de\/?page_id=9339#kreff\">Kreff<\/a> \u2014 <a href=\"http:\/\/www.ahnenforschung-jackmuth.de\/?page_id=9339#kuhn\">Kuhn<\/a> \u2014 <a href=\"http:\/\/www.ahnenforschung-jackmuth.de\/?page_id=9339#ludwig\">Ludwig<\/a> \u2014 <a href=\"http:\/\/www.ahnenforschung-jackmuth.de\/?page_id=9344#mayer\">Mayer<\/a> \u2014 <a href=\"http:\/\/www.ahnenforschung-jackmuth.de\/?page_id=9344#monau\">Monau<\/a> \u2014 <a href=\"http:\/\/www.ahnenforschung-jackmuth.de\/?page_id=9344#notky\">Notky<\/a> \u2014 <a href=\"http:\/\/www.ahnenforschung-jackmuth.de\/?page_id=9344#pfeifer\">Pfeifer<\/a> \u2014 <a href=\"http:\/\/www.ahnenforschung-jackmuth.de\/?page_id=9344#schmidt\">Sch<\/a><a href=\"http:\/\/www.ahnenforschung-jackmuth.de\/?page_id=9344#schmidt\">midt<\/a> \u2014 <a href=\"http:\/\/www.ahnenforschung-jackmuth.de\/?page_id=9344#sommer\">Sommer<\/a> \u2014 <a href=\"https:\/\/www.ahnenforschung-jackmuth.de\/?page_id=9344#theis\">Theis<\/a> \u2014 <a href=\"http:\/\/www.ahnenforschung-jackmuth.de\/?page_id=9344#thiel\">Thiel<\/a> \u2014 <a href=\"http:\/\/www.ahnenforschung-jackmuth.de\/?page_id=9344#urban\">Urban<\/a> \u2014 <a href=\"http:\/\/www.ahnenforschung-jackmuth.de\/?page_id=9344#vollscheit\">Vollscheit<\/a> \u2014 <a href=\"http:\/\/www.ahnenforschung-jackmuth.de\/?page_id=9344#vollwerker\">Vollwerker<\/a> \u2014 <a href=\"http:\/\/www.ahnenforschung-jackmuth.de\/?page_id=9344#wagner\">Wagner<\/a> \u2014 <a href=\"http:\/\/www.ahnenforschung-jackmuth.de\/?page_id=9344#winterwerber\">Winterwerber<\/a> \u2014 <a href=\"http:\/\/www.ahnenforschung-jackmuth.de\/?page_id=9344#zorbach\">Zorbach<\/a> \u2014 <a href=\"http:\/\/www.ahnenforschung-jackmuth.de\/?page_id=9344#nn\">Name unbekannt<\/a><\/p>\n<hr \/>\n<p><span style=\"font-size: 10pt;\"><b>Letztes Update: 10. Februar 2024<\/b><\/span><br \/>\n<span style=\"font-size: 10pt;\"><b>Ralph Jackmuth<\/b><\/span><\/p>\n","protected":false},"excerpt":{"rendered":"<p>Die Einwohner und Familien in Oberbachheim 1666-1720 nach dem ersten Kirchenbuch der Pfarrei Niederbachheim Enth\u00e4lt auch die 1635-1636 w\u00e4hrend der Pest nach Braubach Gefl\u00fcchteten. Zu Oberbachheim siehe Hellmuth Gensicke in: Nass. Annalen, Bd. 94 (1983), Beitr\u00e4ge zur nass. Ortsgeschichte: Kirchspiel und Gericht Niederbachheim, S. 291 ff. Attel \u2014 Beutel \u2014 Bochel (Bocheler) \u2014 Donges \u2014 &hellip; <a href=\"https:\/\/www.ahnenforschung-jackmuth.de\/?page_id=9349\" class=\"more-link\"><span class=\"screen-reader-text\">\u201eOFB Oberbachheim 1666-1720\u201c<\/span> weiterlesen<\/a><\/p>\n","protected":false},"author":1,"featured_media":0,"parent":0,"menu_order":0,"comment_status":"closed","ping_status":"closed","template":"","meta":{"footnotes":""},"class_list":["post-9349","page","type-page","status-publish","hentry"],"_links":{"self":[{"href":"https:\/\/www.ahnenforschung-jackmuth.de\/index.php?rest_route=\/wp\/v2\/pages\/9349","targetHints":{"allow":["GET"]}}],"collection":[{"href":"https:\/\/www.ahnenforschung-jackmuth.de\/index.php?rest_route=\/wp\/v2\/pages"}],"about":[{"href":"https:\/\/www.ahnenforschung-jackmuth.de\/index.php?rest_route=\/wp\/v2\/types\/page"}],"author":[{"embeddable":true,"href":"https:\/\/www.ahnenforschung-jackmuth.de\/index.php?rest_route=\/wp\/v2\/users\/1"}],"replies":[{"embeddable":true,"href":"https:\/\/www.ahnenforschung-jackmuth.de\/index.php?rest_route=%2Fwp%2Fv2%2Fcomments&post=9349"}],"version-history":[{"count":0,"href":"https:\/\/www.ahnenforschung-jackmuth.de\/index.php?rest_route=\/wp\/v2\/pages\/9349\/revisions"}],"wp:attachment":[{"href":"https:\/\/www.ahnenforschung-jackmuth.de\/index.php?rest_route=%2Fwp%2Fv2%2Fmedia&parent=9349"}],"curies":[{"name":"wp","href":"https:\/\/api.w.org\/{rel}","templated":true}]}}