{"id":931,"date":"2016-10-16T18:37:59","date_gmt":"2016-10-16T18:37:59","guid":{"rendered":"http:\/\/www.ahnenforschung-jackmuth.de\/?page_id=931"},"modified":"2017-02-17T14:27:28","modified_gmt":"2017-02-17T14:27:28","slug":"start","status":"publish","type":"page","link":"https:\/\/www.ahnenforschung-jackmuth.de\/?page_id=931","title":{"rendered":""},"content":{"rendered":"<p style=\"text-align: justify;\">Herzlich willkommen auf meiner Homepage!<\/p>\n<p style=\"text-align: justify;\">Auf dieser Seite ver\u00f6ffentliche ich Forschungsergebnisse zur Familie Jackmuth und deren j\u00fcngerem Herkunftsort, dem Kirchspiel Nievern, in dem sich Jean Jacquemotte, der deutsche Stammvater der Nieverner Linie, um 1700 angesiedelt hatte. Sein Bruder L\u00e9onard gr\u00fcndet um die gleiche Zeit eine eigene Linie in Arzbach. Nach dem es mir im November 2016 durch eine unglaublichen Gl\u00fccksfall gelungen war, Sart-lez-Spa (Gemeinde Jalhay) als Herkunftsort in Belgien zu lokalisieren, werde ich auch zu diesem Ort Ergebnisse meiner Recherche publizieren (-&gt; <a href=\"http:\/\/www.ahnenforschung-jackmuth.de\/?page_id=1737\">zum aktuellen Forschungsstand<\/a>). Ein weiterer Vorfahrenzweig f\u00fchrt auf die Insel Reichenau. Die Geburts-, Ehe- und Sterbedaten aller Einwohner habe ich aufgrund der s\u00fcdbadischen Standesb\u00fccher im Zeitraum 1810-1869 in einer SQL-Datenbank abgelegt und online zugreifbar gemacht. Weitere Themenbereiche werden folgen.<\/p>\n<p>Ralph Jackmuth<br \/>\nim Februar 2017<\/p>\n","protected":false},"excerpt":{"rendered":"<p>Herzlich willkommen auf meiner Homepage! Auf dieser Seite ver\u00f6ffentliche ich Forschungsergebnisse zur Familie Jackmuth und deren j\u00fcngerem Herkunftsort, dem Kirchspiel Nievern, in dem sich Jean Jacquemotte, der deutsche Stammvater der Nieverner Linie, um 1700 angesiedelt hatte. Sein Bruder L\u00e9onard gr\u00fcndet um die gleiche Zeit eine eigene Linie in Arzbach. Nach dem es mir im November &hellip; <a href=\"https:\/\/www.ahnenforschung-jackmuth.de\/?page_id=931\" class=\"more-link\"><span class=\"screen-reader-text\">\u201e\u201c<\/span> weiterlesen<\/a><\/p>\n","protected":false},"author":1,"featured_media":0,"parent":0,"menu_order":0,"comment_status":"closed","ping_status":"closed","template":"","meta":{"footnotes":""},"class_list":["post-931","page","type-page","status-publish","hentry"],"_links":{"self":[{"href":"https:\/\/www.ahnenforschung-jackmuth.de\/index.php?rest_route=\/wp\/v2\/pages\/931","targetHints":{"allow":["GET"]}}],"collection":[{"href":"https:\/\/www.ahnenforschung-jackmuth.de\/index.php?rest_route=\/wp\/v2\/pages"}],"about":[{"href":"https:\/\/www.ahnenforschung-jackmuth.de\/index.php?rest_route=\/wp\/v2\/types\/page"}],"author":[{"embeddable":true,"href":"https:\/\/www.ahnenforschung-jackmuth.de\/index.php?rest_route=\/wp\/v2\/users\/1"}],"replies":[{"embeddable":true,"href":"https:\/\/www.ahnenforschung-jackmuth.de\/index.php?rest_route=%2Fwp%2Fv2%2Fcomments&post=931"}],"version-history":[{"count":0,"href":"https:\/\/www.ahnenforschung-jackmuth.de\/index.php?rest_route=\/wp\/v2\/pages\/931\/revisions"}],"wp:attachment":[{"href":"https:\/\/www.ahnenforschung-jackmuth.de\/index.php?rest_route=%2Fwp%2Fv2%2Fmedia&parent=931"}],"curies":[{"name":"wp","href":"https:\/\/api.w.org\/{rel}","templated":true}]}}