{"id":9298,"date":"2021-12-14T10:36:57","date_gmt":"2021-12-14T10:36:57","guid":{"rendered":"http:\/\/www.ahnenforschung-jackmuth.de\/?page_id=9298"},"modified":"2024-02-10T12:53:30","modified_gmt":"2024-02-10T12:53:30","slug":"ofb-niederbachheim-1666-1720","status":"publish","type":"page","link":"https:\/\/www.ahnenforschung-jackmuth.de\/?page_id=9298","title":{"rendered":"OFB Niederbachheim 1648-1720"},"content":{"rendered":"<p><strong>Die Einwohner und Familien in Niederbachheim 1648-1720<br \/>\n<\/strong><strong>nach dem ersten Kirchenbuch der Pfarrei Niederbachheim<\/strong><\/p>\n<p style=\"text-align: justify;\">Enth\u00e4lt auch die 1635-1636 w\u00e4hrend der Pest nach Braubach Gefl\u00fcchteten. Zu Niederbachheim siehe Hellmuth Gensicke in: Nass. Annalen, Bd. 94 (1983), Beitr\u00e4ge zur nass. Ortsgeschichte: Kirchspiel und Gericht Niederbachheim, S. 291 ff.\u00a0 \u2014 Weiterhin erfasst sind die Einwohnerverzeichnisse von Niederbachheim f\u00fcr 1648, 1655 und 1665 (HHStAW, Abt. 171, Nr. N 820). Niederbachheim war 1648 noch unbewohnt. 1658 leben zun\u00e4chst nur 3 Familien dort: Gottfried Rhod, Konrad Leinweber genannt Adler als Hofmann des Freiherrn vom Stein, und Johann Adam Schmidt.<\/p>\n<p style=\"text-align: justify;\"><a href=\"http:\/\/www.ahnenforschung-jackmuth.de\/?page_id=9284#aulmann\">Aulmann<\/a> \u2014 <a href=\"http:\/\/www.ahnenforschung-jackmuth.de\/?page_id=9284#bachumb\">Bachumb<\/a> \u2014 <a href=\"http:\/\/www.ahnenforschung-jackmuth.de\/?page_id=9284#beck\">Beck<\/a> \u2014 <a href=\"http:\/\/www.ahnenforschung-jackmuth.de\/?page_id=9284#becker\">Becker<\/a> \u2014 <a href=\"http:\/\/www.ahnenforschung-jackmuth.de\/?page_id=9284#berger\">Berger<\/a> \u2014 <a href=\"http:\/\/www.ahnenforschung-jackmuth.de\/?page_id=9284#blum\">Blum<\/a> \u2014 <a href=\"http:\/\/www.ahnenforschung-jackmuth.de\/?page_id=9284#boecker\">B\u00f6cker<\/a> \u2014 <a href=\"http:\/\/www.ahnenforschung-jackmuth.de\/?page_id=9284#buff\">Buff<\/a> \u2014 <a href=\"http:\/\/www.ahnenforschung-jackmuth.de\/?page_id=9284#burger\">Burger<\/a> \u2014 <a href=\"http:\/\/www.ahnenforschung-jackmuth.de\/?page_id=9284#clemess\">Cleme\u00df<\/a> \u2014 <a href=\"http:\/\/www.ahnenforschung-jackmuth.de\/?page_id=9284#closs\">Clo\u00df<\/a> \u2014 <a href=\"http:\/\/www.ahnenforschung-jackmuth.de\/?page_id=9284#consimsky\">de Consimsky<\/a> \u2014 <a href=\"http:\/\/www.ahnenforschung-jackmuth.de\/?page_id=9284#dietert\">Dietert<\/a> \u2014 <a href=\"http:\/\/www.ahnenforschung-jackmuth.de\/?page_id=9284#difriess\">Difrie\u00df<\/a> \u2014 <a href=\"http:\/\/www.ahnenforschung-jackmuth.de\/?page_id=9284#federhenn\">Federhenn<\/a> \u2014 <a href=\"http:\/\/www.ahnenforschung-jackmuth.de\/?page_id=9284#friesenhahn\">Friesenhahn<\/a> \u2014 <a href=\"http:\/\/www.ahnenforschung-jackmuth.de\/?page_id=9284#frentzele\">Frentzele<\/a> \u2014 <a href=\"http:\/\/www.ahnenforschung-jackmuth.de\/?page_id=9284#fuhr\">Fuhr<\/a> \u2014 <a href=\"http:\/\/www.ahnenforschung-jackmuth.de\/?page_id=9284#gall\">Gall<\/a> \u2014 <a href=\"http:\/\/www.ahnenforschung-jackmuth.de\/?page_id=9284#gensmann\">Gensmann<\/a> \u2014 <a href=\"http:\/\/www.ahnenforschung-jackmuth.de\/?page_id=9284#geyer\">Geyer<\/a> \u2014 <a href=\"http:\/\/www.ahnenforschung-jackmuth.de\/?page_id=9284#glassener\">Gla\u00dfener<\/a> \u2014 <a href=\"http:\/\/www.ahnenforschung-jackmuth.de\/?page_id=9284#goeller\">G\u00f6ller<\/a> \u2014 <a href=\"http:\/\/www.ahnenforschung-jackmuth.de\/?page_id=9284#gross\">Gro\u00df<\/a> \u2014 <a href=\"http:\/\/www.ahnenforschung-jackmuth.de\/?page_id=9284#haas\">Haas<\/a> \u2014 <a href=\"http:\/\/www.ahnenforschung-jackmuth.de\/?page_id=9284#hachenburg\">Hachenburg<\/a> \u2014 <a href=\"http:\/\/www.ahnenforschung-jackmuth.de\/?page_id=9284#hahnbutzer\">Hahnbutzer<\/a> \u2014 <a href=\"http:\/\/www.ahnenforschung-jackmuth.de\/?page_id=9284#hans\">Hans<\/a> \u2014 <a href=\"http:\/\/www.ahnenforschung-jackmuth.de\/?page_id=9284#heckel\">Heckel<\/a> \u2014 <a href=\"http:\/\/www.ahnenforschung-jackmuth.de\/?page_id=9284#heimann\">Heimann<\/a> \u2014 <a href=\"http:\/\/www.ahnenforschung-jackmuth.de\/?page_id=9284#holtzberger\">Holtzberger<\/a> \u2014 <a href=\"http:\/\/www.ahnenforschung-jackmuth.de\/?page_id=9284#horstmann\">Horstmann<\/a> \u2014 <a href=\"http:\/\/www.ahnenforschung-jackmuth.de\/?page_id=9284#ibiger\">Ibiger<\/a> \u2014 <a href=\"http:\/\/www.ahnenforschung-jackmuth.de\/?page_id=9284#juenger\">J\u00fcnger\/Junior<\/a> \u2014 <a href=\"http:\/\/www.ahnenforschung-jackmuth.de\/?page_id=9284#kalb\">Kalb<\/a> \u2014 <a href=\"http:\/\/www.ahnenforschung-jackmuth.de\/?page_id=9284#koenig\">K\u00f6nig<\/a> \u2014 <a href=\"http:\/\/www.ahnenforschung-jackmuth.de\/?page_id=9284#kohlermann\">Kohlermann<\/a> \u2014 <a href=\"http:\/\/www.ahnenforschung-jackmuth.de\/?page_id=9284#kraemer\">Kr\u00e4mer<\/a> \u2014 <a href=\"http:\/\/www.ahnenforschung-jackmuth.de\/?page_id=9284#kuhn\">Kuhn<\/a> \u2014 <a href=\"http:\/\/www.ahnenforschung-jackmuth.de\/?page_id=9284#kunz\">Kunz<\/a> \u2014 <a href=\"http:\/\/www.ahnenforschung-jackmuth.de\/?page_id=9284#leinweber\">Leinweber genannt Adler<\/a> \u2014 <a href=\"http:\/\/www.ahnenforschung-jackmuth.de\/?page_id=9284#leonhard\">Leonhard<\/a> \u2014 <a href=\"http:\/\/www.ahnenforschung-jackmuth.de\/?page_id=9284#lorch\">Lorch<\/a> \u2014 <a href=\"http:\/\/www.ahnenforschung-jackmuth.de\/?page_id=9284#lotz\">Lotz<\/a> \u2014 <a href=\"http:\/\/www.ahnenforschung-jackmuth.de\/?page_id=9284#lucker\">Lucker<\/a> \u2014 <a href=\"http:\/\/www.ahnenforschung-jackmuth.de\/?page_id=9289#martin\">Martin<\/a> \u2014 <a href=\"http:\/\/www.ahnenforschung-jackmuth.de\/?page_id=9289#may\">May<\/a> \u2014 <a href=\"http:\/\/www.ahnenforschung-jackmuth.de\/?page_id=9289#metz\">Metz<\/a> \u2014 <a href=\"http:\/\/www.ahnenforschung-jackmuth.de\/?page_id=9289#meuermann\">Meuermann<\/a> \u2014 <a href=\"http:\/\/www.ahnenforschung-jackmuth.de\/?page_id=9289#muchi\">Muchi<\/a> \u2014 <a href=\"http:\/\/www.ahnenforschung-jackmuth.de\/?page_id=9289#mueller\">M\u00fcller<\/a> \u2014 <a href=\"http:\/\/www.ahnenforschung-jackmuth.de\/?page_id=9289#nemenich\">Nemenich<\/a> \u2014 <a href=\"http:\/\/www.ahnenforschung-jackmuth.de\/?page_id=9289#niederstein\">Niederstein<\/a> \u2014 <a href=\"http:\/\/www.ahnenforschung-jackmuth.de\/?page_id=9289#pfeifer\">Pfeifer<\/a> \u2014 <a href=\"http:\/\/www.ahnenforschung-jackmuth.de\/?page_id=9289#reiffart\">Reiffart<\/a> \u2014 <a href=\"http:\/\/www.ahnenforschung-jackmuth.de\/?page_id=9289#reit\">Reit<\/a> \u2014 <a href=\"http:\/\/www.ahnenforschung-jackmuth.de\/?page_id=9289#rhod\">Rhod<\/a> \u2014 <a href=\"http:\/\/www.ahnenforschung-jackmuth.de\/?page_id=9289#roerig\">R\u00f6rig<\/a> \u2014 <a href=\"http:\/\/www.ahnenforschung-jackmuth.de\/?page_id=9289#ruberbach\">Ruberbach<\/a> \u2014 <a href=\"http:\/\/www.ahnenforschung-jackmuth.de\/?page_id=9289#ruppmann\">Ruppmann<\/a> \u2014 <a href=\"http:\/\/www.ahnenforschung-jackmuth.de\/?page_id=9289#schmidt\">Schmidt (<em>Schmied<\/em>)<\/a> \u2014 <a href=\"http:\/\/www.ahnenforschung-jackmuth.de\/?page_id=9289#schuessler\">Sch\u00fcssler<\/a> \u2014 <a href=\"http:\/\/www.ahnenforschung-jackmuth.de\/?page_id=9289#sohr\">Sohr<\/a> \u2014 <a href=\"http:\/\/www.ahnenforschung-jackmuth.de\/?page_id=9289#sommer\">Sommer<\/a> \u2014 <a href=\"http:\/\/www.ahnenforschung-jackmuth.de\/?page_id=9289#sopp\">Sopp<\/a> \u2014 <a href=\"http:\/\/www.ahnenforschung-jackmuth.de\/?page_id=9289#sorger\">Sorger<\/a> \u2014 <a href=\"http:\/\/www.ahnenforschung-jackmuth.de\/?page_id=9289#stang\">Stang<\/a> \u2014 <a href=\"http:\/\/www.ahnenforschung-jackmuth.de\/?page_id=9289#steinig\">Steinig<\/a> \u2014 <a href=\"http:\/\/www.ahnenforschung-jackmuth.de\/?page_id=9289#stolck\">Stolck<\/a> \u2014 <a href=\"https:\/\/www.ahnenforschung-jackmuth.de\/?page_id=9289#theis\">Theis<\/a> \u2014 <a href=\"http:\/\/www.ahnenforschung-jackmuth.de\/?page_id=9289#thiel\">Thiel<\/a> \u2014 <a href=\"http:\/\/www.ahnenforschung-jackmuth.de\/?page_id=9289#thoenges\">Th\u00f6nges<\/a> \u2014 <a href=\"http:\/\/www.ahnenforschung-jackmuth.de\/?page_id=9289#truebenbach\">Tr\u00fcbenbach<\/a> \u2014 <a href=\"http:\/\/www.ahnenforschung-jackmuth.de\/?page_id=9289#wagner\">Wagner<\/a> \u2014 <a href=\"http:\/\/www.ahnenforschung-jackmuth.de\/?page_id=9289#wald\">Wald<\/a> \u2014 <a href=\"http:\/\/www.ahnenforschung-jackmuth.de\/?page_id=9289#weyer\">Weyer<\/a> \u2014 <a href=\"http:\/\/www.ahnenforschung-jackmuth.de\/?page_id=9289#winterwerber\">Winterwerber<\/a> \u2014 <a href=\"http:\/\/www.ahnenforschung-jackmuth.de\/?page_id=9289#witzky\">Witzky<\/a> \u2014 <a href=\"http:\/\/www.ahnenforschung-jackmuth.de\/?page_id=9289#zurg\">Zurg<\/a> \u2014 <a href=\"http:\/\/www.ahnenforschung-jackmuth.de\/?page_id=9289#nn\">Name unbekannt<\/a> \u2014 <a href=\"http:\/\/www.ahnenforschung-jackmuth.de\/?page_id=9289#taufen_nachbarpfarreien\">Taufen aus Nachbarpfarreien<\/a> \u2014 <a href=\"http:\/\/www.ahnenforschung-jackmuth.de\/?page_id=9289#tote_ehen_nachbarpfarreien\">Tote und Ehen aus Nachbarpfarreien<\/a> \u2014 <a href=\"http:\/\/www.ahnenforschung-jackmuth.de\/?page_id=9289#eingeheiratete\">Eingeheiratete (nicht gesondert im OFB)<\/a><\/p>\n<hr \/>\n<p><span style=\"font-size: 10pt; font-family: times new roman, times, serif;\"><b>Letztes Update: 10. Februar 2024<\/b><\/span><br \/>\n<span style=\"font-size: 10pt; font-family: times new roman, times, serif;\"><b>Ralph Jackmuth<\/b><\/span><\/p>\n","protected":false},"excerpt":{"rendered":"<p>Die Einwohner und Familien in Niederbachheim 1648-1720 nach dem ersten Kirchenbuch der Pfarrei Niederbachheim Enth\u00e4lt auch die 1635-1636 w\u00e4hrend der Pest nach Braubach Gefl\u00fcchteten. Zu Niederbachheim siehe Hellmuth Gensicke in: Nass. Annalen, Bd. 94 (1983), Beitr\u00e4ge zur nass. Ortsgeschichte: Kirchspiel und Gericht Niederbachheim, S. 291 ff.\u00a0 \u2014 Weiterhin erfasst sind die Einwohnerverzeichnisse von Niederbachheim f\u00fcr &hellip; <a href=\"https:\/\/www.ahnenforschung-jackmuth.de\/?page_id=9298\" class=\"more-link\"><span class=\"screen-reader-text\">\u201eOFB Niederbachheim 1648-1720\u201c<\/span> weiterlesen<\/a><\/p>\n","protected":false},"author":1,"featured_media":0,"parent":0,"menu_order":0,"comment_status":"closed","ping_status":"closed","template":"","meta":{"footnotes":""},"class_list":["post-9298","page","type-page","status-publish","hentry"],"_links":{"self":[{"href":"https:\/\/www.ahnenforschung-jackmuth.de\/index.php?rest_route=\/wp\/v2\/pages\/9298","targetHints":{"allow":["GET"]}}],"collection":[{"href":"https:\/\/www.ahnenforschung-jackmuth.de\/index.php?rest_route=\/wp\/v2\/pages"}],"about":[{"href":"https:\/\/www.ahnenforschung-jackmuth.de\/index.php?rest_route=\/wp\/v2\/types\/page"}],"author":[{"embeddable":true,"href":"https:\/\/www.ahnenforschung-jackmuth.de\/index.php?rest_route=\/wp\/v2\/users\/1"}],"replies":[{"embeddable":true,"href":"https:\/\/www.ahnenforschung-jackmuth.de\/index.php?rest_route=%2Fwp%2Fv2%2Fcomments&post=9298"}],"version-history":[{"count":0,"href":"https:\/\/www.ahnenforschung-jackmuth.de\/index.php?rest_route=\/wp\/v2\/pages\/9298\/revisions"}],"wp:attachment":[{"href":"https:\/\/www.ahnenforschung-jackmuth.de\/index.php?rest_route=%2Fwp%2Fv2%2Fmedia&parent=9298"}],"curies":[{"name":"wp","href":"https:\/\/api.w.org\/{rel}","templated":true}]}}