{"id":9259,"date":"2021-12-06T11:49:26","date_gmt":"2021-12-06T11:49:26","guid":{"rendered":"http:\/\/www.ahnenforschung-jackmuth.de\/?page_id=9259"},"modified":"2021-12-30T11:46:53","modified_gmt":"2021-12-30T11:46:53","slug":"ofb-kehlbach-1666-1720","status":"publish","type":"page","link":"https:\/\/www.ahnenforschung-jackmuth.de\/?page_id=9259","title":{"rendered":"OFB Kehlbach 1666-1720"},"content":{"rendered":"<p><strong>Die Einwohner und Familien in Kehlbach 1666-1720<br \/>\n<\/strong><strong>nach dem ersten Kirchenbuch der Pfarrei Niederbachheim<\/strong><\/p>\n<p style=\"text-align: justify;\">Enth\u00e4lt auch die 1635-1636 w\u00e4hrend der Pest nach Braubach Gefl\u00fcchteten. Zu Kehlbach siehe Hellmuth Gensicke in: Nass. Annalen, Bd. 94 (1983), Beitr\u00e4ge zur nass. Ortsgeschichte: Kirchspiel und Gericht Niederbachheim, S. 291 ff.<\/p>\n<p style=\"text-align: justify;\"><a href=\"http:\/\/www.ahnenforschung-jackmuth.de\/?page_id=9246#bloess\">Bl\u00f6\u00df (<em>Pl\u00f6i\u00df<\/em>)<\/a> \u2014 <a href=\"http:\/\/www.ahnenforschung-jackmuth.de\/?page_id=9239\">Dattner<\/a> \u2014 <a href=\"http:\/\/www.ahnenforschung-jackmuth.de\/?page_id=9246#doehr\">D\u00f6hr<\/a> \u2014 <a href=\"http:\/\/www.ahnenforschung-jackmuth.de\/?page_id=9246#donges\">Donges<\/a> \u2014 <a href=\"http:\/\/www.ahnenforschung-jackmuth.de\/?page_id=9246#eberle\">Eberle<\/a> \u2014 <a href=\"http:\/\/www.ahnenforschung-jackmuth.de\/?page_id=9246#freund\">Freund<\/a> \u2014 <a href=\"http:\/\/www.ahnenforschung-jackmuth.de\/?page_id=9246#friesenhahn\">Friesenhahn<\/a> \u2014 <a href=\"http:\/\/www.ahnenforschung-jackmuth.de\/?page_id=9246#garn\">Garn<\/a> \u2014 <a href=\"http:\/\/www.ahnenforschung-jackmuth.de\/?page_id=9246#gerhard\">Gerhard<\/a> \u2014 <a href=\"http:\/\/www.ahnenforschung-jackmuth.de\/?page_id=9246#gross\">Gro\u00df<\/a> \u2014 <a href=\"http:\/\/www.ahnenforschung-jackmuth.de\/?page_id=9246#hahn\">Hahn<\/a> \u2014 <a href=\"http:\/\/www.ahnenforschung-jackmuth.de\/?page_id=9246#heinz\">Heinz<\/a> \u2014 <a href=\"http:\/\/www.ahnenforschung-jackmuth.de\/?page_id=9246#kneip\">Kneip<\/a> \u2014 <a href=\"http:\/\/www.ahnenforschung-jackmuth.de\/?page_id=9246#kraemer\">Kr\u00e4mer<\/a> \u2014 <a href=\"http:\/\/www.ahnenforschung-jackmuth.de\/?page_id=9246#laux\">Laux<\/a> \u2014 <a href=\"http:\/\/www.ahnenforschung-jackmuth.de\/?page_id=9246#leonhard\">Leonhard<\/a> \u2014 <a href=\"http:\/\/www.ahnenforschung-jackmuth.de\/?page_id=9246#lopp\">Lopp<\/a> \u2014 <a href=\"http:\/\/www.ahnenforschung-jackmuth.de\/?page_id=9246#luecker\">L\u00fccker<\/a> \u2014 <a href=\"http:\/\/www.ahnenforschung-jackmuth.de\/?page_id=9250#martin\">Martin<\/a> \u2014 <a href=\"http:\/\/www.ahnenforschung-jackmuth.de\/?page_id=9250#may\">May<\/a> \u2014 <a href=\"http:\/\/www.ahnenforschung-jackmuth.de\/?page_id=9250#mohr\">Mohr<\/a> \u2014 <a href=\"http:\/\/www.ahnenforschung-jackmuth.de\/?page_id=9250#mundrian\">Mundrian<\/a> \u2014 <a href=\"http:\/\/www.ahnenforschung-jackmuth.de\/?page_id=9250#niebergall\">Niebergall<\/a> \u2014 <a href=\"http:\/\/www.ahnenforschung-jackmuth.de\/?page_id=9250#pfeifer\">Pfeifer<\/a> \u2014 <a href=\"http:\/\/www.ahnenforschung-jackmuth.de\/?page_id=9250#pristum\">Pristum<\/a> \u2014 <a href=\"http:\/\/www.ahnenforschung-jackmuth.de\/?page_id=9250#prod\">Prod<\/a> \u2014 <a href=\"http:\/\/www.ahnenforschung-jackmuth.de\/?page_id=9243\">Schmidt<\/a> \u2014 <a href=\"http:\/\/www.ahnenforschung-jackmuth.de\/?page_id=9250#schnee\">Schnee<\/a> \u2014 <a href=\"http:\/\/www.ahnenforschung-jackmuth.de\/?page_id=9250#schweitzer\">Schweitzer<\/a> \u2014 <a href=\"http:\/\/www.ahnenforschung-jackmuth.de\/?page_id=9250#sommer\">Sommer<\/a> \u2014 <a href=\"http:\/\/www.ahnenforschung-jackmuth.de\/?page_id=9250#speer\">Speer<\/a> \u2014 <a href=\"http:\/\/www.ahnenforschung-jackmuth.de\/?page_id=9250#theis\">Theis<\/a> \u2014 <a href=\"http:\/\/www.ahnenforschung-jackmuth.de\/?page_id=9250#vincentz\">Vincentz<\/a> \u2014 <a href=\"http:\/\/www.ahnenforschung-jackmuth.de\/?page_id=9250#wagner\">Wagner<\/a> \u2014 <a href=\"http:\/\/www.ahnenforschung-jackmuth.de\/?page_id=9250#weinand\">Weinand<\/a> \u2014 <a href=\"http:\/\/www.ahnenforschung-jackmuth.de\/?page_id=9250#werner\">Werner<\/a> \u2014 <a href=\"http:\/\/www.ahnenforschung-jackmuth.de\/?page_id=9250#widenitz\">Wi(e)denitz<\/a> \u2014 <a href=\"http:\/\/www.ahnenforschung-jackmuth.de\/?page_id=9250#winterwerber\">Winterwerber<\/a> \u2014 <a href=\"http:\/\/www.ahnenforschung-jackmuth.de\/?page_id=9250#woell\">W\u00f6ll<\/a> \u2014 <a href=\"http:\/\/www.ahnenforschung-jackmuth.de\/?page_id=9250#nn\">Name unbekannt<\/a><\/p>\n<hr \/>\n<p><span style=\"font-size: 10pt; font-family: times new roman, times, serif;\"><b>Letztes Update: 30. Dezember 2021<\/b><\/span><br \/>\n<span style=\"font-size: 10pt; font-family: times new roman, times, serif;\"><b>Ralph Jackmuth<\/b><\/span><\/p>\n","protected":false},"excerpt":{"rendered":"<p>Die Einwohner und Familien in Kehlbach 1666-1720 nach dem ersten Kirchenbuch der Pfarrei Niederbachheim Enth\u00e4lt auch die 1635-1636 w\u00e4hrend der Pest nach Braubach Gefl\u00fcchteten. Zu Kehlbach siehe Hellmuth Gensicke in: Nass. Annalen, Bd. 94 (1983), Beitr\u00e4ge zur nass. Ortsgeschichte: Kirchspiel und Gericht Niederbachheim, S. 291 ff. Bl\u00f6\u00df (Pl\u00f6i\u00df) \u2014 Dattner \u2014 D\u00f6hr \u2014 Donges \u2014 &hellip; <a href=\"https:\/\/www.ahnenforschung-jackmuth.de\/?page_id=9259\" class=\"more-link\"><span class=\"screen-reader-text\">\u201eOFB Kehlbach 1666-1720\u201c<\/span> weiterlesen<\/a><\/p>\n","protected":false},"author":1,"featured_media":0,"parent":0,"menu_order":0,"comment_status":"closed","ping_status":"closed","template":"","meta":{"footnotes":""},"class_list":["post-9259","page","type-page","status-publish","hentry"],"_links":{"self":[{"href":"https:\/\/www.ahnenforschung-jackmuth.de\/index.php?rest_route=\/wp\/v2\/pages\/9259","targetHints":{"allow":["GET"]}}],"collection":[{"href":"https:\/\/www.ahnenforschung-jackmuth.de\/index.php?rest_route=\/wp\/v2\/pages"}],"about":[{"href":"https:\/\/www.ahnenforschung-jackmuth.de\/index.php?rest_route=\/wp\/v2\/types\/page"}],"author":[{"embeddable":true,"href":"https:\/\/www.ahnenforschung-jackmuth.de\/index.php?rest_route=\/wp\/v2\/users\/1"}],"replies":[{"embeddable":true,"href":"https:\/\/www.ahnenforschung-jackmuth.de\/index.php?rest_route=%2Fwp%2Fv2%2Fcomments&post=9259"}],"version-history":[{"count":0,"href":"https:\/\/www.ahnenforschung-jackmuth.de\/index.php?rest_route=\/wp\/v2\/pages\/9259\/revisions"}],"wp:attachment":[{"href":"https:\/\/www.ahnenforschung-jackmuth.de\/index.php?rest_route=%2Fwp%2Fv2%2Fmedia&parent=9259"}],"curies":[{"name":"wp","href":"https:\/\/api.w.org\/{rel}","templated":true}]}}