{"id":921,"date":"2016-10-16T18:16:16","date_gmt":"2016-10-16T18:16:16","guid":{"rendered":"http:\/\/www.ahnenforschung-jackmuth.de\/?page_id=921"},"modified":"2016-10-16T18:21:57","modified_gmt":"2016-10-16T18:21:57","slug":"archivbestand-kirchspiel-nievern-10","status":"publish","type":"page","link":"https:\/\/www.ahnenforschung-jackmuth.de\/?page_id=921","title":{"rendered":"Archivbestand Kirchspiel Nievern 10"},"content":{"rendered":"<p>HHStAW = Hessisches Hauptstaatsarchiv Wiesbaden<br \/>\nLHAK = Landeshauptarchiv Koblenz<\/p>\n<hr \/>\n<h3><strong>Nieverner H\u00fctte bzw. <em>Mariothische Compagnie, <\/em>Lindenbacher Bergwerk<br \/>\n<\/strong><\/h3>\n<table width=\"100%\">\n<tbody>\n<tr>\n<td style=\"text-align: center;\" width=\"13%\"><strong>Zeitraum <\/strong><\/td>\n<td style=\"text-align: center;\" width=\"15%\"><strong>Umfang <\/strong><\/td>\n<td style=\"text-align: center;\" width=\"22%\"><strong>Standort <\/strong><\/td>\n<td width=\"50%\"><strong>Bem. <\/strong><\/td>\n<\/tr>\n<tr>\n<td style=\"text-align: center;\" width=\"13%\">1671<\/td>\n<td width=\"15%\"><\/td>\n<td style=\"text-align: center;\" width=\"22%\">LHAK Best. 48<br \/>\nNr. 3648<\/td>\n<td style=\"text-align: justify;\" width=\"50%\">Erteilung einer Baugenehmigung f\u00fcr den Eisenhammer und die Schneidem\u00fchle in Nievern an Gottfried Eberhard Nottman, Peter Michael Marioth und Gesellschafter<\/td>\n<\/tr>\n<tr>\n<td style=\"text-align: center;\" width=\"13%\">1703, 1717<br \/>\n1722-1733<\/td>\n<td width=\"15%\"><\/td>\n<td style=\"text-align: center;\" width=\"22%\">LHAK Best. 48<br \/>\nNr. 2547<\/td>\n<td style=\"text-align: justify;\" width=\"50%\">Intervention in die Streitigkeiten der Teilhaber der Mariothischen Compagnie mit der Gesellschafterin Eleonore de Barme aus L\u00fcttich um die Bestimmung eines gemeinschaftlichen Gesch\u00e4ftsleiters f\u00fcr die Nieverner H\u00fctte<\/td>\n<\/tr>\n<tr>\n<td style=\"text-align: center;\" width=\"13%\">1745<\/td>\n<td width=\"15%\"><\/td>\n<td style=\"text-align: center;\" width=\"22%\">LHAK Best. 48<br \/>\nNr. 2549<\/td>\n<td style=\"text-align: justify;\" width=\"50%\">Schlichtung von Finanzstreitigkeiten unter den Teilhabern der Mariothischen Compagnie<\/td>\n<\/tr>\n<tr>\n<td style=\"text-align: center;\" width=\"13%\">1747-1767<br \/>\n1788-1811<\/td>\n<td width=\"15%\"><\/td>\n<td style=\"text-align: center;\" width=\"22%\">LHAK Best. 48<br \/>\nNr. 2256<\/td>\n<td style=\"text-align: justify;\" width=\"50%\">Entsch\u00e4digungsforderungen der Kellerei Limburg an die Mariothische Compagnie in L\u00fcttich und Herrn de Barme wegen der Hochwassersch\u00e4den \u201eIn der Klunk\u201c durch das Wehr des Eisenhammers auf der Lahninsel bei Nievern<\/td>\n<\/tr>\n<tr>\n<td style=\"text-align: center;\" width=\"13%\">1765<\/td>\n<td width=\"15%\"><\/td>\n<td style=\"text-align: center;\" width=\"22%\">LHAK Best. 48<br \/>\nNr. 2867<\/td>\n<td style=\"text-align: justify;\" width=\"50%\">Befristung der Sch\u00fcrfgenehmigung f\u00fcr den Betreiber der Nieverner Eisenh\u00fctte de Barme<\/td>\n<\/tr>\n<tr>\n<td style=\"text-align: center;\" width=\"13%\">1765-1793<\/td>\n<td width=\"15%\"><\/td>\n<td style=\"text-align: center;\" width=\"22%\">LHAK Best. 48<br \/>\nNr. 2273<\/td>\n<td style=\"text-align: justify;\" width=\"50%\">Betreibung des Lindenbacher Blei- und Silberbergwerks und einer Schmelzh\u00fctte in Fachbach. Enth\u00e4lt u. a.: Erbverpachtung des Sch\u00fcrfrechts im Kirchspiel Nievern an Johann Remy aus Bendorf und Mitgewerken, 1766<\/td>\n<\/tr>\n<tr>\n<td style=\"text-align: center;\" width=\"13%\">1794-1805<\/td>\n<td width=\"15%\"><\/td>\n<td style=\"text-align: center;\" width=\"22%\">LHAK Best. 48<br \/>\nNr. 3869<\/td>\n<td style=\"text-align: justify;\" width=\"50%\">Erstattung von Jahresberichten \u00fcber die Betreibung des Bergwerkes \u201eLindenbacher Grube\u201c in Fachbach durch die Firma Remy Hoffmann &amp; Co.<\/td>\n<\/tr>\n<tr>\n<td style=\"text-align: center;\" width=\"13%\">1799-1809<br \/>\n1835-1844<\/td>\n<td width=\"15%\"><\/td>\n<td style=\"text-align: center;\" width=\"22%\">LHAK Best. 48<br \/>\nNr. 2225<\/td>\n<td style=\"text-align: justify;\" width=\"50%\">Verpachtung der Kupfererzgrube \u201eIn der Lindenbach\u201c an Remy Hoffmann &amp; Co. in Bendorf<\/td>\n<\/tr>\n<tr>\n<td style=\"text-align: center;\" width=\"13%\">1802-1806<\/td>\n<td width=\"15%\"><\/td>\n<td style=\"text-align: center;\" width=\"22%\">LHAK Best. 48<br \/>\nNr. 2303<\/td>\n<td style=\"text-align: justify;\" width=\"50%\">Hochwassersch\u00e4den an Grundst\u00fccken \u201eIn der Klunk\u201c durch das Wehr der Eisenh\u00fctte bei Nievern<\/td>\n<\/tr>\n<tr>\n<td style=\"text-align: center;\" width=\"13%\">1804-1808<\/td>\n<td width=\"15%\"><\/td>\n<td style=\"text-align: center;\" width=\"22%\">LHAK Best. 48<br \/>\nNr. 3856<\/td>\n<td style=\"text-align: justify;\" width=\"50%\">Sch\u00fcrfung von Eisenerz und Betreibung von H\u00fcttenwerken in der Herrschaft Nievern durch genannte P\u00e4chter<\/td>\n<\/tr>\n<tr>\n<td style=\"text-align: center;\" width=\"13%\">1810-1813<\/td>\n<td width=\"15%\"><\/td>\n<td style=\"text-align: center;\" width=\"22%\">HHStAW Abt. 3\/3<br \/>\nNr. f 8<\/td>\n<td style=\"text-align: justify;\" width=\"50%\">Akten des F\u00fcrstl. Leyen grundherrlichen Amts Nievern btr. das H\u00fcttenwerk zu Nievern und die zugeh\u00f6rige Eisensteingrube zu Birlenbach bei Diez. Ausfuhr des Eisensteins. Verpachtung des Hammers zu Nievern<\/td>\n<\/tr>\n<tr>\n<td style=\"text-align: center;\" width=\"13%\">1810-1811<\/td>\n<td style=\"text-align: center;\" width=\"15%\">Fasz. II, III<br \/>\n(Fasz. I fehlt)<\/td>\n<td style=\"text-align: center;\" width=\"22%\">HHStAW Abt. 3\/3<br \/>\nNr. f 9<\/td>\n<td style=\"text-align: justify;\" width=\"50%\">Akten desselben Amts in Sachen Creditorum gegen den H\u00fcttner Max d\u2019Omalius in specie die Versteigerung des Nieverner H\u00fcttenwerks<\/td>\n<\/tr>\n<tr>\n<td style=\"text-align: center;\" width=\"13%\">1814-1815<\/td>\n<td width=\"15%\"><\/td>\n<td style=\"text-align: center;\" width=\"22%\">LHAK Best. 48<br \/>\nNr. 2495<\/td>\n<td style=\"text-align: justify;\" width=\"50%\">Konkurs des Betreibers der Nieverner H\u00fctte Dormalius<\/td>\n<\/tr>\n<tr>\n<td style=\"text-align: center;\" width=\"13%\">1815<\/td>\n<td width=\"15%\"><\/td>\n<td style=\"text-align: center;\" width=\"22%\">LHAK Best. 48<br \/>\nNr. 3109<\/td>\n<td style=\"text-align: justify;\" width=\"50%\">Konkursverfahren in der Nieverner H\u00fctte<\/td>\n<\/tr>\n<tr>\n<td style=\"text-align: center;\" width=\"13%\">1823-1827<\/td>\n<td width=\"15%\"><\/td>\n<td style=\"text-align: center;\" width=\"22%\">LHAK Best. 48<br \/>\nNr. 3817<\/td>\n<td style=\"text-align: justify;\" width=\"50%\">F\u00e4llung von Holz und Verkauf an die Eisenh\u00fctte in Nievern. Enth\u00e4lt u. a. Verfolgung von Holzdiebstahl<\/td>\n<\/tr>\n<tr>\n<td style=\"text-align: center;\" width=\"13%\">ca. 1840<\/td>\n<td style=\"text-align: center;\" width=\"15%\">138 S.<\/td>\n<td style=\"text-align: center;\" width=\"22%\">LHAK Best. 48<br \/>\nNr. 3962<\/td>\n<td style=\"text-align: justify;\" width=\"50%\"><em>Beschreibung der Herrschaft Nievern mit ihren einzelenen Teilen, ca. 1840. <\/em>Darin: pag. 131. <em>Silber- und Bleibergwerk in der Lindenbach. <\/em>B\u00fcchlein, halb Oktav, 138 pag. Seiten, Rest n. pag., Register am Schlu\u00df<\/td>\n<\/tr>\n<tr>\n<td style=\"text-align: center;\" width=\"13%\">1842-1847<\/td>\n<td width=\"15%\"><\/td>\n<td style=\"text-align: center;\" width=\"22%\">LHAK Best. 48<br \/>\nNr. 3888<\/td>\n<td style=\"text-align: justify;\" width=\"50%\">Aufforderung an Remy Hoffmann und Co. nach Fortbau des Silberbergwerkes Lindenbach in Fachbach und Fortzahlung des Erzzehnten<\/td>\n<\/tr>\n<\/tbody>\n<\/table>\n<hr \/>\n<p><span style=\"font-size: small;\"><b>Letztes Update: Oktober 2016<\/b><\/span><br \/>\n<span style=\"font-size: small;\"><b>Ralph Jackmuth<\/b><\/span><\/p>\n","protected":false},"excerpt":{"rendered":"<p>HHStAW = Hessisches Hauptstaatsarchiv Wiesbaden LHAK = Landeshauptarchiv Koblenz Nieverner H\u00fctte bzw. Mariothische Compagnie, Lindenbacher Bergwerk Zeitraum Umfang Standort Bem. 1671 LHAK Best. 48 Nr. 3648 Erteilung einer Baugenehmigung f\u00fcr den Eisenhammer und die Schneidem\u00fchle in Nievern an Gottfried Eberhard Nottman, Peter Michael Marioth und Gesellschafter 1703, 1717 1722-1733 LHAK Best. 48 Nr. 2547 Intervention &hellip; <a href=\"https:\/\/www.ahnenforschung-jackmuth.de\/?page_id=921\" class=\"more-link\"><span class=\"screen-reader-text\">\u201eArchivbestand Kirchspiel Nievern 10\u201c<\/span> weiterlesen<\/a><\/p>\n","protected":false},"author":1,"featured_media":0,"parent":0,"menu_order":0,"comment_status":"closed","ping_status":"closed","template":"","meta":{"footnotes":""},"class_list":["post-921","page","type-page","status-publish","hentry"],"_links":{"self":[{"href":"https:\/\/www.ahnenforschung-jackmuth.de\/index.php?rest_route=\/wp\/v2\/pages\/921","targetHints":{"allow":["GET"]}}],"collection":[{"href":"https:\/\/www.ahnenforschung-jackmuth.de\/index.php?rest_route=\/wp\/v2\/pages"}],"about":[{"href":"https:\/\/www.ahnenforschung-jackmuth.de\/index.php?rest_route=\/wp\/v2\/types\/page"}],"author":[{"embeddable":true,"href":"https:\/\/www.ahnenforschung-jackmuth.de\/index.php?rest_route=\/wp\/v2\/users\/1"}],"replies":[{"embeddable":true,"href":"https:\/\/www.ahnenforschung-jackmuth.de\/index.php?rest_route=%2Fwp%2Fv2%2Fcomments&post=921"}],"version-history":[{"count":0,"href":"https:\/\/www.ahnenforschung-jackmuth.de\/index.php?rest_route=\/wp\/v2\/pages\/921\/revisions"}],"wp:attachment":[{"href":"https:\/\/www.ahnenforschung-jackmuth.de\/index.php?rest_route=%2Fwp%2Fv2%2Fmedia&parent=921"}],"curies":[{"name":"wp","href":"https:\/\/api.w.org\/{rel}","templated":true}]}}