{"id":909,"date":"2016-10-16T17:30:12","date_gmt":"2016-10-16T17:30:12","guid":{"rendered":"http:\/\/www.ahnenforschung-jackmuth.de\/?page_id=909"},"modified":"2016-10-16T18:03:05","modified_gmt":"2016-10-16T18:03:05","slug":"archivbestand-kirchspiel-nievern-8","status":"publish","type":"page","link":"https:\/\/www.ahnenforschung-jackmuth.de\/?page_id=909","title":{"rendered":"Archivbestand Kirchspiel Nievern 8"},"content":{"rendered":"<p>HHStAW = Hessisches Hauptstaatsarchiv Wiesbaden<br \/>\nLHAK = Landeshauptarchiv Koblenz<br \/>\nHAN = Heimatarchiv Nievern<\/p>\n<hr \/>\n<h3><strong>Gemeinderechnungen, Kellereirechnungen, Rentamtsrechnungen <\/strong><\/h3>\n<p>Kirchenrechnungen s. u. Kirche<\/p>\n<p><strong>Aufgabe:<\/strong> Berechnung von Einnahmen und Ausgaben des Kirchspiels (= Kellerei) Nievern<\/p>\n<p><strong>Zeitraum: <\/strong>1690-1850<\/p>\n<p><strong>Inhalt: <\/strong><\/p>\n<ul>\n<li>Verschiedene Gef\u00e4lle<\/li>\n<li>Strafen<\/li>\n<\/ul>\n<table width=\"100%\">\n<tbody>\n<tr>\n<td width=\"13%\"><strong>Zeitraum <\/strong><\/td>\n<td width=\"15%\"><strong>Umfang <\/strong><\/td>\n<td width=\"22%\"><strong>Standort <\/strong><\/td>\n<td width=\"50%\"><strong>Bem. <\/strong><\/td>\n<\/tr>\n<tr>\n<td style=\"text-align: center;\" width=\"13%\">1672-1673<\/td>\n<td width=\"15%\"><\/td>\n<td style=\"text-align: center;\" width=\"22%\">LHAK Best. 48<br \/>\nNr. 2661<\/td>\n<td style=\"text-align: justify;\" width=\"50%\">Rechnungen \u00fcber Baukosten f\u00fcr vier H\u00e4user \u201eIn der Firmung\u201c in Koblenz, das Haus des Kranenmeisters Heinrich Tolgt, ein Stiftshaus bei St. Kastor, ein Haus bei den Kapuzineren in Ehrenbreitstein, den dortigen leyenschen Hof und die Pfarrkirche in Nievern<\/td>\n<\/tr>\n<tr>\n<td style=\"text-align: center;\" width=\"13%\">1690<\/td>\n<td style=\"text-align: center;\" width=\"15%\">24 Bll.<br \/>\n(unfoliiert)<\/td>\n<td style=\"text-align: center;\" width=\"22%\">LHAK Best. 48<br \/>\nNr. 2338<\/td>\n<td width=\"50%\">Erhobene Zinsen zu Nievern<\/td>\n<\/tr>\n<tr>\n<td style=\"text-align: center;\" width=\"13%\">1691<\/td>\n<td style=\"text-align: center;\" width=\"15%\">12 Bll.<br \/>\n(unfoliiert)<\/td>\n<td style=\"text-align: center;\" width=\"22%\">LHAK Best. 48<br \/>\nNr. 2338<\/td>\n<td width=\"50%\">Waldbr\u00fcchten<\/td>\n<\/tr>\n<tr>\n<td style=\"text-align: center;\" width=\"13%\">1691\/1692<\/td>\n<td width=\"15%\"><\/td>\n<td style=\"text-align: center;\" width=\"22%\">LHAK Best. 48<br \/>\nNr. 2338<\/td>\n<td width=\"50%\">Waldbr\u00fcchten<\/td>\n<\/tr>\n<tr>\n<td style=\"text-align: center;\" width=\"13%\">1692<\/td>\n<td style=\"text-align: center;\" width=\"15%\">20 Bll.<br \/>\n(unfoliiert)<\/td>\n<td style=\"text-align: center;\" width=\"22%\">LHAK Best. 48<br \/>\nNr. 2338<\/td>\n<td style=\"text-align: justify;\" width=\"50%\">Erhebung der Zinsen, auch Rauch- und Leibh\u00fchner zu Nievern<\/td>\n<\/tr>\n<tr>\n<td style=\"text-align: center;\" width=\"13%\">1690-1692<\/td>\n<td style=\"text-align: center;\" width=\"15%\">6 Bll.<br \/>\n(unfoliiert)<\/td>\n<td style=\"text-align: center;\" width=\"22%\">LHAK Best. 48<br \/>\nNr. 2338<\/td>\n<td width=\"50%\"><\/td>\n<\/tr>\n<tr>\n<td style=\"text-align: center;\" width=\"13%\">1693-1696<\/td>\n<td style=\"text-align: center;\" width=\"15%\">18 Bll. (unfoliiert, geheftet)<\/td>\n<td style=\"text-align: center;\" width=\"22%\">LHAK Best. 48<br \/>\nNr. 2338<\/td>\n<td style=\"text-align: justify;\" width=\"50%\">Einnahme und Ausgabe an herrschaftlichem Korn und Geld. Rechner: Pfarrer Johann Peter Aldenhoffen<\/td>\n<\/tr>\n<tr>\n<td style=\"text-align: center;\" width=\"13%\">1693-1696<\/td>\n<td style=\"text-align: center;\" width=\"15%\">2 Bll.<\/td>\n<td style=\"text-align: center;\" width=\"22%\">LHAK Best. 48<br \/>\nNr. 2338<\/td>\n<td width=\"50%\">Baukosten Pfarrhaus Nievern<\/td>\n<\/tr>\n<tr>\n<td style=\"text-align: center;\" width=\"13%\">1697-1698<\/td>\n<td width=\"15%\"><\/td>\n<td style=\"text-align: center;\" width=\"22%\">HHStAW Abt. 3\/3<br \/>\nNr. f 14<\/td>\n<td style=\"text-align: justify;\" width=\"50%\">Zinsen des Almosenkastens und der Bruderschaft zu Nievern<\/td>\n<\/tr>\n<tr>\n<td style=\"text-align: center;\" width=\"13%\">1691-1702<\/td>\n<td style=\"text-align: center;\" width=\"15%\">\u00a016 Bll. (unfoliiert, geheftet)<\/td>\n<td style=\"text-align: center;\" width=\"22%\">LHAK Best. 48<br \/>\nNr. 2270<\/td>\n<td style=\"text-align: justify;\" width=\"50%\">Pr\u00fcfung der Rechnungen des Schulthei\u00dfen Leonhard Jakob durch einen leyenschen Sekret\u00e4r<br \/>\ndarin: Einnahme und Ausgabe des Kirchspiels Nievern 1691-1701. Rechner: Schulthei\u00df Leonhard Jacque [Jakob]<\/td>\n<\/tr>\n<tr>\n<td style=\"text-align: center;\" width=\"13%\">1701<\/td>\n<td style=\"text-align: center;\" width=\"15%\">1 Bl.<\/td>\n<td style=\"text-align: center;\" width=\"22%\">LHAK Best. 48<br \/>\nNr. 2270<\/td>\n<td width=\"50%\">Klafterholz<\/td>\n<\/tr>\n<tr>\n<td style=\"text-align: center;\" width=\"13%\">1738-1759<\/td>\n<td style=\"text-align: center;\" width=\"15%\">Konvolut aus B\u00f6gen\/Zettel<\/td>\n<td style=\"text-align: center;\" width=\"22%\">LHAK Best. 48<br \/>\nNr. 2449<\/td>\n<td style=\"text-align: justify;\" width=\"50%\">Verschiedene Gef\u00e4lle wie Wein- und Bierakzise, Grundzinsen, Kornzinsen, Holzverkauf<br \/>\nRechner: Schulthei\u00df Johannes Finckelmeyer<\/td>\n<\/tr>\n<tr>\n<td style=\"text-align: center;\" width=\"13%\">1767-1803<\/td>\n<td style=\"text-align: center;\" width=\"15%\">Konvolut aus B\u00f6gen\/Zettel<\/td>\n<td style=\"text-align: center;\" width=\"22%\">LHAK Best. 48<br \/>\nNr. 3892<\/td>\n<td style=\"text-align: justify;\" width=\"50%\">Verschiedene Gef\u00e4lle wie H\u00fchnergeld, Rauchhafer, Grundzinsen<\/td>\n<\/tr>\n<tr>\n<td style=\"text-align: center;\" width=\"13%\">1784-1815<\/td>\n<td width=\"15%\"><\/td>\n<td style=\"text-align: center;\" width=\"22%\">HHStAW Abt. 3\/3<br \/>\nNr. f 16<\/td>\n<td style=\"text-align: justify;\" width=\"50%\">Hauptrechnung \u00fcber die Almosenkasse zu Nievern. Rechner: Martin Grisar<\/td>\n<\/tr>\n<tr>\n<td style=\"text-align: center;\" width=\"13%\">1788<\/td>\n<td width=\"15%\"><\/td>\n<td style=\"text-align: center;\" width=\"22%\">LHAK Best. 48<br \/>\nNr. 2863<\/td>\n<td width=\"50%\">Pr\u00fcfung der Zahlamtskasse<\/td>\n<\/tr>\n<tr>\n<td style=\"text-align: center;\" width=\"13%\">1802<\/td>\n<td width=\"15%\"><\/td>\n<td style=\"text-align: center;\" width=\"22%\">LHAK Best. 48<br \/>\nNr. 4679<\/td>\n<td width=\"50%\">Kellereirechnung<\/td>\n<\/tr>\n<tr>\n<td style=\"text-align: center;\" width=\"13%\">1806-1840<\/td>\n<td width=\"15%\"><\/td>\n<td style=\"text-align: center;\" width=\"22%\">LHAK Best. 48<br \/>\nNr. 3804<\/td>\n<td style=\"text-align: justify;\" width=\"50%\">Berechnung des Ertrages der Herrschaft Nievern<br \/>\nEnth\u00e4lt u. a.: Berechnung des Nettoertrages, 1821-1834; Beteiligung an den Kosten f\u00fcr den Wiederaufbau der Pfarrkirche in Niederlahnstein, 1806-1835; Geldwertberechnung der W\u00e4lder. 1834<\/td>\n<\/tr>\n<tr>\n<td style=\"text-align: center;\" width=\"13%\">1816<\/td>\n<td width=\"15%\"><\/td>\n<td style=\"text-align: center;\" width=\"22%\">HHStAW Abt. 3\/3<br \/>\nNr. f 15<\/td>\n<td width=\"50%\">Rechnung der Gemeinde zu Nievern<br \/>\nRechner: P. Schmalz<\/td>\n<\/tr>\n<tr>\n<td style=\"text-align: center;\" width=\"13%\">1817<\/td>\n<td width=\"15%\"><\/td>\n<td style=\"text-align: center;\" width=\"22%\">LHAK Best. 48<br \/>\nNr. 4642<\/td>\n<td width=\"50%\">Kellereirechnung<\/td>\n<\/tr>\n<tr>\n<td style=\"text-align: center;\" width=\"13%\">1818-1819<\/td>\n<td width=\"15%\"><\/td>\n<td style=\"text-align: center;\" width=\"22%\">LHAK Best. 48<br \/>\nNr. 4698<\/td>\n<td width=\"50%\">Kellereirechnung<\/td>\n<\/tr>\n<tr>\n<td style=\"text-align: center;\" width=\"13%\">1818-1821<\/td>\n<td width=\"15%\"><\/td>\n<td style=\"text-align: center;\" width=\"22%\">LHAK Best. 48<br \/>\nNr. 2260<\/td>\n<td style=\"text-align: justify;\" width=\"50%\">Erhebung des Quartalsstatus in den Kellereien Limburg und Nievern<\/td>\n<\/tr>\n<tr>\n<td style=\"text-align: center;\" width=\"13%\">1819<\/td>\n<td width=\"15%\"><\/td>\n<td style=\"text-align: center;\" width=\"22%\">LHAK Best. 48<br \/>\nNr. 4702<\/td>\n<td width=\"50%\">Kellereirechnung<\/td>\n<\/tr>\n<tr>\n<td style=\"text-align: center;\" width=\"13%\">1821<\/td>\n<td width=\"15%\"><\/td>\n<td style=\"text-align: center;\" width=\"22%\">LHAK Best. 48<br \/>\nNr. 4701<\/td>\n<td width=\"50%\">Kellereirechnung<\/td>\n<\/tr>\n<tr>\n<td style=\"text-align: center;\" width=\"13%\">1821<\/td>\n<td width=\"15%\"><\/td>\n<td style=\"text-align: center;\" width=\"22%\">LHAK Best. 48<br \/>\nNr. 3810<\/td>\n<td width=\"50%\">gepr\u00fcfte Rechnungsbelege<\/td>\n<\/tr>\n<tr>\n<td style=\"text-align: center;\" width=\"13%\">1822<\/td>\n<td width=\"15%\"><\/td>\n<td style=\"text-align: center;\" width=\"22%\">LHAK Best. 48<br \/>\nNr. 3809<\/td>\n<td width=\"50%\">gepr\u00fcfte Kellereirechnung<\/td>\n<\/tr>\n<tr>\n<td style=\"text-align: center;\" width=\"13%\">1822<\/td>\n<td width=\"15%\"><\/td>\n<td style=\"text-align: center;\" width=\"22%\">LHAK Best. 48<br \/>\nNr. 3808<\/td>\n<td width=\"50%\">gepr\u00fcfte Belege zur Kellereirechnung<\/td>\n<\/tr>\n<tr>\n<td style=\"text-align: center;\" width=\"13%\">1823<\/td>\n<td width=\"15%\"><\/td>\n<td style=\"text-align: center;\" width=\"22%\">LHAK Best. 48<br \/>\nNr. 3805<\/td>\n<td width=\"50%\">gepr\u00fcfte Kellereirechnung<\/td>\n<\/tr>\n<tr>\n<td style=\"text-align: center;\" width=\"13%\">1823<\/td>\n<td width=\"15%\"><\/td>\n<td style=\"text-align: center;\" width=\"22%\">LHAK Best. 48<br \/>\nNr. 3806<\/td>\n<td width=\"50%\">Quittungen<\/td>\n<\/tr>\n<tr>\n<td style=\"text-align: center;\" width=\"13%\">1824<\/td>\n<td width=\"15%\"><\/td>\n<td style=\"text-align: center;\" width=\"22%\">LHAK Best. 48<br \/>\nNr. 3807<\/td>\n<td width=\"50%\">gepr\u00fcfte Kellereirechnung<\/td>\n<\/tr>\n<tr>\n<td style=\"text-align: center;\" width=\"13%\">1825<\/td>\n<td width=\"15%\"><\/td>\n<td style=\"text-align: center;\" width=\"22%\">LHAK Best. 48<br \/>\nNr. 4700<\/td>\n<td width=\"50%\">Kellereirechnung<\/td>\n<\/tr>\n<tr>\n<td style=\"text-align: center;\" width=\"13%\">1825-1847<\/td>\n<td width=\"15%\"><\/td>\n<td style=\"text-align: center;\" width=\"22%\">LHAK Best. 48<br \/>\nNr. 3810<\/td>\n<td style=\"text-align: justify;\" width=\"50%\">Berechnung des Ertrages der Herrschaft Nievern<br \/>\nEnth\u00e4lt u. a.: gepr\u00fcfte Rechnungsbelege f\u00fcr 1821; Beschreibung der Jagden und Fischereien, 1835<\/td>\n<\/tr>\n<tr>\n<td style=\"text-align: center;\" width=\"13%\">1826<\/td>\n<td width=\"15%\"><\/td>\n<td style=\"text-align: center;\" width=\"22%\">LHAK Best. 48<br \/>\nNr. 4699<\/td>\n<td width=\"50%\">Kellereirechnung<\/td>\n<\/tr>\n<tr>\n<td style=\"text-align: center;\" width=\"13%\">1827-1828<\/td>\n<td width=\"15%\"><\/td>\n<td style=\"text-align: center;\" width=\"22%\">LHAK Best. 48<br \/>\nNr. 4684<\/td>\n<td width=\"50%\">Kellereirechnung<\/td>\n<\/tr>\n<tr>\n<td style=\"text-align: center;\" width=\"13%\">1827<\/td>\n<td width=\"15%\"><\/td>\n<td style=\"text-align: center;\" width=\"22%\">LHAK Best. 48<br \/>\nNr. 4683<\/td>\n<td width=\"50%\">Belege zur Kellereirechnung<\/td>\n<\/tr>\n<tr>\n<td style=\"text-align: center;\" width=\"13%\">1828-1836<\/td>\n<td width=\"15%\"><\/td>\n<td style=\"text-align: center;\" width=\"22%\">LHAK Best. 48<br \/>\nNr. 2511<\/td>\n<td style=\"text-align: justify;\" width=\"50%\">Pr\u00fcfung der Nieverner Kellereirechnungen des Schulthei\u00dfen Martin Grisar durch das Direktorium<\/td>\n<\/tr>\n<tr>\n<td style=\"text-align: center;\" width=\"13%\">1828-1841<\/td>\n<td width=\"15%\"><\/td>\n<td style=\"text-align: center;\" width=\"22%\">LHAK Best. 48<br \/>\nNr. 3782<\/td>\n<td style=\"text-align: justify;\" width=\"50%\">Verkauf der Kellerei Limburg. Enth\u00e4lt u. a.: Berechnung des Ertrages der Herrschaft Nievern<\/td>\n<\/tr>\n<tr>\n<td style=\"text-align: center;\" width=\"13%\">1828<\/td>\n<td width=\"15%\"><\/td>\n<td style=\"text-align: center;\" width=\"22%\">LHAK Best. 48<br \/>\nNr. 4707<\/td>\n<td width=\"50%\">Kellereirechnungen<\/td>\n<\/tr>\n<tr>\n<td style=\"text-align: center;\" width=\"13%\">1828<\/td>\n<td width=\"15%\"><\/td>\n<td style=\"text-align: center;\" width=\"22%\">LHAK Best. 48<br \/>\nNr. 3859<\/td>\n<td width=\"50%\">Beilagen zur Kellereirechnung<\/td>\n<\/tr>\n<tr>\n<td style=\"text-align: center;\" width=\"13%\">1829<\/td>\n<td width=\"15%\"><\/td>\n<td style=\"text-align: center;\" width=\"22%\">LHAK Best. 48<br \/>\nNr. 4706<\/td>\n<td width=\"50%\">Kellereirechnung mit Belegen<\/td>\n<\/tr>\n<tr>\n<td style=\"text-align: center;\" width=\"13%\">1830<\/td>\n<td width=\"15%\"><\/td>\n<td style=\"text-align: center;\" width=\"22%\">LHAK Best. 48<br \/>\nNr. 4705<\/td>\n<td width=\"50%\">Kellereirechnung mit Belegen<\/td>\n<\/tr>\n<tr>\n<td style=\"text-align: center;\" width=\"13%\">1831<\/td>\n<td width=\"15%\"><\/td>\n<td style=\"text-align: center;\" width=\"22%\">LHAK Best. 48<br \/>\nNr. 4704<\/td>\n<td width=\"50%\">Kellereirechnung mit Belegen<\/td>\n<\/tr>\n<tr>\n<td style=\"text-align: center;\" width=\"13%\">1832<\/td>\n<td width=\"15%\"><\/td>\n<td style=\"text-align: center;\" width=\"22%\">LHAK Best. 48<br \/>\nNr. 4703<\/td>\n<td width=\"50%\">Kellereirechnung mit Belegen<\/td>\n<\/tr>\n<tr>\n<td style=\"text-align: center;\" width=\"13%\">1833<\/td>\n<td width=\"15%\"><\/td>\n<td style=\"text-align: center;\" width=\"22%\">LHAK Best. 48<br \/>\nNr. 4709<\/td>\n<td width=\"50%\">Kellereirechnung mit Belegen<\/td>\n<\/tr>\n<tr>\n<td style=\"text-align: center;\" width=\"13%\">1834<\/td>\n<td width=\"15%\"><\/td>\n<td style=\"text-align: center;\" width=\"22%\">LHAK Best. 48<br \/>\nNr. 4710<\/td>\n<td width=\"50%\">Kellereirechnung mit Belegen<\/td>\n<\/tr>\n<tr>\n<td style=\"text-align: center;\" width=\"13%\">1835<\/td>\n<td width=\"15%\"><\/td>\n<td style=\"text-align: center;\" width=\"22%\">LHAK Best. 48<br \/>\nNr. 3858<\/td>\n<td width=\"50%\">Beilagen zur Kellereirechnung<\/td>\n<\/tr>\n<tr>\n<td style=\"text-align: center;\" width=\"13%\">1829-1834<\/td>\n<td style=\"text-align: center;\" width=\"15%\"><\/td>\n<td style=\"text-align: center;\" width=\"22%\">LHAK Best. 48<br \/>\nNr. 3787<\/td>\n<td style=\"text-align: justify;\" width=\"50%\">Rechnungen und Belege \u00fcber die Versteigerung von Holz<\/td>\n<\/tr>\n<tr>\n<td style=\"text-align: center;\" width=\"13%\">1836<\/td>\n<td width=\"15%\"><\/td>\n<td style=\"text-align: center;\" width=\"22%\">LHAK Best. 48<br \/>\nNr. 3865<\/td>\n<td width=\"50%\">Rechnungen der Forstverwaltung<\/td>\n<\/tr>\n<tr>\n<td style=\"text-align: center;\" width=\"13%\">1836<\/td>\n<td width=\"15%\"><\/td>\n<td style=\"text-align: center;\" width=\"22%\">LHAK Best. 48<br \/>\nNr. 3858<\/td>\n<td width=\"50%\">Einnahmen und Ausgaben der Forstverwaltung<\/td>\n<\/tr>\n<tr>\n<td style=\"text-align: center;\" width=\"13%\">1837<\/td>\n<td width=\"15%\"><\/td>\n<td style=\"text-align: center;\" width=\"22%\">LHAK Best. 48<br \/>\nNr. 3859<\/td>\n<td width=\"50%\">Beilagen zur Kellereirechnung<\/td>\n<\/tr>\n<tr>\n<td style=\"text-align: center;\" width=\"13%\">1838<\/td>\n<td width=\"15%\"><\/td>\n<td style=\"text-align: center;\" width=\"22%\">LHAK Best. 48<br \/>\nNr. 3860<\/td>\n<td width=\"50%\">Beilagen zur Kellereirechnung<\/td>\n<\/tr>\n<tr>\n<td style=\"text-align: center;\" width=\"13%\">1839<\/td>\n<td width=\"15%\"><\/td>\n<td style=\"text-align: center;\" width=\"22%\">LHAK Best. 48<br \/>\nNr. 3860<\/td>\n<td width=\"50%\">Beilagen zur Kellereirechnung<\/td>\n<\/tr>\n<tr>\n<td style=\"text-align: center;\" width=\"13%\">1840<\/td>\n<td width=\"15%\"><\/td>\n<td style=\"text-align: center;\" width=\"22%\">LHAK Best. 48<br \/>\nNr. 3860<\/td>\n<td width=\"50%\">Beilagen zur Kellereirechnung<\/td>\n<\/tr>\n<tr>\n<td style=\"text-align: center;\" width=\"13%\">1837-1841<\/td>\n<td width=\"15%\"><\/td>\n<td style=\"text-align: center;\" width=\"22%\">LHAK Best. 48<br \/>\nNr. 4633<\/td>\n<td width=\"50%\">Kassenjournale des Revierf\u00f6rsters in Nievern<\/td>\n<\/tr>\n<tr>\n<td style=\"text-align: center;\" width=\"13%\">1838-1846<\/td>\n<td width=\"15%\"><\/td>\n<td style=\"text-align: center;\" width=\"22%\">LHAK Best. 48<br \/>\nNr. 2554<\/td>\n<td style=\"text-align: justify;\" width=\"50%\">Ablegung der Rentenrechnung f\u00fcr 1840-1842 mit Belegen; Bauarbeiten am Amtsgeb\u00e4ude in Fachbach; Versteigerungen von Holz und Lohrinde<\/td>\n<\/tr>\n<tr>\n<td style=\"text-align: center;\" width=\"13%\">1840-1842<\/td>\n<td width=\"15%\"><\/td>\n<td style=\"text-align: center;\" width=\"22%\">LHAK Best. 48<br \/>\nNr. 4696<\/td>\n<td style=\"text-align: justify;\" width=\"50%\">Heberegister der Pachtgef\u00e4lle aus der Herrschaft Nievern<\/td>\n<\/tr>\n<tr>\n<td style=\"text-align: center;\" width=\"13%\">1840-1847<\/td>\n<td width=\"15%\"><\/td>\n<td style=\"text-align: center;\" width=\"22%\">LHAK Best. 48<br \/>\nNr. 3780<\/td>\n<td style=\"text-align: justify;\" width=\"50%\">Erhebung von Zehnt- und Pachtgef\u00e4llen aus der Herrschaft Nievern<\/td>\n<\/tr>\n<tr>\n<td style=\"text-align: center;\" width=\"13%\">1843-1848<\/td>\n<td width=\"15%\"><\/td>\n<td style=\"text-align: center;\" width=\"22%\">LHAK Best. 48<br \/>\nNr. 4767<\/td>\n<td style=\"text-align: justify;\" width=\"50%\">Register \u00fcber r\u00fcckst\u00e4ndige Pacht aus der Herrschaft Nievern<\/td>\n<\/tr>\n<tr>\n<td style=\"text-align: center;\" width=\"13%\">1837-1841<\/td>\n<td width=\"15%\"><\/td>\n<td style=\"text-align: center;\" width=\"22%\">LHAK Best. 48<br \/>\nNr. 4633<\/td>\n<td width=\"50%\">Kassenjournale des Revierf\u00f6rsters in Nievern<\/td>\n<\/tr>\n<tr>\n<td style=\"text-align: center;\" width=\"13%\">1843-1850<\/td>\n<td width=\"15%\"><\/td>\n<td style=\"text-align: center;\" width=\"22%\">LHAK Best.<br \/>\n48 Nr. 2508<\/td>\n<td width=\"50%\">Rentamtsrechnungen und Belege<\/td>\n<\/tr>\n<tr>\n<td style=\"text-align: center;\" width=\"13%\">1843-1850<\/td>\n<td width=\"15%\"><\/td>\n<td style=\"text-align: center;\" width=\"22%\">LHAK Best. 48<br \/>\nNr. 2508<\/td>\n<td style=\"text-align: justify;\" width=\"50%\">Abhaltung von Holzversteigerungen durch den Rentmeister und den F\u00f6rster Billig<\/td>\n<\/tr>\n<tr>\n<td style=\"text-align: center;\" width=\"13%\">1844-1850<\/td>\n<td width=\"15%\"><\/td>\n<td style=\"text-align: center;\" width=\"22%\">LHAK Best. 48<br \/>\nNr. 2507<\/td>\n<td width=\"50%\">Rentamtsrechnungen und Belege<\/td>\n<\/tr>\n<tr>\n<td style=\"text-align: center;\" width=\"13%\">1844-1850<\/td>\n<td width=\"15%\"><\/td>\n<td style=\"text-align: center;\" width=\"22%\">LHAK Best. 48<br \/>\nNr. 2507<\/td>\n<td style=\"text-align: justify;\" width=\"50%\">Abhaltung von Holzversteigerungen durch den Rentmeister und den F\u00f6rster Billig<\/td>\n<\/tr>\n<tr>\n<td style=\"text-align: center;\" width=\"13%\">1848-1850<\/td>\n<td width=\"15%\"><\/td>\n<td style=\"text-align: center;\" width=\"22%\">LHAK Best. 48<br \/>\nNr. 3865<\/td>\n<td width=\"50%\">Rechnungen des Rentamts<\/td>\n<\/tr>\n<\/tbody>\n<\/table>\n<hr \/>\n<p><span style=\"font-size: small;\"><b>Letztes Update: Oktober 2016<\/b><\/span><br \/>\n<span style=\"font-size: small;\"><b>Ralph Jackmuth<\/b><\/span><\/p>\n","protected":false},"excerpt":{"rendered":"<p>HHStAW = Hessisches Hauptstaatsarchiv Wiesbaden LHAK = Landeshauptarchiv Koblenz HAN = Heimatarchiv Nievern Gemeinderechnungen, Kellereirechnungen, Rentamtsrechnungen Kirchenrechnungen s. u. Kirche Aufgabe: Berechnung von Einnahmen und Ausgaben des Kirchspiels (= Kellerei) Nievern Zeitraum: 1690-1850 Inhalt: Verschiedene Gef\u00e4lle Strafen Zeitraum Umfang Standort Bem. 1672-1673 LHAK Best. 48 Nr. 2661 Rechnungen \u00fcber Baukosten f\u00fcr vier H\u00e4user \u201eIn der &hellip; <a href=\"https:\/\/www.ahnenforschung-jackmuth.de\/?page_id=909\" class=\"more-link\"><span class=\"screen-reader-text\">\u201eArchivbestand Kirchspiel Nievern 8\u201c<\/span> weiterlesen<\/a><\/p>\n","protected":false},"author":1,"featured_media":0,"parent":0,"menu_order":0,"comment_status":"closed","ping_status":"closed","template":"","meta":{"footnotes":""},"class_list":["post-909","page","type-page","status-publish","hentry"],"_links":{"self":[{"href":"https:\/\/www.ahnenforschung-jackmuth.de\/index.php?rest_route=\/wp\/v2\/pages\/909","targetHints":{"allow":["GET"]}}],"collection":[{"href":"https:\/\/www.ahnenforschung-jackmuth.de\/index.php?rest_route=\/wp\/v2\/pages"}],"about":[{"href":"https:\/\/www.ahnenforschung-jackmuth.de\/index.php?rest_route=\/wp\/v2\/types\/page"}],"author":[{"embeddable":true,"href":"https:\/\/www.ahnenforschung-jackmuth.de\/index.php?rest_route=\/wp\/v2\/users\/1"}],"replies":[{"embeddable":true,"href":"https:\/\/www.ahnenforschung-jackmuth.de\/index.php?rest_route=%2Fwp%2Fv2%2Fcomments&post=909"}],"version-history":[{"count":0,"href":"https:\/\/www.ahnenforschung-jackmuth.de\/index.php?rest_route=\/wp\/v2\/pages\/909\/revisions"}],"wp:attachment":[{"href":"https:\/\/www.ahnenforschung-jackmuth.de\/index.php?rest_route=%2Fwp%2Fv2%2Fmedia&parent=909"}],"curies":[{"name":"wp","href":"https:\/\/api.w.org\/{rel}","templated":true}]}}