{"id":9055,"date":"2021-09-22T10:54:48","date_gmt":"2021-09-22T10:54:48","guid":{"rendered":"http:\/\/www.ahnenforschung-jackmuth.de\/?page_id=9055"},"modified":"2024-06-09T08:01:20","modified_gmt":"2024-06-09T08:01:20","slug":"ofb-spiess-j","status":"publish","type":"page","link":"https:\/\/www.ahnenforschung-jackmuth.de\/?page_id=9055","title":{"rendered":"OFB Spie\u00df &#8211; I-J"},"content":{"rendered":"<p><span style=\"font-family: times new roman, times, serif; font-size: 10pt;\"><span style=\"color: #ff0000;\"><strong><u><a id=\"ilbert\"><\/a>Ilbert<\/u><\/strong><strong>, Johann Ludwig:<\/strong> <\/span>gt. 12.04.1677 Fr\u00fccht; Sohn des Arnold Ilbert oder Elbert aus Fr\u00fccht<\/span><\/p>\n<p style=\"text-align: justify;\"><span style=\"font-family: times new roman, times, serif; font-size: 10pt;\"><strong>oo 22.11.1701 Kapelle Spie\u00df<\/strong> (KB Oberlahnstein; <em>praesentibus testibus Joanne Haber, Henrico Schr\u00f6der, Laurentio Daubach et aliis honestis viris<\/em>) mit <strong><u>Haber<\/u>, Maria Katharina:<\/strong> Tochter des Johannes Haber, Hofmann auf dem Spie\u00df<\/span><\/p>\n<hr \/>\n<p><span style=\"font-family: times new roman, times, serif; font-size: 10pt;\"><span style=\"color: #ff0000;\"><strong><u><a id=\"jenard\"><\/a>Jenard<\/u><\/strong><strong>, Lambert:<\/strong> <\/span><em>decurio major [et] chergand sub copiis Austriacis<\/em><\/span><\/p>\n<p><span style=\"font-family: times new roman, times, serif; font-size: 10pt;\"><em>\u00a0<\/em><\/span><span style=\"font-family: times new roman, times, serif; font-size: 10pt;\"><strong>o-o<\/strong> mit <strong><u>Bastien<\/u>, Maria Franziska<\/strong><\/span><\/p>\n<table>\n<tbody>\n<tr>\n<td style=\"text-align: center;\" width=\"29\"><span style=\"font-family: times new roman, times, serif; font-size: 10pt;\"><strong>Nr.<\/strong><\/span><\/td>\n<td width=\"145\"><span style=\"font-family: times new roman, times, serif; font-size: 10pt;\"><strong>VN normiert<\/strong><\/span><\/td>\n<td style=\"text-align: center;\" width=\"66\"><span style=\"font-family: times new roman, times, serif; font-size: 10pt;\"><strong>Geburt<\/strong><\/span><\/td>\n<td style=\"text-align: center;\" width=\"74\"><span style=\"font-family: times new roman, times, serif; font-size: 10pt;\"><strong>Taufe<\/strong><\/span><\/td>\n<td style=\"text-align: center;\" width=\"68\"><span style=\"font-family: times new roman, times, serif; font-size: 10pt;\"><strong>gefirmt<\/strong><\/span><\/td>\n<td style=\"text-align: center;\" width=\"67\"><span style=\"font-family: times new roman, times, serif; font-size: 10pt;\"><strong>gestorben<\/strong><\/span><\/td>\n<td style=\"text-align: center;\" width=\"67\"><span style=\"font-family: times new roman, times, serif; font-size: 10pt;\"><strong>begraben<\/strong><\/span><\/td>\n<td style=\"text-align: center;\" width=\"43\"><span style=\"font-family: times new roman, times, serif; font-size: 10pt;\"><strong>Alter<\/strong><\/span><\/td>\n<td style=\"text-align: center;\" width=\"48\"><span style=\"font-family: times new roman, times, serif; font-size: 10pt;\"><strong>Stand<\/strong><\/span><\/td>\n<\/tr>\n<tr>\n<td style=\"text-align: center;\" width=\"29\"><span style=\"font-family: times new roman, times, serif; font-size: 10pt;\">1<\/span><\/td>\n<td width=\"145\"><span style=\"font-family: times new roman, times, serif; font-size: 10pt;\">Johann Sebastian (illeg.)<\/span><\/td>\n<td style=\"text-align: center;\" width=\"66\"><span style=\"font-family: times new roman, times, serif; font-size: 10pt;\">27.03.1745<\/span><\/td>\n<td style=\"text-align: center;\" width=\"74\"><span style=\"font-family: times new roman, times, serif; font-size: 10pt;\">28.03.1745<\/span><\/td>\n<td style=\"text-align: center;\" width=\"68\"><\/td>\n<td style=\"text-align: center;\" width=\"67\"><\/td>\n<td style=\"text-align: center;\" width=\"67\"><\/td>\n<td style=\"text-align: center;\" width=\"43\"><\/td>\n<td style=\"text-align: center;\" width=\"48\"><\/td>\n<\/tr>\n<\/tbody>\n<\/table>\n<p><span style=\"font-family: times new roman, times, serif; font-size: 10pt;\"><strong>Paten: <\/strong><em>Joannes Sebastianus Arnold et Maria Philippa Lanset<\/em><\/span><\/p>\n<hr \/>\n<p><span style=\"font-size: 10pt; font-family: times new roman, times, serif;\"><b>Letztes Update: 9. Juni 2024<\/b><\/span><br \/>\n<span style=\"font-size: 10pt; font-family: times new roman, times, serif;\"><b>Ralph Jackmuth<\/b><\/span><\/p>\n","protected":false},"excerpt":{"rendered":"<p>Ilbert, Johann Ludwig: gt. 12.04.1677 Fr\u00fccht; Sohn des Arnold Ilbert oder Elbert aus Fr\u00fccht oo 22.11.1701 Kapelle Spie\u00df (KB Oberlahnstein; praesentibus testibus Joanne Haber, Henrico Schr\u00f6der, Laurentio Daubach et aliis honestis viris) mit Haber, Maria Katharina: Tochter des Johannes Haber, Hofmann auf dem Spie\u00df Jenard, Lambert: decurio major [et] chergand sub copiis Austriacis \u00a0o-o mit &hellip; <a href=\"https:\/\/www.ahnenforschung-jackmuth.de\/?page_id=9055\" class=\"more-link\"><span class=\"screen-reader-text\">\u201eOFB Spie\u00df &#8211; I-J\u201c<\/span> weiterlesen<\/a><\/p>\n","protected":false},"author":1,"featured_media":0,"parent":0,"menu_order":0,"comment_status":"closed","ping_status":"closed","template":"","meta":{"footnotes":""},"class_list":["post-9055","page","type-page","status-publish","hentry"],"_links":{"self":[{"href":"https:\/\/www.ahnenforschung-jackmuth.de\/index.php?rest_route=\/wp\/v2\/pages\/9055","targetHints":{"allow":["GET"]}}],"collection":[{"href":"https:\/\/www.ahnenforschung-jackmuth.de\/index.php?rest_route=\/wp\/v2\/pages"}],"about":[{"href":"https:\/\/www.ahnenforschung-jackmuth.de\/index.php?rest_route=\/wp\/v2\/types\/page"}],"author":[{"embeddable":true,"href":"https:\/\/www.ahnenforschung-jackmuth.de\/index.php?rest_route=\/wp\/v2\/users\/1"}],"replies":[{"embeddable":true,"href":"https:\/\/www.ahnenforschung-jackmuth.de\/index.php?rest_route=%2Fwp%2Fv2%2Fcomments&post=9055"}],"version-history":[{"count":0,"href":"https:\/\/www.ahnenforschung-jackmuth.de\/index.php?rest_route=\/wp\/v2\/pages\/9055\/revisions"}],"wp:attachment":[{"href":"https:\/\/www.ahnenforschung-jackmuth.de\/index.php?rest_route=%2Fwp%2Fv2%2Fmedia&parent=9055"}],"curies":[{"name":"wp","href":"https:\/\/api.w.org\/{rel}","templated":true}]}}