{"id":8959,"date":"2021-09-15T13:42:19","date_gmt":"2021-09-15T13:42:19","guid":{"rendered":"http:\/\/www.ahnenforschung-jackmuth.de\/?page_id=8959"},"modified":"2024-06-09T08:21:17","modified_gmt":"2024-06-09T08:21:17","slug":"ofb-spiess-toresch","status":"publish","type":"page","link":"https:\/\/www.ahnenforschung-jackmuth.de\/?page_id=8959","title":{"rendered":"OFB Spie\u00df &#8211; Toresch"},"content":{"rendered":"<p style=\"text-align: justify;\"><span style=\"font-family: times new roman, times, serif; font-size: 10pt;\"><span style=\"color: #ff0000;\"><strong><u>Toresch<\/u><\/strong><strong>, Johann Andreas:<\/strong><\/span> kath.; 1731-1734 wohl auf <strong>Buchenberg<\/strong>, dann Hofmann des Herrn von Adelsheim in Becheln (<em>Thores, Thore\u00df<\/em>); + 07.07.1771 Pfarrei Spie\u00df (bg. 08.07.1771 Schweighausen, im KB Becheln nur der Begr\u00e4bniseintrag); Eltern: Michael Toresch, Sch\u00f6ffe und Synodale in Miellen (+ 31.12.1742 Miellen) und Anna Margaretha geb. Tilmann (OFB Nievern, Nr. 1722)<\/span><\/p>\n<p style=\"text-align: justify;\"><span style=\"font-family: times new roman, times, serif; font-size: 10pt;\"><strong>oo 23.01.1731 Spie\u00df <\/strong>(Trauzeugen:<em> Dominicus Landsroth, Godefridus Jung et Franciscus Duffe<\/em>) mit <strong><u>Jung<\/u>, Anna Maria:<\/strong> kath.; vom Buchenberg; * 29.12.1708 (KB Oberlahnstein); + 17.04.1789 Becheln (bg. 19.04.), 81 Jahre alt; Eltern: Jakob Jung und Anna Maria geb. Landsroth<\/span><\/p>\n<table>\n<tbody>\n<tr>\n<td style=\"text-align: center;\" width=\"29\"><span style=\"font-family: times new roman, times, serif; font-size: 10pt;\"><strong>Nr.<\/strong><\/span><\/td>\n<td width=\"145\"><span style=\"font-family: times new roman, times, serif; font-size: 10pt;\"><strong>VN normiert<\/strong><\/span><\/td>\n<td style=\"text-align: center;\" width=\"66\"><span style=\"font-family: times new roman, times, serif; font-size: 10pt;\"><strong>Geburt<\/strong><\/span><\/td>\n<td style=\"text-align: center;\" width=\"74\"><span style=\"font-family: times new roman, times, serif; font-size: 10pt;\"><strong>Taufe<\/strong><\/span><\/td>\n<td style=\"text-align: center;\" width=\"68\"><span style=\"font-family: times new roman, times, serif; font-size: 10pt;\"><strong>gefirmt<\/strong><\/span><\/td>\n<td style=\"text-align: center;\" width=\"67\"><span style=\"font-family: times new roman, times, serif; font-size: 10pt;\"><strong>gestorben<\/strong><\/span><\/td>\n<td style=\"text-align: center;\" width=\"67\"><span style=\"font-family: times new roman, times, serif; font-size: 10pt;\"><strong>begraben<\/strong><\/span><\/td>\n<td style=\"text-align: center;\" width=\"43\"><span style=\"font-family: times new roman, times, serif; font-size: 10pt;\"><strong>Alter<\/strong><\/span><\/td>\n<td style=\"text-align: center;\" width=\"48\"><span style=\"font-family: times new roman, times, serif; font-size: 10pt;\"><strong>Stand<\/strong><\/span><\/td>\n<\/tr>\n<tr>\n<td style=\"text-align: center;\" width=\"29\"><span style=\"font-family: times new roman, times, serif; font-size: 10pt;\">1<\/span><\/td>\n<td width=\"145\"><span style=\"font-family: times new roman, times, serif; font-size: 10pt;\">Johann Jakob<\/span><\/td>\n<td style=\"text-align: center;\" width=\"66\"><span style=\"font-family: times new roman, times, serif; font-size: 10pt;\">13.05.1731<\/span><\/td>\n<td style=\"text-align: center;\" width=\"74\"><span style=\"font-family: times new roman, times, serif; font-size: 10pt;\">15.05.1731<\/span><\/td>\n<td style=\"text-align: center;\" width=\"68\"><\/td>\n<td style=\"text-align: center;\" width=\"67\"><\/td>\n<td style=\"text-align: center;\" width=\"67\"><\/td>\n<td style=\"text-align: center;\" width=\"43\"><\/td>\n<td style=\"text-align: center;\" width=\"48\"><\/td>\n<\/tr>\n<tr>\n<td style=\"text-align: center;\" width=\"29\"><span style=\"font-family: times new roman, times, serif; font-size: 10pt;\">2<\/span><\/td>\n<td width=\"145\"><span style=\"font-family: times new roman, times, serif; font-size: 10pt;\">Anna Maria<\/span><\/td>\n<td style=\"text-align: center;\" width=\"66\"><span style=\"font-family: times new roman, times, serif; font-size: 10pt;\">21.07.1732<\/span><\/td>\n<td style=\"text-align: center;\" width=\"74\"><span style=\"font-family: times new roman, times, serif; font-size: 10pt;\">25.07.1732<\/span><\/td>\n<td style=\"text-align: center;\" width=\"68\"><\/td>\n<td style=\"text-align: center;\" width=\"67\"><\/td>\n<td style=\"text-align: center;\" width=\"67\"><\/td>\n<td style=\"text-align: center;\" width=\"43\"><\/td>\n<td style=\"text-align: center;\" width=\"48\"><\/td>\n<\/tr>\n<tr>\n<td style=\"text-align: center;\" width=\"29\"><span style=\"font-family: times new roman, times, serif; font-size: 10pt;\">3<\/span><\/td>\n<td width=\"145\"><span style=\"font-family: times new roman, times, serif; font-size: 10pt;\">Maria Anna<\/span><\/td>\n<td style=\"text-align: center;\" width=\"66\"><span style=\"font-family: times new roman, times, serif; font-size: 10pt;\">24.12.1734<\/span><\/td>\n<td style=\"text-align: center;\" width=\"74\"><span style=\"font-family: times new roman, times, serif; font-size: 10pt;\">26.12.1734<\/span><\/td>\n<td style=\"text-align: center;\" width=\"68\"><\/td>\n<td style=\"text-align: center;\" width=\"67\"><\/td>\n<td style=\"text-align: center;\" width=\"67\"><\/td>\n<td style=\"text-align: center;\" width=\"43\"><\/td>\n<td style=\"text-align: center;\" width=\"48\"><\/td>\n<\/tr>\n<tr>\n<td style=\"text-align: center;\" width=\"29\"><span style=\"font-family: times new roman, times, serif; font-size: 10pt;\">4<\/span><\/td>\n<td width=\"145\"><span style=\"font-family: times new roman, times, serif; font-size: 10pt;\">Maria Katharina<\/span><\/td>\n<td style=\"text-align: center;\" width=\"66\"><span style=\"font-family: times new roman, times, serif; font-size: 10pt;\">11.09.1737<\/span><\/td>\n<td style=\"text-align: center;\" width=\"74\"><span style=\"font-family: times new roman, times, serif; font-size: 10pt;\">15.09.1737<\/span><\/td>\n<td style=\"text-align: center;\" width=\"68\"><\/td>\n<td style=\"text-align: center;\" width=\"67\"><span style=\"font-family: times new roman, times, serif; font-size: 10pt;\">11.06.1813<\/span><\/td>\n<td style=\"text-align: center;\" width=\"67\"><span style=\"font-family: times new roman, times, serif; font-size: 10pt;\">13.06.1813<\/span><\/td>\n<td style=\"text-align: center;\" width=\"43\"><span style=\"font-family: times new roman, times, serif; font-size: 10pt;\">75,79<\/span><\/td>\n<td style=\"text-align: center;\" width=\"48\"><span style=\"font-family: times new roman, times, serif; font-size: 10pt;\">verh.<\/span><\/td>\n<\/tr>\n<tr>\n<td style=\"text-align: center;\" width=\"29\"><span style=\"font-family: times new roman, times, serif; font-size: 10pt;\">5<\/span><\/td>\n<td width=\"145\"><span style=\"font-family: times new roman, times, serif; font-size: 10pt;\">Johann Andreas<\/span><\/td>\n<td style=\"text-align: center;\" width=\"66\"><span style=\"font-family: times new roman, times, serif; font-size: 10pt;\">26.05.1740<\/span><\/td>\n<td style=\"text-align: center;\" width=\"74\"><span style=\"font-family: times new roman, times, serif; font-size: 10pt;\">29.05.1740<\/span><\/td>\n<td style=\"text-align: center;\" width=\"68\"><\/td>\n<td style=\"text-align: center;\" width=\"67\"><span style=\"font-family: times new roman, times, serif; font-size: 10pt;\">18.05.1749<\/span><\/td>\n<td style=\"text-align: center;\" width=\"67\"><span style=\"font-family: times new roman, times, serif; font-size: 10pt;\">19.05.1749<\/span><\/td>\n<td style=\"text-align: center;\" width=\"43\"><span style=\"font-family: times new roman, times, serif; font-size: 10pt;\">8,98<\/span><\/td>\n<td style=\"text-align: center;\" width=\"48\"><\/td>\n<\/tr>\n<tr>\n<td style=\"text-align: center;\" width=\"29\"><span style=\"font-family: times new roman, times, serif; font-size: 10pt;\">6<\/span><\/td>\n<td width=\"145\"><span style=\"font-family: times new roman, times, serif; font-size: 10pt;\">Anna Katharina Justina<\/span><\/td>\n<td style=\"text-align: center;\" width=\"66\"><span style=\"font-family: times new roman, times, serif; font-size: 10pt;\">13.09.1742<\/span><\/td>\n<td style=\"text-align: center;\" width=\"74\"><span style=\"font-family: times new roman, times, serif; font-size: 10pt;\">16.09.1742<\/span><\/td>\n<td style=\"text-align: center;\" width=\"68\"><\/td>\n<td style=\"text-align: center;\" width=\"67\"><span style=\"font-family: times new roman, times, serif; font-size: 10pt;\">27.03.1748<\/span><\/td>\n<td style=\"text-align: center;\" width=\"67\"><span style=\"font-family: times new roman, times, serif; font-size: 10pt;\">29.03.1748<\/span><\/td>\n<td style=\"text-align: center;\" width=\"43\"><span style=\"font-family: times new roman, times, serif; font-size: 10pt;\">5,54<\/span><\/td>\n<td style=\"text-align: center;\" width=\"48\"><\/td>\n<\/tr>\n<tr>\n<td style=\"text-align: center;\" width=\"29\"><span style=\"font-family: times new roman, times, serif; font-size: 10pt;\">7<\/span><\/td>\n<td width=\"145\"><span style=\"font-family: times new roman, times, serif; font-size: 10pt;\">Johanna Maria Barbara<\/span><\/td>\n<td style=\"text-align: center;\" width=\"66\"><span style=\"font-family: times new roman, times, serif; font-size: 10pt;\">19.12.1745<\/span><\/td>\n<td style=\"text-align: center;\" width=\"74\"><span style=\"font-family: times new roman, times, serif; font-size: 10pt;\">21.12.1745<\/span><\/td>\n<td style=\"text-align: center;\" width=\"68\"><\/td>\n<td style=\"text-align: center;\" width=\"67\"><span style=\"font-family: times new roman, times, serif; font-size: 10pt;\">16.03.1748<\/span><\/td>\n<td style=\"text-align: center;\" width=\"67\"><span style=\"font-family: times new roman, times, serif; font-size: 10pt;\">17.03.1748<\/span><\/td>\n<td style=\"text-align: center;\" width=\"43\"><span style=\"font-family: times new roman, times, serif; font-size: 10pt;\">3,24<\/span><\/td>\n<td style=\"text-align: center;\" width=\"48\"><\/td>\n<\/tr>\n<tr>\n<td style=\"text-align: center;\" width=\"29\"><span style=\"font-family: times new roman, times, serif; font-size: 10pt;\">8<\/span><\/td>\n<td width=\"145\"><span style=\"font-family: times new roman, times, serif; font-size: 10pt;\">Johann Andreas<\/span><\/td>\n<td style=\"text-align: center;\" width=\"66\"><span style=\"font-family: times new roman, times, serif; font-size: 10pt;\">07.05.1749<\/span><\/td>\n<td style=\"text-align: center;\" width=\"74\"><span style=\"font-family: times new roman, times, serif; font-size: 10pt;\">09.05.1749<\/span><\/td>\n<td style=\"text-align: center;\" width=\"68\"><\/td>\n<td style=\"text-align: center;\" width=\"67\"><\/td>\n<td style=\"text-align: center;\" width=\"67\"><\/td>\n<td style=\"text-align: center;\" width=\"43\"><\/td>\n<td style=\"text-align: center;\" width=\"48\"><\/td>\n<\/tr>\n<tr>\n<td style=\"text-align: center;\" width=\"29\"><span style=\"font-family: times new roman, times, serif; font-size: 10pt;\">9<\/span><\/td>\n<td width=\"145\"><span style=\"font-family: times new roman, times, serif; font-size: 10pt;\">Anna Katharina<\/span><\/td>\n<td style=\"text-align: center;\" width=\"66\"><span style=\"font-family: times new roman, times, serif; font-size: 10pt;\">07.05.1749<\/span><\/td>\n<td style=\"text-align: center;\" width=\"74\"><span style=\"font-family: times new roman, times, serif; font-size: 10pt;\">09.05.1749<\/span><\/td>\n<td style=\"text-align: center;\" width=\"68\"><\/td>\n<td style=\"text-align: center;\" width=\"67\"><span style=\"font-family: times new roman, times, serif; font-size: 10pt;\">27.01.1750<\/span><\/td>\n<td style=\"text-align: center;\" width=\"67\"><span style=\"font-family: times new roman, times, serif; font-size: 10pt;\">29.01.1750<\/span><\/td>\n<td style=\"text-align: center;\" width=\"43\"><span style=\"font-family: times new roman, times, serif; font-size: 10pt;\">0,56<\/span><\/td>\n<td style=\"text-align: center;\" width=\"48\"><\/td>\n<\/tr>\n<\/tbody>\n<\/table>\n<p style=\"text-align: justify;\"><span style=\"font-family: times new roman, times, serif; font-size: 10pt;\">Kind Nr. 1) \u2013 4) * Pfarrei Spie\u00df<br \/>\n<\/span><span style=\"font-family: times new roman, times, serif; font-size: 10pt;\">Kind Nr. 5) \u2013 9) * Becheln<br \/>\n<\/span><span style=\"font-family: times new roman, times, serif; font-size: 10pt;\">Kind Nr. 4) oo 25.01.1757 Becheln mit Johann David Veldenz, Sohn des David Veldenz, nassau-usingischer Hofmann auf Bubenborn (Pfarrei Singhofen); Familie wohnt in Becheln<br \/>\n<\/span><span style=\"font-family: times new roman, times, serif; font-size: 10pt;\">Kind Nr. 5) + Becheln, an einer auszehrenden Krankheit<br \/>\n<\/span><span style=\"font-family: times new roman, times, serif; font-size: 10pt;\">Kind Nr. 6) + Becheln, an Pocken<br \/>\n<\/span><span style=\"font-family: times new roman, times, serif; font-size: 10pt;\">Kind Nr. 7) + Becheln, an Pocken<br \/>\n<\/span><span style=\"font-family: times new roman, times, serif; font-size: 10pt;\">Kind Nr. 9) + Becheln, am Husten<\/span><\/p>\n<p style=\"text-align: justify;\"><span style=\"font-family: times new roman, times, serif; font-size: 10pt;\"><strong>Paten:<\/strong> <strong>zu 1) <\/strong><em>Joannes Jacobus Jung et Catharina Toresch <\/em><strong><em>\u2014 <\/em><\/strong><strong>zu 2) <\/strong><em>Anna Maria Landsrothin et Jacobus Jung <\/em><strong><em>\u2014 <\/em><\/strong><strong>zu 3) <\/strong><em>Anna Maria Toresch et Godefridus Jung, adolescentes <\/em><strong><em>\u2014 <\/em><\/strong><strong>zu 4) <\/strong><em>Maria Catharina, Johann Gottfried Hoffmanns Tochter; Christina Catharina, Andreas Buchbinders nachgela\u00dfene Tochter; N. vom B\u00fcchenberger Hoff, Franz Jung <\/em>[nachtr\u00e4glich erg\u00e4nzt] <strong><em>\u2014 <\/em><\/strong><strong>zu 5) <\/strong><em>Johann Andreas Ansel, Schmidt; Johann Peter Kuntz, Henrich Kuntzen Sohn; Maria, Gottfried Jungs Hau\u00dffrau von B\u00fcchenberg <\/em><strong><em>\u2014 <\/em><\/strong><strong>zu 6) <\/strong><em>Frantz Jungmann, Jacob Jungmann, Hoffmanns auff B\u00fcchenberg Sohn; Anna Catharina, patris soror; Michael Thores, Einwohner\u00df in M\u00fchlheim [Miellen], Tochter Anna Catharina <\/em><strong><em>\u2014 <\/em><\/strong><strong>zu 7) <\/strong><em>Johann Jacob Walther von Nassau; Maria Elisabetha, Lorentz Crecelii, M\u00fcller\u00df in der Fr\u00fcchter M\u00fchl ehe[liche] Hau\u00dffrau; Anna Barbara, Johannes Oppenh\u00e4u\u00dfers Tochter <\/em><strong><em>\u2014 <\/em><\/strong><strong>zu 8) <\/strong><em>Joh: Matth: Rincker; sodann Sophia Cath. Wahlin aus Becheln; wie auch Joh: Peter Jung von B\u00fcchenberg <\/em><strong><em>\u2014 <\/em><\/strong><strong>zu 9) <\/strong><em>Joh: Buch von Kirschemborn; wie auch Anna Cath: Jungin daselbsten; \u2026 einer ander die\u00dfes Namens<\/em><\/span><\/p>\n<hr \/>\n<p><span style=\"font-size: 10pt; font-family: times new roman, times, serif;\"><b>Letztes Update: 9. Juni 2024<\/b><\/span><br \/>\n<span style=\"font-size: 10pt; font-family: times new roman, times, serif;\"><b>Ralph Jackmuth<\/b><\/span><\/p>\n","protected":false},"excerpt":{"rendered":"<p>Toresch, Johann Andreas: kath.; 1731-1734 wohl auf Buchenberg, dann Hofmann des Herrn von Adelsheim in Becheln (Thores, Thore\u00df); + 07.07.1771 Pfarrei Spie\u00df (bg. 08.07.1771 Schweighausen, im KB Becheln nur der Begr\u00e4bniseintrag); Eltern: Michael Toresch, Sch\u00f6ffe und Synodale in Miellen (+ 31.12.1742 Miellen) und Anna Margaretha geb. Tilmann (OFB Nievern, Nr. 1722) oo 23.01.1731 Spie\u00df (Trauzeugen: &hellip; <a href=\"https:\/\/www.ahnenforschung-jackmuth.de\/?page_id=8959\" class=\"more-link\"><span class=\"screen-reader-text\">\u201eOFB Spie\u00df &#8211; Toresch\u201c<\/span> weiterlesen<\/a><\/p>\n","protected":false},"author":1,"featured_media":0,"parent":0,"menu_order":0,"comment_status":"closed","ping_status":"closed","template":"","meta":{"footnotes":""},"class_list":["post-8959","page","type-page","status-publish","hentry"],"_links":{"self":[{"href":"https:\/\/www.ahnenforschung-jackmuth.de\/index.php?rest_route=\/wp\/v2\/pages\/8959","targetHints":{"allow":["GET"]}}],"collection":[{"href":"https:\/\/www.ahnenforschung-jackmuth.de\/index.php?rest_route=\/wp\/v2\/pages"}],"about":[{"href":"https:\/\/www.ahnenforschung-jackmuth.de\/index.php?rest_route=\/wp\/v2\/types\/page"}],"author":[{"embeddable":true,"href":"https:\/\/www.ahnenforschung-jackmuth.de\/index.php?rest_route=\/wp\/v2\/users\/1"}],"replies":[{"embeddable":true,"href":"https:\/\/www.ahnenforschung-jackmuth.de\/index.php?rest_route=%2Fwp%2Fv2%2Fcomments&post=8959"}],"version-history":[{"count":0,"href":"https:\/\/www.ahnenforschung-jackmuth.de\/index.php?rest_route=\/wp\/v2\/pages\/8959\/revisions"}],"wp:attachment":[{"href":"https:\/\/www.ahnenforschung-jackmuth.de\/index.php?rest_route=%2Fwp%2Fv2%2Fmedia&parent=8959"}],"curies":[{"name":"wp","href":"https:\/\/api.w.org\/{rel}","templated":true}]}}