{"id":8950,"date":"2021-09-15T13:09:15","date_gmt":"2021-09-15T13:09:15","guid":{"rendered":"http:\/\/www.ahnenforschung-jackmuth.de\/?page_id=8950"},"modified":"2022-08-12T16:18:55","modified_gmt":"2022-08-12T16:18:55","slug":"ofb-spiess-schoeneberg","status":"publish","type":"page","link":"https:\/\/www.ahnenforschung-jackmuth.de\/?page_id=8950","title":{"rendered":"OFB Spie\u00df &#8211; Sch\u00f6neberg"},"content":{"rendered":"<p style=\"text-align: justify;\"><span style=\"font-family: times new roman, times, serif; font-size: 10pt;\"><span style=\"color: #ff0000;\"><strong><u>Sch\u00f6neberg<\/u><\/strong><strong>, Johann Henrich:\u00a0<\/strong><\/span><strong>: <\/strong>kath.; Hirte in D\u00f6rstheck (1802) und Oberwies (1805); * 22.01.1777 Singhofen; + 10.07.1847 Oberwies, bg, 13.07. (KB Spie\u00df); Eltern: Johann Philipp Sch\u00f6nberger, Bauer, und Gertrud (lt. Sterbeeintrag)<\/span><\/p>\n<p><span style=\"font-family: times new roman, times, serif; font-size: 10pt;\"><strong>o-o<\/strong> mit <strong><u>Friesenhahn<\/u><\/strong><strong>, Maria Magdalena:<\/strong> aus Scheuern (VG Bad Ems-Nassau, Rhein-Lahn-Kreis); auf Kirchheimersborn (Pfarrei Spie\u00df)<\/span><\/p>\n<table>\n<tbody>\n<tr>\n<td style=\"text-align: center;\" width=\"29\"><span style=\"font-family: times new roman, times, serif; font-size: 10pt;\"><strong>Nr.<\/strong><\/span><\/td>\n<td width=\"145\"><span style=\"font-family: times new roman, times, serif; font-size: 10pt;\"><strong>VN normiert<\/strong><\/span><\/td>\n<td style=\"text-align: center;\" width=\"66\"><span style=\"font-family: times new roman, times, serif; font-size: 10pt;\"><strong>Geburt<\/strong><\/span><\/td>\n<td style=\"text-align: center;\" width=\"74\"><span style=\"font-family: times new roman, times, serif; font-size: 10pt;\"><strong>Taufe<\/strong><\/span><\/td>\n<td style=\"text-align: center;\" width=\"68\"><span style=\"font-family: times new roman, times, serif; font-size: 10pt;\"><strong>gefirmt<\/strong><\/span><\/td>\n<td style=\"text-align: center;\" width=\"67\"><span style=\"font-family: times new roman, times, serif; font-size: 10pt;\"><strong>gestorben<\/strong><\/span><\/td>\n<td style=\"text-align: center;\" width=\"67\"><span style=\"font-family: times new roman, times, serif; font-size: 10pt;\"><strong>begraben<\/strong><\/span><\/td>\n<td style=\"text-align: center;\" width=\"43\"><span style=\"font-family: times new roman, times, serif; font-size: 10pt;\"><strong>Alter<\/strong><\/span><\/td>\n<td style=\"text-align: center;\" width=\"48\"><span style=\"font-family: times new roman, times, serif; font-size: 10pt;\"><strong>Stand<\/strong><\/span><\/td>\n<\/tr>\n<tr>\n<td style=\"text-align: center;\" width=\"29\"><span style=\"font-family: times new roman, times, serif; font-size: 10pt;\">1<\/span><\/td>\n<td width=\"145\"><span style=\"font-family: times new roman, times, serif; font-size: 10pt;\">Johann Henrich (illeg.)<\/span><\/td>\n<td style=\"text-align: center;\" width=\"66\"><span style=\"font-family: times new roman, times, serif; font-size: 10pt;\">08.10.1796<\/span><\/td>\n<td style=\"text-align: center;\" width=\"74\"><span style=\"font-family: times new roman, times, serif; font-size: 10pt;\">09.10.1796<\/span><\/td>\n<td style=\"text-align: center;\" width=\"68\"><\/td>\n<td style=\"text-align: center;\" width=\"67\"><\/td>\n<td style=\"text-align: center;\" width=\"67\"><\/td>\n<td style=\"text-align: center;\" width=\"43\"><\/td>\n<td style=\"text-align: center;\" width=\"48\"><\/td>\n<\/tr>\n<\/tbody>\n<\/table>\n<p><span style=\"font-family: times new roman, times, serif; font-size: 10pt;\">Kind Nr. 1) * Kirchheimersborn (Pfarrei Spie\u00df)<\/span><\/p>\n<p><span style=\"font-family: times new roman, times, serif; font-size: 10pt;\"><strong>Paten:<\/strong> <em>Joanes Henricus Friesenhahn ex Scheuren et Maria Magdalena Friesenhahn ex Oberwies<\/em><\/span><\/p>\n<p><span style=\"font-family: times new roman, times, serif; font-size: 10pt;\"><strong>oo I. <\/strong>mit <strong><u>Kaffa<\/u>, Maria Margaretha:<\/strong> + 09.02.1809 Oberwies, an einer Abzehrung, 45 Jahre alt; bg. 11.02.1809 Scheuern<\/span><\/p>\n<table>\n<tbody>\n<tr>\n<td style=\"text-align: center;\" width=\"24\"><span style=\"font-family: times new roman, times, serif; font-size: 10pt;\"><strong>Nr.<\/strong><\/span><\/td>\n<td width=\"142\"><span style=\"font-family: times new roman, times, serif; font-size: 10pt;\"><strong>Vorname (normiert)<\/strong><\/span><\/td>\n<td style=\"text-align: center;\" width=\"71\"><span style=\"font-family: times new roman, times, serif; font-size: 10pt;\"><strong>geboren<\/strong><\/span><\/td>\n<td style=\"text-align: center;\" width=\"71\"><span style=\"font-family: times new roman, times, serif; font-size: 10pt;\"><strong>getauft<\/strong><\/span><\/td>\n<td style=\"text-align: center;\" width=\"69\"><span style=\"font-family: times new roman, times, serif; font-size: 10pt;\"><strong>konfirmiert<\/strong><\/span><\/td>\n<td style=\"text-align: center;\" width=\"68\"><span style=\"font-family: times new roman, times, serif; font-size: 10pt;\"><strong>gestorben<\/strong><\/span><\/td>\n<td style=\"text-align: center;\" width=\"67\"><span style=\"font-family: times new roman, times, serif; font-size: 10pt;\"><strong>begraben<\/strong><\/span><\/td>\n<td style=\"text-align: center;\" width=\"45\"><span style=\"font-family: times new roman, times, serif; font-size: 10pt;\"><strong>Alter<\/strong><\/span><\/td>\n<td style=\"text-align: center;\" width=\"36\"><span style=\"font-family: times new roman, times, serif; font-size: 10pt;\"><strong>Stand<\/strong><\/span><\/td>\n<\/tr>\n<tr>\n<td style=\"text-align: center;\" width=\"24\"><span style=\"font-family: times new roman, times, serif; font-size: 10pt;\">1<\/span><\/td>\n<td width=\"142\"><span style=\"font-family: times new roman, times, serif; font-size: 10pt;\">Quirin<\/span><\/td>\n<td style=\"text-align: center;\" width=\"71\"><span style=\"font-family: times new roman, times, serif; font-size: 10pt;\">20.10.1802<\/span><\/td>\n<td style=\"text-align: center;\" width=\"71\"><span style=\"font-family: times new roman, times, serif; font-size: 10pt;\">21.10.1802<\/span><\/td>\n<td style=\"text-align: center;\" width=\"69\"><\/td>\n<td style=\"text-align: center;\" width=\"68\"><\/td>\n<td style=\"text-align: center;\" width=\"67\"><\/td>\n<td style=\"text-align: center;\" width=\"45\"><\/td>\n<td style=\"text-align: center;\" width=\"36\"><\/td>\n<\/tr>\n<tr>\n<td style=\"text-align: center;\" width=\"24\"><span style=\"font-family: times new roman, times, serif; font-size: 10pt;\">2<\/span><\/td>\n<td width=\"142\"><span style=\"font-family: times new roman, times, serif; font-size: 10pt;\">Johann Daniel<\/span><\/td>\n<td style=\"text-align: center;\" width=\"71\"><span style=\"font-family: times new roman, times, serif; font-size: 10pt;\">02.06.1805<\/span><\/td>\n<td style=\"text-align: center;\" width=\"71\"><span style=\"font-family: times new roman, times, serif; font-size: 10pt;\">04.06.1805<\/span><\/td>\n<td style=\"text-align: center;\" width=\"69\"><\/td>\n<td style=\"text-align: center;\" width=\"68\"><span style=\"font-family: times new roman, times, serif; font-size: 10pt;\">01.02.1809<\/span><\/td>\n<td style=\"text-align: center;\" width=\"67\"><span style=\"font-family: times new roman, times, serif; font-size: 10pt;\">03.02.1809<\/span><\/td>\n<td style=\"text-align: center;\" width=\"45\"><span style=\"font-family: times new roman, times, serif; font-size: 10pt;\">3,67<\/span><\/td>\n<td style=\"text-align: center;\" width=\"36\"><\/td>\n<\/tr>\n<\/tbody>\n<\/table>\n<p><span style=\"font-family: times new roman, times, serif; font-size: 10pt;\">Kind Nr. 1) * D\u00f6rstheck (Pfarrei Spie\u00df)<br \/>\n<\/span><span style=\"font-family: times new roman, times, serif; font-size: 10pt;\">Kind Nr. 2) + an einer Brustkrankheit und Husten<\/span><\/p>\n<p style=\"text-align: justify;\"><span style=\"font-family: times new roman, times, serif; font-size: 10pt;\"><strong>Paten: zu 1) <\/strong><em>Quirinus Caffai et Anna Maria Kaisers ex D\u00fcrstheck <\/em><strong><em>\u2014 <\/em><\/strong><strong>zu 2) <\/strong><em>1) Johann Michael Heuman von Oberwies; 2) Daniel Kaffa, Joh[annes] Kaffa eh[licher] Sohn; 3) Anna Maria, Philipps Zimmermans eh[liche] Tochter<\/em><\/span><\/p>\n<p style=\"text-align: justify;\"><span style=\"font-family: times new roman, times, serif; font-size: 10pt;\"><strong>oo II. 15.10.1809 Singhofen<\/strong> (Singhofen, KB 2, Bild 132 auf archion.de) mit <strong><u>Scheiber<\/u>, Maria Elisabeth: <\/strong>* 1769 Singhofen (lt. Sterbeeintrag, aber nicht im KB Singhofen!); + 22.04.1835 Oberwies, bg. 24.04. (KB Spie\u00df); Tochter des Johann Philipp Scheiber aus Singhofen; <em>In dem Auszuge des H. Pfarrers M\u00f6llers auf dem Spie\u00df fehlte die Angabe des Geburtstages u. der Name der Mutter der Verstorbenen u. soll nach dessen Versicherung beides unbekannt seyn.<\/em><\/span><\/p>\n<table>\n<tbody>\n<tr>\n<td style=\"text-align: center;\" width=\"24\"><span style=\"font-family: times new roman, times, serif; font-size: 10pt;\"><strong>Nr.<\/strong><\/span><\/td>\n<td width=\"142\"><span style=\"font-family: times new roman, times, serif; font-size: 10pt;\"><strong>Vorname (normiert)<\/strong><\/span><\/td>\n<td style=\"text-align: center;\" width=\"71\"><span style=\"font-family: times new roman, times, serif; font-size: 10pt;\"><strong>geboren<\/strong><\/span><\/td>\n<td style=\"text-align: center;\" width=\"71\"><span style=\"font-family: times new roman, times, serif; font-size: 10pt;\"><strong>getauft<\/strong><\/span><\/td>\n<td style=\"text-align: center;\" width=\"69\"><span style=\"font-family: times new roman, times, serif; font-size: 10pt;\"><strong>konfirmiert<\/strong><\/span><\/td>\n<td style=\"text-align: center;\" width=\"68\"><span style=\"font-family: times new roman, times, serif; font-size: 10pt;\"><strong>gestorben<\/strong><\/span><\/td>\n<td style=\"text-align: center;\" width=\"67\"><span style=\"font-family: times new roman, times, serif; font-size: 10pt;\"><strong>begraben<\/strong><\/span><\/td>\n<td style=\"text-align: center;\" width=\"45\"><span style=\"font-family: times new roman, times, serif; font-size: 10pt;\"><strong>Alter<\/strong><\/span><\/td>\n<td style=\"text-align: center;\" width=\"36\"><span style=\"font-family: times new roman, times, serif; font-size: 10pt;\"><strong>Stand<\/strong><\/span><\/td>\n<\/tr>\n<tr>\n<td style=\"text-align: center;\" width=\"24\"><span style=\"font-family: times new roman, times, serif; font-size: 10pt;\">1<\/span><\/td>\n<td width=\"142\"><span style=\"font-family: times new roman, times, serif; font-size: 10pt;\">Philipp Henrich<\/span><\/td>\n<td style=\"text-align: center;\" width=\"71\"><span style=\"font-family: times new roman, times, serif; font-size: 10pt;\">03.11.1812<\/span><\/td>\n<td style=\"text-align: center;\" width=\"71\"><span style=\"font-family: times new roman, times, serif; font-size: 10pt;\">10.11.1812<\/span><\/td>\n<td style=\"text-align: center;\" width=\"69\"><\/td>\n<td style=\"text-align: center;\" width=\"68\"><\/td>\n<td style=\"text-align: center;\" width=\"67\"><\/td>\n<td style=\"text-align: center;\" width=\"45\"><\/td>\n<td style=\"text-align: center;\" width=\"36\"><span style=\"font-family: times new roman, times, serif; font-size: 10pt;\">verh.<\/span><\/td>\n<\/tr>\n<\/tbody>\n<\/table>\n<p style=\"text-align: justify;\"><span style=\"font-family: times new roman, times, serif; font-size: 10pt;\">Kind Nr. 1) kath.; oo 19.06.1837 Spie\u00df mit Dorothea Haas; kath. (* 10.05.1811 Laufenselden (Heidenrod, Rheingau-Taunus-Kreis); Eltern: Philipp Ernst Haas, Kirchenvorsteher, und Anna Margaretha geb. Belz\/Pelz); aber schon prokl. 13.11., 27.11. und 04.12.1836 Spie\u00df und somit zweimal im KB Spie\u00df erfasst!<\/span><\/p>\n<p style=\"text-align: justify;\"><span style=\"font-family: times new roman, times, serif; font-size: 10pt;\"><strong>Paten: <\/strong><em>1) Georg Ph[ilipp] May in Oberwies; 2) Philipp Henrich M\u00fcller, M\u00fcller in der Schweigh\u00e4user M\u00fchle; 3) Marie Catharine, eh[lich]e Tochter And[reas] Kaffa, Hofbest\u00e4nder zu D\u00fcrstheck<\/em><\/span><\/p>\n<hr \/>\n<p><span style=\"font-family: times new roman, times, serif; font-size: 10pt;\"><span style=\"color: #ff0000;\"><strong><u>Sch\u00f6nberg<\/u><\/strong><strong>, Peter:<\/strong> <\/span>Schuhmacher; auf <strong>B\u00fcchenberg<\/strong>; + 16.02.1817 B\u00fcchenberg, morte acceleratus (bg. 18.02.)<\/span><\/p>\n<hr \/>\n<p><span style=\"font-size: 10pt; font-family: times new roman, times, serif;\"><b>Letztes Update: 12. August 2022<\/b><\/span><br \/>\n<span style=\"font-size: 10pt; font-family: times new roman, times, serif;\"><b>Ralph Jackmuth<\/b><\/span><\/p>\n","protected":false},"excerpt":{"rendered":"<p>Sch\u00f6neberg, Johann Henrich:\u00a0: kath.; Hirte in D\u00f6rstheck (1802) und Oberwies (1805); * 22.01.1777 Singhofen; + 10.07.1847 Oberwies, bg, 13.07. (KB Spie\u00df); Eltern: Johann Philipp Sch\u00f6nberger, Bauer, und Gertrud (lt. Sterbeeintrag) o-o mit Friesenhahn, Maria Magdalena: aus Scheuern (VG Bad Ems-Nassau, Rhein-Lahn-Kreis); auf Kirchheimersborn (Pfarrei Spie\u00df) Nr. VN normiert Geburt Taufe gefirmt gestorben begraben Alter Stand &hellip; <a href=\"https:\/\/www.ahnenforschung-jackmuth.de\/?page_id=8950\" class=\"more-link\"><span class=\"screen-reader-text\">\u201eOFB Spie\u00df &#8211; Sch\u00f6neberg\u201c<\/span> weiterlesen<\/a><\/p>\n","protected":false},"author":1,"featured_media":0,"parent":0,"menu_order":0,"comment_status":"closed","ping_status":"closed","template":"","meta":{"footnotes":""},"class_list":["post-8950","page","type-page","status-publish","hentry"],"_links":{"self":[{"href":"https:\/\/www.ahnenforschung-jackmuth.de\/index.php?rest_route=\/wp\/v2\/pages\/8950","targetHints":{"allow":["GET"]}}],"collection":[{"href":"https:\/\/www.ahnenforschung-jackmuth.de\/index.php?rest_route=\/wp\/v2\/pages"}],"about":[{"href":"https:\/\/www.ahnenforschung-jackmuth.de\/index.php?rest_route=\/wp\/v2\/types\/page"}],"author":[{"embeddable":true,"href":"https:\/\/www.ahnenforschung-jackmuth.de\/index.php?rest_route=\/wp\/v2\/users\/1"}],"replies":[{"embeddable":true,"href":"https:\/\/www.ahnenforschung-jackmuth.de\/index.php?rest_route=%2Fwp%2Fv2%2Fcomments&post=8950"}],"version-history":[{"count":0,"href":"https:\/\/www.ahnenforschung-jackmuth.de\/index.php?rest_route=\/wp\/v2\/pages\/8950\/revisions"}],"wp:attachment":[{"href":"https:\/\/www.ahnenforschung-jackmuth.de\/index.php?rest_route=%2Fwp%2Fv2%2Fmedia&parent=8950"}],"curies":[{"name":"wp","href":"https:\/\/api.w.org\/{rel}","templated":true}]}}