{"id":8932,"date":"2021-09-15T12:38:00","date_gmt":"2021-09-15T12:38:00","guid":{"rendered":"http:\/\/www.ahnenforschung-jackmuth.de\/?page_id=8932"},"modified":"2022-08-12T15:24:10","modified_gmt":"2022-08-12T15:24:10","slug":"ofb-spiess-pink","status":"publish","type":"page","link":"https:\/\/www.ahnenforschung-jackmuth.de\/?page_id=8932","title":{"rendered":"OFB Spie\u00df &#8211; Pink"},"content":{"rendered":"<p style=\"text-align: justify;\"><span style=\"font-family: times new roman, times, serif; font-size: 10pt;\"><span style=\"color: #ff0000;\"><strong><u>Pink<\/u><\/strong><strong>, Johann Quirin:<\/strong> <\/span>Hofmann auf <strong>Buchholz<\/strong> (1769, 1774), dann <strong>Kirchheimersborn<\/strong>; * 20.06.1741 Rhens; + 27.04.1806 Kirchheimersborn (bg. 28.04.); Eltern: Johannes Pink und Margaretha Neys\/Artz (+ 01.02.1780 Rhens) in Rhens (OFB Rhens, Nr. P\/19)<\/span><\/p>\n<p style=\"text-align: justify;\"><span style=\"font-family: times new roman, times, serif; font-size: 10pt;\"><strong>oo 17.11.1767 Spie\u00df<\/strong> (Trauzeugen: <em>Joan Peter Lansroth, Joannes Pinck, Hubertus Lansroth cum multis aliis<\/em>) mit <strong><u>Landsroth geb. Caffay<\/u>, Maria Dorothea:<\/strong> * 12.07.1732 Grenzloch (gt. 13.07.); + 21.11.1800 Kirchheimersborn (bg. 23.11.); Eltern: Franz Caffay und Anna Katharina geb. Eich; oo I. 26.12.1753 Spie\u00df mit Johannes Landsroth vom Hof Buchholz (+ 22.03.1767)<\/span><\/p>\n<table>\n<tbody>\n<tr>\n<td style=\"text-align: center;\" width=\"24\"><span style=\"font-family: times new roman, times, serif; font-size: 10pt;\"><strong>Nr.<\/strong><\/span><\/td>\n<td width=\"142\"><span style=\"font-family: times new roman, times, serif; font-size: 10pt;\"><strong>Vorname (normiert)<\/strong><\/span><\/td>\n<td style=\"text-align: center;\" width=\"71\"><span style=\"font-family: times new roman, times, serif; font-size: 10pt;\"><strong>geboren<\/strong><\/span><\/td>\n<td style=\"text-align: center;\" width=\"71\"><span style=\"font-family: times new roman, times, serif; font-size: 10pt;\"><strong>getauft<\/strong><\/span><\/td>\n<td style=\"text-align: center;\" width=\"69\"><span style=\"font-family: times new roman, times, serif; font-size: 10pt;\"><strong>gefirmt<\/strong><\/span><\/td>\n<td style=\"text-align: center;\" width=\"68\"><span style=\"font-family: times new roman, times, serif; font-size: 10pt;\"><strong>gestorben<\/strong><\/span><\/td>\n<td style=\"text-align: center;\" width=\"67\"><span style=\"font-family: times new roman, times, serif; font-size: 10pt;\"><strong>begraben<\/strong><\/span><\/td>\n<td style=\"text-align: center;\" width=\"45\"><span style=\"font-family: times new roman, times, serif; font-size: 10pt;\"><strong>Alter<\/strong><\/span><\/td>\n<td style=\"text-align: center;\" width=\"36\"><span style=\"font-family: times new roman, times, serif; font-size: 10pt;\"><strong>Stand<\/strong><\/span><\/td>\n<\/tr>\n<tr>\n<td style=\"text-align: center;\" width=\"24\"><span style=\"font-family: times new roman, times, serif; font-size: 10pt;\">1<\/span><\/td>\n<td width=\"142\"><span style=\"font-family: times new roman, times, serif; font-size: 10pt;\">Johannes<\/span><\/td>\n<td style=\"text-align: center;\" width=\"71\"><span style=\"font-family: times new roman, times, serif; font-size: 10pt;\">04.04.1769<\/span><\/td>\n<td style=\"text-align: center;\" width=\"71\"><span style=\"font-family: times new roman, times, serif; font-size: 10pt;\">06.04.1769<\/span><\/td>\n<td style=\"text-align: center;\" width=\"69\"><span style=\"font-family: times new roman, times, serif; font-size: 10pt;\">1782<\/span><\/td>\n<td style=\"text-align: center;\" width=\"68\"><span style=\"font-family: times new roman, times, serif; font-size: 10pt;\">15.04.1821<\/span><\/td>\n<td style=\"text-align: center;\" width=\"67\"><span style=\"font-family: times new roman, times, serif; font-size: 10pt;\">17.04.1821<\/span><\/td>\n<td style=\"text-align: center;\" width=\"45\"><span style=\"font-family: times new roman, times, serif; font-size: 10pt;\">52,06<\/span><\/td>\n<td style=\"text-align: center;\" width=\"36\"><span style=\"font-family: times new roman, times, serif; font-size: 10pt;\">verh.<\/span><\/td>\n<\/tr>\n<tr>\n<td style=\"text-align: center;\"><span style=\"font-family: times new roman, times, serif; font-size: 10pt;\">2<\/span><\/td>\n<td><span style=\"font-family: times new roman, times, serif; font-size: 10pt;\">Anna<\/span><\/td>\n<td style=\"text-align: center;\"><span style=\"font-family: times new roman, times, serif; font-size: 10pt;\">09.07.1771<\/span><\/td>\n<td style=\"text-align: center;\"><span style=\"font-family: times new roman, times, serif; font-size: 10pt;\">11.07.1771<\/span><\/td>\n<td style=\"text-align: center;\"><span style=\"font-family: times new roman, times, serif; font-size: 10pt;\">1782<\/span><\/td>\n<td style=\"text-align: center;\"><\/td>\n<td style=\"text-align: center;\"><\/td>\n<td style=\"text-align: center;\"><\/td>\n<td style=\"text-align: center;\"><span style=\"font-family: times new roman, times, serif; font-size: 10pt;\">verh.<\/span><\/td>\n<\/tr>\n<tr>\n<td style=\"text-align: center;\"><span style=\"font-family: times new roman, times, serif; font-size: 10pt;\">3<\/span><\/td>\n<td><span style=\"font-family: times new roman, times, serif; font-size: 10pt;\">Johann Peter<\/span><\/td>\n<td style=\"text-align: center;\"><span style=\"font-family: times new roman, times, serif; font-size: 10pt;\">13.06.1774<\/span><\/td>\n<td style=\"text-align: center;\"><span style=\"font-family: times new roman, times, serif; font-size: 10pt;\">15.06.1774<\/span><\/td>\n<td style=\"text-align: center;\"><span style=\"font-family: times new roman, times, serif; font-size: 10pt;\">07.05.1786<\/span><\/td>\n<td style=\"text-align: center;\"><span style=\"font-family: times new roman, times, serif; font-size: 10pt;\">16.01.1814<\/span><\/td>\n<td style=\"text-align: center;\"><span style=\"font-family: times new roman, times, serif; font-size: 10pt;\">18.01.1814<\/span><\/td>\n<td style=\"text-align: center;\"><span style=\"font-family: times new roman, times, serif; font-size: 10pt;\">39,62<\/span><\/td>\n<td style=\"text-align: center;\"><\/td>\n<\/tr>\n<\/tbody>\n<\/table>\n<p style=\"text-align: justify;\"><span style=\"font-family: times new roman, times, serif; font-size: 10pt;\">Kind Nr. 1) Firmpate: irgendein Kaplan (<em>patrinus fuit aliquis R[everendus] D[ominus] sacellanus<\/em>); + Buchholz, starb ohne Empfang der Sterbesakramente; hinterl\u00e4sst eine Witwe und einen Sohn von 21 Jahren; oo 16.10.1798 Spie\u00df mit Anna Maria Bernd verw. Kaesing<br \/>\n<\/span><span style=\"font-family: times new roman, times, serif; font-size: 10pt;\">Kind Nr. 2) Firmpatin: irgend eine Person, dem Pfarrer unbekannt (<em>matrina fuit aliqua persona, ipsis ignota<\/em>); oo 27.11.1810 Arenberg mit Johannes Zappey vom Spie\u00df (OFB Arenberg-Immendorf, S. 186)<br \/>\n<\/span><span style=\"font-family: times new roman, times, serif; font-size: 10pt;\">Kind Nr. 3) Firmpate: Georg Frank von der Kirchheimersborn<\/span><\/p>\n<p style=\"text-align: justify;\"><span style=\"font-family: times new roman, times, serif; font-size: 10pt;\"><strong>Paten: zu 1)<\/strong> <em>Joannes Pinck, civis ex Rhens, et Maria Christina Eschin ex Gr\u00e4ntzlock <\/em><strong><em>\u2014 <\/em><\/strong><strong>zu 2) <\/strong><em>Anna Thielin ex villa Graentzloch et Philippus Pinck ex Rhens <\/em><strong><em>\u2014 <\/em><\/strong><strong>zu 3) <\/strong><em>Joannes Petrus Goebel ex molendino prope Schweickhausen et Maria Catharina Dommermuth ex domo de Baring vulgo Maynzerhaus<\/em><\/span><\/p>\n<hr \/>\n<p><span style=\"font-family: times new roman, times, serif; font-size: 10pt;\"><span style=\"color: #ff0000;\"><strong><u>Pink<\/u><\/strong><strong>, Maria Dorothea:<\/strong> <\/span>gefirmt 1772<\/span><\/p>\n<hr \/>\n<p style=\"text-align: justify;\"><span style=\"font-family: times new roman, times, serif; font-size: 10pt;\"><span style=\"color: #ff0000;\"><strong><u>Pink<\/u><\/strong><strong>, Johannes:<\/strong> <\/span>auf dem <strong>Wintersberg<\/strong>; * 04.04.1769 Buchholz (gt. 06.04.); + 15.04.1821 Buchholz (bg. 17.04.); Eltern: Johann Quirin Pink und Maria Dorothea Landsroth geb. Caffay<\/span><\/p>\n<p style=\"text-align: justify;\"><span style=\"font-family: times new roman, times, serif; font-size: 10pt;\"><strong>oo 16.10.1798 Spie\u00df<\/strong> mit <strong><u>Kaesing<\/u> geb. Bernd, Anna Maria:<\/strong> aus Nievern; * 20.05.1756 Nievern (gt. 22.05.); + 30.01.1840 Spie\u00df (bg. 01.02.); Eltern: Leonhard Bernd, H\u00fcttenarbeiter (lt. Sterbeeintrag 1840), und Margaretha Latour (OFB Nievern, Nr. 126); oo I. 29.04.1788 Spie\u00df mit Andreas Kaesing vom Wintersberg (+ 13.07.1798 Wintersberg)<\/span><\/p>\n<table>\n<tbody>\n<tr>\n<td style=\"text-align: center;\" width=\"24\"><span style=\"font-family: times new roman, times, serif; font-size: 10pt;\"><strong>Nr.<\/strong><\/span><\/td>\n<td width=\"142\"><span style=\"font-family: times new roman, times, serif; font-size: 10pt;\"><strong>Vorname (normiert)<\/strong><\/span><\/td>\n<td style=\"text-align: center;\" width=\"71\"><span style=\"font-family: times new roman, times, serif; font-size: 10pt;\"><strong>geboren<\/strong><\/span><\/td>\n<td style=\"text-align: center;\" width=\"71\"><span style=\"font-family: times new roman, times, serif; font-size: 10pt;\"><strong>getauft<\/strong><\/span><\/td>\n<td style=\"text-align: center;\" width=\"69\"><span style=\"font-family: times new roman, times, serif; font-size: 10pt;\"><strong>gefirmt<\/strong><\/span><\/td>\n<td style=\"text-align: center;\" width=\"68\"><span style=\"font-family: times new roman, times, serif; font-size: 10pt;\"><strong>gestorben<\/strong><\/span><\/td>\n<td style=\"text-align: center;\" width=\"67\"><span style=\"font-family: times new roman, times, serif; font-size: 10pt;\"><strong>begraben<\/strong><\/span><\/td>\n<td style=\"text-align: center;\" width=\"45\"><span style=\"font-family: times new roman, times, serif; font-size: 10pt;\"><strong>Alter<\/strong><\/span><\/td>\n<td style=\"text-align: center;\" width=\"36\"><span style=\"font-family: times new roman, times, serif; font-size: 10pt;\"><strong>Stand<\/strong><\/span><\/td>\n<\/tr>\n<tr>\n<td style=\"text-align: center;\" width=\"24\"><span style=\"font-family: times new roman, times, serif; font-size: 10pt;\">1<\/span><\/td>\n<td width=\"142\"><span style=\"font-family: times new roman, times, serif; font-size: 10pt;\">Heinrich<\/span><\/td>\n<td style=\"text-align: center;\" width=\"71\"><span style=\"font-family: times new roman, times, serif; font-size: 10pt;\">08.08.1799<\/span><\/td>\n<td style=\"text-align: center;\" width=\"71\"><span style=\"font-family: times new roman, times, serif; font-size: 10pt;\">10.08.1799<\/span><\/td>\n<td style=\"text-align: center;\" width=\"69\"><span style=\"font-family: times new roman, times, serif; font-size: 10pt;\">undatiert<\/span><\/td>\n<td style=\"text-align: center;\" width=\"68\"><\/td>\n<td style=\"text-align: center;\" width=\"67\"><\/td>\n<td style=\"text-align: center;\" width=\"45\"><\/td>\n<td style=\"text-align: center;\" width=\"36\"><span style=\"font-family: times new roman, times, serif; font-size: 10pt;\">verh.<\/span><\/td>\n<\/tr>\n<\/tbody>\n<\/table>\n<p style=\"text-align: justify;\"><span style=\"font-family: times new roman, times, serif; font-size: 10pt;\">Kind Nr. 1) undatiert in der Gefirmtenliste (nach 20.04.1788); oo 01.04.1823 Spie\u00df mit Anna Maria Berg (* 05.04.1800 Attenhausen (Ems-Nassau, Rhein-Lahn-Kreis); Eltern: Nikolaus Berg, Schmiedmeister in Attenhausen, und Anna Margaretha geb. Pfeiffer)<\/span><\/p>\n<p style=\"text-align: justify;\"><span style=\"font-family: times new roman, times, serif; font-size: 10pt;\"><strong>Paten:<\/strong> <em>Henricus Landsroth et Anna Pinck ex Kirschmerborn<\/em><\/span><\/p>\n<hr \/>\n<p style=\"text-align: justify;\"><span style=\"font-family: times new roman, times, serif; font-size: 10pt;\"><span style=\"color: #ff0000;\"><strong><u> Pink<\/u><\/strong><strong>, Heinrich:<\/strong> <\/span>Tagel\u00f6hner auf dem <strong>Wintersberg<\/strong> (1825), auf dem <strong>Heinrichshof<\/strong> (1829, 1831, 1834) und auf <strong>Kirchheimersborn<\/strong> (1837); * 08.08.1799 Wintersberg (gt. 10.08.); Eltern: Johannes Pink und Anna Maria Kaesing geb. Bernd<\/span><\/p>\n<p style=\"text-align: justify;\"><span style=\"font-family: times new roman, times, serif; font-size: 10pt;\"><strong>oo 01.04.1823<\/strong> <strong>Spie\u00df<\/strong> mit <strong><u>Berg<\/u>, Anna Maria:<\/strong> * 05.04.1800 Attenhausen (Ems-Nassau, Rhein-Lahn-Kreis); gefirmt 29.07.1828, Firmpatin: Frau Grisar aus Nievern; Eltern: Nikolaus Berg, Schmiedmeister in Attenhausen, und Anna Margaretha geb. Pfeiffer<\/span><\/p>\n<table>\n<tbody>\n<tr>\n<td style=\"text-align: center;\" width=\"24\"><span style=\"font-family: times new roman, times, serif; font-size: 10pt;\"><strong>Nr.<\/strong><\/span><\/td>\n<td width=\"142\"><span style=\"font-family: times new roman, times, serif; font-size: 10pt;\"><strong>Vorname (normiert)<\/strong><\/span><\/td>\n<td style=\"text-align: center;\" width=\"71\"><span style=\"font-family: times new roman, times, serif; font-size: 10pt;\"><strong>geboren<\/strong><\/span><\/td>\n<td style=\"text-align: center;\" width=\"71\"><span style=\"font-family: times new roman, times, serif; font-size: 10pt;\"><strong>getauft<\/strong><\/span><\/td>\n<td style=\"text-align: center;\" width=\"69\"><span style=\"font-family: times new roman, times, serif; font-size: 10pt;\"><strong>gefirmt<\/strong><\/span><\/td>\n<td style=\"text-align: center;\" width=\"68\"><span style=\"font-family: times new roman, times, serif; font-size: 10pt;\"><strong>gestorben<\/strong><\/span><\/td>\n<td style=\"text-align: center;\" width=\"67\"><span style=\"font-family: times new roman, times, serif; font-size: 10pt;\"><strong>begraben<\/strong><\/span><\/td>\n<td style=\"text-align: center;\" width=\"45\"><span style=\"font-family: times new roman, times, serif; font-size: 10pt;\"><strong>Alter<\/strong><\/span><\/td>\n<td style=\"text-align: center;\" width=\"36\"><span style=\"font-family: times new roman, times, serif; font-size: 10pt;\"><strong>Stand<\/strong><\/span><\/td>\n<\/tr>\n<tr>\n<td style=\"text-align: center;\" width=\"24\"><span style=\"font-family: times new roman, times, serif; font-size: 10pt;\">1<\/span><\/td>\n<td width=\"142\"><span style=\"font-family: times new roman, times, serif; font-size: 10pt;\">Christian (illeg.)<\/span><\/td>\n<td style=\"text-align: center;\" width=\"71\"><span style=\"font-family: times new roman, times, serif; font-size: 10pt;\">25.12.1822<\/span><\/td>\n<td style=\"text-align: center;\" width=\"71\"><span style=\"font-family: times new roman, times, serif; font-size: 10pt;\">06.01.1823<\/span><\/td>\n<td style=\"text-align: center;\" width=\"69\"><\/td>\n<td style=\"text-align: center;\" width=\"68\"><\/td>\n<td style=\"text-align: center;\" width=\"67\"><\/td>\n<td style=\"text-align: center;\" width=\"45\"><\/td>\n<td style=\"text-align: center;\" width=\"36\"><\/td>\n<\/tr>\n<tr>\n<td style=\"text-align: center;\" width=\"24\"><span style=\"font-family: times new roman, times, serif; font-size: 10pt;\">2<\/span><\/td>\n<td width=\"142\"><span style=\"font-family: times new roman, times, serif; font-size: 10pt;\">Luise<\/span><\/td>\n<td style=\"text-align: center;\" width=\"71\"><span style=\"font-family: times new roman, times, serif; font-size: 10pt;\">29.05.1825<\/span><\/td>\n<td style=\"text-align: center;\" width=\"71\"><span style=\"font-family: times new roman, times, serif; font-size: 10pt;\">05.06.1825<\/span><\/td>\n<td style=\"text-align: center;\" width=\"69\"><\/td>\n<td style=\"text-align: center;\" width=\"68\"><\/td>\n<td style=\"text-align: center;\" width=\"67\"><\/td>\n<td style=\"text-align: center;\" width=\"45\"><\/td>\n<td style=\"text-align: center;\" width=\"36\"><\/td>\n<\/tr>\n<tr>\n<td style=\"text-align: center;\" width=\"24\"><span style=\"font-family: times new roman, times, serif; font-size: 10pt;\">3<\/span><\/td>\n<td width=\"142\"><span style=\"font-family: times new roman, times, serif; font-size: 10pt;\">Johann Adam<\/span><\/td>\n<td style=\"text-align: center;\" width=\"71\"><span style=\"font-family: times new roman, times, serif; font-size: 10pt;\">25.01.1829<\/span><\/td>\n<td style=\"text-align: center;\" width=\"71\"><span style=\"font-family: times new roman, times, serif; font-size: 10pt;\">02.02.1829<\/span><\/td>\n<td style=\"text-align: center;\" width=\"69\"><\/td>\n<td style=\"text-align: center;\" width=\"68\"><\/td>\n<td style=\"text-align: center;\" width=\"67\"><\/td>\n<td style=\"text-align: center;\" width=\"45\"><\/td>\n<td style=\"text-align: center;\" width=\"36\"><\/td>\n<\/tr>\n<tr>\n<td style=\"text-align: center;\" width=\"24\"><span style=\"font-family: times new roman, times, serif; font-size: 10pt;\">4<\/span><\/td>\n<td width=\"142\"><span style=\"font-family: times new roman, times, serif; font-size: 10pt;\">Marianne<\/span><\/td>\n<td style=\"text-align: center;\" width=\"71\"><span style=\"font-family: times new roman, times, serif; font-size: 10pt;\">30.09.1831<\/span><\/td>\n<td style=\"text-align: center;\" width=\"71\"><span style=\"font-family: times new roman, times, serif; font-size: 10pt;\">01.10.1831<\/span><\/td>\n<td style=\"text-align: center;\" width=\"69\"><\/td>\n<td style=\"text-align: center;\" width=\"68\"><\/td>\n<td style=\"text-align: center;\" width=\"67\"><\/td>\n<td style=\"text-align: center;\" width=\"45\"><\/td>\n<td style=\"text-align: center;\" width=\"36\"><\/td>\n<\/tr>\n<tr>\n<td style=\"text-align: center;\" width=\"24\"><span style=\"font-family: times new roman, times, serif; font-size: 10pt;\">5<\/span><\/td>\n<td width=\"142\"><span style=\"font-family: times new roman, times, serif; font-size: 10pt;\">Anna Maria<\/span><\/td>\n<td style=\"text-align: center;\" width=\"71\"><span style=\"font-family: times new roman, times, serif; font-size: 10pt;\">27.04.1834<\/span><\/td>\n<td style=\"text-align: center;\" width=\"71\"><span style=\"font-family: times new roman, times, serif; font-size: 10pt;\">11.05.1834<\/span><\/td>\n<td style=\"text-align: center;\" width=\"69\"><\/td>\n<td style=\"text-align: center;\" width=\"68\"><\/td>\n<td style=\"text-align: center;\" width=\"67\"><\/td>\n<td style=\"text-align: center;\" width=\"45\"><\/td>\n<td style=\"text-align: center;\" width=\"36\"><\/td>\n<\/tr>\n<tr>\n<td style=\"text-align: center;\" width=\"24\"><span style=\"font-family: times new roman, times, serif; font-size: 10pt;\">6<\/span><\/td>\n<td width=\"142\"><span style=\"font-family: times new roman, times, serif; font-size: 10pt;\">Anton<\/span><\/td>\n<td style=\"text-align: center;\" width=\"71\"><span style=\"font-family: times new roman, times, serif; font-size: 10pt;\">27.03.1837<\/span><\/td>\n<td style=\"text-align: center;\" width=\"71\"><span style=\"font-family: times new roman, times, serif; font-size: 10pt;\">02.04.1837<\/span><\/td>\n<td style=\"text-align: center;\" width=\"69\"><\/td>\n<td style=\"text-align: center;\" width=\"68\"><\/td>\n<td style=\"text-align: center;\" width=\"67\"><\/td>\n<td style=\"text-align: center;\" width=\"45\"><\/td>\n<td style=\"text-align: center;\" width=\"36\"><\/td>\n<\/tr>\n<\/tbody>\n<\/table>\n<p><span style=\"font-family: times new roman, times, serif; font-size: 10pt;\">Kind Nr. 1), 2) * Wintersberg<br \/>\n<\/span><span style=\"font-family: times new roman, times, serif; font-size: 10pt;\">Kind Nr. 3), 4) * Heinrichshof<br \/>\n<\/span><span style=\"font-family: times new roman, times, serif; font-size: 10pt;\">Kind Nr. 5), 6) * Kirchheimersborn<br \/>\n<\/span><\/p>\n<p style=\"text-align: justify;\"><span style=\"font-family: times new roman, times, serif; font-size: 10pt;\"><strong>Paten: zu 1) <\/strong><em>1) Johann, Sohn des Hofmanns Heinrich Hermann; 2) Christina, Tochter des verstorbenen Hofmanns Peter Zapp; beide wohnhaft auf dem Spies <\/em><strong><em>\u2014 <\/em><\/strong><strong>zu 2) <\/strong><em>1) Mathias H\u00f6rter, Knecht auf dem Heinrichshofe; 2) Luise Berg, ledig und wohnhaft zu Attenhausen <\/em><strong><em>\u2014 <\/em><\/strong><strong>zu 3) <\/strong><em>1) Adam Schr\u00f6der vom Kirschheimersborn; 2) Margaretha Landsrath vom Heinrichshofe; beide ledigen Standes <\/em><strong><em>\u2014 <\/em><\/strong><strong>zu 4) <\/strong><em>1) Mariane Kessing zu Spie\u00df; 2) Georg Berg von Attenhausen, ledig <\/em><strong><em>\u2014 <\/em><\/strong><strong>zu 5) <\/strong><em>1) Anna Maria Schr\u00f6der; und 2) Joseph Eysenbarth; beide ledig und von Kirschmersborn <\/em><strong><em>\u2014 <\/em><\/strong><strong>zu 6) <\/strong><em>1) Anton, lediger Sohn der ledigen Mariane Schleimer zu Kirschmersborn; und 2) Elisabetha, ledige Tochter des Kirchenrechners Johann Zimmermann von Buchholz<\/em><\/span><\/p>\n<hr \/>\n<p><span style=\"font-size: 10pt; font-family: times new roman, times, serif;\"><b>Letztes Update: 12. August 2022<\/b><\/span><br \/>\n<span style=\"font-size: 10pt; font-family: times new roman, times, serif;\"><b>Ralph Jackmuth<\/b><\/span><\/p>\n","protected":false},"excerpt":{"rendered":"<p>Pink, Johann Quirin: Hofmann auf Buchholz (1769, 1774), dann Kirchheimersborn; * 20.06.1741 Rhens; + 27.04.1806 Kirchheimersborn (bg. 28.04.); Eltern: Johannes Pink und Margaretha Neys\/Artz (+ 01.02.1780 Rhens) in Rhens (OFB Rhens, Nr. P\/19) oo 17.11.1767 Spie\u00df (Trauzeugen: Joan Peter Lansroth, Joannes Pinck, Hubertus Lansroth cum multis aliis) mit Landsroth geb. Caffay, Maria Dorothea: * 12.07.1732 &hellip; <a href=\"https:\/\/www.ahnenforschung-jackmuth.de\/?page_id=8932\" class=\"more-link\"><span class=\"screen-reader-text\">\u201eOFB Spie\u00df &#8211; Pink\u201c<\/span> weiterlesen<\/a><\/p>\n","protected":false},"author":1,"featured_media":0,"parent":0,"menu_order":0,"comment_status":"closed","ping_status":"closed","template":"","meta":{"footnotes":""},"class_list":["post-8932","page","type-page","status-publish","hentry"],"_links":{"self":[{"href":"https:\/\/www.ahnenforschung-jackmuth.de\/index.php?rest_route=\/wp\/v2\/pages\/8932","targetHints":{"allow":["GET"]}}],"collection":[{"href":"https:\/\/www.ahnenforschung-jackmuth.de\/index.php?rest_route=\/wp\/v2\/pages"}],"about":[{"href":"https:\/\/www.ahnenforschung-jackmuth.de\/index.php?rest_route=\/wp\/v2\/types\/page"}],"author":[{"embeddable":true,"href":"https:\/\/www.ahnenforschung-jackmuth.de\/index.php?rest_route=\/wp\/v2\/users\/1"}],"replies":[{"embeddable":true,"href":"https:\/\/www.ahnenforschung-jackmuth.de\/index.php?rest_route=%2Fwp%2Fv2%2Fcomments&post=8932"}],"version-history":[{"count":0,"href":"https:\/\/www.ahnenforschung-jackmuth.de\/index.php?rest_route=\/wp\/v2\/pages\/8932\/revisions"}],"wp:attachment":[{"href":"https:\/\/www.ahnenforschung-jackmuth.de\/index.php?rest_route=%2Fwp%2Fv2%2Fmedia&parent=8932"}],"curies":[{"name":"wp","href":"https:\/\/api.w.org\/{rel}","templated":true}]}}