{"id":8905,"date":"2021-09-15T11:43:30","date_gmt":"2021-09-15T11:43:30","guid":{"rendered":"http:\/\/www.ahnenforschung-jackmuth.de\/?page_id=8905"},"modified":"2022-08-12T13:34:34","modified_gmt":"2022-08-12T13:34:34","slug":"ofb-spiess-massenkeil","status":"publish","type":"page","link":"https:\/\/www.ahnenforschung-jackmuth.de\/?page_id=8905","title":{"rendered":"OFB Spie\u00df &#8211; Massenkeil"},"content":{"rendered":"<p><span style=\"font-family: times new roman, times, serif; font-size: 10pt;\"><em>Meissenkeil, Meisenkiel<\/em><\/span><\/p>\n<p style=\"text-align: justify;\"><span style=\"font-family: times new roman, times, serif; font-size: 10pt;\"><span style=\"color: #ff0000;\"><strong><u>Massenkeil<\/u><\/strong><strong>, Johann Andreas:<\/strong> <\/span>Bergmann; auf <strong>Buchenberg<\/strong> (1811); * 26.02.1782 H\u00f6mberg (Pfarrei Nassau); gt. 27.02.1782 Nassau; konf. 28.03.1793 Fr\u00fccht; + 06.02.1839 H\u00f6mberg; bg. 08.02.1839 Nassau (Bem. im Sterbeeintrag: <em>Der Verstorbene war in die Ehe getreten mit Eva Frank vom Kirschheimersborn im Amte Braubach und hinterl\u00e4\u00dft au\u00dfer derselben f\u00fcnf Kinder<\/em>); Eltern: Johann Heinrich Massenkeil und Maria Margaretha geb. Maus (<a href=\"http:\/\/www.ahnenforschung-jackmuth.de\/?page_id=4761\">s. OFB Fr\u00fccht<\/a>)<\/span><\/p>\n<p style=\"text-align: justify;\"><span style=\"font-family: times new roman, times, serif; font-size: 10pt;\"><strong>oo 05.07.1808 Spie\u00df <\/strong>mit <strong><u>Franck<\/u>, Maria Eva:<\/strong> * 03.04.1778 Kirchheimersborn (gt. 05.04.); + 18.04.1852 in &#8230; (Amt Nassau) Eltern: Wilhelm Franck und Anna Margaretha geb. Oppenh\u00e4user<\/span><\/p>\n<table>\n<tbody>\n<tr>\n<td style=\"text-align: center;\" width=\"29\"><span style=\"font-family: times new roman, times, serif; font-size: 10pt;\"><strong>Nr.<\/strong><\/span><\/td>\n<td width=\"145\"><span style=\"font-family: times new roman, times, serif; font-size: 10pt;\"><strong>VN normiert<\/strong><\/span><\/td>\n<td style=\"text-align: center;\" width=\"66\"><span style=\"font-family: times new roman, times, serif; font-size: 10pt;\"><strong>Geburt<\/strong><\/span><\/td>\n<td style=\"text-align: center;\" width=\"74\"><span style=\"font-family: times new roman, times, serif; font-size: 10pt;\"><strong>Taufe<\/strong><\/span><\/td>\n<td style=\"text-align: center;\" width=\"68\"><span style=\"font-family: times new roman, times, serif; font-size: 10pt;\"><strong>gefirmt<\/strong><\/span><\/td>\n<td style=\"text-align: center;\" width=\"67\"><span style=\"font-family: times new roman, times, serif; font-size: 10pt;\"><strong>gestorben<\/strong><\/span><\/td>\n<td style=\"text-align: center;\" width=\"67\"><span style=\"font-family: times new roman, times, serif; font-size: 10pt;\"><strong>begraben<\/strong><\/span><\/td>\n<td style=\"text-align: center;\" width=\"43\"><span style=\"font-family: times new roman, times, serif; font-size: 10pt;\"><strong>Alter<\/strong><\/span><\/td>\n<td style=\"text-align: center;\" width=\"48\"><span style=\"font-family: times new roman, times, serif; font-size: 10pt;\"><strong>Stand<\/strong><\/span><\/td>\n<\/tr>\n<tr>\n<td style=\"text-align: center;\" width=\"29\"><span style=\"font-family: times new roman, times, serif; font-size: 10pt;\">1<\/span><\/td>\n<td width=\"145\"><span style=\"font-family: times new roman, times, serif; font-size: 10pt;\">Johannes<\/span><\/td>\n<td style=\"text-align: center;\" width=\"66\"><span style=\"font-family: times new roman, times, serif; font-size: 10pt;\">12.05.1808<\/span><\/td>\n<td style=\"text-align: center;\" width=\"74\"><span style=\"font-family: times new roman, times, serif; font-size: 10pt;\">13.05.1808<\/span><\/td>\n<td style=\"text-align: center;\" width=\"68\">&nbsp;<\/td>\n<td style=\"text-align: center;\" width=\"67\">&nbsp;<\/td>\n<td style=\"text-align: center;\" width=\"67\">&nbsp;<\/td>\n<td style=\"text-align: center;\" width=\"43\">&nbsp;<\/td>\n<td style=\"text-align: center;\" width=\"48\">&nbsp;<\/td>\n<\/tr>\n<tr>\n<td style=\"text-align: center;\" width=\"29\"><span style=\"font-family: times new roman, times, serif; font-size: 10pt;\">2<\/span><\/td>\n<td width=\"145\"><span style=\"font-family: times new roman, times, serif; font-size: 10pt;\">Anton<\/span><\/td>\n<td style=\"text-align: center;\" width=\"66\"><span style=\"font-family: times new roman, times, serif; font-size: 10pt;\">23.03.1811<\/span><\/td>\n<td style=\"text-align: center;\" width=\"74\"><span style=\"font-family: times new roman, times, serif; font-size: 10pt;\">24.03.1811<\/span><\/td>\n<td style=\"text-align: center;\" width=\"68\">&nbsp;<\/td>\n<td style=\"text-align: center;\" width=\"67\">&nbsp;<\/td>\n<td style=\"text-align: center;\" width=\"67\">&nbsp;<\/td>\n<td style=\"text-align: center;\" width=\"43\">&nbsp;<\/td>\n<td style=\"text-align: center;\" width=\"48\">&nbsp;<\/td>\n<\/tr>\n<tr>\n<td style=\"text-align: center;\" width=\"29\"><span style=\"font-family: times new roman, times, serif; font-size: 10pt;\">3<\/span><\/td>\n<td width=\"145\"><span style=\"font-family: times new roman, times, serif; font-size: 10pt;\">Andreas<\/span><\/td>\n<td style=\"text-align: center;\" width=\"66\"><span style=\"font-family: times new roman, times, serif; font-size: 10pt;\">09.07.1814<\/span><\/td>\n<td style=\"text-align: center;\" width=\"74\"><span style=\"font-family: times new roman, times, serif; font-size: 10pt;\">17.07.1814<\/span><\/td>\n<td style=\"text-align: center;\" width=\"68\">&nbsp;<\/td>\n<td style=\"text-align: center;\" width=\"67\">&nbsp;<\/td>\n<td style=\"text-align: center;\" width=\"67\">&nbsp;<\/td>\n<td style=\"text-align: center;\" width=\"43\">&nbsp;<\/td>\n<td style=\"text-align: center;\" width=\"48\">&nbsp;<\/td>\n<\/tr>\n<\/tbody>\n<\/table>\n<p><span style=\"font-family: times new roman, times, serif; font-size: 10pt;\">Kind Nr. 1) TfE mit Vermerk am Rand: <em>illegitimus<\/em>, <em>per matrimonium legitimatus Meissenkeil<\/em><\/span><\/p>\n<p><span style=\"font-family: times new roman, times, serif; font-size: 10pt;\"><strong>Paten: zu 1) <\/strong><em>Joanes Kaffai ex D\u00fcrstheck et Christina Franckin ex Kirschmerborn <\/em>\u2014 <strong>zu 2) <\/strong><em>Antonius Franck ex Kirschmerborn et Margretha Schleimer ex B\u00fcchenberg <\/em>\u2014 <strong>zu 3) <\/strong><em>Andreas Burkard ex Lannberg et Christina Oppenheuser ex Zollgrund<\/em><\/span><\/p>\n<hr \/>\n<p><span style=\"font-size: 10pt; font-family: times new roman, times, serif;\"><b>Letztes Update: 12. August 2022<\/b><\/span><br \/>\n<span style=\"font-size: 10pt; font-family: times new roman, times, serif;\"><b>Ralph Jackmuth<\/b><\/span><\/p>\n","protected":false},"excerpt":{"rendered":"<p>Meissenkeil, Meisenkiel Massenkeil, Johann Andreas: Bergmann; auf Buchenberg (1811); * 26.02.1782 H\u00f6mberg (Pfarrei Nassau); gt. 27.02.1782 Nassau; konf. 28.03.1793 Fr\u00fccht; + 06.02.1839 H\u00f6mberg; bg. 08.02.1839 Nassau (Bem. im Sterbeeintrag: Der Verstorbene war in die Ehe getreten mit Eva Frank vom Kirschheimersborn im Amte Braubach und hinterl\u00e4\u00dft au\u00dfer derselben f\u00fcnf Kinder); Eltern: Johann Heinrich Massenkeil und &hellip; <a href=\"https:\/\/www.ahnenforschung-jackmuth.de\/?page_id=8905\" class=\"more-link\"><span class=\"screen-reader-text\">\u201eOFB Spie\u00df &#8211; Massenkeil\u201c<\/span> weiterlesen<\/a><\/p>\n","protected":false},"author":1,"featured_media":0,"parent":0,"menu_order":0,"comment_status":"closed","ping_status":"closed","template":"","meta":{"footnotes":""},"class_list":["post-8905","page","type-page","status-publish","hentry"],"_links":{"self":[{"href":"https:\/\/www.ahnenforschung-jackmuth.de\/index.php?rest_route=\/wp\/v2\/pages\/8905","targetHints":{"allow":["GET"]}}],"collection":[{"href":"https:\/\/www.ahnenforschung-jackmuth.de\/index.php?rest_route=\/wp\/v2\/pages"}],"about":[{"href":"https:\/\/www.ahnenforschung-jackmuth.de\/index.php?rest_route=\/wp\/v2\/types\/page"}],"author":[{"embeddable":true,"href":"https:\/\/www.ahnenforschung-jackmuth.de\/index.php?rest_route=\/wp\/v2\/users\/1"}],"replies":[{"embeddable":true,"href":"https:\/\/www.ahnenforschung-jackmuth.de\/index.php?rest_route=%2Fwp%2Fv2%2Fcomments&post=8905"}],"version-history":[{"count":0,"href":"https:\/\/www.ahnenforschung-jackmuth.de\/index.php?rest_route=\/wp\/v2\/pages\/8905\/revisions"}],"wp:attachment":[{"href":"https:\/\/www.ahnenforschung-jackmuth.de\/index.php?rest_route=%2Fwp%2Fv2%2Fmedia&parent=8905"}],"curies":[{"name":"wp","href":"https:\/\/api.w.org\/{rel}","templated":true}]}}