{"id":8839,"date":"2021-09-14T18:22:27","date_gmt":"2021-09-14T18:22:27","guid":{"rendered":"http:\/\/www.ahnenforschung-jackmuth.de\/?page_id=8839"},"modified":"2026-02-10T15:02:07","modified_gmt":"2026-02-10T15:02:07","slug":"ofb-spiess-1725-1812","status":"publish","type":"page","link":"https:\/\/www.ahnenforschung-jackmuth.de\/?page_id=8839","title":{"rendered":"OFB Spie\u00df 1680-1891"},"content":{"rendered":"<p><strong>Die Familien und Einwohner der Pfarrei Spie\u00df 1680-1891<\/strong><\/p>\n<p style=\"text-align: justify;\">Die Pfarrei Spie\u00df wurde 1750 von der Pfarrei Oberlahnstein als eigenst\u00e4ndige Pfarrei gegr\u00fcndet und hatte bereits 1720 einen eigenen Seelsorger. Die \u00e4ltesten Pfarrer sind<\/p>\n<p>1. Peter Wunnerle 1724<br \/>\n2. Anton S\u00f6ldner 1725 \u2013 + 29.08.1750<br \/>\n3. Gottfried Busch 1750-1765<br \/>\n4. Christian van Bihl 1765 \u2013 + 09.01.1785<br \/>\n5. Anton Neumann 20.05.1785 \u2013 1787<br \/>\n6. Nikolaus Simon aus Sevenich (Hunsr\u00fcck) 1787 \u2013 + 28.04.1818<\/p>\n<p style=\"text-align: justify;\">Mit Pfarrer Anton S\u00f6ldner beginnen ab 1725 kontinuerlich gef\u00fchrte Aufzeichnungen \u00fcber Taufen, Trauungen und Tote. Die Jahre bis 1818 stehen in einem einzigen KB, ab 1817 beginnen dann im gesamten Herzogtum Nassau einheitlich gef\u00fchrte KB als Tabellenvordruck. Die Pfarrei Spie\u00df umfasste neben dem Spie\u00df die sogenannten Oberlahnsteiner H\u00f6fe Buchholz, Buchenberg, D\u00f6rstheck, Grenzloch oder Welschenhof, Heinrichshof oder Neuborn, Kirchheimersborn mit der Deutschherrenh\u00fctte und Wintersberg bzw. mitunter auch den Hof Mauch (Pfarrei Dausenau), und die katholischen Einwohner in Ems und auf dem Emser Bad. 1871 werden die Oberlahnsteiner H\u00f6fe der Pfarrei Nassau zugewiesen, befinden sich aber weiterhin bis auf den Hof D\u00f6rstheck in den KB. Im Laufe des 19. Jhs. steigt die Anzahl der kath. Einwohner in Bad Ems, das um 1850 schon 2500 Einwohner hat und dessen urspr. ev. Siedlungen \u201eBad\u201c und \u201eDorf\u201c Ems zusammengewachsen sind, stark an. Hinzu kommen Arbeitersiedlungen bei der Silberschmelze, in der Lindenbach und auf der Silberau. Das f\u00fchrt dazu, dass um 1870 bereits um die 100 Kinder pro Jahr getauft werden und die H\u00f6fe bev\u00f6lkerungsm\u00e4\u00dfig in den Hintergrund treten. Die Pfarrei Spie\u00df hat bis zur Abpfarrung der Oberlahnsteiner H\u00f6fe 1871 als eine Art Sammelbecken f\u00fcr die Katholiken in der sonst eher evangelisch gepr\u00e4gten Umgebung gedient. So finden sich ab 1817 die Katholiken der Orte Becheln, Dausenau, Dienethal, Kemmenau, Misselberg, Oberwies, Sulzbach und Zimmerschied.<\/p>\n<p style=\"text-align: justify;\"><a href=\"http:\/\/www.ahnenforschung-jackmuth.de\/?page_id=9000#adam\">Adam<\/a> \u2014 <a href=\"http:\/\/www.ahnenforschung-jackmuth.de\/?page_id=9000#adascka\">Adascka<\/a> \u00a0\u2014 <a href=\"http:\/\/www.ahnenforschung-jackmuth.de\/?page_id=9000#arnold\">Arnold<\/a> \u2014 <a href=\"http:\/\/www.ahnenforschung-jackmuth.de\/?page_id=9000#altmann\">Altmann<\/a> \u2014\u00a0 <a href=\"http:\/\/www.ahnenforschung-jackmuth.de\/?page_id=9002#baad\">Baad<\/a> \u2014 <a href=\"http:\/\/www.ahnenforschung-jackmuth.de\/?page_id=9002#bach\">Bach<\/a> \u2014 <a href=\"http:\/\/www.ahnenforschung-jackmuth.de\/?page_id=9002#balthes\">Balthes<\/a> \u2014 <a href=\"http:\/\/www.ahnenforschung-jackmuth.de\/?page_id=9002#bartholomae\">Bartholomae, Barthel(mes)<\/a> \u2014 <a href=\"http:\/\/www.ahnenforschung-jackmuth.de\/?page_id=9002#bastel\">Bastel<\/a> \u2014 <a href=\"http:\/\/www.ahnenforschung-jackmuth.de\/?page_id=9002#bauer\">Bauer<\/a> \u2014 <a href=\"http:\/\/www.ahnenforschung-jackmuth.de\/?page_id=9002#bergmann\">Bergmann<\/a> \u2014 <a href=\"http:\/\/www.ahnenforschung-jackmuth.de\/?page_id=9002#becker\">Becker<\/a> \u2014 <a href=\"http:\/\/www.ahnenforschung-jackmuth.de\/?page_id=9002#belman\">Belman<\/a> \u2014 <a href=\"http:\/\/www.ahnenforschung-jackmuth.de\/?page_id=9002#bibaut\">Bibaut<\/a> \u2014 <a href=\"http:\/\/www.ahnenforschung-jackmuth.de\/?page_id=9002#vanbihl\">van Bihl<\/a> \u2014 <a href=\"http:\/\/www.ahnenforschung-jackmuth.de\/?page_id=9002#bilo\">Bilo<\/a> \u2014 <a href=\"http:\/\/www.ahnenforschung-jackmuth.de\/?page_id=9002#bischoff\">Bischoff<\/a> \u2014 <a href=\"http:\/\/www.ahnenforschung-jackmuth.de\/?page_id=9002#bleyel\">Bleyel\/Bleuel<\/a> \u2014 <a href=\"http:\/\/www.ahnenforschung-jackmuth.de\/?page_id=9002#bleyer\">Bleyer<\/a> \u2014 <a href=\"http:\/\/www.ahnenforschung-jackmuth.de\/?page_id=9002#block\">Bock<\/a> \u2014 <a href=\"http:\/\/www.ahnenforschung-jackmuth.de\/?page_id=9002#bolender\">Bolender<\/a> \u2014 <a href=\"http:\/\/www.ahnenforschung-jackmuth.de\/?page_id=8855\">Bornich<\/a> \u2014 <a href=\"http:\/\/www.ahnenforschung-jackmuth.de\/?page_id=9002#boestkens\">B\u00f6stkens<\/a> \u2014 <a href=\"http:\/\/www.ahnenforschung-jackmuth.de\/?page_id=9002#breidenbach\">Breidenbach<\/a> \u2014 <a href=\"http:\/\/www.ahnenforschung-jackmuth.de\/?page_id=9002#bruch\">Bruch<\/a> \u2014 <a href=\"http:\/\/www.ahnenforschung-jackmuth.de\/?page_id=9002#bruck\">Bruck<\/a> \u2014 <a href=\"http:\/\/www.ahnenforschung-jackmuth.de\/?page_id=9002#burckard\">Burckard<\/a> \u2014 <a href=\"http:\/\/www.ahnenforschung-jackmuth.de\/?page_id=8860\">Caffay<\/a> \u2014 <a href=\"http:\/\/www.ahnenforschung-jackmuth.de\/?page_id=9007#chavit\">Chavit<\/a> \u2014 <a href=\"http:\/\/www.ahnenforschung-jackmuth.de\/?page_id=9007#christ\">Christ<\/a> \u2014 <a href=\"http:\/\/www.ahnenforschung-jackmuth.de\/?page_id=9007#cigich\">Cigich<\/a> \u2014 <a href=\"http:\/\/www.ahnenforschung-jackmuth.de\/?page_id=9007#collet\">Collet<\/a> \u2014 <a href=\"http:\/\/www.ahnenforschung-jackmuth.de\/?page_id=9644\">Crecelius<\/a> \u2014 <a href=\"http:\/\/www.ahnenforschung-jackmuth.de\/?page_id=9011#dernier\">Dernier<\/a> \u2014 <a href=\"http:\/\/www.ahnenforschung-jackmuth.de\/?page_id=9011#delsart\">Delsart<\/a> \u2014 <a href=\"http:\/\/www.ahnenforschung-jackmuth.de\/?page_id=9011#deusner\">Deusner<\/a> \u2014 <a href=\"http:\/\/www.ahnenforschung-jackmuth.de\/?page_id=9011#diehl\">Diehl<\/a> \u2014 <a href=\"http:\/\/www.ahnenforschung-jackmuth.de\/?page_id=9011#dommermuth\">Dommermuth<\/a> \u2014 <a href=\"http:\/\/www.ahnenforschung-jackmuth.de\/?page_id=9011#dreser\">Dreser<\/a> \u2014 <a href=\"http:\/\/www.ahnenforschung-jackmuth.de\/?page_id=9011#dre\"><em>Dre&#8230;<\/em><\/a> \u2014 <a href=\"http:\/\/www.ahnenforschung-jackmuth.de\/?page_id=9011#dueprell\">D\u00fcprell<\/a> \u2014 <a href=\"http:\/\/www.ahnenforschung-jackmuth.de\/?page_id=9013#eckert\">Eckert<\/a> \u2014 <a href=\"http:\/\/www.ahnenforschung-jackmuth.de\/?page_id=9013#eibel\">Eibel<\/a> \u2014 <a href=\"http:\/\/www.ahnenforschung-jackmuth.de\/?page_id=9013#eichbaum\">Eichbaum<\/a> \u2014 <a href=\"http:\/\/www.ahnenforschung-jackmuth.de\/?page_id=9013#eichmann\">Eichmann<\/a> \u2014 <a href=\"http:\/\/www.ahnenforschung-jackmuth.de\/?page_id=8864\">Eisenbart<\/a> \u2014 <a href=\"http:\/\/www.ahnenforschung-jackmuth.de\/?page_id=9013#elberskirch\">Elberskirch<\/a> \u2014 <a href=\"http:\/\/www.ahnenforschung-jackmuth.de\/?page_id=9055#ilbert\">Elbert<\/a> \u2014 <a href=\"http:\/\/www.ahnenforschung-jackmuth.de\/?page_id=8869\">Esch<\/a> \u2014 <a href=\"http:\/\/www.ahnenforschung-jackmuth.de\/?page_id=9013#eschenauer\">Eschenauer<\/a> \u2014 <a href=\"http:\/\/www.ahnenforschung-jackmuth.de\/?page_id=9013#eyssenstam\">Eyssenstam<\/a> \u2014 <a href=\"http:\/\/www.ahnenforschung-jackmuth.de\/?page_id=9024#fasbender\">Fasbender<\/a> \u2014 <a href=\"http:\/\/www.ahnenforschung-jackmuth.de\/?page_id=9020\">Fischbach<\/a> \u2014 <a href=\"http:\/\/www.ahnenforschung-jackmuth.de\/?page_id=9022\">Fischer<\/a> \u2014 <a href=\"http:\/\/www.ahnenforschung-jackmuth.de\/?page_id=9024#flackes\">Flackes<\/a> \u2014 <a href=\"http:\/\/www.ahnenforschung-jackmuth.de\/?page_id=9024#foret\">Foret<\/a> \u2014 <a href=\"http:\/\/www.ahnenforschung-jackmuth.de\/?page_id=8873\">Franck<\/a> \u2014 <a href=\"http:\/\/www.ahnenforschung-jackmuth.de\/?page_id=9024#fries\">Fries<\/a> \u2014 <a href=\"http:\/\/www.ahnenforschung-jackmuth.de\/?page_id=9024#friesenhahn\">Friesenhahn<\/a> \u2014 <a href=\"http:\/\/www.ahnenforschung-jackmuth.de\/?page_id=9024#fuchs\">Fuchs<\/a> \u2014 <a href=\"http:\/\/www.ahnenforschung-jackmuth.de\/?page_id=9033#gabel\">Gabel<\/a> \u2014 <a href=\"http:\/\/www.ahnenforschung-jackmuth.de\/?page_id=9033#gayser\">Gayser<\/a> \u2014 <a href=\"http:\/\/www.ahnenforschung-jackmuth.de\/?page_id=9033#gelenkirch\">Gelenkirch<\/a> \u2014 <a href=\"http:\/\/www.ahnenforschung-jackmuth.de\/?page_id=8889\">Gilles (<em>G\u00fclles, Geles<\/em>)<\/a> \u2014 <a href=\"http:\/\/www.ahnenforschung-jackmuth.de\/?page_id=9033#georg\">Georg<\/a> \u2014 <a href=\"http:\/\/www.ahnenforschung-jackmuth.de\/?page_id=9033#gerand\">Gerand<\/a> \u2014 <a href=\"http:\/\/www.ahnenforschung-jackmuth.de\/?page_id=9033#gerling\">Gerling<\/a> \u2014 <a href=\"http:\/\/www.ahnenforschung-jackmuth.de\/?page_id=9033#gibburtz\">Gibburtz<\/a> \u2014 <a href=\"http:\/\/www.ahnenforschung-jackmuth.de\/?page_id=8876\">Gilberg<\/a> \u2014 <a href=\"http:\/\/www.ahnenforschung-jackmuth.de\/?page_id=9033#gimberger\">Gimberger\/Gimburger<\/a> \u2014 <a href=\"http:\/\/www.ahnenforschung-jackmuth.de\/?page_id=9033#glasmann\">Glasmann<\/a> \u2014 <a href=\"http:\/\/www.ahnenforschung-jackmuth.de\/?page_id=9037\">G\u00f6bel<\/a> \u2014 <a href=\"http:\/\/www.ahnenforschung-jackmuth.de\/?page_id=9033#goedert\">G\u00f6dert<\/a> \u2014 <a href=\"http:\/\/www.ahnenforschung-jackmuth.de\/?page_id=9033#goeth\">G\u00f6th<\/a> \u2014 <a href=\"http:\/\/www.ahnenforschung-jackmuth.de\/?page_id=9033#gorch\">Gorch<\/a> \u2014 <a href=\"http:\/\/www.ahnenforschung-jackmuth.de\/?page_id=9033#gronewald\">Gronewald<\/a> \u2014 <a href=\"http:\/\/www.ahnenforschung-jackmuth.de\/?page_id=9033#graff\">Graff<\/a> \u2014 <a href=\"http:\/\/www.ahnenforschung-jackmuth.de\/?page_id=9033#grammata\"><em>Grammata, Grammental, Grammathel<\/em><\/a> \u2014 <a href=\"http:\/\/www.ahnenforschung-jackmuth.de\/?page_id=9033#gruen\">Gr\u00fcn<\/a> \u2014 <a href=\"http:\/\/www.ahnenforschung-jackmuth.de\/?page_id=9033#guenther\">G\u00fcnther<\/a> \u2014 <a href=\"http:\/\/www.ahnenforschung-jackmuth.de\/?page_id=9051#haas\">Haas<\/a> \u2014 <a href=\"http:\/\/www.ahnenforschung-jackmuth.de\/?page_id=9051#haber\">Haber<\/a> \u2014 <a href=\"http:\/\/www.ahnenforschung-jackmuth.de\/?page_id=9051#hamm\">Hamm<\/a> \u2014 <a href=\"http:\/\/www.ahnenforschung-jackmuth.de\/?page_id=9051#hammer\">Hammer<\/a> \u2014 <a href=\"http:\/\/www.ahnenforschung-jackmuth.de\/?page_id=9051#hartkop\">Hartkop<\/a> \u2014 <a href=\"http:\/\/www.ahnenforschung-jackmuth.de\/?page_id=9693\">Heck<\/a> \u2014 <a href=\"http:\/\/www.ahnenforschung-jackmuth.de\/?page_id=9051#heckelbach\">Heckelbach<\/a> \u2014 <a href=\"http:\/\/www.ahnenforschung-jackmuth.de\/?page_id=9051#heimann\">Heimann<\/a> \u2014 <a href=\"http:\/\/www.ahnenforschung-jackmuth.de\/?page_id=9051#hehn\">Hehn<\/a> \u2014 <a href=\"http:\/\/www.ahnenforschung-jackmuth.de\/?page_id=9051#heils\">Heils<\/a> \u2014 <a href=\"http:\/\/www.ahnenforschung-jackmuth.de\/?page_id=9051#helmes\">Helmes<\/a> \u2014 <a href=\"http:\/\/www.ahnenforschung-jackmuth.de\/?page_id=9051#hergen\">Hergen<\/a> \u2014 <a href=\"http:\/\/www.ahnenforschung-jackmuth.de\/?page_id=9051#hoch\">Hoch<\/a> \u2014 <a href=\"http:\/\/www.ahnenforschung-jackmuth.de\/?page_id=9051#herrmann\">Herrmann<\/a>\u2014 <a href=\"http:\/\/www.ahnenforschung-jackmuth.de\/?page_id=9051#hohl\">Hohl<\/a> \u2014 <a href=\"http:\/\/www.ahnenforschung-jackmuth.de\/?page_id=8882\">H\u00f6rter\/Herter<\/a> \u2014 <a href=\"http:\/\/www.ahnenforschung-jackmuth.de\/?page_id=9051#hunff\">Hunff<\/a> \u2014 <a href=\"http:\/\/www.ahnenforschung-jackmuth.de\/?page_id=9055#ilbert\">Ilbert<\/a> \u2014 <a href=\"http:\/\/www.ahnenforschung-jackmuth.de\/?page_id=9055#jenard\">Jenard<\/a> \u2014 <a href=\"http:\/\/www.ahnenforschung-jackmuth.de\/?page_id=8886\">Jung (Junck)<\/a> \u2014 <a href=\"http:\/\/www.ahnenforschung-jackmuth.de\/?page_id=9058#kauth\">Kauth<\/a> \u2014 <a href=\"http:\/\/www.ahnenforschung-jackmuth.de\/?page_id=8889\">Kaesing<\/a> \u2014 <a href=\"http:\/\/www.ahnenforschung-jackmuth.de\/?page_id=8893\">Kaiser<\/a> \u2014 <a href=\"http:\/\/www.ahnenforschung-jackmuth.de\/?page_id=8897\">Kalter<\/a> \u2014 <a href=\"http:\/\/www.ahnenforschung-jackmuth.de\/?page_id=9058#kissel\">Kissel, Kysel<\/a> \u2014 <a href=\"http:\/\/www.ahnenforschung-jackmuth.de\/?page_id=9058#klasener\">Klasenener<\/a> \u2014 <a href=\"http:\/\/www.ahnenforschung-jackmuth.de\/?page_id=9058#klehe\">Klehe<\/a> \u2014 <a href=\"http:\/\/www.ahnenforschung-jackmuth.de\/?page_id=9058#klein\">Klein<\/a> \u2014 <a href=\"http:\/\/www.ahnenforschung-jackmuth.de\/?page_id=9058#knobmacher\">Knobmacher<\/a> \u2014 <a href=\"http:\/\/www.ahnenforschung-jackmuth.de\/?page_id=9058#kohl\">Kohl (<em>Coelen, Kelen<\/em>)<\/a> \u2014 <a href=\"http:\/\/www.ahnenforschung-jackmuth.de\/?page_id=9058#kraft\">Kraft<\/a> <a href=\"http:\/\/www.ahnenforschung-jackmuth.de\/?page_id=9058#kries\">\u2014 Kries(s)<\/a> \u2014 <a href=\"http:\/\/www.ahnenforschung-jackmuth.de\/?page_id=9058#kring\">Kring<\/a> \u2014 <a href=\"http:\/\/www.ahnenforschung-jackmuth.de\/?page_id=9058#kroll\">Kroll<\/a> \u2014 <a href=\"http:\/\/www.ahnenforschung-jackmuth.de\/?page_id=9062#lafontaine\">Lafontaine<\/a> \u2014 <a href=\"http:\/\/www.ahnenforschung-jackmuth.de\/?page_id=9062#lamberich\">Lamberich<\/a> \u2014 <a href=\"http:\/\/www.ahnenforschung-jackmuth.de\/?page_id=9062#land\">Land<\/a> \u2014 <a href=\"http:\/\/www.ahnenforschung-jackmuth.de\/?page_id=8901\">Landsroth<\/a> \u2014 <a href=\"http:\/\/www.ahnenforschung-jackmuth.de\/?page_id=9062#leisen\">Leisen<\/a> \u2014 <a href=\"http:\/\/www.ahnenforschung-jackmuth.de\/?page_id=9062#leydeck\">Leydeck<\/a> \u2014 <a href=\"http:\/\/www.ahnenforschung-jackmuth.de\/?page_id=9062#linn\">Linn<\/a> \u2014 <a href=\"http:\/\/www.ahnenforschung-jackmuth.de\/?page_id=9062#linschied\">Linschied<\/a> \u2014 <a href=\"http:\/\/www.ahnenforschung-jackmuth.de\/?page_id=9062#lochhausen\">Lochhausen<\/a> \u2014 <a href=\"http:\/\/www.ahnenforschung-jackmuth.de\/?page_id=9062#loehr\">L\u00f6hr<\/a> \u2014 <a href=\"http:\/\/www.ahnenforschung-jackmuth.de\/?page_id=9067#mann\">Mann<\/a> \u2014 <a href=\"http:\/\/www.ahnenforschung-jackmuth.de\/?page_id=9067#maron\">Maron<\/a> \u2014 <a href=\"http:\/\/www.ahnenforschung-jackmuth.de\/?page_id=8905\">Massenkeil<\/a> \u2014 <a href=\"http:\/\/www.ahnenforschung-jackmuth.de\/?page_id=9067#martin\">Martin<\/a> \u2014 <a href=\"http:\/\/www.ahnenforschung-jackmuth.de\/?page_id=8912\">Matthi<\/a> \u2014 <a href=\"http:\/\/www.ahnenforschung-jackmuth.de\/?page_id=9067#maul\">Maul<\/a> \u2014 <a href=\"http:\/\/www.ahnenforschung-jackmuth.de\/?page_id=9067#maus\">Maus<\/a> \u2014 <a href=\"http:\/\/www.ahnenforschung-jackmuth.de\/?page_id=9067#meister\">Meister<\/a> \u2014 <a href=\"http:\/\/www.ahnenforschung-jackmuth.de\/?page_id=9067#merlenbach\">Merlenbach<\/a> \u2014 <a href=\"http:\/\/www.ahnenforschung-jackmuth.de\/?page_id=9067#mersi\">Mersi<\/a> \u2014 <a href=\"http:\/\/www.ahnenforschung-jackmuth.de\/?page_id=9067#merz\">Merz<\/a> \u2014 <a href=\"http:\/\/www.ahnenforschung-jackmuth.de\/?page_id=9067#mesemer\">Mesemer<\/a> \u2014 <a href=\"http:\/\/www.ahnenforschung-jackmuth.de\/?page_id=9067#metz\">Metz<\/a> \u2014 <a href=\"http:\/\/www.ahnenforschung-jackmuth.de\/?page_id=9067#meurin\">Meurin<\/a> \u2014 <a href=\"http:\/\/www.ahnenforschung-jackmuth.de\/?page_id=9067#moeffert\">M\u00f6ffert<\/a> \u2014 <a href=\"http:\/\/www.ahnenforschung-jackmuth.de\/?page_id=9067#moldowan\">Moldowan<\/a> \u2014 <a href=\"http:\/\/www.ahnenforschung-jackmuth.de\/?page_id=9067#moldio\">Moldio\/Modrio<\/a> \u2014 <a href=\"http:\/\/www.ahnenforschung-jackmuth.de\/?page_id=9067#morbach\">Morbach<\/a> \u2014 <a href=\"http:\/\/www.ahnenforschung-jackmuth.de\/?page_id=8833\">M\u00f6seler<\/a> \u2014 <a href=\"http:\/\/www.ahnenforschung-jackmuth.de\/?page_id=8915\">M\u00fcller<\/a> \u2014 <a href=\"http:\/\/www.ahnenforschung-jackmuth.de\/?page_id=9067#muench\">M\u00fcnch<\/a> \u2014 <a href=\"http:\/\/www.ahnenforschung-jackmuth.de\/?page_id=8919\">Nachtsheim<\/a> \u2014 <a href=\"http:\/\/www.ahnenforschung-jackmuth.de\/?page_id=8922\">Nebgen<\/a> \u2014 <a href=\"http:\/\/www.ahnenforschung-jackmuth.de\/?page_id=8925\">Oppenh\u00e4user<\/a> \u2014 <a href=\"http:\/\/www.ahnenforschung-jackmuth.de\/?page_id=9072#ott\">Ott<\/a> \u2014 <a href=\"http:\/\/www.ahnenforschung-jackmuth.de\/?page_id=9072#paff\">Paff<\/a> \u2014 <a href=\"http:\/\/www.ahnenforschung-jackmuth.de\/?page_id=8928\">Patron<\/a> \u2014 <a href=\"http:\/\/www.ahnenforschung-jackmuth.de\/?page_id=8932\">Pink<\/a> \u2014 <a href=\"http:\/\/www.ahnenforschung-jackmuth.de\/?page_id=9072#planski\">Planski<\/a> \u2014 <a href=\"http:\/\/www.ahnenforschung-jackmuth.de\/?page_id=9072#platt\">Platt<\/a> \u2014 <a href=\"http:\/\/www.ahnenforschung-jackmuth.de\/?page_id=9072#preus\">Preus<\/a> \u2014 <a href=\"http:\/\/www.ahnenforschung-jackmuth.de\/?page_id=8937\">Pristum oder Prei\u00dfmann<\/a> \u2014 <a href=\"http:\/\/www.ahnenforschung-jackmuth.de\/?page_id=9072#proque\">Proque<\/a> \u2014 <a href=\"http:\/\/www.ahnenforschung-jackmuth.de\/?page_id=9079#rausch\">Rausch<\/a> \u2014 <a href=\"http:\/\/www.ahnenforschung-jackmuth.de\/?page_id=9079#reckard\">Reckard<\/a> \u2014 <a href=\"http:\/\/www.ahnenforschung-jackmuth.de\/?page_id=9079#reiffert\">Reiffert<\/a> \u2014 <a href=\"http:\/\/www.ahnenforschung-jackmuth.de\/?page_id=9079#reyffenschneider\">Reyffenschneider<\/a> \u2014 <a href=\"http:\/\/www.ahnenforschung-jackmuth.de\/?page_id=9079#rems\">Rems<\/a> \u2014 <a href=\"http:\/\/www.ahnenforschung-jackmuth.de\/?page_id=9079#reusch\">Reusch<\/a> \u2014 <a href=\"http:\/\/www.ahnenforschung-jackmuth.de\/?page_id=9079#reuter\">Reuter<\/a> \u2014 <a href=\"http:\/\/www.ahnenforschung-jackmuth.de\/?page_id=9079#riez\">Riez<\/a> \u2014 <a href=\"http:\/\/www.ahnenforschung-jackmuth.de\/?page_id=9079#rockenbach\">Rockenbach<\/a> \u2014 <a href=\"http:\/\/www.ahnenforschung-jackmuth.de\/?page_id=9081#sanfft\">Sanfft<\/a> \u2014 <a href=\"http:\/\/www.ahnenforschung-jackmuth.de\/?page_id=8941\">Sauer<\/a> \u2014 <a href=\"http:\/\/www.ahnenforschung-jackmuth.de\/?page_id=9081#schaab\">Schaab<\/a> \u2014 <a href=\"http:\/\/www.ahnenforschung-jackmuth.de\/?page_id=9081#schaefer\">Sch\u00e4fer<\/a> \u2014 <a href=\"http:\/\/www.ahnenforschung-jackmuth.de\/?page_id=9081#schapper\">Schapper<\/a> \u2014 <a href=\"http:\/\/www.ahnenforschung-jackmuth.de\/?page_id=8944\">Scharff\/Schorff<\/a> \u2014 <a href=\"http:\/\/www.ahnenforschung-jackmuth.de\/?page_id=8947\">Schleimer<\/a> \u2014 <a href=\"http:\/\/www.ahnenforschung-jackmuth.de\/?page_id=9081#schlimm\">Schlimm<\/a> \u2014 <a href=\"http:\/\/www.ahnenforschung-jackmuth.de\/?page_id=9081#schlosser\">Schlosser<\/a> \u2014 <a href=\"http:\/\/www.ahnenforschung-jackmuth.de\/?page_id=9081#schmidt\">Schmidt<\/a> \u2014 <a href=\"http:\/\/www.ahnenforschung-jackmuth.de\/?page_id=9081#schneider\">Schneider<\/a> \u2014 <a href=\"http:\/\/www.ahnenforschung-jackmuth.de\/?page_id=8950\">Sch\u00f6neberg<\/a> \u2014 <a href=\"http:\/\/www.ahnenforschung-jackmuth.de\/?page_id=9081#scholl\">Scholl<\/a> \u2014 <a href=\"http:\/\/www.ahnenforschung-jackmuth.de\/?page_id=8954\">Schr\u00f6der<\/a> \u2014 <a href=\"http:\/\/www.ahnenforschung-jackmuth.de\/?page_id=9081#schultheis\">Schultheis<\/a> \u2014 <a href=\"http:\/\/www.ahnenforschung-jackmuth.de\/?page_id=9081#schuhmacher\">Schuhmacher<\/a> \u2014 <a href=\"http:\/\/www.ahnenforschung-jackmuth.de\/?page_id=9081#schweickert\">Schweikard, Schweickert<\/a> \u2014 <a href=\"http:\/\/www.ahnenforschung-jackmuth.de\/?page_id=9081#semen\">Semen<\/a> \u2014 <a href=\"http:\/\/www.ahnenforschung-jackmuth.de\/?page_id=9081#simon\">Simon<\/a> \u2014 <a href=\"http:\/\/www.ahnenforschung-jackmuth.de\/?page_id=9081#soeldner\">S\u00f6ldner<\/a> \u2014 <a href=\"http:\/\/www.ahnenforschung-jackmuth.de\/?page_id=9081#sommer\">Sommmer<\/a> \u2014 <a href=\"http:\/\/www.ahnenforschung-jackmuth.de\/?page_id=9081#spiz\">Spiz<\/a> \u2014 <a href=\"http:\/\/www.ahnenforschung-jackmuth.de\/?page_id=9081#splox\">Splox, Splucks<\/a> \u2014 <a href=\"http:\/\/www.ahnenforschung-jackmuth.de\/?page_id=9081#sprenger\">Sprenger<\/a> \u2014 <a href=\"http:\/\/www.ahnenforschung-jackmuth.de\/?page_id=9081#staud\">Staud<\/a> \u2014 <a href=\"http:\/\/www.ahnenforschung-jackmuth.de\/?page_id=8957\">Stein<\/a> \u2014 <a href=\"http:\/\/www.ahnenforschung-jackmuth.de\/?page_id=9081#stotz\">Stotz<\/a> \u2014 <a href=\"http:\/\/www.ahnenforschung-jackmuth.de\/?page_id=9081#strunck\">Strunck<\/a> \u2014 <a href=\"http:\/\/www.ahnenforschung-jackmuth.de\/?page_id=9081#syler\">Syler<\/a> \u2014 <a href=\"http:\/\/www.ahnenforschung-jackmuth.de\/?page_id=9085#theis\">Theis<\/a> \u2014 <a href=\"http:\/\/www.ahnenforschung-jackmuth.de\/?page_id=9085#thielen\">Thielen\/Thiel<\/a> \u2014 <a href=\"http:\/\/www.ahnenforschung-jackmuth.de\/?page_id=9085#thiery\">Thiery<\/a> \u2014 <a href=\"http:\/\/www.ahnenforschung-jackmuth.de\/?page_id=9085#tollfisch\">Tollfisch<\/a> \u2014 <a href=\"http:\/\/www.ahnenforschung-jackmuth.de\/?page_id=8959\">Toresch<\/a> \u2014 <a href=\"http:\/\/www.ahnenforschung-jackmuth.de\/?page_id=9085#trappi\">Trappi<\/a> \u2014 <a href=\"http:\/\/www.ahnenforschung-jackmuth.de\/?page_id=9087#unger\">Unger<\/a> \u2014 <a href=\"http:\/\/www.ahnenforschung-jackmuth.de\/?page_id=9087#ufer\">Uver\/Ufer<\/a> \u2014 <a href=\"http:\/\/www.ahnenforschung-jackmuth.de\/?page_id=8963\">Veldenz<\/a> \u2014 <a href=\"http:\/\/www.ahnenforschung-jackmuth.de\/?page_id=9089#versmeisen\">Versmeisen<\/a> \u2014 <a href=\"http:\/\/www.ahnenforschung-jackmuth.de\/?page_id=9089#vier\">Vier<\/a> \u2014 <a href=\"http:\/\/www.ahnenforschung-jackmuth.de\/?page_id=9091#wagner\">Wagner<\/a> \u2014 <a href=\"http:\/\/www.ahnenforschung-jackmuth.de\/?page_id=9091#wallrabenstein\">Wallrabenstein<\/a> \u2014 <a href=\"http:\/\/www.ahnenforschung-jackmuth.de\/?page_id=9091#weber\">Weber<\/a> \u2014 <a href=\"http:\/\/www.ahnenforschung-jackmuth.de\/?page_id=8966\">Welsch<\/a> \u2014 <a href=\"http:\/\/www.ahnenforschung-jackmuth.de\/?page_id=8970\">Werner<\/a> \u2014 <a href=\"http:\/\/www.ahnenforschung-jackmuth.de\/?page_id=9091#wiering\">Wiering<\/a> \u2014 <a href=\"http:\/\/www.ahnenforschung-jackmuth.de\/?page_id=9091#wingenbach\">Wingenbach<\/a> \u2014 <a href=\"http:\/\/www.ahnenforschung-jackmuth.de\/?page_id=9091#wilhelm\">Wilhelm<\/a> \u2014 <a href=\"http:\/\/www.ahnenforschung-jackmuth.de\/?page_id=9091#wirz\">Wirz, W\u00fcrz<\/a> \u2014 <a href=\"http:\/\/www.ahnenforschung-jackmuth.de\/?page_id=9091#woersdoerfer\">W\u00f6rsd\u00f6rfer<\/a> \u2014 <a href=\"http:\/\/www.ahnenforschung-jackmuth.de\/?page_id=9091#wolfahrer\">Wolfahrer<\/a> \u2014 <a href=\"http:\/\/www.ahnenforschung-jackmuth.de\/?page_id=8974\">Zapp(e)y<\/a> \u2014 <a href=\"http:\/\/www.ahnenforschung-jackmuth.de\/?page_id=8978\">Zimmermann<\/a> \u2014 <a href=\"http:\/\/www.ahnenforschung-jackmuth.de\/?page_id=8982\">Zipp<\/a> \u2014 <a href=\"http:\/\/www.ahnenforschung-jackmuth.de\/?page_id=9826\">Z\u00f6ller<\/a> \u2014 <a href=\"http:\/\/www.ahnenforschung-jackmuth.de\/?page_id=9095\">Name unbekannt<\/a><\/p>\n<hr \/>\n<p><span style=\"font-size: 10pt; font-family: times new roman, times, serif;\"><b>Letztes Update: 10. Februar 2026<\/b><\/span><br \/>\n<span style=\"font-size: 10pt; font-family: times new roman, times, serif;\"><b>Ralph Jackmuth<\/b><\/span><\/p>\n","protected":false},"excerpt":{"rendered":"<p>Die Familien und Einwohner der Pfarrei Spie\u00df 1680-1891 Die Pfarrei Spie\u00df wurde 1750 von der Pfarrei Oberlahnstein als eigenst\u00e4ndige Pfarrei gegr\u00fcndet und hatte bereits 1720 einen eigenen Seelsorger. Die \u00e4ltesten Pfarrer sind 1. Peter Wunnerle 1724 2. Anton S\u00f6ldner 1725 \u2013 + 29.08.1750 3. Gottfried Busch 1750-1765 4. Christian van Bihl 1765 \u2013 + 09.01.1785 &hellip; <a href=\"https:\/\/www.ahnenforschung-jackmuth.de\/?page_id=8839\" class=\"more-link\"><span class=\"screen-reader-text\">\u201eOFB Spie\u00df 1680-1891\u201c<\/span> weiterlesen<\/a><\/p>\n","protected":false},"author":1,"featured_media":0,"parent":0,"menu_order":0,"comment_status":"closed","ping_status":"closed","template":"","meta":{"footnotes":""},"class_list":["post-8839","page","type-page","status-publish","hentry"],"_links":{"self":[{"href":"https:\/\/www.ahnenforschung-jackmuth.de\/index.php?rest_route=\/wp\/v2\/pages\/8839","targetHints":{"allow":["GET"]}}],"collection":[{"href":"https:\/\/www.ahnenforschung-jackmuth.de\/index.php?rest_route=\/wp\/v2\/pages"}],"about":[{"href":"https:\/\/www.ahnenforschung-jackmuth.de\/index.php?rest_route=\/wp\/v2\/types\/page"}],"author":[{"embeddable":true,"href":"https:\/\/www.ahnenforschung-jackmuth.de\/index.php?rest_route=\/wp\/v2\/users\/1"}],"replies":[{"embeddable":true,"href":"https:\/\/www.ahnenforschung-jackmuth.de\/index.php?rest_route=%2Fwp%2Fv2%2Fcomments&post=8839"}],"version-history":[{"count":14,"href":"https:\/\/www.ahnenforschung-jackmuth.de\/index.php?rest_route=\/wp\/v2\/pages\/8839\/revisions"}],"predecessor-version":[{"id":12092,"href":"https:\/\/www.ahnenforschung-jackmuth.de\/index.php?rest_route=\/wp\/v2\/pages\/8839\/revisions\/12092"}],"wp:attachment":[{"href":"https:\/\/www.ahnenforschung-jackmuth.de\/index.php?rest_route=%2Fwp%2Fv2%2Fmedia&parent=8839"}],"curies":[{"name":"wp","href":"https:\/\/api.w.org\/{rel}","templated":true}]}}