{"id":8785,"date":"2021-08-31T16:04:55","date_gmt":"2021-08-31T16:04:55","guid":{"rendered":"http:\/\/www.ahnenforschung-jackmuth.de\/?page_id=8785"},"modified":"2023-07-19T18:26:18","modified_gmt":"2023-07-19T18:26:18","slug":"ofb-oberwies-1660-1817","status":"publish","type":"page","link":"https:\/\/www.ahnenforschung-jackmuth.de\/?page_id=8785","title":{"rendered":"OFB Oberwies 1648-1875"},"content":{"rendered":"<p style=\"text-align: justify;\"><span style=\"font-size: 10pt;\">Oberwies geh\u00f6rt bis 1835 zur Pfarrei Nassau, dann zu Schweighausen. Einige Taufen finden sich auch in der Pfarrei Dienethal (mit Dienethal, Sulzbach und Misselberg), die vom Nassauer Pfarrer mitverwaltet wird (jedoch in eigenen KB) und der Pfarrei Spie\u00df (kath. Taufen).<br \/>\n<\/span><\/p>\n<p style=\"text-align: justify;\"><span style=\"font-family: times new roman, times, serif;\">Von den Familien in Oberwies konnten sich hier nur die \u00e4ltesten \u00fcber mehrere Generationen halten und zwar die Gensmann, die Heimann und die May. F\u00fcr diese Familien wurden die Einwohnerverzeichnisse von 1648, 1658 und 1665 ausgewertet (HHStAW, Abt. 171, Nr. N 820). Hinzu kamen u. a. die Back aus Rettert (1768), die Fries aus Endlichhofen (1767), die Hinterweller aus Schweighausen (1745). Weitere Familien, meist Hirten und Sch\u00e4fer (auch Korbmacher) sind nur vor\u00fcbergehend hier ans\u00e4ssig und schwer zu fassen.<\/span><\/p>\n<hr \/>\n<p style=\"text-align: justify;\"><span style=\"font-size: 10pt;\"><a href=\"http:\/\/www.ahnenforschung-jackmuth.de\/?page_id=8736#ackermann\">Ackermann<\/a> \u2014 <a href=\"http:\/\/www.ahnenforschung-jackmuth.de\/?page_id=8736#arnst\">Arnst<\/a> \u2014 <a href=\"http:\/\/www.ahnenforschung-jackmuth.de\/?page_id=8736#back\">Back<\/a> \u2014\u00a0<a href=\"http:\/\/www.ahnenforschung-jackmuth.de\/?page_id=8736#bauser\">Bauser<\/a> \u2014\u00a0<a href=\"http:\/\/www.ahnenforschung-jackmuth.de\/?page_id=8736#becker\">Becker<\/a> \u2014\u00a0<a href=\"http:\/\/www.ahnenforschung-jackmuth.de\/?page_id=8736#berth\">Berth<\/a> \u2014 <a href=\"http:\/\/www.ahnenforschung-jackmuth.de\/?page_id=8736#bertz\">Bertz<\/a> \u2014 <a href=\"http:\/\/www.ahnenforschung-jackmuth.de\/?page_id=8736#bleyel\">Bleyel\/Bleuel<\/a> \u2014 <a href=\"http:\/\/www.ahnenforschung-jackmuth.de\/?page_id=8736#bluess\">Bl\u00fc\u00df<\/a> \u2014\u00a0<a href=\"http:\/\/www.ahnenforschung-jackmuth.de\/?page_id=8736#bruch\">Bruch<\/a> \u2014\u00a0<a href=\"http:\/\/www.ahnenforschung-jackmuth.de\/?page_id=8741#dattner\">Dattner<\/a> \u2014 <a href=\"http:\/\/www.ahnenforschung-jackmuth.de\/?page_id=8741#deis\">Deis<\/a> \u2014 <a href=\"http:\/\/www.ahnenforschung-jackmuth.de\/?page_id=8741#eisenbart\">Eisenbart<\/a> \u2014 <a href=\"http:\/\/www.ahnenforschung-jackmuth.de\/?page_id=8741#eckel\">Eckel<\/a> \u2014 <a href=\"http:\/\/www.ahnenforschung-jackmuth.de\/?page_id=8741#esch\">Esch<\/a> \u2014 <a href=\"http:\/\/www.ahnenforschung-jackmuth.de\/?page_id=8741#ewig\">Ewig<\/a> \u2014 <a href=\"http:\/\/www.ahnenforschung-jackmuth.de\/?page_id=8741#fries\">Fries<\/a> \u2014 <a href=\"http:\/\/www.ahnenforschung-jackmuth.de\/?page_id=8741#fruehling\">Fr\u00fchling<\/a> \u2014 <a href=\"http:\/\/www.ahnenforschung-jackmuth.de\/?page_id=8746#gensmann\">Gensmann<\/a> \u2014 <a href=\"http:\/\/www.ahnenforschung-jackmuth.de\/?page_id=8746#glaesner\">Gl\u00e4sner<\/a> \u2014 <a href=\"http:\/\/www.ahnenforschung-jackmuth.de\/?page_id=8746#gilberg\">Gilberg<\/a> \u2014 <a href=\"http:\/\/www.ahnenforschung-jackmuth.de\/?page_id=8746#goeth\">G\u00f6th<\/a> \u2014 <a href=\"http:\/\/www.ahnenforschung-jackmuth.de\/?page_id=8758#hartkopf\">Hartkopf<\/a> \u2014 <a href=\"http:\/\/www.ahnenforschung-jackmuth.de\/?page_id=8758#heck\">Heck<\/a> \u2014 <a href=\"http:\/\/www.ahnenforschung-jackmuth.de\/?page_id=8758#hehner\">Hehner<\/a> \u2014 <a href=\"http:\/\/www.ahnenforschung-jackmuth.de\/?page_id=8758#heimann\">Heimann<\/a> \u2014 <a href=\"http:\/\/www.ahnenforschung-jackmuth.de\/?page_id=8758#hemmelmann\">Hemmelmann<\/a> \u2014 <a href=\"http:\/\/www.ahnenforschung-jackmuth.de\/?page_id=8758#hinterweller\">Hinterweller<\/a> \u2014 <a href=\"http:\/\/www.ahnenforschung-jackmuth.de\/?page_id=8758#hirtz\">Hirtz<\/a> \u2014 <a href=\"http:\/\/www.ahnenforschung-jackmuth.de\/?page_id=8764#jahn\">Jahn<\/a> \u2014 <a href=\"http:\/\/www.ahnenforschung-jackmuth.de\/?page_id=8764#jockel\">Jockel<\/a> \u2014 <a href=\"http:\/\/www.ahnenforschung-jackmuth.de\/?page_id=8764#kaffa\">Kaffa (Caffay)<\/a> \u2014\u00a0<a href=\"http:\/\/www.ahnenforschung-jackmuth.de\/?page_id=8764#klein\">Klein<\/a> \u2014 <a href=\"http:\/\/www.ahnenforschung-jackmuth.de\/?page_id=8764#koehler\">K\u00f6hler<\/a> \u2014 <a href=\"http:\/\/www.ahnenforschung-jackmuth.de\/?page_id=8764#koll\">Koll<\/a> \u2014 <a href=\"http:\/\/www.ahnenforschung-jackmuth.de\/?page_id=8764#kreidel\">Kreidel<\/a> \u2014 <a href=\"http:\/\/www.ahnenforschung-jackmuth.de\/?page_id=8764#kreyd\">Kreyd<\/a> \u2014 <a href=\"http:\/\/www.ahnenforschung-jackmuth.de\/?page_id=8764#kunz\">Kunz<\/a> \u2014 <a href=\"http:\/\/www.ahnenforschung-jackmuth.de\/?page_id=8764#lenhard\">Lenhard<\/a> \u2014 <a href=\"http:\/\/www.ahnenforschung-jackmuth.de\/?page_id=8764#leuchtweis\">Leuchtweis<\/a> \u2014 <a href=\"http:\/\/www.ahnenforschung-jackmuth.de\/?page_id=8764#lorch\">Lorch<\/a> \u2014 <a href=\"http:\/\/www.ahnenforschung-jackmuth.de\/?page_id=8769#maxeiner\">Maxeiner<\/a> \u2014 <a href=\"http:\/\/www.ahnenforschung-jackmuth.de\/?page_id=8769#may\">May<\/a> \u2014 <a href=\"http:\/\/www.ahnenforschung-jackmuth.de\/?page_id=8769#minor\">Minor<\/a> \u2014 <a href=\"http:\/\/www.ahnenforschung-jackmuth.de\/?page_id=8769#mueller\">M\u00fcller<\/a> \u2014 <a href=\"http:\/\/www.ahnenforschung-jackmuth.de\/?page_id=8773#patron\">Patron<\/a> \u2014 <a href=\"http:\/\/www.ahnenforschung-jackmuth.de\/?page_id=8773#pauli\">Pauli<\/a> \u2014 <a href=\"http:\/\/www.ahnenforschung-jackmuth.de\/?page_id=8773#pfaff\">Pfaff<\/a> \u2014 <a href=\"http:\/\/www.ahnenforschung-jackmuth.de\/?page_id=8773#pristum\">Pristum oder Prei\u00dfmann<\/a> \u2014 <a href=\"http:\/\/www.ahnenforschung-jackmuth.de\/?page_id=8775#reifel\">Reifel<\/a> \u2014 <a href=\"http:\/\/www.ahnenforschung-jackmuth.de\/?page_id=8775#reiffschnitter\">Reiffschnitter<\/a>\u00a0 \u2014 <a href=\"http:\/\/www.ahnenforschung-jackmuth.de\/?page_id=8775#rinker\">Rinker<\/a> \u2014<a href=\"http:\/\/www.ahnenforschung-jackmuth.de\/?page_id=8775#roerig\">R\u00f6rig<\/a> \u2014 <a href=\"http:\/\/www.ahnenforschung-jackmuth.de\/?page_id=8775#rotard\">Rotard oder Rudhard<\/a> \u2014 <a href=\"http:\/\/www.ahnenforschung-jackmuth.de\/?page_id=8775#sauerwein\">Sauerwein<\/a> \u2014 <a href=\"http:\/\/www.ahnenforschung-jackmuth.de\/?page_id=8775#schaefer\">Sch\u00e4fer<\/a> \u2014 <a href=\"http:\/\/www.ahnenforschung-jackmuth.de\/?page_id=8775#scheurer\">Scheurer<\/a> \u2014 <a href=\"http:\/\/www.ahnenforschung-jackmuth.de\/?page_id=8775#schmidt\">Schmidt<\/a> \u2014 <a href=\"http:\/\/www.ahnenforschung-jackmuth.de\/?page_id=8775#schoeneberg\">Sch\u00f6neberg<\/a> \u2014 <a href=\"http:\/\/www.ahnenforschung-jackmuth.de\/?page_id=8775#steckler\">Steckler<\/a> \u2014 <a href=\"http:\/\/www.ahnenforschung-jackmuth.de\/?page_id=8775#theis\">Theis<\/a> \u2014 <a href=\"http:\/\/www.ahnenforschung-jackmuth.de\/?page_id=8775#thiel\">Thiel<\/a> \u2014 <a href=\"http:\/\/www.ahnenforschung-jackmuth.de\/?page_id=8775#ullmann\">Ullmann<\/a> \u2014 <a href=\"http:\/\/www.ahnenforschung-jackmuth.de\/?page_id=8775#volk\">Volk<\/a> \u2014 <a href=\"http:\/\/www.ahnenforschung-jackmuth.de\/?page_id=8779#wagner\">Wagner<\/a> \u2014 <a href=\"http:\/\/www.ahnenforschung-jackmuth.de\/?page_id=8779#weber\">Weber<\/a> \u2014 <a href=\"http:\/\/www.ahnenforschung-jackmuth.de\/?page_id=8779#weyer\">Weyer<\/a> \u2014 <a href=\"http:\/\/www.ahnenforschung-jackmuth.de\/?page_id=8779#weyrich\">Weyrich<\/a> \u2014 <a href=\"http:\/\/www.ahnenforschung-jackmuth.de\/?page_id=8779#weis\">Weis<\/a> \u2014 <a href=\"http:\/\/www.ahnenforschung-jackmuth.de\/?page_id=8779#zimmermann\">Zimmermann<\/a> \u2014 <a href=\"http:\/\/www.ahnenforschung-jackmuth.de\/?page_id=8783\">Name unbekannt<\/a><\/span><\/p>\n<hr \/>\n<p><span style=\"font-size: 10pt; font-family: times new roman, times, serif;\"><b>Letztes Update: 19. Juli 2023<\/b><\/span><br \/>\n<span style=\"font-size: 10pt; font-family: times new roman, times, serif;\"><b>Ralph Jackmuth<\/b><\/span><\/p>\n","protected":false},"excerpt":{"rendered":"<p>Oberwies geh\u00f6rt bis 1835 zur Pfarrei Nassau, dann zu Schweighausen. Einige Taufen finden sich auch in der Pfarrei Dienethal (mit Dienethal, Sulzbach und Misselberg), die vom Nassauer Pfarrer mitverwaltet wird (jedoch in eigenen KB) und der Pfarrei Spie\u00df (kath. Taufen). Von den Familien in Oberwies konnten sich hier nur die \u00e4ltesten \u00fcber mehrere Generationen halten &hellip; <a href=\"https:\/\/www.ahnenforschung-jackmuth.de\/?page_id=8785\" class=\"more-link\"><span class=\"screen-reader-text\">\u201eOFB Oberwies 1648-1875\u201c<\/span> weiterlesen<\/a><\/p>\n","protected":false},"author":1,"featured_media":0,"parent":0,"menu_order":0,"comment_status":"closed","ping_status":"closed","template":"","meta":{"footnotes":""},"class_list":["post-8785","page","type-page","status-publish","hentry"],"_links":{"self":[{"href":"https:\/\/www.ahnenforschung-jackmuth.de\/index.php?rest_route=\/wp\/v2\/pages\/8785","targetHints":{"allow":["GET"]}}],"collection":[{"href":"https:\/\/www.ahnenforschung-jackmuth.de\/index.php?rest_route=\/wp\/v2\/pages"}],"about":[{"href":"https:\/\/www.ahnenforschung-jackmuth.de\/index.php?rest_route=\/wp\/v2\/types\/page"}],"author":[{"embeddable":true,"href":"https:\/\/www.ahnenforschung-jackmuth.de\/index.php?rest_route=\/wp\/v2\/users\/1"}],"replies":[{"embeddable":true,"href":"https:\/\/www.ahnenforschung-jackmuth.de\/index.php?rest_route=%2Fwp%2Fv2%2Fcomments&post=8785"}],"version-history":[{"count":0,"href":"https:\/\/www.ahnenforschung-jackmuth.de\/index.php?rest_route=\/wp\/v2\/pages\/8785\/revisions"}],"wp:attachment":[{"href":"https:\/\/www.ahnenforschung-jackmuth.de\/index.php?rest_route=%2Fwp%2Fv2%2Fmedia&parent=8785"}],"curies":[{"name":"wp","href":"https:\/\/api.w.org\/{rel}","templated":true}]}}