{"id":748,"date":"2016-10-11T18:03:59","date_gmt":"2016-10-11T18:03:59","guid":{"rendered":"http:\/\/www.ahnenforschung-jackmuth.de\/?page_id=748"},"modified":"2020-11-01T20:53:21","modified_gmt":"2020-11-01T20:53:21","slug":"archivbestand-kirchspiel-nievern-5","status":"publish","type":"page","link":"https:\/\/www.ahnenforschung-jackmuth.de\/?page_id=748","title":{"rendered":"Archivbestand Kirchspiel Nievern 5"},"content":{"rendered":"<p>HHStAW = Hessisches Hauptstaatsarchiv Wiesbaden<br \/>\nLHAK = Landeshauptarchiv Koblenz<\/p>\n<hr \/>\n<h3><strong> Kontraktenprotokolle des Gerichts Nievern und Kaufbriefe<\/strong><\/h3>\n<p><strong>Aufgabe:<\/strong> Protokollieren des Vertragswesens<\/p>\n<p><strong>Zeitraum: <\/strong>ab 1726<\/p>\n<p><strong>Inhalt: <\/strong><\/p>\n<ul>\n<li>Vek\u00e4ufe von Grundst\u00fccken und Geb\u00e4uden<\/li>\n<li>Versteigerungen von Grundst\u00fccken<\/li>\n<li>Schuldverschreibungen (Obligationen)<\/li>\n<\/ul>\n<p style=\"text-align: justify;\">Ein herrschaftlicher Erlass vom 12. M\u00e4rz 1726 ( HHStAW, Abt. 3\/3, Nr. f \u00bd, Faszikel III) legt die F\u00fchrung von Kontraktenprotokollen wie folgt fest:<\/p>\n<p style=\"text-align: justify;\">\u201eNachdemalen in denen K\u00e4uf- und Verk\u00e4ufen weniger nicht dann in Ausfertigung der gerichtlichen Obligationen im Kirchspiel Nievern eine ziemliche Unordnung zu unterlaufen scheinet, als wird hiermit dasigem Gericht anbefohlen, allsolch und dergleichen Gerichtsh\u00e4ndel dahier jedesmal konfirmieren und bekr\u00e4ftigen zu lassen, widrigens solche vor null und nichtig erkl\u00e4ret und gehalten werden sollen.\u201c<\/p>\n<table width=\"100%\">\n<tbody>\n<tr>\n<td width=\"12%\"><strong>Zeitraum <\/strong><\/td>\n<td style=\"text-align: center;\" width=\"10%\"><strong>Umfang <\/strong><\/td>\n<td style=\"text-align: center;\" width=\"20%\"><strong>Standort <\/strong><\/td>\n<td width=\"58%\"><strong>Bem. <\/strong><\/td>\n<\/tr>\n<tr>\n<td style=\"text-align: center;\" width=\"12%\">1726-1767<\/td>\n<td style=\"text-align: center;\" width=\"10%\">192 Bll.<\/td>\n<td style=\"text-align: center;\" width=\"20%\">HHStAW<br \/>\nAbt. 3\/3 Nr. f 4,1<\/td>\n<td width=\"58%\">1 Band<\/td>\n<\/tr>\n<tr>\n<td style=\"text-align: center;\" width=\"12%\">1781-1786<\/td>\n<td style=\"text-align: center;\" width=\"10%\">162 Bll.<\/td>\n<td style=\"text-align: center;\" width=\"20%\">HHStAW<br \/>\nAbt. 3\/3 Nr. f 4,4<\/td>\n<td width=\"58%\">1 Band<\/td>\n<\/tr>\n<tr>\n<td style=\"text-align: center;\" width=\"12%\">1786-1794<\/td>\n<td style=\"text-align: center;\" width=\"10%\">228 Bll.<\/td>\n<td style=\"text-align: center;\" width=\"20%\">HHStAW<br \/>\nAbt. 3\/3 Nr. f 4,5<\/td>\n<td width=\"58%\">1 Band<\/td>\n<\/tr>\n<tr>\n<td style=\"text-align: center;\" width=\"12%\">1795<\/td>\n<td width=\"10%\"><\/td>\n<td style=\"text-align: center;\" width=\"20%\">HHStAW<br \/>\nAbt. 3\/3 Nr. f 12<\/td>\n<td style=\"text-align: justify;\" width=\"58%\">18 Kaufbriefe aus Nievern, Fachbach und Miellen (einzeln verzeichnet Findbuch S. 16)<\/td>\n<\/tr>\n<tr>\n<td style=\"text-align: center;\" width=\"12%\">1794-1796<\/td>\n<td width=\"10%\"><\/td>\n<td style=\"text-align: center;\" width=\"20%\">HHStAW<br \/>\nAbt. 3\/3 Nr. f 13<\/td>\n<td style=\"text-align: justify;\" width=\"58%\">48 Kaufbriefe aus Nievern (ez. verzeichnet Findbuch S. 17)<\/td>\n<\/tr>\n<tr>\n<td style=\"text-align: center;\" width=\"12%\">bis 1812<\/td>\n<td width=\"10%\"><\/td>\n<td style=\"text-align: center;\" width=\"20%\">HHStAW<br \/>\nAbt. 3\/3 Nr. f 4,6<\/td>\n<td width=\"58%\">1 Band<\/td>\n<\/tr>\n<\/tbody>\n<\/table>\n<hr \/>\n<p><span style=\"font-size: small;\"><b>Letztes Update: Oktober 2016<\/b><\/span><br \/>\n<span style=\"font-size: small;\"><b>Ralph Jackmuth<\/b><\/span><\/p>\n<p><span style=\"font-size: small;\">\u00a0<\/span><\/p>\n","protected":false},"excerpt":{"rendered":"<p>HHStAW = Hessisches Hauptstaatsarchiv Wiesbaden LHAK = Landeshauptarchiv Koblenz Kontraktenprotokolle des Gerichts Nievern und Kaufbriefe Aufgabe: Protokollieren des Vertragswesens Zeitraum: ab 1726 Inhalt: Vek\u00e4ufe von Grundst\u00fccken und Geb\u00e4uden Versteigerungen von Grundst\u00fccken Schuldverschreibungen (Obligationen) Ein herrschaftlicher Erlass vom 12. M\u00e4rz 1726 ( HHStAW, Abt. 3\/3, Nr. f \u00bd, Faszikel III) legt die F\u00fchrung von Kontraktenprotokollen wie &hellip; <a href=\"https:\/\/www.ahnenforschung-jackmuth.de\/?page_id=748\" class=\"more-link\"><span class=\"screen-reader-text\">\u201eArchivbestand Kirchspiel Nievern 5\u201c<\/span> weiterlesen<\/a><\/p>\n","protected":false},"author":1,"featured_media":0,"parent":0,"menu_order":0,"comment_status":"closed","ping_status":"closed","template":"","meta":{"footnotes":""},"class_list":["post-748","page","type-page","status-publish","hentry"],"_links":{"self":[{"href":"https:\/\/www.ahnenforschung-jackmuth.de\/index.php?rest_route=\/wp\/v2\/pages\/748","targetHints":{"allow":["GET"]}}],"collection":[{"href":"https:\/\/www.ahnenforschung-jackmuth.de\/index.php?rest_route=\/wp\/v2\/pages"}],"about":[{"href":"https:\/\/www.ahnenforschung-jackmuth.de\/index.php?rest_route=\/wp\/v2\/types\/page"}],"author":[{"embeddable":true,"href":"https:\/\/www.ahnenforschung-jackmuth.de\/index.php?rest_route=\/wp\/v2\/users\/1"}],"replies":[{"embeddable":true,"href":"https:\/\/www.ahnenforschung-jackmuth.de\/index.php?rest_route=%2Fwp%2Fv2%2Fcomments&post=748"}],"version-history":[{"count":0,"href":"https:\/\/www.ahnenforschung-jackmuth.de\/index.php?rest_route=\/wp\/v2\/pages\/748\/revisions"}],"wp:attachment":[{"href":"https:\/\/www.ahnenforschung-jackmuth.de\/index.php?rest_route=%2Fwp%2Fv2%2Fmedia&parent=748"}],"curies":[{"name":"wp","href":"https:\/\/api.w.org\/{rel}","templated":true}]}}