{"id":737,"date":"2016-10-11T17:42:06","date_gmt":"2016-10-11T17:42:06","guid":{"rendered":"http:\/\/www.ahnenforschung-jackmuth.de\/?page_id=737"},"modified":"2016-10-16T15:39:38","modified_gmt":"2016-10-16T15:39:38","slug":"archivbestand-nievern-4","status":"publish","type":"page","link":"https:\/\/www.ahnenforschung-jackmuth.de\/?page_id=737","title":{"rendered":"Archivbestand Kirchspiel Nievern 4"},"content":{"rendered":"<p>HHStAW = Hessisches Hauptstaatsarchiv Wiesbaden<br \/>\nLHAK = Landeshauptarchiv Koblenz<\/p>\n<hr \/>\n<h3>Sonstige Vorf\u00e4lle<\/h3>\n<table width=\"100%\">\n<tbody>\n<tr>\n<td style=\"text-align: center;\" width=\"12%\"><strong>Zeitraum <\/strong><\/td>\n<td style=\"text-align: center;\" width=\"20%\"><strong>Umfang <\/strong><\/td>\n<td style=\"text-align: center;\" width=\"18%\"><strong>Standort <\/strong><\/td>\n<td width=\"50%\"><strong>Betreff <\/strong><\/td>\n<\/tr>\n<tr>\n<td style=\"text-align: center;\" width=\"12%\">1691<\/td>\n<td width=\"20%\"><\/td>\n<td style=\"text-align: center;\" width=\"18%\">LHAK Best. 48 Nr. 4422<\/td>\n<td style=\"text-align: justify;\" width=\"50%\">Verordnung \u00fcber das Schneiden des Grases im Kirchspiel Fachbach<\/td>\n<\/tr>\n<tr>\n<td style=\"text-align: center;\" width=\"12%\">1724-1746<\/td>\n<td width=\"20%\"><\/td>\n<td style=\"text-align: center;\" width=\"18%\">LHAK Best. 48 Nr. 2244<\/td>\n<td style=\"text-align: justify;\" width=\"50%\">Zusammenst\u00f6\u00dfe zwischen Untertanen in Nievern und Einwohnern des steinschen Ortes Fr\u00fccht. Enth\u00e4lt auch: Verweigerung des lehnsherrlichen Rechts auf Abhaltung eines Hofgedings am Briciustag<\/td>\n<\/tr>\n<tr>\n<td style=\"text-align: center;\" width=\"12%\">1726-1802<\/td>\n<td width=\"20%\"><\/td>\n<td style=\"text-align: center;\" width=\"18%\">LHAK Best. 48 Nr. 3749<\/td>\n<td style=\"text-align: justify;\" width=\"50%\">Bekanntmachung von Verordnungen durch den Schulthei\u00dfen in Nievern. Enth\u00e4lt u. a. Beherbergung von Fremden; Gesch\u00e4fte mit j\u00fcdischen H\u00e4ndlern, Unzucht<\/td>\n<\/tr>\n<tr>\n<td style=\"text-align: center;\" width=\"12%\">18. Jh.<\/td>\n<td width=\"20%\"><\/td>\n<td style=\"text-align: center;\" width=\"18%\">LHAK Best. 48 Nr. 3196<\/td>\n<td style=\"text-align: justify;\" width=\"50%\">Heranziehung der Untertanen aus Nievern und Fachbach zu Fronfuhren und Festungs-bauarbeiten in Ehrenbreitstein<\/td>\n<\/tr>\n<tr>\n<td style=\"text-align: center;\" width=\"12%\">1762<\/td>\n<td width=\"20%\"><\/td>\n<td style=\"text-align: center;\" width=\"18%\">LHAK Best. 48 Nr. 2235<\/td>\n<td width=\"50%\">Auffindung einer m\u00e4nnlichen Leiche an der Lahn<\/td>\n<\/tr>\n<tr>\n<td style=\"text-align: center;\" width=\"12%\">1765-1766<\/td>\n<td width=\"20%\"><\/td>\n<td style=\"text-align: center;\" width=\"18%\">LHAK Best. 48 Nr. 2551<\/td>\n<td style=\"text-align: justify;\" width=\"50%\">Beschr\u00e4nkung der Mahlerlaubnis und der Mehleinfuhr f\u00fcr ausl\u00e4ndische M\u00fcller in der Herrschaft Nievern<\/td>\n<\/tr>\n<tr>\n<td style=\"text-align: center;\" width=\"12%\">1767<\/td>\n<td width=\"20%\"><\/td>\n<td style=\"text-align: center;\" width=\"18%\">LHAK Best. 48 Nr. 2235<\/td>\n<td width=\"50%\">Verbot des Kartenspiels<\/td>\n<\/tr>\n<tr>\n<td style=\"text-align: center;\" width=\"12%\">1768<\/td>\n<td width=\"20%\"><\/td>\n<td style=\"text-align: center;\" width=\"18%\">LHAK Best. 48 Nr. 4542<\/td>\n<td width=\"50%\">Erh\u00f6hung des B\u00fcrgergeldes<\/td>\n<\/tr>\n<tr>\n<td style=\"text-align: center;\" width=\"12%\">1771<\/td>\n<td width=\"20%\"><\/td>\n<td style=\"text-align: center;\" width=\"18%\">LHAK Best. 48 Nr. 4542<\/td>\n<td style=\"text-align: justify;\" width=\"50%\">Unterst\u00fctzung der an Brotmangel leidenden Untertanen<\/td>\n<\/tr>\n<tr>\n<td style=\"text-align: center;\" width=\"12%\">1773<\/td>\n<td width=\"20%\"><\/td>\n<td style=\"text-align: center;\" width=\"18%\">LHAK Best. 48 Nr. 4542<\/td>\n<td width=\"50%\">Ernennung einer Hebamme<\/td>\n<\/tr>\n<tr>\n<td style=\"text-align: center;\" width=\"12%\">1784<\/td>\n<td width=\"20%\"><\/td>\n<td style=\"text-align: center;\" width=\"18%\"><a href=\"http:\/\/www.ahnenforschung-jackmuth.de\/?page_id=786\">LHAK Best. 48 Nr. 2221<\/a><\/td>\n<td width=\"50%\">Schatzgr\u00e4berei in Fachbach<\/td>\n<\/tr>\n<tr>\n<td style=\"text-align: center;\" width=\"12%\">18. Jh.<\/td>\n<td width=\"20%\"><\/td>\n<td style=\"text-align: center;\" width=\"18%\"><a href=\"http:\/\/www.ahnenforschung-jackmuth.de\/?page_id=786\">LHAK Best. 48 Nr. 2221<\/a><\/td>\n<td width=\"50%\">Auffindung von Wasserleichen an der Lahn<\/td>\n<\/tr>\n<tr>\n<td style=\"text-align: center;\" width=\"12%\">um 1800<\/td>\n<td width=\"20%\"><\/td>\n<td style=\"text-align: center;\" width=\"18%\">LHAK Best. 48 Nr. 3868<\/td>\n<td style=\"text-align: justify;\" width=\"50%\">Z\u00e4hlung der Bev\u00f6lkerung in der Herrschaft Nievern<\/td>\n<\/tr>\n<\/tbody>\n<\/table>\n<hr \/>\n<p><span style=\"font-size: small;\"><b>Letztes Update: Oktober 2016<\/b><\/span><br \/>\n<span style=\"font-size: small;\"><b>Ralph Jackmuth<\/b><\/span><\/p>\n<p><span style=\"font-size: small;\">\u00a0<\/span><\/p>\n","protected":false},"excerpt":{"rendered":"<p>HHStAW = Hessisches Hauptstaatsarchiv Wiesbaden LHAK = Landeshauptarchiv Koblenz Sonstige Vorf\u00e4lle Zeitraum Umfang Standort Betreff 1691 LHAK Best. 48 Nr. 4422 Verordnung \u00fcber das Schneiden des Grases im Kirchspiel Fachbach 1724-1746 LHAK Best. 48 Nr. 2244 Zusammenst\u00f6\u00dfe zwischen Untertanen in Nievern und Einwohnern des steinschen Ortes Fr\u00fccht. Enth\u00e4lt auch: Verweigerung des lehnsherrlichen Rechts auf Abhaltung &hellip; <a href=\"https:\/\/www.ahnenforschung-jackmuth.de\/?page_id=737\" class=\"more-link\"><span class=\"screen-reader-text\">\u201eArchivbestand Kirchspiel Nievern 4\u201c<\/span> weiterlesen<\/a><\/p>\n","protected":false},"author":1,"featured_media":0,"parent":0,"menu_order":0,"comment_status":"closed","ping_status":"closed","template":"","meta":{"footnotes":""},"class_list":["post-737","page","type-page","status-publish","hentry"],"_links":{"self":[{"href":"https:\/\/www.ahnenforschung-jackmuth.de\/index.php?rest_route=\/wp\/v2\/pages\/737","targetHints":{"allow":["GET"]}}],"collection":[{"href":"https:\/\/www.ahnenforschung-jackmuth.de\/index.php?rest_route=\/wp\/v2\/pages"}],"about":[{"href":"https:\/\/www.ahnenforschung-jackmuth.de\/index.php?rest_route=\/wp\/v2\/types\/page"}],"author":[{"embeddable":true,"href":"https:\/\/www.ahnenforschung-jackmuth.de\/index.php?rest_route=\/wp\/v2\/users\/1"}],"replies":[{"embeddable":true,"href":"https:\/\/www.ahnenforschung-jackmuth.de\/index.php?rest_route=%2Fwp%2Fv2%2Fcomments&post=737"}],"version-history":[{"count":0,"href":"https:\/\/www.ahnenforschung-jackmuth.de\/index.php?rest_route=\/wp\/v2\/pages\/737\/revisions"}],"wp:attachment":[{"href":"https:\/\/www.ahnenforschung-jackmuth.de\/index.php?rest_route=%2Fwp%2Fv2%2Fmedia&parent=737"}],"curies":[{"name":"wp","href":"https:\/\/api.w.org\/{rel}","templated":true}]}}