{"id":730,"date":"2016-10-11T17:28:43","date_gmt":"2016-10-11T17:28:43","guid":{"rendered":"http:\/\/www.ahnenforschung-jackmuth.de\/?page_id=730"},"modified":"2016-10-16T15:39:21","modified_gmt":"2016-10-16T15:39:21","slug":"archivbestand-kirchspiel-nievern-3","status":"publish","type":"page","link":"https:\/\/www.ahnenforschung-jackmuth.de\/?page_id=730","title":{"rendered":"Archivbestand Kirchspiel Nievern 3"},"content":{"rendered":"<p style=\"text-align: justify;\">HHStAW = Hessisches Hauptstaatsarchiv Wiesbaden<br \/>\nLHAK = Landeshauptarchiv Koblenz<\/p>\n<hr \/>\n<h3 style=\"text-align: justify;\"><strong>Einzelne Rechtsstreitigkeiten, Beschwerden und Belange der Untertanen, Inquisitionsverfahren<\/strong><\/h3>\n<p>1801\u00a0LHAK Best. 48 Nr. 2219Untersuchung gegen Peter Stattfeld und die Ehefrau des Michael Dummermuth in Nievern wegen Ehebruchs<\/p>\n<table width=\"100%\">\n<tbody>\n<tr>\n<td style=\"text-align: center;\" width=\"12%\"><strong>Zeitraum <\/strong><\/td>\n<td style=\"text-align: center;\" width=\"20%\"><strong>Umfang <\/strong><\/td>\n<td style=\"text-align: center;\" width=\"18%\"><strong>Standort <\/strong><\/td>\n<td width=\"50%\"><strong>Betreff <\/strong><\/td>\n<\/tr>\n<tr>\n<td style=\"text-align: center;\" width=\"12%\">1699-1704<\/td>\n<td width=\"20%\"><\/td>\n<td style=\"text-align: center;\" width=\"18%\">LHAK Best. 48 Nr. 4418<\/td>\n<td style=\"text-align: justify;\" width=\"50%\">Regelung des Nachlasses des Jakob Kelter aus Fachbach zugunsten seiner Witwe Anna<\/td>\n<\/tr>\n<tr>\n<td width=\"12%\">\n<p style=\"text-align: center;\">1727-1728<br \/>\n1767-1776<\/p>\n<\/td>\n<td width=\"20%\"><\/td>\n<td style=\"text-align: center;\" width=\"18%\">LHAK Best. 48 Nr. 2209<\/td>\n<td style=\"text-align: justify;\" width=\"50%\">Aufteilung der Hinterlassenschaft des Wilhelm Buchholz unter seinen Nachkommen aus zwei Ehen durch das Gericht in Nievern<\/td>\n<\/tr>\n<tr>\n<td style=\"text-align: center;\" width=\"12%\">1732<\/td>\n<td width=\"20%\"><\/td>\n<td style=\"text-align: center;\" width=\"18%\">LHAK Best. 48 Nr. 2548<\/td>\n<td style=\"text-align: justify;\" width=\"50%\">Erteilung einer Genehmigung zum Hausbau an der allgemeinen Landstra\u00dfe an Valentin Weiskopf in Fachbach<\/td>\n<\/tr>\n<tr>\n<td style=\"text-align: center;\" width=\"12%\">1734-1800<\/td>\n<td style=\"text-align: center;\" width=\"20%\">5 Faszikel<\/td>\n<td style=\"text-align: center;\" width=\"18%\">HHStAW Abt. 3\/3 Nr. f 5<\/td>\n<td style=\"text-align: justify;\" width=\"50%\">Acta betr. Testamente und Verm\u00f6gensherausgabe. Faszikel VI: Jost Adam Finckelmeyer von Nievern klagt gegen Hubertus Schleimer von Fachbach (1734)<\/td>\n<\/tr>\n<tr>\n<td style=\"text-align: center;\" width=\"12%\">1738-1744<\/td>\n<td width=\"20%\"><\/td>\n<td style=\"text-align: center;\" width=\"18%\">LHAK Best. 48 Nr. 2545<\/td>\n<td style=\"text-align: justify;\" width=\"50%\">Prozess der Anna Maria Birnfeld aus Nievern gegen ihre Mutter Elisabeth Jung und s\u00e4mtliche Geschwister wegen Geldforderungen vor Schulthei\u00df und Sch\u00f6ffen des Nieverner Gerichts<\/td>\n<\/tr>\n<tr>\n<td style=\"text-align: center;\" width=\"12%\">1750<\/td>\n<td width=\"20%\"><\/td>\n<td style=\"text-align: center;\" width=\"18%\">LHAK Best. 48 Nr. 2541<\/td>\n<td style=\"text-align: justify;\" width=\"50%\">Mathias M\u00fcller aus Fachbach wegen Vergewaltigung seiner Stieftochter Agnes Santin<\/td>\n<\/tr>\n<tr>\n<td style=\"text-align: center;\" width=\"12%\">1751<\/td>\n<td width=\"20%\"><\/td>\n<td style=\"text-align: center;\" width=\"18%\">LHAK Best. 48 Nr. 2541<\/td>\n<td style=\"text-align: justify;\" width=\"50%\">Todesurteile gegen Mathias Oppenh\u00e4user und dessen Geliebte Anna Elisabeth Touffi wegen Mordes an ihrem Ehemann<\/td>\n<\/tr>\n<tr>\n<td style=\"text-align: center;\" width=\"12%\">1755<\/td>\n<td width=\"20%\"><\/td>\n<td style=\"text-align: center;\" width=\"18%\">LHAK Best. 48 Nr. 2541<\/td>\n<td style=\"text-align: justify;\" width=\"50%\">Peter Brant und Johann Bertram aus Nievern wegen Eisendiebstahls<\/td>\n<\/tr>\n<tr>\n<td style=\"text-align: center;\" width=\"12%\">1765-1775<\/td>\n<td width=\"20%\"><\/td>\n<td style=\"text-align: center;\" width=\"18%\"><a href=\"http:\/\/www.ahnenforschung-jackmuth.de\/?page_id=804\">LHAK Best. 48 Nr. 2542<\/a><\/td>\n<td style=\"text-align: justify;\" width=\"50%\">Berichte des Amtsverwalters an den Grafen von der Leyen aufgrund von Suppliken (z. B. Heiratserlaubnis, Einb\u00fcrgerung) der Einwohner des Kirchspiels Nievern, Berichte des Schulthei\u00dfen Grisar, u .a.<\/td>\n<\/tr>\n<tr>\n<td width=\"12%\">1759-1774<\/td>\n<td width=\"20%\"><\/td>\n<td style=\"text-align: center;\" width=\"18%\">LHAK Best. 48 Nr. 2276<\/td>\n<td style=\"text-align: justify;\" width=\"50%\">Berichte der Amtsverwalter. Enth\u00e4lt u. a.: \u00dcberf\u00fchrung des Protestanten Heinrich Gottfried Zimmermann aus Miellen zur Beerdigung in Fr\u00fccht, 1774; Waldfrevel<\/td>\n<\/tr>\n<tr>\n<td style=\"text-align: center;\" width=\"12%\">1763, 1775-1776<\/td>\n<td width=\"20%\"><\/td>\n<td style=\"text-align: center;\" width=\"18%\">LHAK Best. 48 Nr. 2422<\/td>\n<td style=\"text-align: justify;\" width=\"50%\">Untersuchung des nach der Sperrung eines Weges durch den Nieverner Amtsverwalters entstandenen Aufruhrs. Enth\u00e4lt auch: Strafverfolgung des Mathias Eberhard aus Fachbach wegen Diebstahls<\/td>\n<\/tr>\n<tr>\n<td style=\"text-align: center;\" width=\"12%\">1765-1781<\/td>\n<td width=\"20%\"><\/td>\n<td style=\"text-align: center;\" width=\"18%\">LHAK Best. 48 Nr. 3874<\/td>\n<td style=\"text-align: justify;\" width=\"50%\">Schlichtung des Streits zwischen den Untertanen in Nievern Michael Adam einerseits und Johann Buchholz und der Witwe des Franz R\u00fcbenach andererseits um die Zahlung von Strafgeldern an das kurtrierische Amt Ehrenbreitstein wegen einer Schl\u00e4gerei mit den Horchheimer Sch\u00fctzen beim Brennholzsammeln im Horchheimer Wald<\/td>\n<\/tr>\n<tr>\n<td style=\"text-align: center;\" width=\"12%\">1772-1773<\/td>\n<td width=\"20%\"><\/td>\n<td style=\"text-align: center;\" width=\"18%\">LHAK Best. 48 Nr. 2423<\/td>\n<td style=\"text-align: justify;\" width=\"50%\">Rechtsstreit des Johann Philipp Scheuren aus Fr\u00fccht gegen Christian Lacker aus Nievern vor dem Nieverner Amtsverwalter wegen offener Zahlungen bei einem Viehhandel<\/td>\n<\/tr>\n<tr>\n<td style=\"text-align: center;\" width=\"12%\">1774<\/td>\n<td width=\"20%\"><\/td>\n<td style=\"text-align: center;\" width=\"18%\">LHAK Best. 48 Nr. 2541<\/td>\n<td style=\"text-align: justify;\" width=\"50%\">Tod des in Fachbach wegen Diebstahls inhaftierten Wasenmeisters Nikolaus Lucas<\/td>\n<\/tr>\n<tr>\n<td style=\"text-align: center;\" width=\"12%\">1777-1778<\/td>\n<td width=\"20%\"><\/td>\n<td style=\"text-align: center;\" width=\"18%\">LHAK Best. 48 Nr. 2419<\/td>\n<td style=\"text-align: justify;\" width=\"50%\">Beschwerden der B\u00fcrger von Fachbach \u00fcber Beisassen<\/td>\n<\/tr>\n<tr>\n<td style=\"text-align: center;\" width=\"12%\">1778<\/td>\n<td style=\"text-align: center;\" width=\"20%\">1 Faszikel<\/td>\n<td style=\"text-align: center;\" width=\"18%\">HHStAW Abt. 3\/3 Nr. b 2<\/td>\n<td style=\"text-align: justify;\" width=\"50%\">Reichsfreiherr vom Stein contra M\u00fcller Thiel von Fachbach betr. Benutzung von Grundst\u00fccken<\/td>\n<\/tr>\n<tr>\n<td style=\"text-align: center;\" width=\"12%\">\u00a01776 &#8211; Ende 18. Jh.<\/td>\n<td width=\"20%\"><\/td>\n<td style=\"text-align: center;\" width=\"18%\"><a href=\"http:\/\/www.ahnenforschung-jackmuth.de\/?page_id=786\">\u00a0LHAK Best. 48 Nr. 2221<\/a><\/td>\n<td style=\"text-align: justify;\" width=\"50%\">Berichte des Amtsverwalters an den Grafen von der Leyen aufgrund von Suppliken (z. B. Heiratserlaubnis, Einb\u00fcrgerung) der Einwohner des Kirchspiels Nievern, u. a.<\/td>\n<\/tr>\n<tr>\n<td style=\"text-align: center;\" width=\"12%\">(1773) 1793-1794<\/td>\n<td width=\"20%\"><\/td>\n<td style=\"text-align: center;\" width=\"18%\">LHAK Best. 48 Nr. 2932<\/td>\n<td style=\"text-align: justify;\" width=\"50%\">Einlieferung von Berichten und Suppliken der Untertanen bei der Regierungskanzlei durch die Kellereien<\/td>\n<\/tr>\n<tr>\n<td style=\"text-align: center;\" width=\"12%\">1799-1804<\/td>\n<td width=\"20%\"><\/td>\n<td style=\"text-align: center;\" width=\"18%\">LHAK Best. 48 Nr. 2488<\/td>\n<td style=\"text-align: justify;\" width=\"50%\">Landesverweisung des Peter Stattfeld aus Fachbach wegen Ehebruchs mit Magdalena Weeters verh. Dummermuth und Erregung \u00f6ffentlichen \u00c4rgernisses sowie Verfolgung wegen unerlaubter R\u00fcckkehr<\/td>\n<\/tr>\n<tr>\n<td style=\"text-align: center;\" width=\"12%\">1848<\/td>\n<td width=\"20%\"><\/td>\n<td style=\"text-align: center;\" width=\"18%\">LHAK Best. 48 Nr. 3882<\/td>\n<td style=\"text-align: justify;\" width=\"50%\">Untersuchung der Beschwerden der Gemeinden Nievern, Fachbach und Miellen \u00fcber die standesherrliche Verwaltungsf\u00fchrung des F\u00fcrsten von der Leyen durch die nassauische Landesregierung<\/td>\n<\/tr>\n<\/tbody>\n<\/table>\n<hr \/>\n<p><span style=\"font-size: small;\"><b>Letztes Update: Oktober 2016<\/b><\/span><br \/>\n<span style=\"font-size: small;\"><b>Ralph Jackmuth<\/b><\/span><\/p>\n<p><span style=\"font-size: small;\">\u00a0<\/span><\/p>\n","protected":false},"excerpt":{"rendered":"<p>HHStAW = Hessisches Hauptstaatsarchiv Wiesbaden LHAK = Landeshauptarchiv Koblenz Einzelne Rechtsstreitigkeiten, Beschwerden und Belange der Untertanen, Inquisitionsverfahren 1801\u00a0LHAK Best. 48 Nr. 2219Untersuchung gegen Peter Stattfeld und die Ehefrau des Michael Dummermuth in Nievern wegen Ehebruchs Zeitraum Umfang Standort Betreff 1699-1704 LHAK Best. 48 Nr. 4418 Regelung des Nachlasses des Jakob Kelter aus Fachbach zugunsten seiner &hellip; <a href=\"https:\/\/www.ahnenforschung-jackmuth.de\/?page_id=730\" class=\"more-link\"><span class=\"screen-reader-text\">\u201eArchivbestand Kirchspiel Nievern 3\u201c<\/span> weiterlesen<\/a><\/p>\n","protected":false},"author":1,"featured_media":0,"parent":0,"menu_order":0,"comment_status":"closed","ping_status":"closed","template":"","meta":{"footnotes":""},"class_list":["post-730","page","type-page","status-publish","hentry"],"_links":{"self":[{"href":"https:\/\/www.ahnenforschung-jackmuth.de\/index.php?rest_route=\/wp\/v2\/pages\/730","targetHints":{"allow":["GET"]}}],"collection":[{"href":"https:\/\/www.ahnenforschung-jackmuth.de\/index.php?rest_route=\/wp\/v2\/pages"}],"about":[{"href":"https:\/\/www.ahnenforschung-jackmuth.de\/index.php?rest_route=\/wp\/v2\/types\/page"}],"author":[{"embeddable":true,"href":"https:\/\/www.ahnenforschung-jackmuth.de\/index.php?rest_route=\/wp\/v2\/users\/1"}],"replies":[{"embeddable":true,"href":"https:\/\/www.ahnenforschung-jackmuth.de\/index.php?rest_route=%2Fwp%2Fv2%2Fcomments&post=730"}],"version-history":[{"count":0,"href":"https:\/\/www.ahnenforschung-jackmuth.de\/index.php?rest_route=\/wp\/v2\/pages\/730\/revisions"}],"wp:attachment":[{"href":"https:\/\/www.ahnenforschung-jackmuth.de\/index.php?rest_route=%2Fwp%2Fv2%2Fmedia&parent=730"}],"curies":[{"name":"wp","href":"https:\/\/api.w.org\/{rel}","templated":true}]}}