{"id":714,"date":"2016-10-11T16:48:49","date_gmt":"2016-10-11T16:48:49","guid":{"rendered":"http:\/\/www.ahnenforschung-jackmuth.de\/?page_id=714"},"modified":"2016-10-22T19:34:43","modified_gmt":"2016-10-22T19:34:43","slug":"archivbestand-kirchspiel-nievern-2","status":"publish","type":"page","link":"https:\/\/www.ahnenforschung-jackmuth.de\/?page_id=714","title":{"rendered":"Archivbestand Kirchspiel Nievern 2"},"content":{"rendered":"<p>HHStAW = Hessisches Hauptstaatsarchiv Wiesbaden<br \/>\nLHAK = Landeshauptarchiv Koblenz<\/p>\n<hr \/>\n<h3><strong>Protokolle des Amts und Gerichts Nievern<\/strong><\/h3>\n<p><strong>Aufgabe:<\/strong> Protokollieren von Rechtsvorf\u00e4llen<\/p>\n<p><strong>Zeitraum: <\/strong>1690-1807 (mit L\u00fccken)<\/p>\n<p><strong>Inhalt: <\/strong><\/p>\n<ul>\n<li>Schuldforderungen (meistens von Juden)<\/li>\n<li>Erbschaftsstreitigkeiten<\/li>\n<li>Pacht- und Grundst\u00fccksangelegenheiten<\/li>\n<li>Holzfrevel<\/li>\n<li>Weidesch\u00e4den<\/li>\n<li>Diebstahl<\/li>\n<li>Beschimpfungen und t\u00e4tliche Angriffe<\/li>\n<li><a href=\"http:\/\/www.ahnenforschung-jackmuth.de\/?page_id=1144\">herrschaftliche Erlasse<\/a><\/li>\n<li>Sonstige<\/li>\n<\/ul>\n<p style=\"text-align: justify;\">Amtsprotokolle (AP) sind nach den Kirchenb\u00fcchern die zweite wichtige Quelle zur Informationsgewinnung, zeichnen sie doch ein sehr realistisches Bild der damaligen Zeit. Die AP werden in der gr\u00e4flichen Kanzlei in Koblenz gef\u00fchrt, zeitweise auch beim Kirchspielgericht selber und zwar an den jeweiligen Gerichtstagen einmal im Monat. Sie werden zun\u00e4chst in Heften gef\u00fchrt, in die die Rechtsvorf\u00e4lle chronologisch eingetragen werden, sp\u00e4ter existieren dann auch gebundene Ausgaben. Teilweise sind die einzelnen Vorf\u00e4lle auch nur auf losen Bl\u00e4ttern, meistens einmal l\u00e4ngs gefaltete Kanzleib\u00f6gen, erhalten.<\/p>\n<p>Die zu verhandelnden Dinge werden dem Amtsverwalter (als Richter) auf zwei Arten zugetragen<\/p>\n<ul>\n<li>durch Anzeigen<\/li>\n<li>durch Suppliken<\/li>\n<\/ul>\n<p style=\"text-align: justify;\">Anzeigen erfolgen schriftlich oder m\u00fcndlich durch den Schulthei\u00dfen, einen Gerichtssch\u00f6ffen oder den Kl\u00e4ger selbst.<\/p>\n<p style=\"text-align: justify;\">Suppliken sind vom Untertanen selbst ausgehende (meist fremdgeschriebene) Bittschriften, \u00fcber die entschieden wird. Diese sind oft undatiert und tragen lediglich den Pr\u00e4sentationsvermerk, wann sie in Koblenz zugestellt wurden. Die Suppliken liegen verstreut in den jeweiligen Best\u00e4nden in Koblenz und Wiesbaden. Siehe hierzu im Bestand 48 des LHAK die Nrr. 2221 (Mikrofilm Nr. 85) und 2542 (unverfilmt), in denen speziell Suppliken (meist Heiratserlaubnis und Einb\u00fcrgerung) oder die Berichte der Amtsverwalter aufgrund der Suppliken an den Grafen von der Leyen gesammelt sind.<\/p>\n<p style=\"text-align: justify;\">Erfolgreich verhandelte Rechtsvorf\u00e4lle m\u00fcnden in einen herrschaftlichen Beschlu\u00df, \u201edecretum\u201c oder \u201eresolutum\u201c genannt.<\/p>\n<p style=\"text-align: justify;\">Ist es notwendig, da\u00df Kl\u00e4ger und Beklagter f\u00fcr die Verhandlung zugegen sind, werden vom Amtsverwalter Vorladungsmitteilungen (meistens auf Zetteln) erstellt und durch den Gerichtsdiener oder auch einen Gerichttsch\u00f6ffen im Kirchspiel Nievern gerichtlich zugestellt oder eingereicht (\u201einsinuiert\u201c).<\/p>\n<p style=\"text-align: justify;\">Was die Suppliken angeht, fehlen die Entscheidungen dar\u00fcber manchmal, werden aber meistens mit einem \u201edecretum\u201c versehen und wieder zur\u00fcckgeschickt, teilweise findet sich auch nur die lapidare Notiz \u201eabgeschlagen\u201c.<\/p>\n<hr \/>\n<table width=\"100%\">\n<tbody>\n<tr>\n<td style=\"text-align: center;\" width=\"15%\"><strong>Zeitraum<\/strong><\/td>\n<td style=\"text-align: center;\" width=\"20%\"><strong>Umfang <\/strong><\/td>\n<td style=\"text-align: center;\" width=\"20%\"><strong>Standort <\/strong><\/td>\n<td style=\"text-align: left;\" width=\"45%\"><strong>Bem.<\/strong><\/td>\n<\/tr>\n<tr>\n<td style=\"text-align: center;\">1690-1694<\/td>\n<td style=\"text-align: center;\">fol. 1-62<\/td>\n<td style=\"text-align: center;\">HHStAW Abt. 3\/3<br \/>\nNr. f \u00bd Fasz. I<\/td>\n<td style=\"text-align: justify;\">Protokolle gef\u00fchrt bei der Amtsverwaltung in Koblenz<\/td>\n<\/tr>\n<tr>\n<td style=\"text-align: center;\">1716-1725<\/td>\n<td style=\"text-align: center;\">\u00a0fol. 1-40<br \/>\n(fol. 23-40 leer)<\/td>\n<td style=\"text-align: center;\">\u00a0HHStAW Abt. 3\/3<br \/>\nNr. f \u00bd Fasz. II<\/td>\n<td style=\"text-align: left;\">Protokolle gef\u00fchrt bei der Amtsverwaltung in Koblenz<\/td>\n<\/tr>\n<tr>\n<td style=\"text-align: center;\">\u00a01726-1740<\/td>\n<td style=\"text-align: center;\">\u00a0fol. 1-91<br \/>\n(fol. 83-91 leer)<\/td>\n<td style=\"text-align: center;\">HHStAW Abt. 3\/3<br \/>\nNr. f \u00bd Fasz.III<\/td>\n<td style=\"text-align: left;\">Protokolle gef\u00fchrt bei der Amtsverwaltung in Koblenz<\/td>\n<\/tr>\n<tr>\n<td style=\"text-align: center;\">\u00a01726-1732<\/td>\n<td style=\"text-align: center;\">84 Bll. unfoliiert<\/td>\n<td style=\"text-align: center;\">\u00a0LHAK Best. 48<br \/>\nNr. 2210 [Fasz. I]<br \/>\nMikrofilm Nr. 84<\/td>\n<td style=\"text-align: left;\">Protokolle gef\u00fchrt am Gericht in Fachbach vom 14.05.1726 &#8211; 09.07.1727<\/td>\n<\/tr>\n<tr>\n<td style=\"text-align: center;\">\u00a01727-1732<\/td>\n<td style=\"text-align: center;\">36 Bll.<br \/>\nunfoliiert<\/td>\n<td style=\"text-align: center;\">LHAK Best. 48<br \/>\nNr. 2210 [Fasz. II]<br \/>\nMikrofilm Nr. 84<\/td>\n<td style=\"text-align: left;\"><a href=\"http:\/\/www.ahnenforschung-jackmuth.de\/?page_id=775\">Protokolle gef\u00fchrt beim Gericht in Fachbach vom 09.07.1727 \u2013 22.03.1732<\/a><\/td>\n<\/tr>\n<tr>\n<td style=\"text-align: center;\">1741-1746<\/td>\n<td style=\"text-align: center;\">\u00a0fol. 1-18<br \/>\n(fol. 11-18 leer)<\/td>\n<td style=\"text-align: center;\">HHStAW Abt. 3\/3<br \/>\nNr. f \u00bd Fasz. IV<br \/>\nMikrofilm Nr. 84<\/td>\n<td style=\"text-align: left;\">Protokolle gef\u00fchrt bei der Amtsverwaltung in Koblenz<\/td>\n<\/tr>\n<tr>\n<td style=\"text-align: center;\">1750-1754<\/td>\n<td style=\"text-align: center;\">\u00a048 Bll.<br \/>\nunfoliiert<\/td>\n<td style=\"text-align: center;\">LHAK Best. 48<br \/>\nNr. 2210 [Fasz. III]<br \/>\nMikrofilm Nr. 84<\/td>\n<td style=\"text-align: left;\">Protokolle gef\u00fchrt bei der Amtsverwaltung in Koblenz vom 23.12.1750 \u2013 02.12.1754<\/td>\n<\/tr>\n<tr>\n<td style=\"text-align: center;\">1754-1759<\/td>\n<td style=\"text-align: center;\">unfoliiert<\/td>\n<td style=\"text-align: center;\">LHAK Best. 48<br \/>\nNr. 2211 [Fasz. I]<br \/>\nMikrofilm Nr. 84<\/td>\n<td style=\"text-align: left;\">Protokolle gef\u00fchrt bei der Amtsverwaltung in Koblenz vom 04.12.1754 \u2013 05.11.1759<\/td>\n<\/tr>\n<tr>\n<td style=\"text-align: center;\">\u00a01759-1761<\/td>\n<td style=\"text-align: center;\">unfoliiert<\/td>\n<td style=\"text-align: center;\">LHAK Best. 48<br \/>\nNr. 2211 [Fasz. II]<br \/>\nMikrofilm Nr. 84<\/td>\n<td style=\"text-align: left;\">Protokolle gef\u00fchrt bei der Amtsverwaltung in Koblenz vom 06.11.1759 \u2013 01.12.1761<\/td>\n<\/tr>\n<tr>\n<td style=\"text-align: center;\">\u00a01761-1762<\/td>\n<td style=\"text-align: center;\">unfoliiert<\/td>\n<td style=\"text-align: center;\">LHAK Best. 48<br \/>\nNr. 2211 [Fasz. III]<\/td>\n<td style=\"text-align: left;\">Protokolle gef\u00fchrt bei der Amtsverwaltung in Koblenz vom 01.12.1761 \u2013 22.10.1762<\/td>\n<\/tr>\n<tr>\n<td style=\"text-align: center;\">\u00a01765-1768<\/td>\n<td style=\"text-align: center;\">fol. 1-172<\/td>\n<td style=\"text-align: center;\">\u00a0HHStAW Abt. 3\/3<br \/>\nNr. f \u00bd Fasz. Vb<\/td>\n<td style=\"text-align: justify;\">Protokolle gef\u00fchrt bei der Amtsverwaltung in Koblenz<\/td>\n<\/tr>\n<tr>\n<td style=\"text-align: center;\">\u00a01768-1769<\/td>\n<td style=\"text-align: center;\"><\/td>\n<td style=\"text-align: center;\">\u00a0HHStAW Abt. 3\/3<br \/>\nNr. f 4,2<\/td>\n<td>Protokolle gef\u00fchrt bei der Amtsverwaltung in Koblenz; 1 Band<\/td>\n<\/tr>\n<tr>\n<td style=\"text-align: center;\">\u00a01775<\/td>\n<td style=\"text-align: center;\">\u00a0fol. 1-58<\/td>\n<td style=\"text-align: center;\">\u00a0HHStAW Abt. 3\/3<br \/>\nNr. f \u00bd Fasz. Va<\/td>\n<td style=\"text-align: justify;\">Protokolle gef\u00fchrt bei der Amtsverwaltung in Koblenz<\/td>\n<\/tr>\n<tr>\n<td style=\"text-align: center;\">\u00a01776-1777<\/td>\n<td style=\"text-align: center;\">\u00a0fol. 1-172<\/td>\n<td style=\"text-align: center;\">\u00a0HHStAW Abt. 3\/3<br \/>\nNr. f \u00bd Fasz. Vb<\/td>\n<td style=\"text-align: justify;\">Protokolle gef\u00fchrt bei der Amtsverwaltung in Koblenz<\/td>\n<\/tr>\n<tr>\n<td style=\"text-align: center;\">\u00a01771-1780<\/td>\n<td style=\"text-align: center;\"><\/td>\n<td style=\"text-align: center;\">\u00a0HHStAW Abt. 3\/3<br \/>\nNr. f 4,3<\/td>\n<td style=\"text-align: left;\">Protokolle gef\u00fchrt bei der Amtsverwaltung in Koblenz; 1 Band<\/td>\n<\/tr>\n<tr>\n<td style=\"text-align: center;\">\u00a01783-1787<\/td>\n<td style=\"text-align: center;\">\u00a0fol. 1-172<\/td>\n<td style=\"text-align: center;\">\u00a0HHStAW Abt. 3\/3<br \/>\nNr. f \u00bd Fasz. Vb<\/td>\n<td style=\"text-align: justify;\">Protokolle gef\u00fchrt bei der Amtsverwaltung in Koblenz<\/td>\n<\/tr>\n<tr>\n<td style=\"text-align: center;\">\u00a01792-1807<\/td>\n<td style=\"text-align: center;\">fol. 1-153<\/td>\n<td style=\"text-align: center;\">HHStAW Abt. 3\/3<br \/>\nNr. f \u00bd Fasz. VI<\/td>\n<td style=\"text-align: justify;\">Protokolle gef\u00fchrt bei der Amtsverwaltung in Koblenz<\/td>\n<\/tr>\n<tr>\n<td style=\"text-align: center;\">\u00a01803<\/td>\n<td style=\"text-align: center;\">fol. 1-59<\/td>\n<td style=\"text-align: center;\">HHStAW Abt. 3\/3<br \/>\nNr. f \u00bd Fasz. VII<\/td>\n<td style=\"text-align: justify;\">Protokolle gef\u00fchrt bei der Amtsverwaltung in Koblenz<\/td>\n<\/tr>\n<tr>\n<td style=\"text-align: center;\">\u00a01806-1807<\/td>\n<td style=\"text-align: center;\">fol. 1-262<\/td>\n<td style=\"text-align: center;\">HHStAW Abt. 3\/3<br \/>\nNr. f \u00bd Fasz. VIII<\/td>\n<td style=\"text-align: left;\">Protokolle gef\u00fchrt bei der Amtsverwaltung in Koblenz; 1 Band mit Register<\/td>\n<\/tr>\n<tr>\n<td style=\"text-align: center;\">\u00a01725-1782<\/td>\n<td style=\"text-align: center;\">fol. 1-182<\/td>\n<td style=\"text-align: center;\">\u00a0HHStAW Abt. 3\/3<br \/>\nNr. f \u00bd Fasz. IX<\/td>\n<td style=\"text-align: justify;\">Verschiedene AP und Suppliken *)<\/td>\n<\/tr>\n<\/tbody>\n<\/table>\n<p>*) 1725, 1731, 1733, 1734, 1735, 1736, 1737, 1740, 1741, 1742, 1743, 1744, 1747, 1757, 1758, 1768, undatiert<\/p>\n<hr \/>\n<p style=\"text-align: justify;\"><strong>Beispiel f\u00fcr den Ablauf eines Rechtsvorfalls anhand der Prozesskostenaufstellung des Jost Adam Finckelmeyer 1734 <\/strong>(HHStA Wiesbaden, Abt. 3\/3, Nr. f 5, Faszikel VI, fol. 6 r\/v)<\/p>\n<p style=\"text-align: justify;\">Spezifikation der Unkosten, so Jost Adam Finckelmeyer in Prozess-Sachen gehabt gegen Hubertus Schleimer<\/p>\n<ul>\n<li style=\"text-align: justify;\">Den 26ten Maii einen Brief bei Herrn Weckbecker machen lassen, ihn sogleich zum Herrn Advokaten angenommen, \u2019zahlt 2 Rtl. Selbigen Brief abzuschreiben und zu insinuieren 9 alb. F\u00fcr meinen Gang nach Koblenz 9 alb.<\/li>\n<li style=\"text-align: justify;\">Den 31ten Maii noch einen Brief machen lassen an Hubertus Schleimer. Selbigen abzuschreiben und zu insinuieren 9 alb. F\u00fcr den Gang nach Koblenz 9 alb.<\/li>\n<li style=\"text-align: justify;\">Den 32ten Maii [= 1. Juni] auf Befehl des Herrn Advokaten dem Michel de la Tour zwei Sch\u00f6ffen geschickt um zu fragen, warum er die zwei St\u00fccker obig Nievern, welche des Jost Adams Frau w\u00e4ren, nicht ackern t\u00e4te lassen; selbigen geben 12 alb.<\/li>\n<li style=\"text-align: justify;\">Den 4ten Junii unsere Briefe in leyenschen Hof bringen m\u00fcssen. F\u00fcr selbigen Gang 9 alb.<\/li>\n<li style=\"text-align: justify;\">Den 7ten Junii zu Koblenz bei Herrn Amtsverwalter einen Eid m\u00fcssen schw\u00f6ren. F\u00fcr den Gang 9 alb.<\/li>\n<li style=\"text-align: justify;\">Urteilgeld \u2019zahlt 36 alb.<\/li>\n<li style=\"text-align: justify;\">Den 10ten Junii ein Dekret bekommen, da\u00df Sch\u00f6ffe Auster den Teilzettel solle bringen. Selbiges Dekret und Brief abzuschreiben und zu insinuieren 9 alb. F\u00fcr meinen Gang 9 alb.<\/li>\n<li style=\"text-align: justify;\">Den 15ten Junii hat Sch\u00f6ffe Auster den Teilzettel nach Koblenz getragen. F\u00fcr meinen Gang &#8218;zahlt 12 alb.<\/li>\n<li style=\"text-align: justify;\">Den 23ten Junii einen Brief machen lassen, ein Dekret bekommen, die Akten einzuliefern. Selbiges abzuschreiben und zu insinuieren 9 alb. F\u00fcr meinen Gang 9 alb.<\/li>\n<li style=\"text-align: justify;\">Er Hubertus [<em>Bertus<\/em>] Schleimer nicht pariert und noch einen Brief machen lassen. Selbiges abzuschreiben und zu insinuieren 9 alb. F\u00fcr meinen Gang 9 alb.<\/li>\n<li style=\"text-align: justify;\">Er doch nicht pariert; ein anderes Dekret auf ein Goldgulden Strafe, seine Sache einzubringen. Schreiblohn und zu insinuieren 6 alb.<\/li>\n<li style=\"text-align: justify;\">Den 2ten August einen Brief machen lassen; ein Dekret bekommen, wenn er noch etwas einzubringen, soll er es bringen. Solches abzuschreiben und zu insinuieren 9 alb. F\u00fcr meinen Gang 9 alb.<\/li>\n<li style=\"text-align: justify;\">Den 9ten August einen Brief machen lassen und ein Dekret zugestellt, dass beide Teile sollen nach Koblenz den 12ten kommen. Solches abzuschreiben und zu insinuieren 9 alb. F\u00fcr meinen Gang 9 alb.<\/li>\n<li style=\"text-align: justify;\">Den 25ten August mit Sch\u00f6ffen Schleimer zu Koblenz gewesen und jeder erlegt 36 alb. F\u00fcr meinen Gang 9 alb.<\/li>\n<li style=\"text-align: justify;\">Damals dem Gericht einen Brief zugestellt, abzuschreiben und zu insinuieren 9 alb.<\/li>\n<li style=\"text-align: justify;\">Den 28ten September dem Gericht, wie auch Hubertus [<em>Bertus<\/em>] Schleimer, jedem einen Brief zugestellt, das Urteil anzuh\u00f6ren, beide Briefe abzuschreiben und zu insinuieren 18 alb.<\/li>\n<li style=\"text-align: justify;\">Den 30ten September das Urteil angeh\u00f6rt und \u2019zahlt 36 alb. Damals f\u00fcr meinen Gang 9 alb.<\/li>\n<li style=\"text-align: justify;\">Herrn Advokat f\u00fcr alle gehabte M\u00fche und Schreiblohn 3 Rtl. 18 alb.<\/li>\n<\/ul>\n<p>Summe: 6 Rtl. 48 alb.<\/p>\n<hr \/>\n<p><span style=\"font-size: small;\"><b>Letztes Update: Oktober 2016<\/b><\/span><br \/>\n<span style=\"font-size: small;\"><b>Ralph Jackmuth<\/b><\/span><\/p>\n<p><span style=\"font-size: medium;\">\u00a0<\/span><\/p>\n","protected":false},"excerpt":{"rendered":"<p>HHStAW = Hessisches Hauptstaatsarchiv Wiesbaden LHAK = Landeshauptarchiv Koblenz Protokolle des Amts und Gerichts Nievern Aufgabe: Protokollieren von Rechtsvorf\u00e4llen Zeitraum: 1690-1807 (mit L\u00fccken) Inhalt: Schuldforderungen (meistens von Juden) Erbschaftsstreitigkeiten Pacht- und Grundst\u00fccksangelegenheiten Holzfrevel Weidesch\u00e4den Diebstahl Beschimpfungen und t\u00e4tliche Angriffe herrschaftliche Erlasse Sonstige Amtsprotokolle (AP) sind nach den Kirchenb\u00fcchern die zweite wichtige Quelle zur Informationsgewinnung, zeichnen &hellip; <a href=\"https:\/\/www.ahnenforschung-jackmuth.de\/?page_id=714\" class=\"more-link\"><span class=\"screen-reader-text\">\u201eArchivbestand Kirchspiel Nievern 2\u201c<\/span> weiterlesen<\/a><\/p>\n","protected":false},"author":1,"featured_media":0,"parent":0,"menu_order":0,"comment_status":"closed","ping_status":"closed","template":"","meta":{"footnotes":""},"class_list":["post-714","page","type-page","status-publish","hentry"],"_links":{"self":[{"href":"https:\/\/www.ahnenforschung-jackmuth.de\/index.php?rest_route=\/wp\/v2\/pages\/714","targetHints":{"allow":["GET"]}}],"collection":[{"href":"https:\/\/www.ahnenforschung-jackmuth.de\/index.php?rest_route=\/wp\/v2\/pages"}],"about":[{"href":"https:\/\/www.ahnenforschung-jackmuth.de\/index.php?rest_route=\/wp\/v2\/types\/page"}],"author":[{"embeddable":true,"href":"https:\/\/www.ahnenforschung-jackmuth.de\/index.php?rest_route=\/wp\/v2\/users\/1"}],"replies":[{"embeddable":true,"href":"https:\/\/www.ahnenforschung-jackmuth.de\/index.php?rest_route=%2Fwp%2Fv2%2Fcomments&post=714"}],"version-history":[{"count":0,"href":"https:\/\/www.ahnenforschung-jackmuth.de\/index.php?rest_route=\/wp\/v2\/pages\/714\/revisions"}],"wp:attachment":[{"href":"https:\/\/www.ahnenforschung-jackmuth.de\/index.php?rest_route=%2Fwp%2Fv2%2Fmedia&parent=714"}],"curies":[{"name":"wp","href":"https:\/\/api.w.org\/{rel}","templated":true}]}}