{"id":627,"date":"2016-10-10T15:54:27","date_gmt":"2016-10-10T15:54:27","guid":{"rendered":"http:\/\/www.ahnenforschung-jackmuth.de\/?page_id=627"},"modified":"2016-10-16T16:01:29","modified_gmt":"2016-10-16T16:01:29","slug":"plagge-jackmuth","status":"publish","type":"page","link":"https:\/\/www.ahnenforschung-jackmuth.de\/?page_id=627","title":{"rendered":"Plagge &#038; Jackmuth"},"content":{"rendered":"<p>OFB Nievern Nr. 1390<\/p>\n<table border=\"0\" width=\"100%\" cellspacing=\"0\" cellpadding=\"4\">\n<tbody>\n<tr valign=\"TOP\">\n<td style=\"text-align: justify;\" width=\"50%\">\n<p style=\"text-align: justify;\"><strong>August Plagge<\/strong><br \/>\nBahnw\u00e4rter in Essen<br \/>\n<strong>* 02.11.1845<\/strong>\u00a0 [im OFB: 02.11.1844]<strong> Koblenz<\/strong><\/p>\n<p style=\"text-align: justify;\"><strong>Eltern:<\/strong> August Plagge und Christina Pr\u00fcmmer (1850 im Adressbuch von Koblenz als Schirmmacher (Haus Nr. 56), 1879 mit gleichem Beruf in Wei\u00dferstra\u00dfe 47)<\/p>\n<p style=\"text-align: justify;\"><strong>Bem.:<\/strong> wohl nach Essen verzogen<\/p>\n<\/td>\n<td style=\"text-align: justify;\" width=\"50%\"><strong><strong><strong><strong>Katharina Jackmuth<br \/>\n<\/strong><\/strong><\/strong><\/strong><strong>* 22.04.1842 Miellen<\/strong><\/p>\n<p style=\"text-align: justify;\"><strong>Eltern:<\/strong> <a href=\"http:\/\/www.ahnenforschung-jackmuth.de\/?page_id=251\">s. Fam. Nr. 11b<\/a><\/p>\n<p style=\"text-align: justify;\"><strong>Bem.:<\/strong> Bei Geburt ihres Kindes 1870 als W\u00e4scherin genannt. Im Traueintrag 1872 steht f\u00e4lschlich das Geburtsdatum ihrer verst. Schwester Maria Katharina (Kind Nr. 7)<\/p>\n<\/td>\n<\/tr>\n<\/tbody>\n<\/table>\n<p><strong>oo 08.01.1872 Essen <\/strong>(Trauzeugen: Wilhelm Helwig [?], August &#8230;)<\/p>\n<table border=\"0\" width=\"100%\" cellspacing=\"0\" cellpadding=\"4\">\n<tbody>\n<tr valign=\"TOP\">\n<td width=\"7%\">1)<\/td>\n<td width=\"20%\">\u00a0Sophia [im OFB: Johanna]<\/td>\n<td width=\"30%\">\u00a0* 01.02.1870 Miellen (illeg.)<\/td>\n<td style=\"text-align: justify;\" width=\"43%\"><\/td>\n<\/tr>\n<\/tbody>\n<\/table>\n<p><strong>Paten<\/strong><\/p>\n<p>zu 1) keine angegeben<\/p>\n<hr \/>\n<p><span style=\"font-size: small;\"><b>Letztes Update: Oktober 2016<\/b><\/span><br \/>\n<span style=\"font-size: small;\"><b>Ralph Jackmuth<\/b><\/span><\/p>\n","protected":false},"excerpt":{"rendered":"<p>OFB Nievern Nr. 1390 August Plagge Bahnw\u00e4rter in Essen * 02.11.1845\u00a0 [im OFB: 02.11.1844] Koblenz Eltern: August Plagge und Christina Pr\u00fcmmer (1850 im Adressbuch von Koblenz als Schirmmacher (Haus Nr. 56), 1879 mit gleichem Beruf in Wei\u00dferstra\u00dfe 47) Bem.: wohl nach Essen verzogen Katharina Jackmuth * 22.04.1842 Miellen Eltern: s. Fam. Nr. 11b Bem.: Bei &hellip; <a href=\"https:\/\/www.ahnenforschung-jackmuth.de\/?page_id=627\" class=\"more-link\"><span class=\"screen-reader-text\">\u201ePlagge &#038; Jackmuth\u201c<\/span> weiterlesen<\/a><\/p>\n","protected":false},"author":1,"featured_media":0,"parent":0,"menu_order":0,"comment_status":"closed","ping_status":"closed","template":"","meta":{"footnotes":""},"class_list":["post-627","page","type-page","status-publish","hentry"],"_links":{"self":[{"href":"https:\/\/www.ahnenforschung-jackmuth.de\/index.php?rest_route=\/wp\/v2\/pages\/627","targetHints":{"allow":["GET"]}}],"collection":[{"href":"https:\/\/www.ahnenforschung-jackmuth.de\/index.php?rest_route=\/wp\/v2\/pages"}],"about":[{"href":"https:\/\/www.ahnenforschung-jackmuth.de\/index.php?rest_route=\/wp\/v2\/types\/page"}],"author":[{"embeddable":true,"href":"https:\/\/www.ahnenforschung-jackmuth.de\/index.php?rest_route=\/wp\/v2\/users\/1"}],"replies":[{"embeddable":true,"href":"https:\/\/www.ahnenforschung-jackmuth.de\/index.php?rest_route=%2Fwp%2Fv2%2Fcomments&post=627"}],"version-history":[{"count":0,"href":"https:\/\/www.ahnenforschung-jackmuth.de\/index.php?rest_route=\/wp\/v2\/pages\/627\/revisions"}],"wp:attachment":[{"href":"https:\/\/www.ahnenforschung-jackmuth.de\/index.php?rest_route=%2Fwp%2Fv2%2Fmedia&parent=627"}],"curies":[{"name":"wp","href":"https:\/\/api.w.org\/{rel}","templated":true}]}}