{"id":590,"date":"2016-10-10T13:04:35","date_gmt":"2016-10-10T13:04:35","guid":{"rendered":"http:\/\/www.ahnenforschung-jackmuth.de\/?page_id=590"},"modified":"2016-10-16T15:43:05","modified_gmt":"2016-10-16T15:43:05","slug":"duennes-jackmuth-2","status":"publish","type":"page","link":"https:\/\/www.ahnenforschung-jackmuth.de\/?page_id=590","title":{"rendered":"D\u00fcnnes (2) &#038; Jackmuth"},"content":{"rendered":"<p>OFB Nievern Nr. 508<\/p>\n<table border=\"0\" width=\"100%\" cellspacing=\"0\" cellpadding=\"4\">\n<tbody>\n<tr valign=\"TOP\">\n<td style=\"text-align: justify;\" width=\"50%\">\n<p style=\"text-align: justify;\"><strong>Peter D\u00fcnnes<br \/>\n<\/strong>H\u00fcttenarbeiter, Schiffmann, Tagel\u00f6hner<br \/>\n<strong>* 31.05.1828 Nievern<\/strong><\/p>\n<p style=\"text-align: justify;\"><strong>Eltern:<\/strong> Peter D\u00fcnnes, Tagel\u00f6hner (* 12.02.1779 Nievern, + 25.10.1850 Nievern) oo 07.08.1821 Nievern mit Margaretha Adam (* 08.06.1787 Nievern), s. OFB Nievern Nr. 505<\/p>\n<\/td>\n<td width=\"50%\"><strong><strong>Sophia Jackmuth<br \/>\n<\/strong><\/strong><strong>* 14.09.1832 Nievern<\/strong><\/p>\n<p style=\"text-align: justify;\"><strong>Eltern:<\/strong> <a href=\"http:\/\/www.ahnenforschung-jackmuth.de\/?page_id=238\">s. Fam. Nr. 10c<\/a><\/p>\n<\/td>\n<\/tr>\n<\/tbody>\n<\/table>\n<p><strong>oo 25.03.1856 Nievern <\/strong>(Trauzeugen: Michael Dommermuth und Anton Diefenbach von Nievern)<strong><br \/>\n<\/strong><\/p>\n<table border=\"0\" width=\"100%\" cellspacing=\"0\" cellpadding=\"4\">\n<tbody>\n<tr valign=\"TOP\">\n<td width=\"7%\">1)<\/td>\n<td width=\"20%\">\u00a0Josef<\/td>\n<td width=\"30%\">* 20.05.1857 Nievern<\/td>\n<td style=\"text-align: justify;\" width=\"43%\"><\/td>\n<\/tr>\n<tr valign=\"TOP\">\n<td width=\"7%\">2)<\/td>\n<td width=\"20%\">\u00a0Jakob<\/td>\n<td width=\"30%\">* 11.09.1859 Nievern<\/td>\n<td style=\"text-align: justify;\" width=\"43%\"><\/td>\n<\/tr>\n<tr valign=\"TOP\">\n<td width=\"7%\">3)<\/td>\n<td width=\"20%\">\u00a0Marg. [im OFB: Maria Anna]<\/td>\n<td width=\"30%\">* 02.08.1861 Nievern<\/td>\n<td style=\"text-align: justify;\" width=\"43%\"><\/td>\n<\/tr>\n<tr valign=\"TOP\">\n<td width=\"7%\">4)<\/td>\n<td width=\"20%\">\u00a0Margaretha<\/td>\n<td width=\"30%\">* 26.09.1863 Nievern<\/td>\n<td width=\"43%\">+ 09.10.1866 Nievern<\/td>\n<\/tr>\n<tr valign=\"TOP\">\n<td width=\"7%\">5)<\/td>\n<td width=\"20%\">\u00a0Georg<\/td>\n<td width=\"30%\">* 12.03.1866 Nievern<\/td>\n<td style=\"text-align: justify;\" width=\"43%\"><\/td>\n<\/tr>\n<tr valign=\"TOP\">\n<td width=\"7%\">6)<\/td>\n<td width=\"20%\">\u00a0Anton<\/td>\n<td width=\"30%\">* 18.07.1868 Nievern<\/td>\n<td style=\"text-align: justify;\" width=\"43%\"><\/td>\n<\/tr>\n<tr valign=\"TOP\">\n<td width=\"7%\">7)<\/td>\n<td width=\"20%\">\u00a0Susanna<\/td>\n<td width=\"30%\">* 18.07.1870 Nievern<\/td>\n<td style=\"text-align: justify;\" width=\"43%\">+ 18.10.1871 Nievern<\/td>\n<\/tr>\n<tr valign=\"TOP\">\n<td width=\"7%\">8)<\/td>\n<td width=\"20%\">\u00a0Christian<\/td>\n<td width=\"30%\">* 26.01.1873 Nievern<\/td>\n<td style=\"text-align: justify;\" width=\"43%\"><\/td>\n<\/tr>\n<\/tbody>\n<\/table>\n<p><strong>Paten<\/strong><\/p>\n<p>zu 1) bis 7) in dieser Zeit keine eingetragen<br \/>\nzu 8) <em>Christian Jackmuth, Schneider, verh., u. Kath. Thorisch verh. aus Nievern<\/em><\/p>\n<hr \/>\n<p><span style=\"font-size: small;\"><b>Letztes Update: Oktober 2016<\/b><\/span><br \/>\n<span style=\"font-size: small;\"><b>Ralph Jackmuth<\/b><\/span><\/p>\n","protected":false},"excerpt":{"rendered":"<p>OFB Nievern Nr. 508 Peter D\u00fcnnes H\u00fcttenarbeiter, Schiffmann, Tagel\u00f6hner * 31.05.1828 Nievern Eltern: Peter D\u00fcnnes, Tagel\u00f6hner (* 12.02.1779 Nievern, + 25.10.1850 Nievern) oo 07.08.1821 Nievern mit Margaretha Adam (* 08.06.1787 Nievern), s. OFB Nievern Nr. 505 Sophia Jackmuth * 14.09.1832 Nievern Eltern: s. Fam. Nr. 10c oo 25.03.1856 Nievern (Trauzeugen: Michael Dommermuth und Anton Diefenbach &hellip; <a href=\"https:\/\/www.ahnenforschung-jackmuth.de\/?page_id=590\" class=\"more-link\"><span class=\"screen-reader-text\">\u201eD\u00fcnnes (2) &#038; Jackmuth\u201c<\/span> weiterlesen<\/a><\/p>\n","protected":false},"author":1,"featured_media":0,"parent":0,"menu_order":0,"comment_status":"closed","ping_status":"closed","template":"","meta":{"footnotes":""},"class_list":["post-590","page","type-page","status-publish","hentry"],"_links":{"self":[{"href":"https:\/\/www.ahnenforschung-jackmuth.de\/index.php?rest_route=\/wp\/v2\/pages\/590","targetHints":{"allow":["GET"]}}],"collection":[{"href":"https:\/\/www.ahnenforschung-jackmuth.de\/index.php?rest_route=\/wp\/v2\/pages"}],"about":[{"href":"https:\/\/www.ahnenforschung-jackmuth.de\/index.php?rest_route=\/wp\/v2\/types\/page"}],"author":[{"embeddable":true,"href":"https:\/\/www.ahnenforschung-jackmuth.de\/index.php?rest_route=\/wp\/v2\/users\/1"}],"replies":[{"embeddable":true,"href":"https:\/\/www.ahnenforschung-jackmuth.de\/index.php?rest_route=%2Fwp%2Fv2%2Fcomments&post=590"}],"version-history":[{"count":0,"href":"https:\/\/www.ahnenforschung-jackmuth.de\/index.php?rest_route=\/wp\/v2\/pages\/590\/revisions"}],"wp:attachment":[{"href":"https:\/\/www.ahnenforschung-jackmuth.de\/index.php?rest_route=%2Fwp%2Fv2%2Fmedia&parent=590"}],"curies":[{"name":"wp","href":"https:\/\/api.w.org\/{rel}","templated":true}]}}