{"id":5699,"date":"2020-12-02T13:55:21","date_gmt":"2020-12-02T13:55:21","guid":{"rendered":"http:\/\/www.ahnenforschung-jackmuth.de\/?page_id=5699"},"modified":"2020-12-02T13:55:21","modified_gmt":"2020-12-02T13:55:21","slug":"ofb-braubach-beffort","status":"publish","type":"page","link":"https:\/\/www.ahnenforschung-jackmuth.de\/?page_id=5699","title":{"rendered":"OFB Braubach &#8211; Beffort"},"content":{"rendered":"<p><span style=\"font-family: times new roman, times, serif; font-size: 10pt;\"><span style=\"color: #ff0000;\"><strong><u>Beffort<\/u><\/strong><strong>, Johann Georg:<\/strong> <\/span>Sohn des Wilhelm Beffort, M\u00fcller in der Buchen-M\u00fchle bei Nast\u00e4tten (Rhein-Lahn-Kreis)<\/span><\/p>\n<p style=\"text-align: justify;\"><span style=\"font-family: times new roman, times, serif; font-size: 10pt;\"><strong>oo 26.07.1701 Braubach<\/strong> mit <strong><u>Hehn<\/u><\/strong><strong>, Susanna Maria:<\/strong> gt. 01.07.1683 Braubach; Eltern: Johann Barthel Hehn, Zimmermann, und Maria Elisabeth geb. Becker<\/span><\/p>\n<p><a href=\"http:\/\/www.ahnenforschung-jackmuth.de\/?page_id=3373\"><span style=\"font-family: times new roman, times, serif;\">siehe auch Pfarrei Ems<\/span><\/a><\/p>\n<hr \/>\n<p><span style=\"font-size: 10pt; font-family: times new roman, times, serif;\"><b>Letztes Update: 2. Dezember 2020<\/b><\/span><br \/>\n<span style=\"font-size: 10pt; font-family: times new roman, times, serif;\"><b>Ralph Jackmuth<\/b><\/span><\/p>\n","protected":false},"excerpt":{"rendered":"<p>Beffort, Johann Georg: Sohn des Wilhelm Beffort, M\u00fcller in der Buchen-M\u00fchle bei Nast\u00e4tten (Rhein-Lahn-Kreis) oo 26.07.1701 Braubach mit Hehn, Susanna Maria: gt. 01.07.1683 Braubach; Eltern: Johann Barthel Hehn, Zimmermann, und Maria Elisabeth geb. Becker siehe auch Pfarrei Ems Letztes Update: 2. Dezember 2020 Ralph Jackmuth<\/p>\n","protected":false},"author":1,"featured_media":0,"parent":0,"menu_order":0,"comment_status":"closed","ping_status":"closed","template":"","meta":{"footnotes":""},"class_list":["post-5699","page","type-page","status-publish","hentry"],"_links":{"self":[{"href":"https:\/\/www.ahnenforschung-jackmuth.de\/index.php?rest_route=\/wp\/v2\/pages\/5699","targetHints":{"allow":["GET"]}}],"collection":[{"href":"https:\/\/www.ahnenforschung-jackmuth.de\/index.php?rest_route=\/wp\/v2\/pages"}],"about":[{"href":"https:\/\/www.ahnenforschung-jackmuth.de\/index.php?rest_route=\/wp\/v2\/types\/page"}],"author":[{"embeddable":true,"href":"https:\/\/www.ahnenforschung-jackmuth.de\/index.php?rest_route=\/wp\/v2\/users\/1"}],"replies":[{"embeddable":true,"href":"https:\/\/www.ahnenforschung-jackmuth.de\/index.php?rest_route=%2Fwp%2Fv2%2Fcomments&post=5699"}],"version-history":[{"count":0,"href":"https:\/\/www.ahnenforschung-jackmuth.de\/index.php?rest_route=\/wp\/v2\/pages\/5699\/revisions"}],"wp:attachment":[{"href":"https:\/\/www.ahnenforschung-jackmuth.de\/index.php?rest_route=%2Fwp%2Fv2%2Fmedia&parent=5699"}],"curies":[{"name":"wp","href":"https:\/\/api.w.org\/{rel}","templated":true}]}}