{"id":532,"date":"2016-10-09T19:19:24","date_gmt":"2016-10-09T19:19:24","guid":{"rendered":"http:\/\/www.ahnenforschung-jackmuth.de\/?page_id=532"},"modified":"2016-10-16T15:38:31","modified_gmt":"2016-10-16T15:38:31","slug":"adelfang-jackmuth","status":"publish","type":"page","link":"https:\/\/www.ahnenforschung-jackmuth.de\/?page_id=532","title":{"rendered":"Adelfang &#038; Jackmuth"},"content":{"rendered":"<p>OFB Nievern Nr. 13<\/p>\n<table border=\"0\" width=\"100%\" cellspacing=\"0\" cellpadding=\"4\">\n<tbody>\n<tr valign=\"TOP\">\n<td style=\"text-align: justify;\" width=\"50%\"><strong>Peter Adelfang<br \/>\n<\/strong>Holzhauer und Tagel\u00f6hner<strong><strong><br \/>\n<\/strong><\/strong><strong>* 06.01.1785 Miellen<br \/>\n+ 04.07.1839 Miellen<br \/>\n<\/strong><strong>Eltern: <\/strong>Johann Peter Adelfang, M\u00fchlarzt (* 28.08.1746 M\u00fchlengrund) oo I. 28.06.1774 Nievern mit Barbara <em>Duffy<\/em> (+ 25.04.1791, 50 Jahre alt), s. OFB Nievern Nr. 9; oo II. 27.06.1791 Nievern mit Anna Gertrud Kaffai, s. OFB Nievern Nr. 10<br \/>\n<strong>Bem.: <\/strong>oo I. 05.10.1810 [im OFB: 05.06.1810] mit Anna Sophia Zimmermann von Miellen (+ 13.12.1814 Miellen, 24 Jahre alt), s. OFB Nievern Nr. 12. Nach der Bemerkung im Sterbeeintrag 1839 hinterl\u00e4\u00dft Peter Adelfang 2 S\u00f6hne (Nr. 3 &amp; 6) und 1 Tochter (Nr. 5) aus der II. Ehe<\/td>\n<td width=\"50%\"><strong><strong>Maria Margaretha Jackmuth<br \/>\n<\/strong><\/strong><strong>* 28.03.1785 Nievern<br \/>\n+ 09.04.1850 Miellen<\/strong><\/p>\n<p style=\"text-align: justify;\"><strong>Eltern:<\/strong> <a href=\"http:\/\/www.ahnenforschung-jackmuth.de\/?page_id=187\">s. Fam. Nr. 5<\/a><\/p>\n<\/td>\n<\/tr>\n<\/tbody>\n<\/table>\n<p><strong>oo II. 03.10.1815 Nievern <\/strong>(Trauzeugen: Anton Jackmuth und Maria Anna <em>Zoerbach, <\/em>beide ledig)<\/p>\n<table border=\"0\" width=\"100%\" cellspacing=\"0\" cellpadding=\"4\">\n<tbody>\n<tr valign=\"TOP\">\n<td width=\"7%\">1)<\/td>\n<td width=\"20%\">Anton<\/td>\n<td width=\"30%\">* 02.02.1817 Miellen<\/td>\n<td width=\"43%\">+ 07.02.1817 Miellen<\/td>\n<\/tr>\n<tr valign=\"TOP\">\n<td width=\"7%\">2)<\/td>\n<td width=\"20%\">N. N.<\/td>\n<td width=\"30%\">* 27.09.1819 Miellen<\/td>\n<td style=\"text-align: justify;\" width=\"43%\">+ 27.09.1819 Miellen<\/td>\n<\/tr>\n<tr valign=\"TOP\">\n<td width=\"7%\">3)<\/td>\n<td width=\"20%\">Johann Josef<\/td>\n<td width=\"30%\">* 06.05.1821 Miellen<\/td>\n<td style=\"text-align: justify;\" width=\"43%\">H\u00fcttenarbeiter in Miellen<br \/>\n+ &#8230; 08.1857 Miellen<br \/>\noo 27.10.1846 Nievern mit Anna Bierenfeld (* 01.09.1827 Miellen), s. OFB Nievern Nr. 14<\/td>\n<\/tr>\n<tr valign=\"TOP\">\n<td width=\"7%\">4)<\/td>\n<td width=\"20%\">N. N.<\/td>\n<td width=\"30%\">* 10.12.1822 Miellen<\/td>\n<td width=\"43%\">+ 10.12.1822 Miellen<\/td>\n<\/tr>\n<tr valign=\"TOP\">\n<td width=\"7%\">5)<\/td>\n<td width=\"20%\">Anna Maria<\/td>\n<td width=\"30%\">* 23.08.1824 Miellen<\/td>\n<td style=\"text-align: justify;\" width=\"43%\">\u00a0oo 12.09.1843 Nievern mit Philipp Sieberling, Nagelschmied und H\u00fcttenarbeiter (* 29.05.1814 Lorch), s. OFB Nievern Nr. 1653<\/td>\n<\/tr>\n<tr valign=\"TOP\">\n<td width=\"7%\">6)<\/td>\n<td width=\"20%\">Peter<\/td>\n<td width=\"30%\">* 21.07.1826 Miellen<\/td>\n<td style=\"text-align: justify;\" width=\"43%\">H\u00fcttenmann in H\u00f6rde (zu Dortmund)<br \/>\noo &#8230; 1854 H\u00f6rde mit Margaretha Schmidt (* 02.09.1830 Guckheim (zu Westerburg), + 30.01.1857 H\u00f6rde), s. OFB Nievern Nr. 15<\/td>\n<\/tr>\n<\/tbody>\n<\/table>\n<p><strong>Paten<\/strong><\/p>\n<p>zu 1) Anton Jackmuth von Miellen und Maria Hehn von Nievern<br \/>\nzu 2) keine<br \/>\nzu 3) keine Angabe<br \/>\nzu 4) keine<br \/>\nzu 5) keine Angabe<br \/>\nzu 6) Peter M\u00fcller von Miellen und Katharina Arnold von Nievern<\/p>\n<hr \/>\n<p><span style=\"font-size: small;\"><b>Letztes Update: Oktober 2016<\/b><\/span><br \/>\n<span style=\"font-size: small;\"><b>Ralph Jackmuth<\/b><\/span><\/p>\n","protected":false},"excerpt":{"rendered":"<p>OFB Nievern Nr. 13 Peter Adelfang Holzhauer und Tagel\u00f6hner * 06.01.1785 Miellen + 04.07.1839 Miellen Eltern: Johann Peter Adelfang, M\u00fchlarzt (* 28.08.1746 M\u00fchlengrund) oo I. 28.06.1774 Nievern mit Barbara Duffy (+ 25.04.1791, 50 Jahre alt), s. OFB Nievern Nr. 9; oo II. 27.06.1791 Nievern mit Anna Gertrud Kaffai, s. OFB Nievern Nr. 10 Bem.: oo &hellip; <a href=\"https:\/\/www.ahnenforschung-jackmuth.de\/?page_id=532\" class=\"more-link\"><span class=\"screen-reader-text\">\u201eAdelfang &#038; Jackmuth\u201c<\/span> weiterlesen<\/a><\/p>\n","protected":false},"author":1,"featured_media":0,"parent":0,"menu_order":0,"comment_status":"closed","ping_status":"closed","template":"","meta":{"footnotes":""},"class_list":["post-532","page","type-page","status-publish","hentry"],"_links":{"self":[{"href":"https:\/\/www.ahnenforschung-jackmuth.de\/index.php?rest_route=\/wp\/v2\/pages\/532","targetHints":{"allow":["GET"]}}],"collection":[{"href":"https:\/\/www.ahnenforschung-jackmuth.de\/index.php?rest_route=\/wp\/v2\/pages"}],"about":[{"href":"https:\/\/www.ahnenforschung-jackmuth.de\/index.php?rest_route=\/wp\/v2\/types\/page"}],"author":[{"embeddable":true,"href":"https:\/\/www.ahnenforschung-jackmuth.de\/index.php?rest_route=\/wp\/v2\/users\/1"}],"replies":[{"embeddable":true,"href":"https:\/\/www.ahnenforschung-jackmuth.de\/index.php?rest_route=%2Fwp%2Fv2%2Fcomments&post=532"}],"version-history":[{"count":0,"href":"https:\/\/www.ahnenforschung-jackmuth.de\/index.php?rest_route=\/wp\/v2\/pages\/532\/revisions"}],"wp:attachment":[{"href":"https:\/\/www.ahnenforschung-jackmuth.de\/index.php?rest_route=%2Fwp%2Fv2%2Fmedia&parent=532"}],"curies":[{"name":"wp","href":"https:\/\/api.w.org\/{rel}","templated":true}]}}