{"id":4863,"date":"2020-08-22T10:26:22","date_gmt":"2020-08-22T10:26:22","guid":{"rendered":"http:\/\/www.ahnenforschung-jackmuth.de\/?page_id=4863"},"modified":"2022-11-30T13:18:10","modified_gmt":"2022-11-30T13:18:10","slug":"ofb-fruecht-1707-1817-familienname-nicht-lesbar","status":"publish","type":"page","link":"https:\/\/www.ahnenforschung-jackmuth.de\/?page_id=4863","title":{"rendered":"OFB Fr\u00fccht 1615-1817 &#8211; Familienname nicht lesbar"},"content":{"rendered":"<p style=\"text-align: justify;\"><span style=\"font-family: times new roman, times, serif; font-size: 10pt;\">Fr\u00fccht, KB 1, Obligationen, pag. 44: Johannes \u2026 schuldet der Kirche seit 07.10.1631 \u2026 fl. [Eintrag wegen blasser Tinte stellenweise nicht lesbar], die er von Johannes Bender \u00fcbernommen hatte. Sicherheiten: 1) ein St\u00fcck vor dem Hain (<em>vorm Haan<\/em>), h\u00e4lt 1 Achtel Saat, oben grenzen Holzh\u00e4users Erben, unten <em>Kratzen T\u00f6nges<\/em>; 2) ein St\u00fcck vor H\u00fcttendell, h\u00e4lt 3 halbe Achtel Satt, oben grenzt Junker Gottfried vom Stein, unten <em>Kratzen T\u00f6nges<\/em>; 3) ein St\u00fcck genannt \u201ebeim Schwarzen Strauch\u201c, oben grenzt Junker Gottfried vom Stein; 4) ein St\u00fcck auf <em>Dixbach<\/em>, oben grenzt der Abt zu Arnstein; 5) ein Weingarten auf H\u00fcttendell, oben grenzt <em>Kratzen T\u00f6nges<\/em>; 6) eine Wiese im Weickert, oben grenzt Johannes Holzh\u00e4user, unten Adam H\u00f6mberg; 7) ein St\u00fcck bei Schnabels Kirchbaum, oben grenzt <em>Scheffer Lehn<\/em>. Geschehen den 07.10.1631 in Beisein von Schulthei\u00df Arnold Sch\u00fctz, Sendsch\u00f6ffe Adam H\u00f6mberg und Kirchenmeister Weigand (Weinet) Ochs.<\/span><\/p>\n<hr \/>\n<p><span style=\"font-family: times new roman, times, serif; font-size: 10pt;\">Die ersten drei Eintr\u00e4ge von 1654 nur teilweise lesbar<\/span><\/p>\n<p><span style=\"font-family: times new roman, times, serif; font-size: 10pt;\"><em>1) (&#8230;) juniori <\/em>[?]<em> ein S\u00f6hnlein nahmens (&#8230;) den 19 gestorben vnd den 20 Januarij christlichem Gebrauch nach zur Erden bestattet worden.<\/em><\/span><\/p>\n<p><span style=\"font-family: times new roman, times, serif; font-size: 10pt;\"><em>2) (&#8230;) Schutzen ein S\u00f6hnlein <\/em>[?]<em> (\u2026) gestorben vndt den \u2026 zur Erden (\u2026)<\/em><\/span><\/p>\n<p><span style=\"font-family: times new roman, times, serif; font-size: 10pt;\"><em>3) (\u2026)<\/em><\/span><\/p>\n<hr \/>\n<p><span style=\"font-family: times new roman, times, serif; font-size: 10pt;\"><span style=\"color: #ff0000;\"><strong>Johannes<\/strong> &#8230;<\/span> <strong>oo<\/strong> mit <strong>N. N.<\/strong><\/span><\/p>\n<table>\n<tbody>\n<tr>\n<td width=\"25\"><span style=\"font-family: times new roman, times, serif; font-size: 10pt;\"><strong>Nr.<\/strong><\/span><\/td>\n<td width=\"154\"><span style=\"font-family: times new roman, times, serif; font-size: 10pt;\"><strong>Vorname (normiert)<\/strong><\/span><\/td>\n<td width=\"65\"><span style=\"font-family: times new roman, times, serif; font-size: 10pt;\"><strong>*<\/strong><\/span><\/td>\n<td width=\"78\"><span style=\"font-family: times new roman, times, serif; font-size: 10pt;\"><strong>gt.<\/strong><\/span><\/td>\n<td width=\"65\"><span style=\"font-family: times new roman, times, serif; font-size: 10pt;\"><strong>konf.<\/strong><\/span><\/td>\n<td width=\"65\"><span style=\"font-family: times new roman, times, serif; font-size: 10pt;\"><strong>+<\/strong><\/span><\/td>\n<td width=\"65\"><span style=\"font-family: times new roman, times, serif; font-size: 10pt;\"><strong>bg.<\/strong><\/span><\/td>\n<td width=\"45\"><span style=\"font-family: times new roman, times, serif; font-size: 10pt;\"><strong>Alter<\/strong><\/span><\/td>\n<td width=\"41\"><span style=\"font-family: times new roman, times, serif; font-size: 10pt;\"><strong>Stand<\/strong><\/span><\/td>\n<\/tr>\n<tr>\n<td style=\"text-align: center;\" width=\"25\"><span style=\"font-family: times new roman, times, serif; font-size: 10pt;\">1<\/span><\/td>\n<td width=\"154\"><span style=\"font-family: times new roman, times, serif; font-size: 10pt;\">Anna Margaretha<\/span><\/td>\n<td width=\"65\"><\/td>\n<td width=\"78\"><span style=\"font-family: times new roman, times, serif; font-size: 10pt;\">17.05.1655<\/span><\/td>\n<td width=\"65\"><\/td>\n<td width=\"65\"><\/td>\n<td width=\"65\"><\/td>\n<td width=\"45\"><\/td>\n<td width=\"41\"><\/td>\n<\/tr>\n<\/tbody>\n<\/table>\n<p><span style=\"font-family: times new roman, times, serif; font-size: 10pt;\"><strong>Paten: <\/strong><em>seine Schwester Marta; vndt Anna, Philips von \u2026; vndt Enders \u2026 sein Sohn Hans Jurgen<\/em><\/span><\/p>\n<hr \/>\n<p><span style=\"font-family: times new roman, times, serif; font-size: 10pt;\"><span style=\"color: #ff0000;\"><strong>Hilger<\/strong> &#8230;<\/span> <strong>oo<\/strong> mit <strong>N. N.<\/strong><\/span><\/p>\n<table>\n<tbody>\n<tr>\n<td width=\"25\"><span style=\"font-family: times new roman, times, serif; font-size: 10pt;\"><strong>Nr.<\/strong><\/span><\/td>\n<td width=\"153\"><span style=\"font-family: times new roman, times, serif; font-size: 10pt;\"><strong>Vorname (normiert)<\/strong><\/span><\/td>\n<td width=\"66\"><span style=\"font-family: times new roman, times, serif; font-size: 10pt;\"><strong>*<\/strong><\/span><\/td>\n<td width=\"78\"><span style=\"font-family: times new roman, times, serif; font-size: 10pt;\"><strong>gt.<\/strong><\/span><\/td>\n<td width=\"66\"><span style=\"font-family: times new roman, times, serif; font-size: 10pt;\"><strong>konf.<\/strong><\/span><\/td>\n<td width=\"66\"><span style=\"font-family: times new roman, times, serif; font-size: 10pt;\"><strong>+<\/strong><\/span><\/td>\n<td width=\"66\"><span style=\"font-family: times new roman, times, serif; font-size: 10pt;\"><strong>bg.<\/strong><\/span><\/td>\n<td width=\"45\"><span style=\"font-family: times new roman, times, serif; font-size: 10pt;\"><strong>Alter<\/strong><\/span><\/td>\n<td width=\"41\"><span style=\"font-family: times new roman, times, serif; font-size: 10pt;\"><strong>Stand<\/strong><\/span><\/td>\n<\/tr>\n<tr>\n<td style=\"text-align: center;\" width=\"25\"><span style=\"font-size: 10pt;\">1<\/span><\/td>\n<td width=\"153\"><span style=\"font-family: times new roman, times, serif; font-size: 10pt;\">Anna Katharina<\/span><\/td>\n<td width=\"66\"><\/td>\n<td width=\"78\"><span style=\"font-family: times new roman, times, serif; font-size: 10pt;\">12.09.1669<\/span><\/td>\n<td width=\"66\"><\/td>\n<td width=\"66\"><\/td>\n<td width=\"66\"><\/td>\n<td width=\"45\"><\/td>\n<td width=\"41\"><\/td>\n<\/tr>\n<\/tbody>\n<\/table>\n<p><span style=\"font-family: times new roman, times, serif; font-size: 10pt;\"><em>\u00a0<\/em><\/span><span style=\"font-family: times new roman, times, serif; font-size: 10pt;\"><strong>Paten: <\/strong><em>Anna Barbara, Emrich Rinckers s[eligen] H[aus]fr[au]; Jacob Maurer im Thal; vnd Catharina, Theobald Sch\u00f6nborns H[aus]fr[au] allhie<\/em><\/span><\/p>\n<hr \/>\n<p><span style=\"font-family: times new roman, times, serif; font-size: 10pt; color: #ff0000;\"><strong>&#8230;, Matthes<\/strong><\/span><\/p>\n<p><span style=\"font-family: times new roman, times, serif; font-size: 10pt;\"><strong>oo xx.07.1690 Fr\u00fccht<\/strong> mit <strong><u>von der Heyden<\/u>, Elisabeth Margaretha:<\/strong> evtl. oo I. 10.05.1682 Braubach mit Johann Peter von der Heyden<\/span><\/p>\n<hr \/>\n<p><span style=\"font-family: times new roman, times, serif; font-size: 10pt;\"><span style=\"color: #ff0000;\"><strong>&#8230;, Anna Barbara:<\/strong><\/span> Tochter des Georg Philipp &#8230; aus &#8230;; konf. 05.04.1691 Fr\u00fccht<\/span><\/p>\n<hr \/>\n<p><span style=\"font-family: times new roman, times, serif; font-size: 10pt;\"><span style=\"color: #ff0000;\"><strong>&#8230;, Anna Katharina:<\/strong><\/span> bg. 17.11.1696 Fr\u00fccht; Eintragstext: <em>Johann Gottfriedt (\u2026) Anna Catharina ist den 17ten Novemb[ris] zur Erden bestattet worden. Ihr Leicht Text war (\u2026)<\/em><\/span><\/p>\n<hr \/>\n<p><span style=\"font-family: times new roman, times, serif; font-size: 10pt;\"><strong>Henrich &#8230;<\/strong> oo mit <strong>Anna Barbara<\/strong><\/span><\/p>\n<table>\n<tbody>\n<tr>\n<td style=\"text-align: center;\" width=\"30\"><span style=\"font-family: times new roman, times, serif; font-size: 10pt;\"><strong>Nr.<\/strong><\/span><\/td>\n<td width=\"147\"><span style=\"font-family: times new roman, times, serif; font-size: 10pt;\"><strong>Vorname (normiert)<\/strong><\/span><\/td>\n<td style=\"text-align: center;\" width=\"68\"><span style=\"font-family: times new roman, times, serif; font-size: 10pt;\"><strong>*<\/strong><\/span><\/td>\n<td style=\"text-align: center;\" width=\"67\"><span style=\"font-family: times new roman, times, serif; font-size: 10pt;\"><strong>gt.<\/strong><\/span><\/td>\n<td style=\"text-align: center;\" width=\"72\"><span style=\"font-family: times new roman, times, serif; font-size: 10pt;\"><strong>konf.<\/strong><\/span><\/td>\n<td style=\"text-align: center;\" width=\"63\"><span style=\"font-family: times new roman, times, serif; font-size: 10pt;\"><strong>+<\/strong><\/span><\/td>\n<td style=\"text-align: center;\" width=\"64\"><span style=\"font-family: times new roman, times, serif; font-size: 10pt;\"><strong>bg.<\/strong><\/span><\/td>\n<td style=\"text-align: center;\" width=\"40\"><span style=\"font-family: times new roman, times, serif; font-size: 10pt;\"><strong>Alter<\/strong><\/span><\/td>\n<td style=\"text-align: center;\" width=\"42\"><span style=\"font-family: times new roman, times, serif; font-size: 10pt;\"><strong>Stand<\/strong><\/span><\/td>\n<\/tr>\n<tr>\n<td style=\"text-align: center;\" width=\"30\"><span style=\"font-family: times new roman, times, serif; font-size: 10pt;\">1<\/span><\/td>\n<td width=\"147\"><span style=\"font-family: times new roman, times, serif; font-size: 10pt;\">Anna Elisabeth<\/span><\/td>\n<td style=\"text-align: center;\" width=\"68\"><span style=\"font-family: times new roman, times, serif; font-size: 10pt;\">01.01.1707<\/span><\/td>\n<td style=\"text-align: center;\" width=\"67\"><span style=\"font-family: times new roman, times, serif; font-size: 10pt;\">09.01.1707<\/span><\/td>\n<td style=\"text-align: center;\" width=\"72\"><\/td>\n<td style=\"text-align: center;\" width=\"63\"><\/td>\n<td style=\"text-align: center;\" width=\"64\"><\/td>\n<td style=\"text-align: center;\" width=\"40\"><\/td>\n<td style=\"text-align: center;\" width=\"42\"><\/td>\n<\/tr>\n<\/tbody>\n<\/table>\n<p><span style=\"font-family: times new roman, times, serif; font-size: 10pt;\"><strong>Paten: <\/strong><em>Anna Elisabeth, Herman Metzen Hau\u00dffrau und Anna Gertraud, Han\u00df Georg \u2026 Hau\u00dffrau, wie auch Johann Henrich Wagner mit \u2026 \u2026, wohnhafft zu Fr\u00fccht<\/em><\/span><\/p>\n<hr \/>\n<p><span style=\"font-family: times new roman, times, serif; font-size: 10pt;\">&#8230; <strong>oo<\/strong> mit <strong>Anna Katharina<\/strong><\/span><\/p>\n<table style=\"width: 100%;\">\n<tbody>\n<tr>\n<td style=\"text-align: center; width: 6.19048%;\" width=\"30\"><span style=\"font-family: times new roman, times, serif; font-size: 10pt;\"><strong>Nr.<\/strong><\/span><\/td>\n<td style=\"width: 22.2619%;\" width=\"147\"><span style=\"font-family: times new roman, times, serif; font-size: 10pt;\"><strong>Vorname (normiert)<\/strong><\/span><\/td>\n<td style=\"text-align: center; width: 11.4286%;\" width=\"68\"><span style=\"font-family: times new roman, times, serif; font-size: 10pt;\"><strong>*<\/strong><\/span><\/td>\n<td style=\"text-align: center; width: 11.3095%;\" width=\"67\"><span style=\"font-family: times new roman, times, serif; font-size: 10pt;\"><strong>gt.<\/strong><\/span><\/td>\n<td style=\"text-align: center; width: 11.9048%;\" width=\"72\"><span style=\"font-family: times new roman, times, serif; font-size: 10pt;\"><strong>konf.<\/strong><\/span><\/td>\n<td style=\"text-align: center; width: 10.7143%;\" width=\"63\"><span style=\"font-family: times new roman, times, serif; font-size: 10pt;\"><strong>+<\/strong><\/span><\/td>\n<td style=\"text-align: center; width: 10.8333%;\" width=\"64\"><span style=\"font-family: times new roman, times, serif; font-size: 10pt;\"><strong>bg.<\/strong><\/span><\/td>\n<td style=\"text-align: center; width: 7.5%;\" width=\"40\"><span style=\"font-family: times new roman, times, serif; font-size: 10pt;\"><strong>Alter<\/strong><\/span><\/td>\n<td style=\"text-align: center; width: 7.85714%;\" width=\"42\"><span style=\"font-family: times new roman, times, serif; font-size: 10pt;\"><strong>Stand<\/strong><\/span><\/td>\n<\/tr>\n<tr>\n<td style=\"text-align: center; width: 6.19048%;\" width=\"30\"><span style=\"font-family: times new roman, times, serif; font-size: 10pt;\">1<\/span><\/td>\n<td style=\"width: 22.2619%;\" width=\"147\"><span style=\"font-family: times new roman, times, serif; font-size: 10pt;\">&#8230;<\/span><\/td>\n<td style=\"text-align: center; width: 11.4286%;\" width=\"68\"><span style=\"font-family: times new roman, times, serif; font-size: 10pt;\">19.09.1710<\/span><\/td>\n<td style=\"text-align: center; width: 11.3095%;\" width=\"67\"><\/td>\n<td style=\"text-align: center; width: 11.9048%;\" width=\"72\"><\/td>\n<td style=\"text-align: center; width: 10.7143%;\" width=\"63\"><\/td>\n<td style=\"text-align: center; width: 10.8333%;\" width=\"64\"><\/td>\n<td style=\"text-align: center; width: 7.5%;\" width=\"40\"><\/td>\n<td style=\"text-align: center; width: 7.85714%;\" width=\"42\"><\/td>\n<\/tr>\n<\/tbody>\n<\/table>\n<p><span style=\"font-family: times new roman, times, serif; font-size: 10pt;\">Nachtrag in zierlicher Schrift<\/span><\/p>\n<hr \/>\n<p><span style=\"font-family: times new roman, times, serif; font-size: 10pt;\">&#8230; <strong>oo<\/strong> mit &#8230;<\/span><\/p>\n<table>\n<tbody>\n<tr>\n<td style=\"text-align: center;\" width=\"30\"><span style=\"font-family: times new roman, times, serif; font-size: 10pt;\"><strong>Nr.<\/strong><\/span><\/td>\n<td width=\"147\"><span style=\"font-family: times new roman, times, serif; font-size: 10pt;\"><strong>Vorname (normiert)<\/strong><\/span><\/td>\n<td style=\"text-align: center;\" width=\"68\"><span style=\"font-family: times new roman, times, serif; font-size: 10pt;\"><strong>*<\/strong><\/span><\/td>\n<td style=\"text-align: center;\" width=\"67\"><span style=\"font-family: times new roman, times, serif; font-size: 10pt;\"><strong>gt.<\/strong><\/span><\/td>\n<td style=\"text-align: center;\" width=\"72\"><span style=\"font-family: times new roman, times, serif; font-size: 10pt;\"><strong>konf.<\/strong><\/span><\/td>\n<td style=\"text-align: center;\" width=\"63\"><span style=\"font-family: times new roman, times, serif; font-size: 10pt;\"><strong>+<\/strong><\/span><\/td>\n<td style=\"text-align: center;\" width=\"64\"><span style=\"font-family: times new roman, times, serif; font-size: 10pt;\"><strong>bg.<\/strong><\/span><\/td>\n<td style=\"text-align: center;\" width=\"40\"><span style=\"font-family: times new roman, times, serif; font-size: 10pt;\"><strong>Alter<\/strong><\/span><\/td>\n<td style=\"text-align: center;\" width=\"42\"><span style=\"font-family: times new roman, times, serif; font-size: 10pt;\"><strong>Stand<\/strong><\/span><\/td>\n<\/tr>\n<tr>\n<td style=\"text-align: center;\" width=\"30\"><span style=\"font-family: times new roman, times, serif; font-size: 10pt;\">1<\/span><\/td>\n<td width=\"147\"><span style=\"font-family: times new roman, times, serif; font-size: 10pt;\">&#8230;<\/span><\/td>\n<td style=\"text-align: center;\" width=\"68\"><span style=\"font-family: times new roman, times, serif; font-size: 10pt;\">xx.xx.1712<\/span><\/td>\n<td style=\"text-align: center;\" width=\"67\"><span style=\"font-family: times new roman, times, serif; font-size: 10pt;\">xx.xx.1712<\/span><\/td>\n<td style=\"text-align: center;\" width=\"72\"><\/td>\n<td style=\"text-align: center;\" width=\"63\"><\/td>\n<td style=\"text-align: center;\" width=\"64\"><\/td>\n<td style=\"text-align: center;\" width=\"40\"><\/td>\n<td style=\"text-align: center;\" width=\"42\"><\/td>\n<\/tr>\n<\/tbody>\n<\/table>\n<p><span style=\"font-family: times new roman, times, serif; font-size: 10pt;\">Tinte verblasst<\/span><\/p>\n<hr \/>\n<p><span style=\"font-family: times new roman, times, serif; font-size: 10pt;\"><span style=\"color: #ff0000;\"><strong>&#8230;macher, Johannes:<\/strong><\/span> Sch\u00e4fer in Fr\u00fccht; <strong>oo<\/strong> mit <strong>Maria Katharina<\/strong><\/span><\/p>\n<table>\n<tbody>\n<tr>\n<td width=\"30\"><span style=\"font-family: times new roman, times, serif; font-size: 10pt;\"><strong>Nr.<\/strong><\/span><\/td>\n<td width=\"147\"><span style=\"font-family: times new roman, times, serif; font-size: 10pt;\"><strong>Vorname (normiert)<\/strong><\/span><\/td>\n<td width=\"68\"><span style=\"font-family: times new roman, times, serif; font-size: 10pt;\"><strong>*<\/strong><\/span><\/td>\n<td width=\"67\"><span style=\"font-family: times new roman, times, serif; font-size: 10pt;\"><strong>gt.<\/strong><\/span><\/td>\n<td width=\"72\"><span style=\"font-family: times new roman, times, serif; font-size: 10pt;\"><strong>konf.<\/strong><\/span><\/td>\n<td width=\"63\"><span style=\"font-family: times new roman, times, serif; font-size: 10pt;\"><strong>+<\/strong><\/span><\/td>\n<td width=\"64\"><span style=\"font-family: times new roman, times, serif; font-size: 10pt;\"><strong>bg.<\/strong><\/span><\/td>\n<td width=\"40\"><span style=\"font-family: times new roman, times, serif; font-size: 10pt;\"><strong>Alter<\/strong><\/span><\/td>\n<td width=\"42\"><span style=\"font-family: times new roman, times, serif; font-size: 10pt;\"><strong>Stand<\/strong><\/span><\/td>\n<\/tr>\n<tr>\n<td width=\"30\"><span style=\"font-family: times new roman, times, serif; font-size: 10pt;\">1<\/span><\/td>\n<td width=\"147\"><span style=\"font-family: times new roman, times, serif; font-size: 10pt;\">Maria Anna<\/span><\/td>\n<td width=\"68\"><span style=\"font-family: times new roman, times, serif; font-size: 10pt;\">30.01.1751<\/span><\/td>\n<td width=\"67\"><span style=\"font-family: times new roman, times, serif; font-size: 10pt;\">02.02.1751<\/span><\/td>\n<td width=\"72\"><\/td>\n<td width=\"63\"><\/td>\n<td width=\"64\"><\/td>\n<td width=\"40\"><\/td>\n<td width=\"42\"><\/td>\n<\/tr>\n<\/tbody>\n<\/table>\n<p style=\"text-align: justify;\"><span style=\"font-family: times new roman, times, serif; font-size: 10pt;\"><strong>Paten: <\/strong><em>Joh[ann] Peter Jung, Joh[ann] Jacob Jungens, Hoffmann auf dem B\u00fcchenberger Hoff, Sohn, Maria Margaretha Sch\u00fctzin, Joh[ann] Wilhelm Sch\u00fctzens Hau\u00dffrau, und Maria Anna, Andreas Thorischen Tochter von Becheln<\/em><\/span><\/p>\n<hr \/>\n<p><span style=\"font-size: 10pt; font-family: times new roman, times, serif;\"><b>Letztes Update: 30. November 2022<\/b><\/span><br \/>\n<span style=\"font-size: 10pt; font-family: times new roman, times, serif;\"><b>Ralph Jackmuth<\/b><\/span><\/p>\n<p>&nbsp;<\/p>\n","protected":false},"excerpt":{"rendered":"<p>Fr\u00fccht, KB 1, Obligationen, pag. 44: Johannes \u2026 schuldet der Kirche seit 07.10.1631 \u2026 fl. [Eintrag wegen blasser Tinte stellenweise nicht lesbar], die er von Johannes Bender \u00fcbernommen hatte. Sicherheiten: 1) ein St\u00fcck vor dem Hain (vorm Haan), h\u00e4lt 1 Achtel Saat, oben grenzen Holzh\u00e4users Erben, unten Kratzen T\u00f6nges; 2) ein St\u00fcck vor H\u00fcttendell, h\u00e4lt &hellip; <a href=\"https:\/\/www.ahnenforschung-jackmuth.de\/?page_id=4863\" class=\"more-link\"><span class=\"screen-reader-text\">\u201eOFB Fr\u00fccht 1615-1817 &#8211; Familienname nicht lesbar\u201c<\/span> weiterlesen<\/a><\/p>\n","protected":false},"author":1,"featured_media":0,"parent":0,"menu_order":0,"comment_status":"closed","ping_status":"closed","template":"","meta":{"footnotes":""},"class_list":["post-4863","page","type-page","status-publish","hentry"],"_links":{"self":[{"href":"https:\/\/www.ahnenforschung-jackmuth.de\/index.php?rest_route=\/wp\/v2\/pages\/4863","targetHints":{"allow":["GET"]}}],"collection":[{"href":"https:\/\/www.ahnenforschung-jackmuth.de\/index.php?rest_route=\/wp\/v2\/pages"}],"about":[{"href":"https:\/\/www.ahnenforschung-jackmuth.de\/index.php?rest_route=\/wp\/v2\/types\/page"}],"author":[{"embeddable":true,"href":"https:\/\/www.ahnenforschung-jackmuth.de\/index.php?rest_route=\/wp\/v2\/users\/1"}],"replies":[{"embeddable":true,"href":"https:\/\/www.ahnenforschung-jackmuth.de\/index.php?rest_route=%2Fwp%2Fv2%2Fcomments&post=4863"}],"version-history":[{"count":0,"href":"https:\/\/www.ahnenforschung-jackmuth.de\/index.php?rest_route=\/wp\/v2\/pages\/4863\/revisions"}],"wp:attachment":[{"href":"https:\/\/www.ahnenforschung-jackmuth.de\/index.php?rest_route=%2Fwp%2Fv2%2Fmedia&parent=4863"}],"curies":[{"name":"wp","href":"https:\/\/api.w.org\/{rel}","templated":true}]}}