{"id":4807,"date":"2020-08-22T08:15:32","date_gmt":"2020-08-22T08:15:32","guid":{"rendered":"http:\/\/www.ahnenforschung-jackmuth.de\/?page_id=4807"},"modified":"2024-06-08T13:52:49","modified_gmt":"2024-06-08T13:52:49","slug":"ofb-fruecht-1707-1817-schinkenberger","status":"publish","type":"page","link":"https:\/\/www.ahnenforschung-jackmuth.de\/?page_id=4807","title":{"rendered":"OFB Fr\u00fccht 1615-1817 &#8211; Schinkenberger"},"content":{"rendered":"<p style=\"text-align: justify;\"><span style=\"font-family: times new roman, times, serif; font-size: 10pt;\"><span style=\"color: #ff0000;\"><strong><u>Schinkenberger<\/u><\/strong><strong>, Johann Adam:<\/strong> <\/span>Schuhmachermeister in Fr\u00fccht; * 09.03.1735 Braubach (gt. 11.03.); konf. 24.05.1750; bg. xx.02.1778 Fr\u00fccht; Eltern: Johann Christian Schinkenberger, Schuhmacher, und Anna Elisabeth geb. Bausmann<\/span><\/p>\n<p style=\"text-align: justify;\"><span style=\"font-family: times new roman, times, serif; font-size: 10pt;\"><strong>oo 10.01.1758 Fr\u00fccht<\/strong> mit <strong><u>Scheuerer<\/u>, Katharina Elisabeth:<\/strong> * 09.02.1740 Fr\u00fccht (gt. 14.02.); konf. 11.04.1754; + 09.09.1786 Fr\u00fccht \u201ean dem Krebs\u201c (bg. xx.09.); Eltern: Johann Valentin Scheuerer und Anna Magdalena geb. Mangold<\/span><\/p>\n<table>\n<tbody>\n<tr>\n<td style=\"text-align: center;\" width=\"30\"><span style=\"font-family: times new roman, times, serif; font-size: 10pt;\"><strong>Nr.<\/strong><\/span><\/td>\n<td width=\"147\"><span style=\"font-family: times new roman, times, serif; font-size: 10pt;\"><strong>Vorname (normiert)<\/strong><\/span><\/td>\n<td style=\"text-align: center;\" width=\"62\"><span style=\"font-family: times new roman, times, serif; font-size: 10pt;\"><strong>*<\/strong><\/span><\/td>\n<td style=\"text-align: center;\" width=\"67\"><span style=\"font-family: times new roman, times, serif; font-size: 10pt;\"><strong>gt.<\/strong><\/span><\/td>\n<td style=\"text-align: center;\" width=\"72\"><span style=\"font-family: times new roman, times, serif; font-size: 10pt;\"><strong>konf.<\/strong><\/span><\/td>\n<td style=\"text-align: center;\" width=\"63\"><span style=\"font-family: times new roman, times, serif; font-size: 10pt;\"><strong>+<\/strong><\/span><\/td>\n<td style=\"text-align: center;\" width=\"64\"><span style=\"font-family: times new roman, times, serif; font-size: 10pt;\"><strong>bg.<\/strong><\/span><\/td>\n<td style=\"text-align: center;\" width=\"40\"><span style=\"font-family: times new roman, times, serif; font-size: 10pt;\"><strong>Alter<\/strong><\/span><\/td>\n<td style=\"text-align: center;\" width=\"42\"><span style=\"font-family: times new roman, times, serif; font-size: 10pt;\"><strong>Stand<\/strong><\/span><\/td>\n<\/tr>\n<tr>\n<td style=\"text-align: center;\" width=\"30\"><span style=\"font-family: times new roman, times, serif; font-size: 10pt;\">1<\/span><\/td>\n<td width=\"147\"><span style=\"font-family: times new roman, times, serif; font-size: 10pt;\">Johann Philipp<\/span><\/td>\n<td style=\"text-align: center;\" width=\"62\"><span style=\"font-family: times new roman, times, serif; font-size: 10pt;\">07.06.1759<\/span><\/td>\n<td style=\"text-align: center;\" width=\"67\"><span style=\"font-family: times new roman, times, serif; font-size: 10pt;\">14.06.1759<\/span><\/td>\n<td style=\"text-align: center;\" width=\"72\"><span style=\"font-family: times new roman, times, serif; font-size: 10pt;\">xx.xx.1772<\/span><\/td>\n<td style=\"text-align: center;\" width=\"63\"><\/td>\n<td style=\"text-align: center;\" width=\"64\"><span style=\"font-family: times new roman, times, serif; font-size: 10pt;\">19.08.1787<\/span><\/td>\n<td style=\"text-align: center;\" width=\"40\"><span style=\"font-family: times new roman, times, serif; font-size: 10pt;\">28,22<\/span><\/td>\n<td style=\"text-align: center;\" width=\"42\"><span style=\"font-family: times new roman, times, serif; font-size: 10pt;\">ledig<\/span><\/td>\n<\/tr>\n<tr>\n<td style=\"text-align: center;\"><span style=\"font-family: times new roman, times, serif; font-size: 10pt;\">2<\/span><\/td>\n<td><span style=\"font-family: times new roman, times, serif; font-size: 10pt;\">Johann Henrich<\/span><\/td>\n<td style=\"text-align: center;\"><span style=\"font-family: times new roman, times, serif; font-size: 10pt;\">07.12.1761<\/span><\/td>\n<td style=\"text-align: center;\"><span style=\"font-family: times new roman, times, serif; font-size: 10pt;\">10.12.1761<\/span><\/td>\n<td style=\"text-align: center;\"><span style=\"font-family: times new roman, times, serif; font-size: 10pt;\">xx.xx.1776<\/span><\/td>\n<td style=\"text-align: center;\"><span style=\"font-family: times new roman, times, serif; font-size: 10pt;\">29.02.1816<\/span><\/td>\n<td style=\"text-align: center;\"><span style=\"font-family: times new roman, times, serif; font-size: 10pt;\">02.03.1816<\/span><\/td>\n<td style=\"text-align: center;\"><span style=\"font-family: times new roman, times, serif; font-size: 10pt;\">54,26<\/span><\/td>\n<td style=\"text-align: center;\"><span style=\"font-family: times new roman, times, serif; font-size: 10pt;\">ledig<\/span><\/td>\n<\/tr>\n<tr>\n<td style=\"text-align: center;\"><span style=\"font-family: times new roman, times, serif; font-size: 10pt;\">3<\/span><\/td>\n<td><span style=\"font-family: times new roman, times, serif; font-size: 10pt;\">Maria Christina<\/span><\/td>\n<td style=\"text-align: center;\"><span style=\"font-family: times new roman, times, serif; font-size: 10pt;\">10.12.1763<\/span><\/td>\n<td style=\"text-align: center;\"><span style=\"font-family: times new roman, times, serif; font-size: 10pt;\">12.12.1763<\/span><\/td>\n<td style=\"text-align: center;\"><span style=\"font-family: times new roman, times, serif; font-size: 10pt;\">25.05.1777<\/span><\/td>\n<td style=\"text-align: center;\"><span style=\"font-family: times new roman, times, serif; font-size: 10pt;\">11.02.1816<\/span><\/td>\n<td style=\"text-align: center;\"><span style=\"font-family: times new roman, times, serif; font-size: 10pt;\">13.02.1816<\/span><\/td>\n<td style=\"text-align: center;\"><span style=\"font-family: times new roman, times, serif; font-size: 10pt;\">52,21<\/span><\/td>\n<td style=\"text-align: center;\"><span style=\"font-family: times new roman, times, serif; font-size: 10pt;\">ledig<\/span><\/td>\n<\/tr>\n<tr>\n<td style=\"text-align: center;\"><span style=\"font-family: times new roman, times, serif; font-size: 10pt;\">4<\/span><\/td>\n<td><span style=\"font-family: times new roman, times, serif; font-size: 10pt;\">Elisabeth Margaretha<\/span><\/td>\n<td style=\"text-align: center;\"><span style=\"font-family: times new roman, times, serif; font-size: 10pt;\">22.03.1766<\/span><\/td>\n<td style=\"text-align: center;\"><\/td>\n<td style=\"text-align: center;\"><span style=\"font-family: times new roman, times, serif; font-size: 10pt;\">23.03.1780<\/span><\/td>\n<td style=\"text-align: center;\"><span style=\"font-family: times new roman, times, serif; font-size: 10pt;\">15.11.1825<\/span><\/td>\n<td style=\"text-align: center;\"><span style=\"font-family: times new roman, times, serif; font-size: 10pt;\">17.11.1825<\/span><\/td>\n<td style=\"text-align: center;\"><span style=\"font-family: times new roman, times, serif; font-size: 10pt;\">59,69<\/span><\/td>\n<td style=\"text-align: center;\"><span style=\"font-family: times new roman, times, serif; font-size: 10pt;\">verh.<\/span><\/td>\n<\/tr>\n<tr>\n<td style=\"text-align: center;\"><span style=\"font-family: times new roman, times, serif; font-size: 10pt;\">5<\/span><\/td>\n<td><span style=\"font-family: times new roman, times, serif; font-size: 10pt;\">Maria Philippina<\/span><\/td>\n<td style=\"text-align: center;\"><span style=\"font-family: times new roman, times, serif; font-size: 10pt;\">05.10.1768<\/span><\/td>\n<td style=\"text-align: center;\"><span style=\"font-family: times new roman, times, serif; font-size: 10pt;\">09.10.1768<\/span><\/td>\n<td style=\"text-align: center;\"><span style=\"font-family: times new roman, times, serif; font-size: 10pt;\">28.03.1782<\/span><\/td>\n<td style=\"text-align: center;\"><span style=\"font-family: times new roman, times, serif; font-size: 10pt;\">01.12.1800<\/span><\/td>\n<td style=\"text-align: center;\"><span style=\"font-family: times new roman, times, serif; font-size: 10pt;\">03.12.1800<\/span><\/td>\n<td style=\"text-align: center;\"><span style=\"font-family: times new roman, times, serif; font-size: 10pt;\">32,18<\/span><\/td>\n<td style=\"text-align: center;\"><span style=\"font-family: times new roman, times, serif; font-size: 10pt;\">verh.<\/span><\/td>\n<\/tr>\n<tr>\n<td style=\"text-align: center;\"><span style=\"font-family: times new roman, times, serif; font-size: 10pt;\">6<\/span><\/td>\n<td><span style=\"font-family: times new roman, times, serif; font-size: 10pt;\">Philipp Konrad<\/span><\/td>\n<td style=\"text-align: center;\"><span style=\"font-family: times new roman, times, serif; font-size: 10pt;\">06.11.1772<\/span><\/td>\n<td style=\"text-align: center;\"><span style=\"font-family: times new roman, times, serif; font-size: 10pt;\">09.11.1772<\/span><\/td>\n<td style=\"text-align: center;\"><span style=\"font-family: times new roman, times, serif; font-size: 10pt;\">13.04.1786<\/span><\/td>\n<td style=\"text-align: center;\"><\/td>\n<td style=\"text-align: center;\"><\/td>\n<td style=\"text-align: center;\"><\/td>\n<td style=\"text-align: center;\"><\/td>\n<\/tr>\n<tr>\n<td style=\"text-align: center;\"><span style=\"font-family: times new roman, times, serif; font-size: 10pt;\">7<\/span><\/td>\n<td><span style=\"font-family: times new roman, times, serif; font-size: 10pt;\">Johannetta Elisabeth<\/span><\/td>\n<td style=\"text-align: center;\"><span style=\"font-family: times new roman, times, serif; font-size: 10pt;\">11.01.1777<\/span><\/td>\n<td style=\"text-align: center;\"><span style=\"font-family: times new roman, times, serif; font-size: 10pt;\">14.01.1777<\/span><\/td>\n<td style=\"text-align: center;\"><span style=\"font-family: times new roman, times, serif; font-size: 10pt;\">01.04.1790<\/span><\/td>\n<td style=\"text-align: center;\"><\/td>\n<td style=\"text-align: center;\"><\/td>\n<td style=\"text-align: center;\"><\/td>\n<td style=\"text-align: center;\"><\/td>\n<\/tr>\n<\/tbody>\n<\/table>\n<p style=\"text-align: justify;\"><span style=\"font-family: times new roman, times, serif; font-size: 10pt;\">Kind Nr. 1) <em>Ein eingeklemmter und zu sp\u00e4t geschnittener Bruchschaden bef\u00f6rderte seinen Tod<br \/>\n<\/em><\/span><span style=\"font-family: times new roman, times, serif; font-size: 10pt;\">Kind Nr. 2) + Becheln<br \/>\n<\/span><span style=\"font-family: times new roman, times, serif; font-size: 10pt;\">Kind Nr. 3) + Becheln<br \/>\n<\/span><span style=\"font-family: times new roman, times, serif; font-size: 10pt;\"><span style=\"font-family: times new roman, times, serif; font-size: 10pt;\">Kind Nr. 4) + Becheln; oo 08.02.1791 Becheln mit Johann Philipp Wagner (* 04.07.1756 Becheln; Eltern: Johann Gottfried Wagner und Christina Katharina geb. Buchbinder); hatte lt. Sterbeeintrag 2 S\u00f6hne und 1 Tochter<\/span><em><br \/>\n<\/em><\/span><span style=\"font-family: times new roman, times, serif; font-size: 10pt;\">Kind Nr. 5) + Braubach; oo 23.09.1798 Fr\u00fccht (aber KB Braubach!) mit Johann Georg Herrmann, Tambour auf der Marksburg (* 02.07.1768 Braubach; + 08.03.1840 Braubach; Eltern: Johannes Hermann, Musketier auf der Marksburg, und Maria Magdalena geb. Klos; oo II. xx.08.1801 Braubach mit Maria Philippina Redhardt aus Singhofen (+ 07.01.1816 Braubach); oo III. 30.05.1817 Braubach mit Anna Louisa Mentzer aus Braubach<br \/>\n<\/span><span style=\"font-family: times new roman, times, serif; font-size: 10pt;\">Kind Nr. 7) Vermerk im Taufeintrag: oo 05.xx.1790 Niederbachheim mit Christoph Zarbach, + 23.07.1811 in &#8230;<\/span><\/p>\n<p style=\"text-align: justify;\"><span style=\"font-family: times new roman, times, serif; font-size: 10pt;\"><strong>Paten: zu 1) <\/strong><em>1) Joh[ann] Phil[ips] Scheuerer, der Mutter Bruder von hier; Philip Conrad Schinckenberger von Braubach, des Vaters Bruder; Catharina Elisabetha, Philips Thomen [Thum] von Braubach ehe[liche] Hau\u00dffrau \u2014 <\/em><strong>zu <\/strong><strong>2) <\/strong><em>Joh[ann] Philipp Schinckenberger, Christian Schinckenbergers Sohn zu Braubach; und Sophia Cath[arina], Joh[ann] Phil[ips] Zimmermanns Wittib allhir aus Fr\u00fccht \u2014 <\/em><strong>zu <\/strong><strong>3) <\/strong><em>Joh[ann] Adam Weinart, Burger von &lt;&#8230;&gt;; Maria Catharina Scheuererin, Joh[ann] Valentin Scheuerers &lt;&#8230;&gt;; und Maria Christina R\u00f6hrigin, Joh[ann] Georg R\u00f6hrigs &lt;&#8230;&gt; allhir aus Fr\u00fccht \u2014 <\/em><strong>zu <\/strong><strong>4) <\/strong><em>Elisabetha Catharina Creceliin, des Joh[ann] A&lt;nthon&gt; Crecelii Ehelibste; und Catharina Margretha Schinckenbergerin, des Kindes Vater Schwester; und Ph&lt;ilips&gt; Conrad Schinckenberger; B\u00fcrger aus Braubach \u2014 <\/em><strong>zu <\/strong><strong>5) <\/strong><em>Georg Phil[ipp] Veldenz, Stephan Weylers Stiefsohn; Catharina Maria, Joh[ann] Henr[ich] Bausmanns Tochter aus Braubach; und Maria Magdalena, Joh[ann] Jacob M\u00f6ligs Hausfrau aus Braubach \u2014 <\/em><strong>zu <\/strong><strong>6) <\/strong><em>Johann Conrad Prisdrot<\/em> [Priesteroth]<em>, B\u00fcrger zu Braubach; Johann Philipp Schneider von Dauenau; und Maria Magdalena Adlerin v[on] Fr\u00fccht \u2014 <\/em><strong>zu <\/strong><strong>7) <\/strong><em>Margretha Elisabetha, des Peter Kuntzen Hausfrau; Maria Elisabetha, des Anton Mangolds zweyte Tochter; und Johann Christoph Adler dahier<\/em><\/span><\/p>\n<hr \/>\n<p><span style=\"font-family: times new roman, times, serif; font-size: 10pt;\"><strong>Weitere Belege: Gerichtsbuch Fr\u00fccht<\/strong> (HHStAW, Abt. 3\/8, Nr. 9)<\/span><\/p>\n<p><span style=\"font-family: times new roman, times, serif; font-size: 10pt;\"><strong>8. Mai 1766 \u2014 Johann Adam Schinkenberger kauft von Wittib Wagner eine Wiese f\u00fcr 8 Rtl. 27 alb.<\/strong><\/span><\/p>\n<p><span style=\"font-family: times new roman, times, serif; font-size: 10pt;\"><em>Actum Fr\u00fccht, den 8ten Maij 1766<\/em><\/span><\/p>\n<p style=\"text-align: justify;\"><span style=\"font-family: times new roman, times, serif; font-size: 10pt;\"><em>Erschiene Joh[ann] Adam Schenckeberger dahier zu Fr\u00fccht und zeigte an, wasgestalten er eine Wiesse in denen Grommetswiessen, t[ermt] oben Freyh[err] von Stein, unten Friedrich Metz, von W[i]t[ti]b Wagnern dahier erkaufft, welche ihme den 22ten [Septem]br[is] 1764 in Versatz gegeben worden vor und um 8 [Rtl.] 27 alb. oder acht Rthlr 27 alb. trierische W\u00e4hrung. Und wird also Ka\u00fcffer von Verka\u00fcfferin in gedachter Wiessen ruhigen Besitz eingesetzet, sich aber und ihre Erben zu ewigen Tagen daraus, alles ohne Gef\u00e4hrde und Arglist. Urkundlich ist dieser Verkauff dem allhiesigen Gerichtprotocoll statt gegenw\u00e4rtigen eingetragen worden. <\/em><em>Actum ut sup[ra].<\/em><\/span><\/p>\n<p><span style=\"font-family: times new roman, times, serif; font-size: 10pt;\"><em>J[ohann] A[nton] Crecelius, Schulth[ei\u00df] m[anu] p[ropri]a<\/em><\/span><\/p>\n<hr \/>\n<p style=\"text-align: justify;\"><span style=\"font-family: times new roman, times, serif; font-size: 10pt;\"><strong>14. Juni 1764 \u2013 Johann Adam Schinkenberger leiht sich von Schulthei\u00df Johann Wihelm Crecelius zum Kauf von vier Wiesenpl\u00e4tzen \u201eauf Ahl\u201c 60 Rtl. zu je 54 trierische alb. und zu 5 % Zinsen j\u00e4hrlich. Als Sicherheit setzt er so viel von seinem Verm\u00f6gen, wie die Schuld betr\u00e4gt.<\/strong><\/span><\/p>\n<p style=\"text-align: justify;\"><span style=\"font-family: times new roman, times, serif; font-size: 10pt;\">[fol. 281r]<em> Actum Fr\u00fccht, den 14ten Junij 1764.<\/em><\/span><\/p>\n<p style=\"text-align: justify;\"><span style=\"font-family: times new roman, times, serif; font-size: 10pt;\"><em>Erschiene Johann Adam Schenckeberger dahier zu Fr\u00fccht und stellte vor sich, seine Erben und Nachkommen gerichtlich vor, wie ihme Schulthei\u00df Crecelius zu Erkauffung vier Wiesenpl\u00e4tze auf Ahl 60, schreibe sechzig, Rthlr, ieden zu 54 trier[ische] alb. verlehnet, g\u00fctlich an gutem Geld vorgeliehen und gegen 5 Procent j\u00e4hrlich zu verzinsen zu seinen sicheren H\u00e4nden empfangen. Damit aber sein Creditor wegen des Capitals der 60 Rthlr sowohl al\u00df Intre[ss]en v\u00f6llig gesichert seyn m\u00f6ge, so setzet er Debitor so viel, al\u00df hierzu hinl\u00e4nglich, sein Verm\u00f6gen al\u00df ein gerichtlich sichers Unterpfandt, da\u00df der Creditor im Mi\u00dfzahlungsfall sich daran zu ergreiffen Macht und Gewalt haben solle. Urkundlich ist diese Obligation in diesem allhiesigen Gerichtsprotocoll niedergeschrieben und von Debitore zu mehrerer Sicherheit eigenh\u00e4ndig unterschrieben worden.<\/em><\/span><\/p>\n<p><span style=\"font-family: times new roman, times, serif; font-size: 10pt;\"><em>So geschehen ut supra.<\/em><\/span><\/p>\n<p><span style=\"font-family: times new roman, times, serif; font-size: 10pt;\"><em>Johann Adam Schinckenberger und Katrinni al\u00df Hau\u00dffrau bek&#8230;ne wir wie oben steh<\/em><\/span><\/p>\n<hr \/>\n<p><span style=\"font-size: 10pt; font-family: times new roman, times, serif;\"><b>Letztes Update: 8. Juni 2024<\/b><\/span><br \/>\n<span style=\"font-size: 10pt; font-family: times new roman, times, serif;\"><b>Ralph Jackmuth<\/b><\/span><\/p>\n","protected":false},"excerpt":{"rendered":"<p>Schinkenberger, Johann Adam: Schuhmachermeister in Fr\u00fccht; * 09.03.1735 Braubach (gt. 11.03.); konf. 24.05.1750; bg. xx.02.1778 Fr\u00fccht; Eltern: Johann Christian Schinkenberger, Schuhmacher, und Anna Elisabeth geb. Bausmann oo 10.01.1758 Fr\u00fccht mit Scheuerer, Katharina Elisabeth: * 09.02.1740 Fr\u00fccht (gt. 14.02.); konf. 11.04.1754; + 09.09.1786 Fr\u00fccht \u201ean dem Krebs\u201c (bg. xx.09.); Eltern: Johann Valentin Scheuerer und Anna Magdalena &hellip; <a href=\"https:\/\/www.ahnenforschung-jackmuth.de\/?page_id=4807\" class=\"more-link\"><span class=\"screen-reader-text\">\u201eOFB Fr\u00fccht 1615-1817 &#8211; Schinkenberger\u201c<\/span> weiterlesen<\/a><\/p>\n","protected":false},"author":1,"featured_media":0,"parent":0,"menu_order":0,"comment_status":"closed","ping_status":"closed","template":"","meta":{"footnotes":""},"class_list":["post-4807","page","type-page","status-publish","hentry"],"_links":{"self":[{"href":"https:\/\/www.ahnenforschung-jackmuth.de\/index.php?rest_route=\/wp\/v2\/pages\/4807","targetHints":{"allow":["GET"]}}],"collection":[{"href":"https:\/\/www.ahnenforschung-jackmuth.de\/index.php?rest_route=\/wp\/v2\/pages"}],"about":[{"href":"https:\/\/www.ahnenforschung-jackmuth.de\/index.php?rest_route=\/wp\/v2\/types\/page"}],"author":[{"embeddable":true,"href":"https:\/\/www.ahnenforschung-jackmuth.de\/index.php?rest_route=\/wp\/v2\/users\/1"}],"replies":[{"embeddable":true,"href":"https:\/\/www.ahnenforschung-jackmuth.de\/index.php?rest_route=%2Fwp%2Fv2%2Fcomments&post=4807"}],"version-history":[{"count":0,"href":"https:\/\/www.ahnenforschung-jackmuth.de\/index.php?rest_route=\/wp\/v2\/pages\/4807\/revisions"}],"wp:attachment":[{"href":"https:\/\/www.ahnenforschung-jackmuth.de\/index.php?rest_route=%2Fwp%2Fv2%2Fmedia&parent=4807"}],"curies":[{"name":"wp","href":"https:\/\/api.w.org\/{rel}","templated":true}]}}