{"id":4801,"date":"2020-08-22T08:01:10","date_gmt":"2020-08-22T08:01:10","guid":{"rendered":"http:\/\/www.ahnenforschung-jackmuth.de\/?page_id=4801"},"modified":"2022-11-29T20:45:58","modified_gmt":"2022-11-29T20:45:58","slug":"ofb-fruecht-1707-1817-diverse-r","status":"publish","type":"page","link":"https:\/\/www.ahnenforschung-jackmuth.de\/?page_id=4801","title":{"rendered":"OFB Fr\u00fccht 1615-1817 &#8211; Diverse R"},"content":{"rendered":"<p><a name=\"r...\"><\/a><span style=\"font-family: times new roman, times, serif; font-size: 10pt;\"><span style=\"color: #ff0000;\"><strong>R&#8230;, Hans Georg:<\/strong><\/span> + 1717 Fr\u00fccht<\/span><\/p>\n<hr \/>\n<p><a name=\"rau\"><\/a><\/p>\n<p style=\"text-align: justify;\"><span style=\"font-family: times new roman, times, serif; font-size: 10pt;\"><span style=\"color: #ff0000;\"><strong><u>Rau<\/u><\/strong><strong>, Karl:<\/strong> <\/span>Metzgermeister und b\u00fcrgerlicher Einwohner auf dem Bad Ems (VG Bad Ems, Rhein-Lahn-Kreis), z. Z. hochf\u00fcrstlich Anhalt-Zerbstischer Dragoner; \u00e4ltester Sohn des Bartholom\u00e4us Rau<\/span><\/p>\n<p><span style=\"font-family: times new roman, times, serif; font-size: 10pt;\"><strong>oo 29.01.1797 Fr\u00fccht<\/strong> (nach erhaltener Erlaubnis) mit <strong><u>Worters<\/u>, Anna<\/strong><\/span><\/p>\n<hr \/>\n<p><a name=\"rhod\"><\/a><span style=\"font-family: times new roman, times, serif; font-size: 10pt;\"><span style=\"color: #ff0000;\"><strong><u>Rhod<\/u><\/strong><strong>, Philipp Friedrich:<\/strong> <\/span>z. Z. Pfarrer in Singhofen<\/span><\/p>\n<p style=\"text-align: justify;\"><span style=\"font-family: times new roman, times, serif; font-size: 10pt;\"><strong>oo 27.11.1770 Fr\u00fccht<\/strong> mit <strong><u>Vietor<\/u>, Lucia Dorothea:<\/strong> * 26.04.1744 Fr\u00fccht (gt. 30.04.); Eltern: Johann Wilhelm Vietor, Pfarrer in Fr\u00fccht, und Maria Polyxena Franziska geb. Cramer<\/span><\/p>\n<hr \/>\n<p><span style=\"font-family: times new roman, times, serif; font-size: 10pt;\"><span style=\"color: #ff0000;\"><strong><u>Rhod<\/u><\/strong><strong>, Johann Friedrich Karl:<\/strong> <\/span>\u00e4ltester Sohn des verst. Johann Christian Rhod, Prediger und Definitor in Niederbachheim (VG Nast\u00e4tten, Rhein-Lahn-Kreis); konf. 25.05.1777 Fr\u00fccht<\/span><\/p>\n<hr \/>\n<p><a name=\"ries\"><\/a><span style=\"font-family: times new roman, times, serif; font-size: 10pt;\"><span style=\"color: #ff0000;\"><strong><u>Ries<\/u><\/strong><strong>, Christiana Wihelmina Henriette:<\/strong> <\/span>Tochter des Johann Adam Ries, Kapitular zu Idstein; konf. 19.04.1764 Fr\u00fccht<\/span><\/p>\n<hr \/>\n<p><a name=\"riffer\"><\/a><span style=\"font-family: times new roman, times, serif; font-size: 10pt;\"><span style=\"color: #ff0000;\"><strong><u>Riffer<\/u><\/strong><strong>, &#8230; Karl:<\/strong> <\/span>Sattlermeister im Tal Ehrenbreitstein (Koblenz-Ehrenbreitstein)<\/span><\/p>\n<p><span style=\"font-family: times new roman, times, serif; font-size: 10pt;\">oo mit <strong><u>Schneider<\/u>, Maria Elisabeth<\/strong><\/span><\/p>\n<table style=\"width: 100%; height: 56px;\">\n<tbody>\n<tr style=\"height: 28px;\">\n<td style=\"text-align: center; height: 28px;\" width=\"30\"><span style=\"font-family: times new roman, times, serif; font-size: 10pt;\"><strong>Nr.<\/strong><\/span><\/td>\n<td style=\"height: 28px;\" width=\"147\"><span style=\"font-family: times new roman, times, serif; font-size: 10pt;\"><strong>Vorname (normiert)<\/strong><\/span><\/td>\n<td style=\"text-align: center; height: 28px;\" width=\"62\"><span style=\"font-family: times new roman, times, serif; font-size: 10pt;\"><strong>*<\/strong><\/span><\/td>\n<td style=\"text-align: center; height: 28px;\" width=\"67\"><span style=\"font-family: times new roman, times, serif; font-size: 10pt;\"><strong>gt.<\/strong><\/span><\/td>\n<td style=\"text-align: center; height: 28px;\" width=\"72\"><span style=\"font-family: times new roman, times, serif; font-size: 10pt;\"><strong>konf.<\/strong><\/span><\/td>\n<td style=\"text-align: center; height: 28px;\" width=\"63\"><span style=\"font-family: times new roman, times, serif; font-size: 10pt;\"><strong>+<\/strong><\/span><\/td>\n<td style=\"text-align: center; height: 28px;\" width=\"64\"><span style=\"font-family: times new roman, times, serif; font-size: 10pt;\"><strong>bg.<\/strong><\/span><\/td>\n<td style=\"text-align: center; height: 28px;\" width=\"40\"><span style=\"font-family: times new roman, times, serif; font-size: 10pt;\"><strong>Alter<\/strong><\/span><\/td>\n<td style=\"text-align: center; height: 28px;\" width=\"42\"><span style=\"font-family: times new roman, times, serif; font-size: 10pt;\"><strong>Stand<\/strong><\/span><\/td>\n<\/tr>\n<tr style=\"height: 28px;\">\n<td style=\"text-align: center; height: 28px;\" width=\"30\"><span style=\"font-family: times new roman, times, serif; font-size: 10pt;\">1<\/span><\/td>\n<td style=\"height: 28px;\" width=\"147\"><span style=\"font-family: times new roman, times, serif; font-size: 10pt;\">Joseph Karl<\/span><\/td>\n<td style=\"text-align: center; height: 28px;\" width=\"62\"><span style=\"font-family: times new roman, times, serif; font-size: 10pt;\">27.05.1796<\/span><\/td>\n<td style=\"text-align: center; height: 28px;\" width=\"67\"><span style=\"font-family: times new roman, times, serif; font-size: 10pt;\">27.05.1796<\/span><\/td>\n<td style=\"text-align: center; height: 28px;\" width=\"72\"><\/td>\n<td style=\"text-align: center; height: 28px;\" width=\"63\"><span style=\"font-family: times new roman, times, serif; font-size: 10pt;\">10.03.1797<\/span><\/td>\n<td style=\"text-align: center; height: 28px;\" width=\"64\"><span style=\"font-family: times new roman, times, serif; font-size: 10pt;\">13.03.1797<\/span><\/td>\n<td style=\"text-align: center; height: 28px;\" width=\"40\"><span style=\"font-family: times new roman, times, serif; font-size: 10pt;\">0,79<\/span><\/td>\n<td style=\"text-align: center; height: 28px;\" width=\"42\"><\/td>\n<\/tr>\n<\/tbody>\n<\/table>\n<p><span style=\"font-family: times new roman, times, serif; font-size: 10pt;\">Kind Nr. 1) + an einem zur\u00fcckgetretenen Ausschlag und b\u00f6sem Geschw\u00fcr am Kopf<\/span><\/p>\n<p style=\"text-align: justify;\"><span style=\"font-family: times new roman, times, serif; font-size: 10pt;\">Der Taufeintrag lautet: <em>145) Joseph Carl, natus den 27ten m[ensis] Maji, renatus ejusdem. \u00c4ltern sind: &lt;&#8230;&gt; Carl Riffer, Sattlermeister in dem Thal Ehrenbreitstein, und Maria Elisabetha, eine geborne Schneiderin, aus eben dem Thal Ehrenbreitstein geb\u00fcrtig, &lt;&#8230;&gt; des daselbst als Advocat gestorbenen Carl Schneiders nachgelasene &lt;&#8230;&gt; Taufzeuge war: Herr Johann Biller aus Schambeck <\/em>[Zs\u00e1mb\u00e9k]<em> in Hungarn und gegenw\u00e4rtig kaiser[lich] k\u00f6nig[licher] Feldchirurgus unter dem l\u00f6b[lichen] oesterreichischen steuerischen Graf Wurmserischen Infanterie Freicorp; ist gestorben.<\/em><\/span><\/p>\n<hr \/>\n<p><span style=\"font-size: 10pt; font-family: times new roman, times, serif;\"><b>Letztes Update: 29. November 2022<\/b><\/span><\/p>\n<p><span style=\"font-size: 10pt; font-family: times new roman, times, serif;\"><b>Ralph Jackmuth<\/b><\/span><\/p>\n","protected":false},"excerpt":{"rendered":"<p>R&#8230;, Hans Georg: + 1717 Fr\u00fccht Rau, Karl: Metzgermeister und b\u00fcrgerlicher Einwohner auf dem Bad Ems (VG Bad Ems, Rhein-Lahn-Kreis), z. Z. hochf\u00fcrstlich Anhalt-Zerbstischer Dragoner; \u00e4ltester Sohn des Bartholom\u00e4us Rau oo 29.01.1797 Fr\u00fccht (nach erhaltener Erlaubnis) mit Worters, Anna Rhod, Philipp Friedrich: z. Z. Pfarrer in Singhofen oo 27.11.1770 Fr\u00fccht mit Vietor, Lucia Dorothea: * &hellip; <a href=\"https:\/\/www.ahnenforschung-jackmuth.de\/?page_id=4801\" class=\"more-link\"><span class=\"screen-reader-text\">\u201eOFB Fr\u00fccht 1615-1817 &#8211; Diverse R\u201c<\/span> weiterlesen<\/a><\/p>\n","protected":false},"author":1,"featured_media":0,"parent":0,"menu_order":0,"comment_status":"closed","ping_status":"closed","template":"","meta":{"footnotes":""},"class_list":["post-4801","page","type-page","status-publish","hentry"],"_links":{"self":[{"href":"https:\/\/www.ahnenforschung-jackmuth.de\/index.php?rest_route=\/wp\/v2\/pages\/4801","targetHints":{"allow":["GET"]}}],"collection":[{"href":"https:\/\/www.ahnenforschung-jackmuth.de\/index.php?rest_route=\/wp\/v2\/pages"}],"about":[{"href":"https:\/\/www.ahnenforschung-jackmuth.de\/index.php?rest_route=\/wp\/v2\/types\/page"}],"author":[{"embeddable":true,"href":"https:\/\/www.ahnenforschung-jackmuth.de\/index.php?rest_route=\/wp\/v2\/users\/1"}],"replies":[{"embeddable":true,"href":"https:\/\/www.ahnenforschung-jackmuth.de\/index.php?rest_route=%2Fwp%2Fv2%2Fcomments&post=4801"}],"version-history":[{"count":0,"href":"https:\/\/www.ahnenforschung-jackmuth.de\/index.php?rest_route=\/wp\/v2\/pages\/4801\/revisions"}],"wp:attachment":[{"href":"https:\/\/www.ahnenforschung-jackmuth.de\/index.php?rest_route=%2Fwp%2Fv2%2Fmedia&parent=4801"}],"curies":[{"name":"wp","href":"https:\/\/api.w.org\/{rel}","templated":true}]}}