{"id":4794,"date":"2020-08-22T07:51:12","date_gmt":"2020-08-22T07:51:12","guid":{"rendered":"http:\/\/www.ahnenforschung-jackmuth.de\/?page_id=4794"},"modified":"2023-08-16T19:40:44","modified_gmt":"2023-08-16T19:40:44","slug":"ofb-fruecht-1707-1817-diverse-p","status":"publish","type":"page","link":"https:\/\/www.ahnenforschung-jackmuth.de\/?page_id=4794","title":{"rendered":"OFB Fr\u00fccht 1615-1817 &#8211; Diverse P"},"content":{"rendered":"<p><a name=\"pulch\"><\/a><span style=\"font-family: times new roman, times, serif; font-size: 10pt;\"><span style=\"color: #ff0000;\"><strong><u>Pulch<\/u><\/strong><strong>, Johann Peter:<\/strong><\/span> Schulmeister in Fr\u00fccht; Frese\/Schaback: Fr\u00fccht, S. 77 hierzu: <em>1788 bis 1798 war Peter Pulch als Lehrer in Fr\u00fccht t\u00e4tig. Dann kam er nach Ruppertshofen<\/em><br \/>\n<\/span><\/p>\n<p><span style=\"font-family: times new roman, times, serif; font-size: 10pt;\"><strong>oo<\/strong> mit <strong><u>Presber<\/u>, Katharina Wilhelmina<\/strong><\/span><\/p>\n<table>\n<tbody>\n<tr>\n<td style=\"text-align: center;\" width=\"30\"><span style=\"font-family: times new roman, times, serif; font-size: 10pt;\"><strong>Nr.<\/strong><\/span><\/td>\n<td width=\"160\"><span style=\"font-family: times new roman, times, serif; font-size: 10pt;\"><strong>Vorname (normiert)<\/strong><\/span><\/td>\n<td style=\"text-align: center;\" width=\"62\"><span style=\"font-family: times new roman, times, serif; font-size: 10pt;\"><strong>*<\/strong><\/span><\/td>\n<td style=\"text-align: center;\" width=\"67\"><span style=\"font-family: times new roman, times, serif; font-size: 10pt;\"><strong>gt.<\/strong><\/span><\/td>\n<td style=\"text-align: center;\" width=\"72\"><span style=\"font-family: times new roman, times, serif; font-size: 10pt;\"><strong>konf.<\/strong><\/span><\/td>\n<td style=\"text-align: center;\" width=\"63\"><span style=\"font-family: times new roman, times, serif; font-size: 10pt;\"><strong>+<\/strong><\/span><\/td>\n<td style=\"text-align: center;\" width=\"64\"><span style=\"font-family: times new roman, times, serif; font-size: 10pt;\"><strong>bg.<\/strong><\/span><\/td>\n<td style=\"text-align: center;\" width=\"40\"><span style=\"font-family: times new roman, times, serif; font-size: 10pt;\"><strong>Alter<\/strong><\/span><\/td>\n<td style=\"text-align: center;\" width=\"42\"><span style=\"font-family: times new roman, times, serif; font-size: 10pt;\"><strong>Stand<\/strong><\/span><\/td>\n<\/tr>\n<tr>\n<td style=\"text-align: center;\" width=\"30\"><span style=\"font-family: times new roman, times, serif; font-size: 10pt;\">1<\/span><\/td>\n<td width=\"160\"><span style=\"font-family: times new roman, times, serif; font-size: 10pt;\">Luisa Katharina Christiana<\/span><\/td>\n<td style=\"text-align: center;\" width=\"62\"><span style=\"font-family: times new roman, times, serif; font-size: 10pt;\">28.08.1789<\/span><\/td>\n<td style=\"text-align: center;\" width=\"67\"><span style=\"font-family: times new roman, times, serif; font-size: 10pt;\">30.08.1789<\/span><\/td>\n<td style=\"text-align: center;\" width=\"72\"><\/td>\n<td style=\"text-align: center;\" width=\"63\"><span style=\"font-family: times new roman, times, serif; font-size: 10pt;\">26.04.1790<\/span><\/td>\n<td style=\"text-align: center;\" width=\"64\"><span style=\"font-family: times new roman, times, serif; font-size: 10pt;\">28.04.1790<\/span><\/td>\n<td style=\"text-align: center;\" width=\"40\"><span style=\"font-family: times new roman, times, serif; font-size: 10pt;\">0,66<\/span><\/td>\n<td style=\"text-align: center;\" width=\"42\"><\/td>\n<\/tr>\n<tr>\n<td style=\"text-align: center;\"><span style=\"font-family: times new roman, times, serif; font-size: 10pt;\">2<\/span><\/td>\n<td><span style=\"font-family: times new roman, times, serif; font-size: 10pt;\">Maria Christina Henrietta<\/span><\/td>\n<td style=\"text-align: center;\"><span style=\"font-family: times new roman, times, serif; font-size: 10pt;\">11.04.1791<\/span><\/td>\n<td style=\"text-align: center;\"><span style=\"font-family: times new roman, times, serif; font-size: 10pt;\">17.04.1791<\/span><\/td>\n<td style=\"text-align: center;\"><span style=\"font-family: times new roman, times, serif; font-size: 10pt;\">11.04.1805<\/span><\/td>\n<td style=\"text-align: center;\"><\/td>\n<td style=\"text-align: center;\"><\/td>\n<td style=\"text-align: center;\"><\/td>\n<td style=\"text-align: center;\"><\/td>\n<\/tr>\n<tr>\n<td style=\"text-align: center;\"><span style=\"font-family: times new roman, times, serif; font-size: 10pt;\">3<\/span><\/td>\n<td><span style=\"font-family: times new roman, times, serif; font-size: 10pt;\">Henrich Friedrich<\/span><\/td>\n<td style=\"text-align: center;\"><span style=\"font-family: times new roman, times, serif; font-size: 10pt;\">16.06.1793<\/span><\/td>\n<td style=\"text-align: center;\"><span style=\"font-family: times new roman, times, serif; font-size: 10pt;\">20.06.1793<\/span><\/td>\n<td style=\"text-align: center;\"><\/td>\n<td style=\"text-align: center;\"><\/td>\n<td style=\"text-align: center;\"><\/td>\n<td style=\"text-align: center;\"><\/td>\n<td style=\"text-align: center;\"><\/td>\n<\/tr>\n<tr>\n<td style=\"text-align: center;\"><span style=\"font-family: times new roman, times, serif; font-size: 10pt;\">4<\/span><\/td>\n<td><span style=\"font-family: times new roman, times, serif; font-size: 10pt;\">Johannetta Katharina<\/span><\/td>\n<td style=\"text-align: center;\"><span style=\"font-family: times new roman, times, serif; font-size: 10pt;\">03.06.1795<\/span><\/td>\n<td style=\"text-align: center;\"><span style=\"font-family: times new roman, times, serif; font-size: 10pt;\">05.06.1795<\/span><\/td>\n<td style=\"text-align: center;\"><\/td>\n<td style=\"text-align: center;\"><\/td>\n<td style=\"text-align: center;\"><\/td>\n<td style=\"text-align: center;\"><\/td>\n<td style=\"text-align: center;\"><\/td>\n<\/tr>\n<tr>\n<td style=\"text-align: center;\"><span style=\"font-family: times new roman, times, serif; font-size: 10pt;\">5<\/span><\/td>\n<td><span style=\"font-family: times new roman, times, serif; font-size: 10pt;\">Philipp Christian<\/span><\/td>\n<td style=\"text-align: center;\"><span style=\"font-family: times new roman, times, serif; font-size: 10pt;\">26.04.1797<\/span><\/td>\n<td style=\"text-align: center;\"><span style=\"font-family: times new roman, times, serif; font-size: 10pt;\">28.04.1797<\/span><\/td>\n<td style=\"text-align: center;\"><\/td>\n<td style=\"text-align: center;\"><\/td>\n<td style=\"text-align: center;\"><\/td>\n<td style=\"text-align: center;\"><\/td>\n<td style=\"text-align: center;\"><\/td>\n<\/tr>\n<tr>\n<td style=\"text-align: center;\"><span style=\"font-family: times new roman, times, serif; font-size: 10pt;\">6<\/span><\/td>\n<td><span style=\"font-family: times new roman, times, serif; font-size: 10pt;\">Philipp Ludwig<\/span><\/td>\n<td style=\"text-align: center;\"><span style=\"font-family: times new roman, times, serif; font-size: 10pt;\">05.07.1800<\/span><\/td>\n<td style=\"text-align: center;\"><span style=\"font-family: times new roman, times, serif; font-size: 10pt;\">06.07.1800<\/span><\/td>\n<td style=\"text-align: center;\"><\/td>\n<td style=\"text-align: center;\"><\/td>\n<td style=\"text-align: center;\"><\/td>\n<td style=\"text-align: center;\"><\/td>\n<td style=\"text-align: center;\"><\/td>\n<\/tr>\n<tr>\n<td style=\"text-align: center;\"><span style=\"font-family: times new roman, times, serif; font-size: 10pt;\">7<\/span><\/td>\n<td><span style=\"font-family: times new roman, times, serif; font-size: 10pt;\">Henrietta Jakobina Friederika<\/span><\/td>\n<td style=\"text-align: center;\"><span style=\"font-family: times new roman, times, serif; font-size: 10pt;\">xx.01.1802<\/span><\/td>\n<td style=\"text-align: center;\"><span style=\"font-family: times new roman, times, serif; font-size: 10pt;\">31.01.1802<\/span><\/td>\n<td style=\"text-align: center;\"><\/td>\n<td style=\"text-align: center;\"><\/td>\n<td style=\"text-align: center;\"><\/td>\n<td style=\"text-align: center;\"><\/td>\n<td style=\"text-align: center;\"><\/td>\n<\/tr>\n<\/tbody>\n<\/table>\n<p style=\"text-align: justify;\"><span style=\"font-family: times new roman, times, serif; font-size: 10pt;\"><strong>Paten: zu 1)<\/strong> <em>Frau Luisa [ ] Presberin, des H[errn] Pf[a]rr[er] Presbers in &lt;&#8230;&gt; Frau Liebste; Anna Catharina, Johann Peter Ulrichs in Diethardt &lt;&#8230;&gt;; u. 3) H[err] Henrich Christian Pulch, Schulmeister in Niedermeilingen <\/em>\u2014 <strong>zu 2) <\/strong><em>1) Maria Catharina, Phi[lipp] Gottfried L\u00f6wensteins, hiesigen Schulthei\u00dfen, Ehefrau; 2) Anna Christina, Johann Carl Katzmanns, Schulmeister zu Diethardt bei Nastetten, Ehefrau; 3) Johann Henrich Presber, Schulmeister in Gronau <\/em>\u2014 <strong>zu 3) <\/strong><em>Caspar Henrich Roehr, freiherr[lich] v. Steinischer Verwalter in Na\u00dfau; 2) Johann Friederich &lt;&#8230;&gt;, Kaufmann u. \u2026 im Gasthaus \u201ezum Stern\u201c in Na\u00dfau; u. 3) Helena Elisabetha Larsin, des freiherr[lich] v. Steinischen H[errn] Verwalter Magnus Larsen in \u2026 Frau Liebste <\/em>\u2014 <strong>zu 4) <\/strong><em>1) Maria Catharina, Henrich Christian Pulchs, Schulmeisters in Niedermeilingen, Ehefrau; 2) H[err] Joannes Presber, Pfarrer zu Himmighofen <\/em>\u2014 <strong>zu 5) <\/strong><em>1) H[err] Gustav Philipp \u2026, \u2026 in Scheuern; und 2) H[errn] Schulmeister Wolf in Bechlen Ehefrau <\/em>\u2014 <strong>zu 6) <\/strong><em>1) Philipp Henrich \u2026, Praeceptor in Kehmel; 2) Johannetta Luisa Heinzem\u00e4nnin, des H[errn] &lt;&#8230;&gt; Heinzemanns von Egenroth Frau Liebste; u. 3) Johann Philipp Katzmann, H[errn] Schulmeister Katzmanns aus Diethardt einziger Sohn <\/em>\u2014 <strong>zu 7) <\/strong><em>1) Henrietta Friderica Martina Sch\u00fclerin, Herrn N. N. Sch\u00fclers, Orgelmachers auf dem Bad Embs, Frau Liebste; 2) Catharina Henrietta Sauerin, H[errn] Schulmeister Sauers in Embs Ehefrau; und 3) Johann Jacob Ulrich, Johann Peter Ulrichs, Schneidermeisters in Diethardt, \u00e4ltester Sohn<\/em><\/span><\/p>\n<hr \/>\n<p><a name=\"pull\"><\/a><span style=\"font-family: times new roman, times, serif; font-size: 10pt;\"><span style=\"color: #ff0000;\"><strong><u>Pull<\/u><\/strong><strong>, Philipp:<\/strong> <\/span>aus Dachsenhausen (VG Loreley, Rhein-Lahn-Kreis); in Wiesbaden im Gef\u00e4ngnis<\/span><\/p>\n<p><span style=\"font-family: times new roman, times, serif; font-size: 10pt;\"><strong>o-o<\/strong> mit<strong> <u>Becker<\/u>, Elisabeth: <\/strong>Tochter des Johannes Becker, Korbmacher in Arzbach<\/span><\/p>\n<table>\n<tbody>\n<tr>\n<td style=\"text-align: center;\" width=\"30\"><span style=\"font-family: times new roman, times, serif; font-size: 10pt;\"><strong>Nr.<\/strong><\/span><\/td>\n<td width=\"147\"><span style=\"font-family: times new roman, times, serif; font-size: 10pt;\"><strong>Vorname (normiert)<\/strong><\/span><\/td>\n<td style=\"text-align: center;\" width=\"62\"><span style=\"font-family: times new roman, times, serif; font-size: 10pt;\"><strong>*<\/strong><\/span><\/td>\n<td style=\"text-align: center;\" width=\"67\"><span style=\"font-family: times new roman, times, serif; font-size: 10pt;\"><strong>gt.<\/strong><\/span><\/td>\n<td style=\"text-align: center;\" width=\"72\"><span style=\"font-family: times new roman, times, serif; font-size: 10pt;\"><strong>konf.<\/strong><\/span><\/td>\n<td style=\"text-align: center;\" width=\"63\"><span style=\"font-family: times new roman, times, serif; font-size: 10pt;\"><strong>+<\/strong><\/span><\/td>\n<td style=\"text-align: center;\" width=\"64\"><span style=\"font-family: times new roman, times, serif; font-size: 10pt;\"><strong>bg.<\/strong><\/span><\/td>\n<td style=\"text-align: center;\" width=\"40\"><span style=\"font-family: times new roman, times, serif; font-size: 10pt;\"><strong>Alter<\/strong><\/span><\/td>\n<td style=\"text-align: center;\" width=\"42\"><span style=\"font-family: times new roman, times, serif; font-size: 10pt;\"><strong>Stand<\/strong><\/span><\/td>\n<\/tr>\n<tr>\n<td style=\"text-align: center;\" width=\"30\"><span style=\"font-family: times new roman, times, serif; font-size: 10pt;\">1<\/span><\/td>\n<td width=\"147\"><span style=\"font-family: times new roman, times, serif; font-size: 10pt;\">Katharina Maria<\/span><\/td>\n<td style=\"text-align: center;\" width=\"62\"><span style=\"font-family: times new roman, times, serif; font-size: 10pt;\">13.05.1815<\/span><\/td>\n<td style=\"text-align: center;\" width=\"67\"><\/td>\n<td style=\"text-align: center;\" width=\"72\"><\/td>\n<td style=\"text-align: center;\" width=\"63\"><\/td>\n<td style=\"text-align: center;\" width=\"64\"><\/td>\n<td style=\"text-align: center;\" width=\"40\"><\/td>\n<td style=\"text-align: center;\" width=\"42\"><\/td>\n<\/tr>\n<\/tbody>\n<\/table>\n<p style=\"text-align: justify;\"><span style=\"font-family: times new roman, times, serif; font-size: 10pt;\">Der Taufeintrag lautet: <em>281) Den 13ten Mai morgens 9 Uhr kam die Elisabetha Becker, des Korbmachers Joh[annes] Becker von Arzbach, welcher sich 3 Tage mit \u2026 \u2026 hier aufhielt, mit einem M\u00e4dchen nieder. Als Vater gab sie Philipp Pull von Dachsenhau\u00dfen an, der im Criminal-Gef\u00e4ngni\u00df zu Wiesbaden sitzt. Zeugen bey der Taufe \u2026 waren: 1) Katharina Maria Mangold; 2) Maria Elisabetha Metz, beide von hier; 3) David Becker, ein vagierender Korbmacher von Gemmerich. Nomen infantis: Catharina Maria.<\/em><\/span><\/p>\n<hr \/>\n<p><span style=\"font-size: 10pt; font-family: times new roman, times, serif;\"><b>Letztes Update: 29. November 2022<\/b><\/span><br \/>\n<span style=\"font-size: 10pt; font-family: times new roman, times, serif;\"><b>Ralph Jackmuth<\/b><\/span><\/p>\n","protected":false},"excerpt":{"rendered":"<p>Pulch, Johann Peter: Schulmeister in Fr\u00fccht; Frese\/Schaback: Fr\u00fccht, S. 77 hierzu: 1788 bis 1798 war Peter Pulch als Lehrer in Fr\u00fccht t\u00e4tig. Dann kam er nach Ruppertshofen oo mit Presber, Katharina Wilhelmina Nr. Vorname (normiert) * gt. konf. + bg. Alter Stand 1 Luisa Katharina Christiana 28.08.1789 30.08.1789 26.04.1790 28.04.1790 0,66 2 Maria Christina Henrietta &hellip; <a href=\"https:\/\/www.ahnenforschung-jackmuth.de\/?page_id=4794\" class=\"more-link\"><span class=\"screen-reader-text\">\u201eOFB Fr\u00fccht 1615-1817 &#8211; Diverse P\u201c<\/span> weiterlesen<\/a><\/p>\n","protected":false},"author":1,"featured_media":0,"parent":0,"menu_order":0,"comment_status":"closed","ping_status":"closed","template":"","meta":{"footnotes":""},"class_list":["post-4794","page","type-page","status-publish","hentry"],"_links":{"self":[{"href":"https:\/\/www.ahnenforschung-jackmuth.de\/index.php?rest_route=\/wp\/v2\/pages\/4794","targetHints":{"allow":["GET"]}}],"collection":[{"href":"https:\/\/www.ahnenforschung-jackmuth.de\/index.php?rest_route=\/wp\/v2\/pages"}],"about":[{"href":"https:\/\/www.ahnenforschung-jackmuth.de\/index.php?rest_route=\/wp\/v2\/types\/page"}],"author":[{"embeddable":true,"href":"https:\/\/www.ahnenforschung-jackmuth.de\/index.php?rest_route=\/wp\/v2\/users\/1"}],"replies":[{"embeddable":true,"href":"https:\/\/www.ahnenforschung-jackmuth.de\/index.php?rest_route=%2Fwp%2Fv2%2Fcomments&post=4794"}],"version-history":[{"count":0,"href":"https:\/\/www.ahnenforschung-jackmuth.de\/index.php?rest_route=\/wp\/v2\/pages\/4794\/revisions"}],"wp:attachment":[{"href":"https:\/\/www.ahnenforschung-jackmuth.de\/index.php?rest_route=%2Fwp%2Fv2%2Fmedia&parent=4794"}],"curies":[{"name":"wp","href":"https:\/\/api.w.org\/{rel}","templated":true}]}}