{"id":4786,"date":"2020-08-22T07:43:38","date_gmt":"2020-08-22T07:43:38","guid":{"rendered":"http:\/\/www.ahnenforschung-jackmuth.de\/?page_id=4786"},"modified":"2023-08-16T19:39:56","modified_gmt":"2023-08-16T19:39:56","slug":"ofb-fruecht-1707-1817-diverse-o","status":"publish","type":"page","link":"https:\/\/www.ahnenforschung-jackmuth.de\/?page_id=4786","title":{"rendered":"OFB Fr\u00fccht 1615-1817 &#8211; Diverse O"},"content":{"rendered":"<p style=\"text-align: justify;\"><span style=\"font-family: times new roman, times, serif; font-size: 10pt;\"><span style=\"color: #ff0000;\"><strong><u><a id=\"ochs\"><\/a>Ochs<\/u>, Weigand (<em>Weinet<\/em>): <\/strong><\/span>pachtet mit Hieronymus Jakob, Cla\u00dfen Johannes und Johannes Ansel einen Hof in Fr\u00fccht von Friedrich vom Stein, vormals den Hutzing von Lahnstein (Frese\/Schaback: Fr\u00fccht; S. 10)<\/span><\/p>\n<p style=\"text-align: justify;\"><span style=\"font-family: times new roman, times, serif; font-size: 10pt;\"><strong>oo<\/strong> mit <strong><u>Elbert<\/u>,<\/strong> <strong>Johannetta: <\/strong>Tochter des Johannes Elbert (lt. Obl. KB 1, pag. 31)<\/span><\/p>\n<table>\n<tbody>\n<tr>\n<td style=\"text-align: center;\" width=\"25\"><span style=\"font-family: times new roman, times, serif; font-size: 10pt;\"><strong>Nr.<\/strong><\/span><\/td>\n<td width=\"146\"><span style=\"font-family: times new roman, times, serif; font-size: 10pt;\"><strong>Vorname (normiert)<\/strong><\/span><\/td>\n<td style=\"text-align: center;\" width=\"60\"><span style=\"font-family: times new roman, times, serif; font-size: 10pt;\"><strong>*<\/strong><\/span><\/td>\n<td style=\"text-align: center;\" width=\"76\"><span style=\"font-family: times new roman, times, serif; font-size: 10pt;\"><strong>gt.<\/strong><\/span><\/td>\n<td style=\"text-align: center;\" width=\"60\"><span style=\"font-family: times new roman, times, serif; font-size: 10pt;\"><strong>konf.<\/strong><\/span><\/td>\n<td style=\"text-align: center;\" width=\"76\"><span style=\"font-family: times new roman, times, serif; font-size: 10pt;\"><strong>+<\/strong><\/span><\/td>\n<td style=\"text-align: center;\" width=\"76\"><span style=\"font-family: times new roman, times, serif; font-size: 10pt;\"><strong>bg.<\/strong><\/span><\/td>\n<td style=\"text-align: center;\" width=\"47\"><span style=\"font-family: times new roman, times, serif; font-size: 10pt;\"><strong>Alter<\/strong><\/span><\/td>\n<td style=\"text-align: center;\" width=\"37\"><span style=\"font-family: times new roman, times, serif; font-size: 10pt;\"><strong>Stand<\/strong><\/span><\/td>\n<\/tr>\n<tr>\n<td style=\"text-align: center;\" width=\"25\"><span style=\"font-family: times new roman, times, serif; font-size: 10pt;\">1<\/span><\/td>\n<td width=\"146\"><span style=\"font-family: times new roman, times, serif; font-size: 10pt;\">Anna Margaretha<\/span><\/td>\n<td style=\"text-align: center;\" width=\"60\"><\/td>\n<td style=\"text-align: center;\" width=\"76\"><\/td>\n<td style=\"text-align: center;\" width=\"60\"><\/td>\n<td style=\"text-align: center;\" width=\"76\"><span style=\"font-family: times new roman, times, serif; font-size: 10pt;\">11.05.1618<\/span><\/td>\n<td style=\"text-align: center;\" width=\"76\"><span style=\"font-family: times new roman, times, serif; font-size: 10pt;\">12.05.1618<\/span><\/td>\n<td style=\"text-align: center;\" width=\"47\"><\/td>\n<td style=\"text-align: center;\" width=\"37\"><\/td>\n<\/tr>\n<tr>\n<td style=\"text-align: center;\"><span style=\"font-family: times new roman, times, serif; font-size: 10pt;\">2<\/span><\/td>\n<td><span style=\"font-family: times new roman, times, serif; font-size: 10pt;\">Eulalia<\/span><\/td>\n<td style=\"text-align: center;\"><\/td>\n<td style=\"text-align: center;\"><span style=\"font-family: times new roman, times, serif; font-size: 10pt;\">01.04.1616<\/span><\/td>\n<td style=\"text-align: center;\"><\/td>\n<td style=\"text-align: center;\"><\/td>\n<td style=\"text-align: center;\"><\/td>\n<td style=\"text-align: center;\"><\/td>\n<td style=\"text-align: center;\"><\/td>\n<\/tr>\n<tr>\n<td style=\"text-align: center;\"><span style=\"font-family: times new roman, times, serif; font-size: 10pt;\">3<\/span><\/td>\n<td><span style=\"font-family: times new roman, times, serif; font-size: 10pt;\">Johannes<\/span><\/td>\n<td style=\"text-align: center;\"><\/td>\n<td style=\"text-align: center;\"><span style=\"font-family: times new roman, times, serif; font-size: 10pt;\">29.11.1618<\/span><\/td>\n<td style=\"text-align: center;\"><\/td>\n<td style=\"text-align: center;\"><\/td>\n<td style=\"text-align: center;\"><\/td>\n<td style=\"text-align: center;\"><\/td>\n<td style=\"text-align: center;\"><\/td>\n<\/tr>\n<tr>\n<td style=\"text-align: center;\"><span style=\"font-family: times new roman, times, serif; font-size: 10pt;\">4<\/span><\/td>\n<td><span style=\"font-family: times new roman, times, serif; font-size: 10pt;\">Apollonia<\/span><\/td>\n<td style=\"text-align: center;\"><\/td>\n<td style=\"text-align: center;\"><span style=\"font-family: times new roman, times, serif; font-size: 10pt;\">05.05.1622<\/span><\/td>\n<td style=\"text-align: center;\"><\/td>\n<td style=\"text-align: center;\"><\/td>\n<td style=\"text-align: center;\"><\/td>\n<td style=\"text-align: center;\"><\/td>\n<td style=\"text-align: center;\"><\/td>\n<\/tr>\n<tr>\n<td style=\"text-align: center;\"><span style=\"font-family: times new roman, times, serif; font-size: 10pt;\">5<\/span><\/td>\n<td><span style=\"font-family: times new roman, times, serif; font-size: 10pt;\">J\u00f6rg<\/span><\/td>\n<td style=\"text-align: center;\"><\/td>\n<td style=\"text-align: center;\"><span style=\"font-family: times new roman, times, serif; font-size: 10pt;\">17.10.1624<\/span><\/td>\n<td style=\"text-align: center;\"><\/td>\n<td style=\"text-align: center;\"><\/td>\n<td style=\"text-align: center;\"><\/td>\n<td style=\"text-align: center;\"><\/td>\n<td style=\"text-align: center;\"><\/td>\n<\/tr>\n<tr>\n<td style=\"text-align: center;\"><span style=\"font-family: times new roman, times, serif; font-size: 10pt;\">6<\/span><\/td>\n<td><span style=\"font-family: times new roman, times, serif; font-size: 10pt;\">Anna Katharina<\/span><\/td>\n<td style=\"text-align: center;\"><\/td>\n<td style=\"text-align: center;\"><span style=\"font-family: times new roman, times, serif; font-size: 10pt;\">29.08.1630<\/span><\/td>\n<td style=\"text-align: center;\"><\/td>\n<td style=\"text-align: center;\"><\/td>\n<td style=\"text-align: center;\"><span style=\"font-family: times new roman, times, serif; font-size: 10pt;\">20.01.1636<\/span><\/td>\n<td style=\"text-align: center;\"><span style=\"font-family: times new roman, times, serif; font-size: 10pt;\">5,40<\/span><\/td>\n<td style=\"text-align: center;\"><\/td>\n<\/tr>\n<\/tbody>\n<\/table>\n<p style=\"text-align: justify;\"><span style=\"font-family: times new roman, times, serif; font-size: 10pt;\">Kind Nr. 1) + an Pocken<br \/>\n<\/span><span style=\"font-family: times new roman, times, serif; font-size: 10pt;\">Kind Nr. 6) + Braubach<\/span><\/p>\n<p style=\"text-align: justify;\"><span style=\"font-family: times new roman, times, serif; font-size: 10pt;\"><strong>Paten: zu 2)<\/strong> <em>Born Johanne\u00df; D\u00f6nges Schumachers Hau\u00dffraw; vnd Johann Elwerts, dermaligen Hofmans vfm Wintersberge, Tochter <\/em>\u2014 <strong>zu 3)<\/strong> <em>Max Meuschet zue Frucht; Cuntzen Johann von Dau\u00dfenaw; vnd ein ledige Weibsperson deren Vatter <\/em>\u2014 <strong>zu 4)<\/strong> <em>D\u00f6nge\u00df Schumachers Sohn Arnold; Johanne\u00df Holtzheu\u00dfers Tochter Apollonia; vnd Veltne\u00df Jacobs Fraw Margreth; alle zue Frucht <\/em>\u2014 <strong>zu 5)<\/strong> <em>Thiel Zimmerman; J\u00f6rg Firnhen, dermaliger Scheffer zue Frucht; vnd D\u00f6nges Benders Hau\u00dffr[au] <\/em>\u2014 <strong>zu 6)<\/strong> <em>Thomas Gen\u00dfman <\/em>[?]<em>; des Pfarrers Weib Anna Margreth; vnd Thieln Zimmermanns Weib Threin<\/em><\/span><\/p>\n<p style=\"text-align: justify;\"><span style=\"font-family: times new roman, times, serif; font-size: 10pt;\"><em>\u00a0<\/em><\/span><span style=\"font-family: times new roman, times, serif; font-size: 10pt;\"><strong>Weitere Belege:<\/strong> Fr\u00fccht, KB 1, Obligationen<\/span><\/p>\n<p style=\"text-align: justify;\"><span style=\"font-family: times new roman, times, serif; font-size: 10pt;\">[pag. 57] Weigand (<em>Weinet<\/em>) Ochs schuldet der Kirche 50 fl. zu 2 fl. 14 \u00bd alb. Zinsen j\u00e4hrlich (vorher siehe unter Johannes Elbert). Sicherheiten: 1) ein St\u00fcck Land in der Neuh\u00f6ll, h\u00e4lt 4 \u00bd Achtel Saat, oben grenzt Junker Ludwig vom Stein, unten zu D\u00f6nges Schumacher; 2) 3 Sester Saat zum H\u00fcttental, oben grenzt Johannes Holzh\u00e4user, unten die Junkern vom Stein; 3) 3 Sester Saat auf dem M\u00fchlpfad, oben grenzt Johannes Bender, unten D\u00f6nges Kratz; 4) ein Weingarten beim Born, oben grenzt Matthes Schneider, \u2026 Diepold W\u00fcst. Die Sicherheiten wurden durch Schulthei\u00df und Sch\u00f6ffen zu Fr\u00fccht in Beisein beider Kirchenmeister als ausreichend angesehen. Von diesen 50 fl. \u00fcbernimmt Jakob Mangold 17 fl. zu 21 alb. 2 d. Zinsen j\u00e4hrlich wegen seiner Hofreite.<\/span><\/p>\n<hr \/>\n<p style=\"text-align: justify;\"><span style=\"font-family: times new roman, times, serif; font-size: 10pt; color: #ff0000;\"><strong><u><a id=\"oppenhaeuser\"><\/a>Oppenh\u00e4user<\/u>, Peter<\/strong><\/span><\/p>\n<p style=\"text-align: justify;\"><span style=\"font-family: times new roman, times, serif; font-size: 10pt;\"><strong>oo<\/strong> mit <strong>N. N.<\/strong><\/span><\/p>\n<table>\n<tbody>\n<tr>\n<td style=\"text-align: center;\" width=\"26\"><span style=\"font-family: times new roman, times, serif; font-size: 10pt;\"><strong>Nr.<\/strong><\/span><\/td>\n<td width=\"151\"><span style=\"font-family: times new roman, times, serif; font-size: 10pt;\"><strong>Vorname (normiert)<\/strong><\/span><\/td>\n<td style=\"text-align: center;\" width=\"66\"><span style=\"font-family: times new roman, times, serif; font-size: 10pt;\"><strong>*<\/strong><\/span><\/td>\n<td style=\"text-align: center;\" width=\"79\"><span style=\"font-family: times new roman, times, serif; font-size: 10pt;\"><strong>gt.<\/strong><\/span><\/td>\n<td style=\"text-align: center;\" width=\"66\"><span style=\"font-family: times new roman, times, serif; font-size: 10pt;\"><strong>konf.<\/strong><\/span><\/td>\n<td style=\"text-align: center;\" width=\"66\"><span style=\"font-family: times new roman, times, serif; font-size: 10pt;\"><strong>+<\/strong><\/span><\/td>\n<td style=\"text-align: center;\" width=\"66\"><span style=\"font-family: times new roman, times, serif; font-size: 10pt;\"><strong>bg.<\/strong><\/span><\/td>\n<td style=\"text-align: center;\" width=\"45\"><span style=\"font-family: times new roman, times, serif; font-size: 10pt;\"><strong>Alter<\/strong><\/span><\/td>\n<td style=\"text-align: center;\" width=\"41\"><span style=\"font-family: times new roman, times, serif; font-size: 10pt;\"><strong>Stand<\/strong><\/span><\/td>\n<\/tr>\n<tr>\n<td style=\"text-align: center;\" width=\"26\"><span style=\"font-family: times new roman, times, serif; font-size: 10pt;\">1<\/span><\/td>\n<td width=\"151\"><span style=\"font-family: times new roman, times, serif; font-size: 10pt;\">Johann Michel<\/span><\/td>\n<td style=\"text-align: center;\" width=\"66\"><\/td>\n<td style=\"text-align: center;\" width=\"79\"><span style=\"font-family: times new roman, times, serif; font-size: 10pt;\">18.01.1654<\/span><\/td>\n<td style=\"text-align: center;\" width=\"66\"><\/td>\n<td style=\"text-align: center;\" width=\"66\"><\/td>\n<td style=\"text-align: center;\" width=\"66\"><\/td>\n<td style=\"text-align: center;\" width=\"45\"><\/td>\n<td style=\"text-align: center;\" width=\"41\"><\/td>\n<\/tr>\n<\/tbody>\n<\/table>\n<p style=\"text-align: justify;\"><span style=\"font-family: times new roman, times, serif; font-size: 10pt;\"><strong>Paten: <\/strong><em>Henrich Cla\u00df; Friederich Ansel; vndt Anna Catharina, Han\u00df Adams Wilhelmi Tochter<\/em><\/span><\/p>\n<hr \/>\n<p style=\"text-align: justify;\"><span style=\"font-family: times new roman, times, serif; font-size: 10pt;\"><span style=\"color: #ff0000;\"><strong><u>Oppenh\u00e4user<\/u><\/strong><strong>, Marx:<\/strong> <\/span>Sohn des Peter Oppenh\u00e4user; Pate 23.03.1655 bei Johann Anton Sch\u00fctz<\/span><\/p>\n<hr \/>\n<p style=\"text-align: justify;\"><u><a id=\"ottersbach\"><\/a><\/u><span style=\"font-family: times new roman, times, serif; font-size: 10pt;\">Ein Johann David Ottersbach oo 19.01.1706 Nassau (Nassau KB 1, Bild 204 auf archion.de) mit Maria Magdalena Buderus in Scheuern (VG Bad Ems-Nassau, Rhein-Lahn-Kreis). Haben Kinder: 1) Maria Elisabeth gt. 13.03.1707 Nassau (* Scheuern), Paten: <em>Anthon Otter\u00dfbach; Maria Elisab: Kirchnerin; Anna Magdalena Kochin <\/em>(Nassau KB 1, Nr. 6\/1707, Bild 88 auf archion.de) <em>\u2014 <\/em>2) Elisabeth Margaretha gt. 14.04.1709 Nassau (* Scheuern), Paten: <em>Joh: Paul Minor; Anna Elisab: \u2026uderin; Anna Elisab: Schabin <\/em>(Nassau KB 1, Nr. 12\/1709, Bild 98 auf archion.de) <em>\u2014 <\/em>3) Anna Maria * 02.09.1711 Scheuern (gt. 06.11.1711 Nassau), Paten: <em>Johann Georg Boodt; Gesa, des Schneider\u00df Clariu\u00dfen Fraw; Anna Maria Poffin <\/em>(Nassau KB 1, Nr. 20\/1711, Bild 106 auf archion.de) <em>\u2014 <\/em>4) Elisabeth Klara * 13.03.1716 Scheuern (gt. 16.03.1716 Nassau), Paten: <em>Joh. Emrich &#8230; zu Scheuren; Elisabetha Clara, des Joh. Philipp Kleinschmidts vom Berg eh[liche] Frau; u. Elisabetha Catharina, des Joh. Erbe\u00df Rau\u00dfen eh[liche] Hau\u00dffrau zu Scheuren <\/em>(Nassau KB 1, Nr. 7\/1714, Bild 117 auf archion.de) <em>\u2014 <\/em>5) N. N. (S\u00f6hnlein) * 24.01.1716 Scheuern (gt. 26.01.1716 Nassau), Paten: <em>Philip\u00df Wilhelm Paff; Phil. Jacob Minor; Elisab. Clara Minorin <\/em>(Nassau KB 1, Nr. 5\/1716, Bild 124 auf archion.de)<\/span><\/p>\n<p style=\"text-align: justify;\"><span style=\"font-family: times new roman, times, serif; font-size: 10pt;\">Ein Peter Ottersbach, Viehhirte in Schweighausen und Dachsenhausen, oo mit Amalia. (s. OFB Schweighausen)<\/span><\/p>\n<p><span style=\"font-family: times new roman, times, serif; font-size: 10pt;\"><span style=\"color: #ff0000;\"><strong><u>Ottersbach<\/u><\/strong><strong>, Johann Jakob:<\/strong> <\/span>+ vor 10.02.1749<\/span><\/p>\n<p><span style=\"font-family: times new roman, times, serif; font-size: 10pt;\"><strong>oo 26.01.1697 Fr\u00fccht<\/strong> mit <strong><u>uff der Kratz,<\/u><\/strong> <strong>Anna Sophia:<\/strong> gt. 19.08.1675 Fr\u00fccht; + 10.02.1749 Fr\u00fccht, Witwe; Eltern: Hans D\u00f6nges uff der Kratz und Anna Apollonia geb. Rincker<\/span><\/p>\n<table>\n<tbody>\n<tr>\n<td style=\"text-align: center;\" width=\"30\"><span style=\"font-family: times new roman, times, serif; font-size: 10pt;\"><strong>Nr.<\/strong><\/span><\/td>\n<td width=\"147\"><span style=\"font-family: times new roman, times, serif; font-size: 10pt;\"><strong>Vorname (normiert)<\/strong><\/span><\/td>\n<td style=\"text-align: center;\" width=\"62\"><span style=\"font-family: times new roman, times, serif; font-size: 10pt;\"><strong>*<\/strong><\/span><\/td>\n<td style=\"text-align: center;\" width=\"67\"><span style=\"font-family: times new roman, times, serif; font-size: 10pt;\"><strong>gt.<\/strong><\/span><\/td>\n<td style=\"text-align: center;\" width=\"72\"><span style=\"font-family: times new roman, times, serif; font-size: 10pt;\"><strong>konf.<\/strong><\/span><\/td>\n<td style=\"text-align: center;\" width=\"63\"><span style=\"font-family: times new roman, times, serif; font-size: 10pt;\"><strong>+<\/strong><\/span><\/td>\n<td style=\"text-align: center;\" width=\"64\"><span style=\"font-family: times new roman, times, serif; font-size: 10pt;\"><strong>bg.<\/strong><\/span><\/td>\n<td style=\"text-align: center;\" width=\"40\"><span style=\"font-family: times new roman, times, serif; font-size: 10pt;\"><strong>Alter<\/strong><\/span><\/td>\n<td style=\"text-align: center;\" width=\"42\"><span style=\"font-family: times new roman, times, serif; font-size: 10pt;\"><strong>Stand<\/strong><\/span><\/td>\n<\/tr>\n<tr>\n<td style=\"text-align: center;\" width=\"30\"><span style=\"font-family: times new roman, times, serif; font-size: 10pt;\">1<\/span><\/td>\n<td width=\"147\"><span style=\"font-family: times new roman, times, serif; font-size: 10pt;\">Johann Kaspar<\/span><\/td>\n<td style=\"text-align: center;\" width=\"62\"><\/td>\n<td style=\"text-align: center;\" width=\"67\"><span style=\"font-family: times new roman, times, serif; font-size: 10pt;\">30.11.1697<\/span><\/td>\n<td style=\"text-align: center;\" width=\"72\"><\/td>\n<td style=\"text-align: center;\" width=\"63\"><\/td>\n<td style=\"text-align: center;\" width=\"64\"><\/td>\n<td style=\"text-align: center;\" width=\"40\"><\/td>\n<td style=\"text-align: center;\" width=\"42\"><\/td>\n<\/tr>\n<tr>\n<td style=\"text-align: center;\"><span style=\"font-family: times new roman, times, serif; font-size: 10pt;\">2<\/span><\/td>\n<td><span style=\"font-family: times new roman, times, serif; font-size: 10pt;\">Elisabeth Katharina<\/span><\/td>\n<td style=\"text-align: center;\"><\/td>\n<td style=\"text-align: center;\"><span style=\"font-family: times new roman, times, serif; font-size: 10pt;\">12.11.1700<\/span><\/td>\n<td style=\"text-align: center;\"><span style=\"font-family: times new roman, times, serif; font-size: 10pt;\">16.04.1713<\/span><\/td>\n<td style=\"text-align: center;\"><\/td>\n<td style=\"text-align: center;\"><span style=\"font-family: times new roman, times, serif; font-size: 10pt;\">20.06.1731<\/span><\/td>\n<td style=\"text-align: center;\"><\/td>\n<td style=\"text-align: center;\"><span style=\"font-family: times new roman, times, serif; font-size: 10pt;\">ledig<\/span><\/td>\n<\/tr>\n<tr>\n<td style=\"text-align: center;\"><span style=\"font-family: times new roman, times, serif; font-size: 10pt;\">3<\/span><\/td>\n<td><span style=\"font-family: times new roman, times, serif; font-size: 10pt;\">Johann Anton<\/span><\/td>\n<td style=\"text-align: center;\"><\/td>\n<td style=\"text-align: center;\"><span style=\"font-family: times new roman, times, serif; font-size: 10pt;\">04.01.1705<\/span><\/td>\n<td style=\"text-align: center;\"><\/td>\n<td style=\"text-align: center;\"><\/td>\n<td style=\"text-align: center;\"><\/td>\n<td style=\"text-align: center;\"><\/td>\n<td style=\"text-align: center;\"><\/td>\n<\/tr>\n<tr>\n<td style=\"text-align: center;\"><span style=\"font-family: times new roman, times, serif; font-size: 10pt;\">4<\/span><\/td>\n<td><span style=\"font-family: times new roman, times, serif; font-size: 10pt;\">Maria Katharina<\/span><\/td>\n<td style=\"text-align: center;\"><span style=\"font-family: times new roman, times, serif; font-size: 10pt;\">14.04.1712<\/span><\/td>\n<td style=\"text-align: center;\"><span style=\"font-family: times new roman, times, serif; font-size: 10pt;\">17.04.1712<\/span><\/td>\n<td style=\"text-align: center;\"><span style=\"font-family: times new roman, times, serif; font-size: 10pt;\">28.04.1726<\/span><\/td>\n<td style=\"text-align: center;\"><\/td>\n<td style=\"text-align: center;\"><span style=\"font-family: times new roman, times, serif; font-size: 10pt;\">05.04.1789<\/span><\/td>\n<td style=\"text-align: center;\"><span style=\"font-family: times new roman, times, serif; font-size: 10pt;\">77,03<\/span><\/td>\n<td style=\"text-align: center;\"><span style=\"font-family: times new roman, times, serif; font-size: 10pt;\">verh.<\/span><\/td>\n<\/tr>\n<tr>\n<td style=\"text-align: center;\"><span style=\"font-family: times new roman, times, serif; font-size: 10pt;\">5<\/span><\/td>\n<td><span style=\"font-family: times new roman, times, serif; font-size: 10pt;\">Georg Konrad<\/span><\/td>\n<td style=\"text-align: center;\"><span style=\"font-family: times new roman, times, serif; font-size: 10pt;\">01.12.1715<\/span><\/td>\n<td style=\"text-align: center;\"><span style=\"font-family: times new roman, times, serif; font-size: 10pt;\">06.12.1715<\/span><\/td>\n<td style=\"text-align: center;\"><span style=\"font-family: times new roman, times, serif; font-size: 10pt;\">26.03.1728<\/span><\/td>\n<td style=\"text-align: center;\"><\/td>\n<td style=\"text-align: center;\"><\/td>\n<td style=\"text-align: center;\"><\/td>\n<td style=\"text-align: center;\"><\/td>\n<\/tr>\n<\/tbody>\n<\/table>\n<p style=\"text-align: justify;\"><span style=\"font-family: times new roman, times, serif; font-size: 10pt;\"><strong>Paten: zu 1)<\/strong><em> Caspar Otter\u00dfbach; wie dann Johann Valentin Mangold; sodann Gertraut, Anthoni auff der Kratz hinterla\u00dfene eheleibliche Tochter <\/em>\u2014 <strong>zu 2) <\/strong><em>Johann David Ottersbach; item Anna Catharina Mangoldin; item Elisabetha Catharina, Johan Dinges vff der Cratzen hinterla\u00dfene Tochter <\/em>\u2014 <strong>zu 3)<\/strong> <em>Johann Anthoni Ottersbach, sein Br&lt;uder&gt;; item Johann Michael M\u00fcller; item Matthe&lt;s&gt; Wahl Tochter Anna Appollonia<\/em><strong> \u2014 zu 4)<\/strong> <em>Anna Maria, Philips &lt;&#8230;&gt; Mangolds 3te Tochter; &lt;und&gt; Elisabetha Catharina, &lt;&#8230;&gt; Zimmermans 4te Tochter; und Han\u00df Georg Knebel <\/em>\u2014 <strong>zu 5)<\/strong><em> Johann Conrad Weyer von Dau\u00dfenau, dermahliger Sch\u00e4ffer allhier; Johann &lt;&#8230;&gt; Wahl von Becheln; Maria Elisab&lt;etha&gt; Odersbachin von Dau\u00dfenau<\/em><\/span><\/p>\n<hr \/>\n<p style=\"text-align: justify;\"><span style=\"font-family: times new roman, times, serif; font-size: 10pt;\"><span style=\"color: #ff0000;\"><strong><u><a id=\"otto\"><\/a>Otto<\/u><\/strong><strong>, Hans:<\/strong> <\/span>Bergmann aus Sachsen; + 14.01.1685 Fr\u00fccht (bg. 15.01.), <em>Han\u00df Otto, ein Bergmann von Albersaum<\/em> [?] <em>in Sach\u00dfen, welcher allhier in dem churf\u00fcrst[lichen] Berwerck mitgearbeitet undt ein recht frommer Christ gewe\u00dfen, ist den 14ten Januarij morgens zwischen 10 undt 11 Uhren an der Berg&#8230; gestorben undt den 15 dito christ[lich] zur Erden bestattet worden.<\/em><\/span><\/p>\n<hr \/>\n<p><span style=\"font-size: 10pt; font-family: times new roman, times, serif;\"><b>Letztes Update: 11. August 2023<\/b><\/span><br \/>\n<span style=\"font-size: 10pt; font-family: times new roman, times, serif;\"><b>Ralph Jackmuth<\/b><\/span><\/p>\n","protected":false},"excerpt":{"rendered":"<p>Ochs, Weigand (Weinet): pachtet mit Hieronymus Jakob, Cla\u00dfen Johannes und Johannes Ansel einen Hof in Fr\u00fccht von Friedrich vom Stein, vormals den Hutzing von Lahnstein (Frese\/Schaback: Fr\u00fccht; S. 10) oo mit Elbert, Johannetta: Tochter des Johannes Elbert (lt. Obl. KB 1, pag. 31) Nr. Vorname (normiert) * gt. konf. + bg. Alter Stand 1 Anna &hellip; <a href=\"https:\/\/www.ahnenforschung-jackmuth.de\/?page_id=4786\" class=\"more-link\"><span class=\"screen-reader-text\">\u201eOFB Fr\u00fccht 1615-1817 &#8211; Diverse O\u201c<\/span> weiterlesen<\/a><\/p>\n","protected":false},"author":1,"featured_media":0,"parent":0,"menu_order":0,"comment_status":"closed","ping_status":"closed","template":"","meta":{"footnotes":""},"class_list":["post-4786","page","type-page","status-publish","hentry"],"_links":{"self":[{"href":"https:\/\/www.ahnenforschung-jackmuth.de\/index.php?rest_route=\/wp\/v2\/pages\/4786","targetHints":{"allow":["GET"]}}],"collection":[{"href":"https:\/\/www.ahnenforschung-jackmuth.de\/index.php?rest_route=\/wp\/v2\/pages"}],"about":[{"href":"https:\/\/www.ahnenforschung-jackmuth.de\/index.php?rest_route=\/wp\/v2\/types\/page"}],"author":[{"embeddable":true,"href":"https:\/\/www.ahnenforschung-jackmuth.de\/index.php?rest_route=\/wp\/v2\/users\/1"}],"replies":[{"embeddable":true,"href":"https:\/\/www.ahnenforschung-jackmuth.de\/index.php?rest_route=%2Fwp%2Fv2%2Fcomments&post=4786"}],"version-history":[{"count":0,"href":"https:\/\/www.ahnenforschung-jackmuth.de\/index.php?rest_route=\/wp\/v2\/pages\/4786\/revisions"}],"wp:attachment":[{"href":"https:\/\/www.ahnenforschung-jackmuth.de\/index.php?rest_route=%2Fwp%2Fv2%2Fmedia&parent=4786"}],"curies":[{"name":"wp","href":"https:\/\/api.w.org\/{rel}","templated":true}]}}