{"id":4761,"date":"2020-08-21T15:57:32","date_gmt":"2020-08-21T15:57:32","guid":{"rendered":"http:\/\/www.ahnenforschung-jackmuth.de\/?page_id=4761"},"modified":"2021-09-15T11:47:55","modified_gmt":"2021-09-15T11:47:55","slug":"ofb-fruecht-1707-1817-massenkeil","status":"publish","type":"page","link":"https:\/\/www.ahnenforschung-jackmuth.de\/?page_id=4761","title":{"rendered":"OFB Fr\u00fccht 1707-1817 &#8211; Massenkeil"},"content":{"rendered":"<p><span style=\"font-family: times new roman, times, serif; font-size: 10pt;\">Zun\u00e4chst 1777 in Koblenz-Arenberg, 1779-1782 in H\u00f6mberg bei Nassau, 1784-1793 in Fr\u00fccht, dann in der Pfarrei Nievern nachgewiesene Familie.<\/span><\/p>\n<hr \/>\n<p><span style=\"font-family: times new roman, times, serif; font-size: 10pt;\"><span style=\"color: #ff0000;\"><strong><u>Massenkeil<\/u><\/strong><strong>, Johann Jakob:<\/strong><\/span> Sohn des Henrich Christian <em>Ma\u00dfengeil<\/em>, Bergmann; konf. 20.03.1788 Fr\u00fccht<\/span><\/p>\n<hr \/>\n<p style=\"text-align: justify;\"><span style=\"font-family: times new roman, times, serif; font-size: 10pt;\"><span style=\"color: #ff0000;\"><strong><u>Massenkeil<\/u><\/strong><strong>, Johann Heinrich:<\/strong> <\/span>ev.-luth.; aus Holzappel; 1777 in Koblernz-Arenberg (s. OFB Arenberg-Immendorf, S. 94), dann gr\u00e4flich <em>honsbr\u00f6ckischer<\/em> (= Hoensbroech) Bergmann in H\u00f6mberg (1779, 1782), dann kurf\u00fcstlich mainzischer Bergmann in der Lindenbach (Bad Ems), sich in Fr\u00fccht aufhaltend; hat einen Bruder Anton <em>Massengeil<\/em>, Bergmann in Obernhof; + 29.01.1797 Pfarrei Nievern, 70 Jahre alt<\/span><\/p>\n<p style=\"text-align: justify;\"><span style=\"font-family: times new roman, times, serif; font-size: 10pt;\"><strong>\u00a0<\/strong><\/span><span style=\"font-family: times new roman, times, serif; font-size: 10pt;\"><strong>oo I. <\/strong>mit<strong> <u>Maus<\/u>, Maria Margaretha:<\/strong> kath.; Tochter des Kaspar Maus zu Dahlheim (VG Loreley, Rhein-Lahn-Kreis); in Koblenz-Arenberg als \u201eMargaretha Reckarth\u201c (s. OFB Arenberg-Immendorf, S. 94)<\/span><\/p>\n<table>\n<tbody>\n<tr>\n<td style=\"text-align: center;\" width=\"30\"><span style=\"font-family: times new roman, times, serif; font-size: 10pt;\"><strong>Nr.<\/strong><\/span><\/td>\n<td width=\"147\"><span style=\"font-family: times new roman, times, serif; font-size: 10pt;\"><strong>Vorname (normiert)<\/strong><\/span><\/td>\n<td style=\"text-align: center;\" width=\"62\"><span style=\"font-family: times new roman, times, serif; font-size: 10pt;\"><strong>*<\/strong><\/span><\/td>\n<td style=\"text-align: center;\" width=\"67\"><span style=\"font-family: times new roman, times, serif; font-size: 10pt;\"><strong>gt.<\/strong><\/span><\/td>\n<td style=\"text-align: center;\" width=\"72\"><span style=\"font-family: times new roman, times, serif; font-size: 10pt;\"><strong>konf.<\/strong><\/span><\/td>\n<td style=\"text-align: center;\" width=\"63\"><span style=\"font-family: times new roman, times, serif; font-size: 10pt;\"><strong>+<\/strong><\/span><\/td>\n<td style=\"text-align: center;\" width=\"64\"><span style=\"font-family: times new roman, times, serif; font-size: 10pt;\"><strong>bg.<\/strong><\/span><\/td>\n<td style=\"text-align: center;\" width=\"40\"><span style=\"font-family: times new roman, times, serif; font-size: 10pt;\"><strong>Alter<\/strong><\/span><\/td>\n<td style=\"text-align: center;\" width=\"42\"><span style=\"font-family: times new roman, times, serif; font-size: 10pt;\"><strong>Stand<\/strong><\/span><\/td>\n<\/tr>\n<tr>\n<td style=\"text-align: center;\" width=\"30\"><span style=\"font-family: times new roman, times, serif; font-size: 10pt;\">1<\/span><\/td>\n<td width=\"147\"><span style=\"font-family: times new roman, times, serif; font-size: 10pt;\">Johann Jakob<\/span><\/td>\n<td style=\"text-align: center;\" width=\"62\"><span style=\"font-family: times new roman, times, serif; font-size: 10pt;\">22.06.1777<\/span><\/td>\n<td style=\"text-align: center;\" width=\"67\"><\/td>\n<td style=\"text-align: center;\" width=\"72\"><\/td>\n<td style=\"text-align: center;\" width=\"63\"><span style=\"font-family: times new roman, times, serif; font-size: 10pt;\">07.02.1842<\/span><\/td>\n<td style=\"text-align: center;\" width=\"64\"><\/td>\n<td style=\"text-align: center;\" width=\"40\"><span style=\"font-family: times new roman, times, serif; font-size: 10pt;\">64,67<\/span><\/td>\n<td style=\"text-align: center;\" width=\"42\"><span style=\"font-family: times new roman, times, serif; font-size: 10pt;\">verh.<\/span><\/td>\n<\/tr>\n<tr>\n<td style=\"text-align: center;\" width=\"30\"><span style=\"font-family: times new roman, times, serif; font-size: 10pt;\">2<\/span><\/td>\n<td width=\"147\"><span style=\"font-family: times new roman, times, serif; font-size: 10pt;\">N. N.<\/span><\/td>\n<td style=\"text-align: center;\" width=\"62\"><\/td>\n<td style=\"text-align: center;\" width=\"67\"><\/td>\n<td style=\"text-align: center;\" width=\"72\"><\/td>\n<td style=\"text-align: center;\" width=\"63\"><\/td>\n<td style=\"text-align: center;\" width=\"64\"><\/td>\n<td style=\"text-align: center;\" width=\"40\"><\/td>\n<td style=\"text-align: center;\" width=\"42\"><\/td>\n<\/tr>\n<tr>\n<td style=\"text-align: center;\" width=\"30\"><span style=\"font-family: times new roman, times, serif; font-size: 10pt;\">3<\/span><\/td>\n<td width=\"147\"><span style=\"font-family: times new roman, times, serif; font-size: 10pt;\">Anton Ludwig<\/span><\/td>\n<td style=\"text-align: center;\" width=\"62\"><span style=\"font-family: times new roman, times, serif; font-size: 10pt;\">08.11.1779<\/span><\/td>\n<td style=\"text-align: center;\" width=\"67\"><span style=\"font-family: times new roman, times, serif; font-size: 10pt;\">10.11.1779<\/span><\/td>\n<td style=\"text-align: center;\" width=\"72\"><\/td>\n<td style=\"text-align: center;\" width=\"63\"><\/td>\n<td style=\"text-align: center;\" width=\"64\"><\/td>\n<td style=\"text-align: center;\" width=\"40\"><\/td>\n<td style=\"text-align: center;\" width=\"42\"><\/td>\n<\/tr>\n<tr>\n<td style=\"text-align: center;\"><span style=\"font-family: times new roman, times, serif; font-size: 10pt;\">4<\/span><\/td>\n<td><span style=\"font-family: times new roman, times, serif; font-size: 10pt;\">Johann Andreas<\/span><\/td>\n<td style=\"text-align: center;\"><span style=\"font-family: times new roman, times, serif; font-size: 10pt;\">26.02.1782<\/span><\/td>\n<td style=\"text-align: center;\"><span style=\"font-family: times new roman, times, serif; font-size: 10pt;\">27.02.1782<\/span><\/td>\n<td style=\"text-align: center;\"><span style=\"font-family: times new roman, times, serif; font-size: 10pt;\">28.03.1793<\/span><\/td>\n<td style=\"text-align: center;\"><span style=\"font-family: times new roman, times, serif; font-size: 10pt;\">06.02.1839<\/span><\/td>\n<td style=\"text-align: center;\"><span style=\"font-family: times new roman, times, serif; font-size: 10pt;\">09.02.1839<\/span><\/td>\n<td style=\"text-align: center;\"><span style=\"font-family: times new roman, times, serif; font-size: 10pt;\">56,98<\/span><\/td>\n<td style=\"text-align: center;\"><span style=\"font-family: times new roman, times, serif; font-size: 10pt;\">verh.<\/span><\/td>\n<\/tr>\n<tr>\n<td style=\"text-align: center;\"><span style=\"font-family: times new roman, times, serif; font-size: 10pt;\">5<\/span><\/td>\n<td><span style=\"font-family: times new roman, times, serif; font-size: 10pt;\">Johann Heinrich<\/span><\/td>\n<td style=\"text-align: center;\"><span style=\"font-family: times new roman, times, serif; font-size: 10pt;\">18.10.1784<\/span><\/td>\n<td style=\"text-align: center;\"><span style=\"font-family: times new roman, times, serif; font-size: 10pt;\">20.10.1784<\/span><\/td>\n<td style=\"text-align: center;\"><\/td>\n<td style=\"text-align: center;\"><\/td>\n<td style=\"text-align: center;\"><\/td>\n<td style=\"text-align: center;\"><\/td>\n<td style=\"text-align: center;\"><\/td>\n<\/tr>\n<tr>\n<td style=\"text-align: center;\"><span style=\"font-family: times new roman, times, serif; font-size: 10pt;\">6<\/span><\/td>\n<td><span style=\"font-family: times new roman, times, serif; font-size: 10pt;\">Anna Christina<\/span><\/td>\n<td style=\"text-align: center;\"><span style=\"font-family: times new roman, times, serif; font-size: 10pt;\">22.06.1787<\/span><\/td>\n<td style=\"text-align: center;\"><span style=\"font-family: times new roman, times, serif; font-size: 10pt;\">24.06.1787<\/span><\/td>\n<td style=\"text-align: center;\"><\/td>\n<td style=\"text-align: center;\"><span style=\"font-family: times new roman, times, serif; font-size: 10pt;\">05.06.1850<\/span><\/td>\n<td style=\"text-align: center;\"><\/td>\n<td style=\"text-align: center;\"><span style=\"font-family: times new roman, times, serif; font-size: 10pt;\">62,99<\/span><\/td>\n<td style=\"text-align: center;\"><span style=\"font-family: times new roman, times, serif; font-size: 10pt;\">verh.<\/span><\/td>\n<\/tr>\n<tr>\n<td style=\"text-align: center;\"><span style=\"font-family: times new roman, times, serif; font-size: 10pt;\">7<\/span><\/td>\n<td><span style=\"font-family: times new roman, times, serif; font-size: 10pt;\">Karl Traugott<\/span><\/td>\n<td style=\"text-align: center;\"><span style=\"font-family: times new roman, times, serif; font-size: 10pt;\">07.07.1790<\/span><\/td>\n<td style=\"text-align: center;\"><span style=\"font-family: times new roman, times, serif; font-size: 10pt;\">11.07.1790<\/span><\/td>\n<td style=\"text-align: center;\"><\/td>\n<td style=\"text-align: center;\"><span style=\"font-family: times new roman, times, serif; font-size: 10pt;\">05.10.1856<\/span><\/td>\n<td style=\"text-align: center;\"><\/td>\n<td style=\"text-align: center;\"><span style=\"font-family: times new roman, times, serif; font-size: 10pt;\">66,29<\/span><\/td>\n<td style=\"text-align: center;\"><span style=\"font-family: times new roman, times, serif; font-size: 10pt;\">verh.<\/span><\/td>\n<\/tr>\n<tr>\n<td style=\"text-align: center;\"><span style=\"font-family: times new roman, times, serif; font-size: 10pt;\">8<\/span><\/td>\n<td><span style=\"font-family: times new roman, times, serif; font-size: 10pt;\">Johann Peter<\/span><\/td>\n<td style=\"text-align: center;\"><span style=\"font-family: times new roman, times, serif; font-size: 10pt;\">31.01.1793<\/span><\/td>\n<td style=\"text-align: center;\"><span style=\"font-family: times new roman, times, serif; font-size: 10pt;\">02.02.1793<\/span><\/td>\n<td style=\"text-align: center;\"><\/td>\n<td style=\"text-align: center;\"><span style=\"font-family: times new roman, times, serif; font-size: 10pt;\">13.11.1860<\/span><\/td>\n<td style=\"text-align: center;\"><\/td>\n<td style=\"text-align: center;\"><span style=\"font-family: times new roman, times, serif; font-size: 10pt;\">67,83<\/span><\/td>\n<td style=\"text-align: center;\"><span style=\"font-family: times new roman, times, serif; font-size: 10pt;\">verh.<\/span><\/td>\n<\/tr>\n<\/tbody>\n<\/table>\n<p><span style=\"font-family: times new roman, times, serif; font-size: 10pt;\">Zur dieser Familie s. a. OFB Nievern Nr. 1229 und OFB Arenberg-Immendorf, S. 94<\/span><\/p>\n<p style=\"text-align: justify;\"><span style=\"font-family: times new roman, times, serif; font-size: 10pt;\"><strong>Kind Nr. 1)<\/strong> * Koblenz-Arenberg (s. OFB Arenberg-Immendorf, S. 94); + 07.02.1842 Fachbach; oo 07.07.1818 Nievern mit Lucia Auerhahn, Magd in Nievern (+ 26.01.1870 Fachbach, Eltern: Johannes Auerhahn, Schneider in Fachbach, und Anna Maria geb. Scheit aus Koblenz) (s. OFB Nievern Nr. 1231)<\/span><\/p>\n<p style=\"text-align: justify;\"><span style=\"font-family: times new roman, times, serif; font-size: 10pt;\"><strong>Kind Nr. 2)<\/strong> bisher nicht identifiziert<\/span><\/p>\n<p style=\"text-align: justify;\"><span style=\"font-family: times new roman, times, serif; font-size: 10pt;\"><strong>Kind Nr. 3) <\/strong>* H\u00f6mberg (VG Bad Ems-Nassau, Rhein-Lahn-Kreis), ist laut Taufeintrag im KB Nassau das 3. Kind dieser Familie<\/span><\/p>\n<p style=\"text-align: justify;\"><span style=\"font-family: times new roman, times, serif; font-size: 10pt;\"><strong>Kind Nr. 4)<\/strong> Bergmann; * H\u00f6mberg (VG Bad Ems-Nassau, Rhein-Lahn-Kreis); + H\u00f6mberg, Bem. im Sterberegister (Nassau Sterberegister 1817-1844, S. 284, Nr. 7\/1839, Bild 228 auf archion.de): <em>Der Verstorbene war in die Ehe getreten mit Eva Frank vom Kirschheimersborn im Amte Braubach und hinterl\u00e4\u00dft au\u00dfer derselben f\u00fcnf Kinder<\/em>; oo 05.07.1808 Spie\u00df mit Maria Eva Franck (* 03.04.1778 Kirchheimersborn, Pfarrei Spie\u00df (heute Bad Ems) (gt. 05.04.); + 18.04.1852 in ?; Eltern: Wilhelm Franck, Hofmann auf der Kirchheimersborn, oo II. 11.02.1772 Spie\u00df mit Anna Margaretha geb. Oppenh\u00e4user); haben Kinder (Pfarrei Spie\u00df, Nachname dort: <em>Meissenkeil, Meisenkiel<\/em>): 1) Johannes * 12.05.1808 (gt. 13.05.); 2) Anton * 23.03.1811 Buchenberg (gt. 24.03.).<\/span><\/p>\n<p style=\"text-align: justify;\"><span style=\"font-family: times new roman, times, serif; font-size: 10pt;\"><strong>Kind Nr. 6)<\/strong> + auf H\u00f6hr (Pfarrei Nievern); oo 07.01.1812 Nievern mit Peter Burkhard (* 03.12.1786 Hof Lahnberg (Niederlahnstein); + 06.08.1832; Eltern: Peter Burkhard und Christina geb. Schroeder) (OFB Nievern Nr. 310)<\/span><\/p>\n<p style=\"text-align: justify;\"><span style=\"font-family: times new roman, times, serif; font-size: 10pt;\"><strong>Kind Nr. 7)<\/strong> Leinweber; + Fachbach; oo 20.11.1814 Nievern mit Dorothea Jagdenfuchs (* 03.05.1788 Nievern; + 16.09.1836 Fachbach; Eltern: Peter Jagdenfuchs, Schuhmacher, und Anna Katharina geb. Buffy) (OFB Nievern Nr. 1230)<\/span><\/p>\n<p style=\"text-align: justify;\"><span style=\"font-family: times new roman, times, serif; font-size: 10pt;\"><strong>Kind Nr. 8)<\/strong> Maurer; + Nievern; oo 03.10.1819 Nievern mit Anna Buffy, Marketenderin (* 25.12.1794 Nievern; + 07.04.1866 Friedrichssegen (Lahnstein, Rhein-Lahn-Kreis); Eltern: Johannes Buffy und Maria Anna geb. G\u00f6rres in Fachbach) (OFB Nievern Nr. 1232)<\/span><\/p>\n<p style=\"text-align: justify;\"><span style=\"font-family: times new roman, times, serif; font-size: 10pt;\"><strong>Paten: zu 1) <\/strong><em>1) Caspar Maus, avus matern., Gemeinsmann zu Dahlheim; 2) Anthon Massengeil, patruus, Bergmann zu Obernhof; und 3) Anna Catharina, weil. Fried. Friesenhahn, Gemeinsmanns zu Dahlheim nachgel. ehel. Tochter <\/em>[Nassau Taufregister 1738-1817, S. 181, Nr. 26, Bild 98 auf archion.de] <em>\u2014 <\/em><strong>zu 2) <\/strong><em>1) Johann Christian Maurer, herrsch. Schultheis alda; 2) Johann Andreas Bruchschmidt, Gemeinvorsteher daselbst; u. 3) Maria Elisabetha, Joh. Wilh. Borns, Gemeismanns allda, Ehefrau. <\/em>[Nassau Taufregister 1738-1817, S. 188, Nr. 4, Bild 102 auf archion.de] <em>\u2014 <\/em><strong>zu 3) <\/strong><em>1) Anna Catharina Friesenhahnin von Dalem <\/em>[?]<em>; 2) Johann Henrich Metz, Schmidt u. Burger dahier; u. 3) Johann Heinrich Loewenstein, Johann Adam L\u00f6wensteins von hier j\u00fcngster lediger Sohn \u2014 <\/em><strong>zu 4) <\/strong><em>1) Christina Maria Schmidtin, Henrich Schmidts, Burgers u. Einwohners dahier, einzige Tochter; 2) Maria Christina Creceliin, Philipps Crecelius \u00e4lteste Tochter; und 3) Johann Anton Mainz&#8230;, Bergmann \u2026 \u2026 Sachsenh\u00e4user Bergwerck \u2014 <\/em><strong>zu 5) <\/strong><em>1) Anna Maria, Johann Peter Leizenbach, eines Bergmanns in der Linnenbach, einzige Tochter; 2) Traugott \u2026 &lt;&#8230;&gt;; 3) Carl Benjamin Lanstein, ein Bergmann in der Linnenbach \u2014 <\/em><strong>zu 6) <\/strong><em>1) Anna Gertrud Mausin, Johann Caspar Mausen von Dahlem Tochter; 2) Johann Anton Schmidt, des gestorbenen b\u00fcrgerlichen Einwohners Johann Emrich Schmidts j\u00fcngster Sohn; 3) Johann Peter Crecelius, Johann Christian Crecelius, M\u00fcllers im M\u00fcllengrund, \u00e4ltester Sohn.<\/em><\/span><\/p>\n<p><span style=\"font-family: times new roman, times, serif; font-size: 10pt;\"><strong>oo II.<\/strong> mit <strong><u>Schroeder<\/u>, Anna Maria:<\/strong> + 04.07.1814 Pfarrei Nievern, 70 Jahre alt<\/span><\/p>\n<hr \/>\n<p><span style=\"font-size: 10pt; font-family: times new roman, times, serif;\"><b>Letztes Update: 24. August 2020<\/b><\/span><br \/>\n<span style=\"font-size: 10pt; font-family: times new roman, times, serif;\"><b>Ralph Jackmuth<\/b><\/span><\/p>\n","protected":false},"excerpt":{"rendered":"<p>Zun\u00e4chst 1777 in Koblenz-Arenberg, 1779-1782 in H\u00f6mberg bei Nassau, 1784-1793 in Fr\u00fccht, dann in der Pfarrei Nievern nachgewiesene Familie. Massenkeil, Johann Jakob: Sohn des Henrich Christian Ma\u00dfengeil, Bergmann; konf. 20.03.1788 Fr\u00fccht Massenkeil, Johann Heinrich: ev.-luth.; aus Holzappel; 1777 in Koblernz-Arenberg (s. OFB Arenberg-Immendorf, S. 94), dann gr\u00e4flich honsbr\u00f6ckischer (= Hoensbroech) Bergmann in H\u00f6mberg (1779, 1782), &hellip; <a href=\"https:\/\/www.ahnenforschung-jackmuth.de\/?page_id=4761\" class=\"more-link\"><span class=\"screen-reader-text\">\u201eOFB Fr\u00fccht 1707-1817 &#8211; Massenkeil\u201c<\/span> weiterlesen<\/a><\/p>\n","protected":false},"author":1,"featured_media":0,"parent":0,"menu_order":0,"comment_status":"closed","ping_status":"closed","template":"","meta":{"footnotes":""},"class_list":["post-4761","page","type-page","status-publish","hentry"],"_links":{"self":[{"href":"https:\/\/www.ahnenforschung-jackmuth.de\/index.php?rest_route=\/wp\/v2\/pages\/4761","targetHints":{"allow":["GET"]}}],"collection":[{"href":"https:\/\/www.ahnenforschung-jackmuth.de\/index.php?rest_route=\/wp\/v2\/pages"}],"about":[{"href":"https:\/\/www.ahnenforschung-jackmuth.de\/index.php?rest_route=\/wp\/v2\/types\/page"}],"author":[{"embeddable":true,"href":"https:\/\/www.ahnenforschung-jackmuth.de\/index.php?rest_route=\/wp\/v2\/users\/1"}],"replies":[{"embeddable":true,"href":"https:\/\/www.ahnenforschung-jackmuth.de\/index.php?rest_route=%2Fwp%2Fv2%2Fcomments&post=4761"}],"version-history":[{"count":0,"href":"https:\/\/www.ahnenforschung-jackmuth.de\/index.php?rest_route=\/wp\/v2\/pages\/4761\/revisions"}],"wp:attachment":[{"href":"https:\/\/www.ahnenforschung-jackmuth.de\/index.php?rest_route=%2Fwp%2Fv2%2Fmedia&parent=4761"}],"curies":[{"name":"wp","href":"https:\/\/api.w.org\/{rel}","templated":true}]}}