{"id":4634,"date":"2020-08-19T11:25:34","date_gmt":"2020-08-19T11:25:34","guid":{"rendered":"http:\/\/www.ahnenforschung-jackmuth.de\/?page_id=4634"},"modified":"2024-05-08T10:04:42","modified_gmt":"2024-05-08T10:04:42","slug":"ofb-fruecht-1707-1817-diverse-e","status":"publish","type":"page","link":"https:\/\/www.ahnenforschung-jackmuth.de\/?page_id=4634","title":{"rendered":"OFB Fr\u00fccht 1707-1817 &#8211; Diverse E"},"content":{"rendered":"<p><a name=\"ebelsh\u00e4user\"><\/a><span style=\"font-family: times new roman, times, serif; font-size: 10pt;\"><span style=\"color: #ff0000;\"><strong><u>Ebelsh\u00e4user<\/u><\/strong><strong>, Anna Katharina:<\/strong> <\/span>ein M\u00e4dchen aus Nochern (VG Loreley, Rhein-Lahn-Kreis); konf. 27.04.1817 Fr\u00fccht<\/span><\/p>\n<hr \/>\n<p><a name=\"eberling\"><\/a><span style=\"font-family: times new roman, times, serif; font-size: 10pt;\"><span style=\"color: #ff0000;\"><strong><u>Eberling<\/u><\/strong><strong>, Anna Katharina:<\/strong> <\/span>Dienstmagd; * Oppenheim<\/span><\/p>\n<p><span style=\"font-family: times new roman, times, serif; font-size: 10pt;\">o-o mit <strong>N. N.<\/strong><\/span><\/p>\n<table>\n<tbody>\n<tr>\n<td style=\"text-align: center;\" width=\"30\"><span style=\"font-family: times new roman, times, serif; font-size: 10pt;\"><strong>Nr.<\/strong><\/span><\/td>\n<td width=\"147\"><span style=\"font-family: times new roman, times, serif; font-size: 10pt;\"><strong>Vorname (normiert)<\/strong><\/span><\/td>\n<td style=\"text-align: center;\" width=\"62\"><span style=\"font-family: times new roman, times, serif; font-size: 10pt;\"><strong>*<\/strong><\/span><\/td>\n<td style=\"text-align: center;\" width=\"67\"><span style=\"font-family: times new roman, times, serif; font-size: 10pt;\"><strong>gt.<\/strong><\/span><\/td>\n<td style=\"text-align: center;\" width=\"72\"><span style=\"font-family: times new roman, times, serif; font-size: 10pt;\"><strong>konf.<\/strong><\/span><\/td>\n<td style=\"text-align: center;\" width=\"63\"><span style=\"font-family: times new roman, times, serif; font-size: 10pt;\"><strong>+<\/strong><\/span><\/td>\n<td style=\"text-align: center;\" width=\"64\"><span style=\"font-family: times new roman, times, serif; font-size: 10pt;\"><strong>bg.<\/strong><\/span><\/td>\n<td style=\"text-align: center;\" width=\"40\"><span style=\"font-family: times new roman, times, serif; font-size: 10pt;\"><strong>Alter<\/strong><\/span><\/td>\n<td style=\"text-align: center;\" width=\"40\"><span style=\"font-family: times new roman, times, serif; font-size: 10pt;\"><strong>Stand<\/strong><\/span><\/td>\n<\/tr>\n<tr>\n<td style=\"text-align: center;\" width=\"30\"><span style=\"font-family: times new roman, times, serif; font-size: 10pt;\">1<\/span><\/td>\n<td width=\"147\"><span style=\"font-family: times new roman, times, serif; font-size: 10pt;\">Johann Philipp (illeg.)<\/span><\/td>\n<td style=\"text-align: center;\" width=\"62\"><span style=\"font-family: times new roman, times, serif; font-size: 10pt;\">17.06.1752<\/span><\/td>\n<td style=\"text-align: center;\" width=\"67\"><\/td>\n<td style=\"text-align: center;\" width=\"72\"><\/td>\n<td style=\"text-align: center;\" width=\"63\"><\/td>\n<td style=\"text-align: center;\" width=\"64\"><\/td>\n<td style=\"text-align: center;\" width=\"40\"><\/td>\n<td style=\"text-align: center;\" width=\"40\"><\/td>\n<\/tr>\n<tr>\n<td style=\"text-align: center;\"><span style=\"font-family: times new roman, times, serif; font-size: 10pt;\">2<\/span><\/td>\n<td><span style=\"font-family: times new roman, times, serif; font-size: 10pt;\">Anna Katharina (illeg.)<\/span><\/td>\n<td style=\"text-align: center;\"><span style=\"font-family: times new roman, times, serif; font-size: 10pt;\">17.06.1752<\/span><\/td>\n<td style=\"text-align: center;\"><\/td>\n<td style=\"text-align: center;\"><\/td>\n<td style=\"text-align: center;\"><\/td>\n<td style=\"text-align: center;\"><\/td>\n<td style=\"text-align: center;\"><\/td>\n<td style=\"text-align: center;\"><\/td>\n<\/tr>\n<\/tbody>\n<\/table>\n<hr \/>\n<p><a name=\"eisenbarth\"><\/a><span style=\"font-family: times new roman, times, serif; font-size: 10pt;\"><span style=\"color: #ff0000;\"><strong><u>Eisenbarth<\/u><\/strong><strong>, Eva Elisabeth:<\/strong> <\/span>\u201eaus der gemeinen &#8230; &#8230;\u201c; bg. 16.03.1779 Fr\u00fccht, 60 Jahre weniger 7 Tage alt<\/span><\/p>\n<hr \/>\n<p><span style=\"font-family: times new roman, times, serif; font-size: 10pt;\"><span style=\"color: #ff0000;\"><strong><u>Eisenbarth<\/u><\/strong><strong>, Johann Peter:<\/strong> <\/span>Maurer und Bergmann<\/span><\/p>\n<p><span style=\"font-family: times new roman, times, serif; font-size: 10pt;\"><strong>oo<\/strong> mit <strong>Maria Magdalena<\/strong><\/span><\/p>\n<table>\n<tbody>\n<tr>\n<td style=\"text-align: center;\" width=\"30\"><span style=\"font-family: times new roman, times, serif; font-size: 10pt;\"><strong>Nr.<\/strong><\/span><\/td>\n<td width=\"147\"><span style=\"font-family: times new roman, times, serif; font-size: 10pt;\"><strong>Vorname (normiert)<\/strong><\/span><\/td>\n<td style=\"text-align: center;\" width=\"62\"><span style=\"font-family: times new roman, times, serif; font-size: 10pt;\"><strong>*<\/strong><\/span><\/td>\n<td style=\"text-align: center;\" width=\"67\"><span style=\"font-family: times new roman, times, serif; font-size: 10pt;\"><strong>gt.<\/strong><\/span><\/td>\n<td style=\"text-align: center;\" width=\"72\"><span style=\"font-family: times new roman, times, serif; font-size: 10pt;\"><strong>konf.<\/strong><\/span><\/td>\n<td style=\"text-align: center;\" width=\"63\"><span style=\"font-family: times new roman, times, serif; font-size: 10pt;\"><strong>+<\/strong><\/span><\/td>\n<td style=\"text-align: center;\" width=\"64\"><span style=\"font-family: times new roman, times, serif; font-size: 10pt;\"><strong>bg.<\/strong><\/span><\/td>\n<td style=\"text-align: center;\" width=\"40\"><span style=\"font-family: times new roman, times, serif; font-size: 10pt;\"><strong>Alter<\/strong><\/span><\/td>\n<td style=\"text-align: center;\" width=\"42\"><span style=\"font-family: times new roman, times, serif; font-size: 10pt;\"><strong>Stand<\/strong><\/span><\/td>\n<\/tr>\n<tr>\n<td style=\"text-align: center;\" width=\"30\"><span style=\"font-family: times new roman, times, serif; font-size: 10pt;\">1<\/span><\/td>\n<td width=\"147\"><span style=\"font-family: times new roman, times, serif; font-size: 10pt;\">Philipp Anton<\/span><\/td>\n<td style=\"text-align: center;\" width=\"62\"><span style=\"font-family: times new roman, times, serif; font-size: 10pt;\">03.06.1804<\/span><\/td>\n<td style=\"text-align: center;\" width=\"67\"><span style=\"font-family: times new roman, times, serif; font-size: 10pt;\">10.06.1804<\/span><\/td>\n<td style=\"text-align: center;\" width=\"72\"><\/td>\n<td style=\"text-align: center;\" width=\"63\"><\/td>\n<td style=\"text-align: center;\" width=\"64\"><\/td>\n<td style=\"text-align: center;\" width=\"40\"><\/td>\n<td style=\"text-align: center;\" width=\"42\"><span style=\"font-family: times new roman, times, serif; font-size: 10pt;\">verh.<\/span><\/td>\n<\/tr>\n<\/tbody>\n<\/table>\n<p style=\"text-align: justify;\"><span style=\"font-family: times new roman, times, serif; font-size: 10pt;\">Kind Nr. 1) Korbmacher zu Klingelbach; oo 1831 Laufenselden (prokl. 04.12., 11.12. und 18.12.1831 Spie\u00df) mit Maria Justina Wilhelmina Schr\u00f6der (* 17.01.1788 Klingelbach (Aar-Einrich, Rhein-Lahn-Kreis); Eltern: Ludwig Schr\u00f6der, F\u00f6rster zu Klingelbach, und Katharina Jakobina Elisabeth)<\/span><\/p>\n<p style=\"text-align: justify;\"><span style=\"font-family: times new roman, times, serif; font-size: 10pt;\"><strong>Paten: <\/strong><em>1) Joh[ann] Anton Schmidt, ein Bergmann; 2) Phil[lipp] Friedrich Zimmerschied, ein Bergmann; u. 3) Maria Catharina Meuschin, des gestorbenen Phi[lipp] Jacob Meuschens \u00e4lteste Tochter; sind alle 3 von hier.<\/em><\/span><\/p>\n<hr \/>\n<p style=\"text-align: justify;\"><span style=\"font-family: times new roman, times, serif; font-size: 10pt;\"><span style=\"color: #ff0000;\"><strong><u><a id=\"elsass\"><\/a>Elsa\u00df<\/u> Hans:<\/strong><\/span> Hans Langenbach und Philipp Herpel aus Dausenau gegen Johannetta Breitbacher, Witwe des Hammann Herpel aus Oberlahnstein bzw. deren Erben Hans Elsa\u00df und Johannes Niebern von Oberlahnstein wegen Erbstreit (s. u. <a href=\"http:\/\/www.ahnenforschung-jackmuth.de\/?page_id=10032\">Hans Langenbach<\/a>)<\/span><\/p>\n<hr \/>\n<p style=\"text-align: justify;\"><span style=\"font-family: times new roman, times, serif; font-size: 10pt;\"><span style=\"color: #ff0000;\"><strong><u><a id=\"eudelborn\"><\/a>Eudelborn<\/u><\/strong><strong>, Hans:<\/strong> <\/span>+ 22.06.1617 Fr\u00fccht (bg. 23.06.); am 01.07.\/21.06.1629 zum Aussch\u00fcsser bei den Hexenprozessen vereidigt (Steinsches Archiv Nassau, Nr. 5812, pag. 435); war 1631 Frohn zu Fr\u00fccht (Steinsches Archiv Nassau, Nr. 5812, pag. 370); Sohn des Georg Eudelborn (Steinsches Archiv Nassau, Nr. 5812, pag. 260)<\/span><\/p>\n<p><span style=\"font-family: times new roman, times, serif; font-size: 10pt;\"><strong>oo<\/strong> mit <strong>N. N.:<\/strong> + 24.01.1616 Fr\u00fccht (bg. 25.01.)<\/span><\/p>\n<p><span style=\"font-family: times new roman, times, serif; font-size: 10pt;\"><strong>Weitere Belege:<\/strong> Fr\u00fccht, KB 1, Obligationen<\/span><\/p>\n<p style=\"text-align: justify;\"><span style=\"font-family: times new roman, times, serif; font-size: 10pt;\">[pag. 12] Hans Eudelborn schuldet der Kirche 5 fl. zu 6 alb. 2 d. Zinsen j\u00e4hrlich, zahlbar auf Martini. Sicherheit: ein St\u00fcck Land in der Neuh\u00f6ll, oben grenzt D\u00f6nges Rincker, unten Veltens D\u00f6nges. Am 06.01.1617 leiht er sich wegen Johannes Bender wieder 5 fl. Sicherheit: eine Hofreite unten im Dorf, oben grenzen die Junker vom Stein, unten Heinz D\u00f6nges. Am 17.12.1617 leiht Thiel Zimmermann beide Kapitalien Sicherheiten f\u00fcr die ersten fl.: 1) ein St\u00fcck in der Neuh\u00f6ll, oben grenzt D\u00f6nges Rincker, unten Veltens D\u00f6nges, von Hans Eudelborn gekauft; 2) eine Wiese zwischen den Gr\u00e4ben, unten grenzt Junker Gottfried vom Stein, oben die Deutschherren. Sicherheit f\u00fcr die zweiten 5 fl.: \u00bd Achtel Saat auf <em>Diepach<\/em>, unten grenzt Adam H\u00f6mberger, oben Junker Gottfried vom Stein. Am 28.01.1621 hat Merten von Leyhen zu Niederlahnstein<a href=\"#_ftn1\" name=\"_ftnref1\">[1]<\/a> der Kirche 1 fl. f\u00fcr eine Hecke abgelegt. Dieser Gulden ist Thiel Zimmermann mit den vorigen 10 fl. verliehen worden und soll daf\u00fcr 13 alb. 6 d. Zinsen j\u00e4hrlich zahlen.<\/span><\/p>\n<p><span style=\"font-family: times new roman, times, serif; font-size: 10pt;\"><a href=\"#_ftnref1\" name=\"_ftn1\">[1]<\/a> Martin von Lay (OFB Niederlahnstein, Nr. 2684)<\/span><\/p>\n<hr \/>\n<p><span style=\"font-family: times new roman, times, serif; font-size: 10pt;\"><span style=\"color: #ff0000;\"><strong><u>Eudelborn<\/u><\/strong><strong>, Katharina:<\/strong> <\/span>Tochter des verst. Hans Eudelborn, hatte beim Pfarrer gedient; Patin 20.04.1629 bei Thiel Zimmermann; oo 06.02.1631 mit Stefan Currenberger<br \/>\n<\/span><\/p>\n<hr \/>\n<p><span style=\"font-family: times new roman, times, serif; font-size: 10pt;\"><span style=\"color: #ff0000;\"><strong><u>Eudelborn<\/u><\/strong><strong>, Peter:<\/strong><\/span> bg. 22.03.1637 Braubach<\/span><\/p>\n<p><span style=\"font-family: times new roman, times, serif; font-size: 10pt;\"><strong>oo<\/strong> mit <strong>N. N.<\/strong><\/span><\/p>\n<table>\n<tbody>\n<tr>\n<td style=\"text-align: center;\" width=\"26\"><span style=\"font-family: times new roman, times, serif; font-size: 10pt;\"><strong>Nr.<\/strong><\/span><\/td>\n<td width=\"150\"><span style=\"font-family: times new roman, times, serif; font-size: 10pt;\"><strong>Vorname (normiert)<\/strong><\/span><\/td>\n<td style=\"text-align: center;\" width=\"66\"><span style=\"font-family: times new roman, times, serif; font-size: 10pt;\"><strong>*<\/strong><\/span><\/td>\n<td style=\"text-align: center;\" width=\"78\"><span style=\"font-family: times new roman, times, serif; font-size: 10pt;\"><strong>gt.<\/strong><\/span><\/td>\n<td style=\"text-align: center;\" width=\"66\"><span style=\"font-family: times new roman, times, serif; font-size: 10pt;\"><strong>konf.<\/strong><\/span><\/td>\n<td style=\"text-align: center;\" width=\"66\"><span style=\"font-family: times new roman, times, serif; font-size: 10pt;\"><strong>+<\/strong><\/span><\/td>\n<td style=\"text-align: center;\" width=\"66\"><span style=\"font-family: times new roman, times, serif; font-size: 10pt;\"><strong>bg.<\/strong><\/span><\/td>\n<td style=\"text-align: center;\" width=\"45\"><span style=\"font-family: times new roman, times, serif; font-size: 10pt;\"><strong>Alter<\/strong><\/span><\/td>\n<td style=\"text-align: center;\" width=\"41\"><span style=\"font-family: times new roman, times, serif; font-size: 10pt;\"><strong>Stand<\/strong><\/span><\/td>\n<\/tr>\n<tr>\n<td style=\"text-align: center;\" width=\"26\"><span style=\"font-family: times new roman, times, serif; font-size: 10pt;\">1<\/span><\/td>\n<td width=\"150\"><span style=\"font-family: times new roman, times, serif; font-size: 10pt;\">Philipp<\/span><\/td>\n<td style=\"text-align: center;\" width=\"66\"><\/td>\n<td style=\"text-align: center;\" width=\"78\"><span style=\"font-family: times new roman, times, serif; font-size: 10pt;\">10.10.1630<\/span><\/td>\n<td style=\"text-align: center;\" width=\"66\"><\/td>\n<td style=\"text-align: center;\" width=\"66\"><\/td>\n<td style=\"text-align: center;\" width=\"66\"><\/td>\n<td style=\"text-align: center;\" width=\"45\"><\/td>\n<td style=\"text-align: center;\" width=\"41\"><\/td>\n<\/tr>\n<\/tbody>\n<\/table>\n<p><span style=\"font-family: times new roman, times, serif; font-size: 10pt;\"><strong>Paten:<\/strong> <em>der ehrnhafft vnd wolgel\u00e4hrte Herr Philip\u00df \u2026, Steinischer Diener zue Na\u00dfaw; Matthei\u00df Schneider; vnnd Clo\u00dfen Johanne\u00dfen Fraw El\u00dfen zue Frucht<\/em><\/span><\/p>\n<hr \/>\n<p><a name=\"eybisch\"><\/a><span style=\"font-family: times new roman, times, serif; font-size: 10pt;\"><span style=\"color: #ff0000;\"><strong><u>Eybisch<\/u><\/strong><strong>, Matth\u00e4us Friedrich:<\/strong> <\/span>4. Sohn des H\u00fctteninspektors Eybisch zu Ahl (Lahnstein-Friedrichssegen, Rhein-Lahn-Kreis); konf. 20.03.1788 Fr\u00fccht<\/span><\/p>\n<hr \/>\n<p><span style=\"font-size: 10pt; font-family: times new roman, times, serif;\"><b>Letztes Update: 8. Mai 2024<\/b><\/span><br \/>\n<span style=\"font-size: 10pt; font-family: times new roman, times, serif;\"><b>Ralph Jackmuth<\/b><\/span><\/p>\n","protected":false},"excerpt":{"rendered":"<p>Ebelsh\u00e4user, Anna Katharina: ein M\u00e4dchen aus Nochern (VG Loreley, Rhein-Lahn-Kreis); konf. 27.04.1817 Fr\u00fccht Eberling, Anna Katharina: Dienstmagd; * Oppenheim o-o mit N. N. Nr. Vorname (normiert) * gt. konf. + bg. Alter Stand 1 Johann Philipp (illeg.) 17.06.1752 2 Anna Katharina (illeg.) 17.06.1752 Eisenbarth, Eva Elisabeth: \u201eaus der gemeinen &#8230; &#8230;\u201c; bg. 16.03.1779 Fr\u00fccht, 60 &hellip; <a href=\"https:\/\/www.ahnenforschung-jackmuth.de\/?page_id=4634\" class=\"more-link\"><span class=\"screen-reader-text\">\u201eOFB Fr\u00fccht 1707-1817 &#8211; Diverse E\u201c<\/span> weiterlesen<\/a><\/p>\n","protected":false},"author":1,"featured_media":0,"parent":0,"menu_order":0,"comment_status":"closed","ping_status":"closed","template":"","meta":{"footnotes":""},"class_list":["post-4634","page","type-page","status-publish","hentry"],"_links":{"self":[{"href":"https:\/\/www.ahnenforschung-jackmuth.de\/index.php?rest_route=\/wp\/v2\/pages\/4634","targetHints":{"allow":["GET"]}}],"collection":[{"href":"https:\/\/www.ahnenforschung-jackmuth.de\/index.php?rest_route=\/wp\/v2\/pages"}],"about":[{"href":"https:\/\/www.ahnenforschung-jackmuth.de\/index.php?rest_route=\/wp\/v2\/types\/page"}],"author":[{"embeddable":true,"href":"https:\/\/www.ahnenforschung-jackmuth.de\/index.php?rest_route=\/wp\/v2\/users\/1"}],"replies":[{"embeddable":true,"href":"https:\/\/www.ahnenforschung-jackmuth.de\/index.php?rest_route=%2Fwp%2Fv2%2Fcomments&post=4634"}],"version-history":[{"count":0,"href":"https:\/\/www.ahnenforschung-jackmuth.de\/index.php?rest_route=\/wp\/v2\/pages\/4634\/revisions"}],"wp:attachment":[{"href":"https:\/\/www.ahnenforschung-jackmuth.de\/index.php?rest_route=%2Fwp%2Fv2%2Fmedia&parent=4634"}],"curies":[{"name":"wp","href":"https:\/\/api.w.org\/{rel}","templated":true}]}}