{"id":4631,"date":"2020-08-19T11:16:44","date_gmt":"2020-08-19T11:16:44","guid":{"rendered":"http:\/\/www.ahnenforschung-jackmuth.de\/?page_id=4631"},"modified":"2022-08-13T08:35:48","modified_gmt":"2022-08-13T08:35:48","slug":"ofb-fruecht-1707-1817-elberskirch","status":"publish","type":"page","link":"https:\/\/www.ahnenforschung-jackmuth.de\/?page_id=4631","title":{"rendered":"OFB Fr\u00fccht 1707-1817 &#8211; Elberskirch"},"content":{"rendered":"<p style=\"text-align: justify;\"><span style=\"font-family: times new roman, times, serif; font-size: 10pt;\"><span style=\"color: #ff0000;\"><strong><u>Elberskirch<\/u><\/strong><strong>, Johann Georg:<\/strong><\/span> am 08.12.1771 zum Schulthei\u00df in Fr\u00fccht ernannt (HHStAW, Abt. 3\/8, Nr. 9, fol. 24r); *\/gt. 15.09.1716 Schweighausen; konf. 15.04.1729 Schweighausen; + 16.10.1804 Fr\u00fccht an der Wassersucht (bg. 19.10.), 88 Jahre, 1 Monat und 1 Tag alt; Eltern: Johann Ludwig Elberskirch oo II. 18.12.1716 Schweighausen mit Anna Margaretha geb. Kraft<\/span><\/p>\n<p style=\"text-align: justify;\"><span style=\"font-family: times new roman, times, serif; font-size: 10pt;\"><strong>oo 08.08.1775 Fr\u00fccht<\/strong> mit <strong><u>Mangold<\/u>, Maria Elisabeth:<\/strong> * 21.03.1754 Fr\u00fccht; konf. 16.04.1767; + 22.04.1814 Fr\u00fccht am Nervenfieber; Eltern: Georg Philipp Mangold und Anna Maria geb. Ansel<\/span><\/p>\n<table>\n<tbody>\n<tr>\n<td style=\"text-align: center;\" width=\"28\"><span style=\"font-family: times new roman, times, serif; font-size: 10pt;\"><strong>Nr.<\/strong><\/span><\/td>\n<td width=\"171\"><span style=\"font-family: times new roman, times, serif; font-size: 10pt;\"><strong>Vorname (normiert)<\/strong><\/span><\/td>\n<td style=\"text-align: center;\" width=\"62\"><span style=\"font-family: times new roman, times, serif; font-size: 10pt;\"><strong>*<\/strong><\/span><\/td>\n<td style=\"text-align: center;\" width=\"67\"><span style=\"font-family: times new roman, times, serif; font-size: 10pt;\"><strong>gt.<\/strong><\/span><\/td>\n<td style=\"text-align: center;\" width=\"71\"><span style=\"font-family: times new roman, times, serif; font-size: 10pt;\"><strong>konf.<\/strong><\/span><\/td>\n<td style=\"text-align: center;\" width=\"63\"><span style=\"font-family: times new roman, times, serif; font-size: 10pt;\"><strong>+<\/strong><\/span><\/td>\n<td style=\"text-align: center;\" width=\"64\"><span style=\"font-family: times new roman, times, serif; font-size: 10pt;\"><strong>bg.<\/strong><\/span><\/td>\n<td style=\"text-align: center;\" width=\"39\"><span style=\"font-family: times new roman, times, serif; font-size: 10pt;\"><strong>Alter<\/strong><\/span><\/td>\n<td style=\"text-align: center;\" width=\"41\"><span style=\"font-family: times new roman, times, serif; font-size: 10pt;\"><strong>Stand<\/strong><\/span><\/td>\n<\/tr>\n<tr>\n<td style=\"text-align: center;\" width=\"28\"><span style=\"font-family: times new roman, times, serif; font-size: 10pt;\">1<\/span><\/td>\n<td width=\"171\"><span style=\"font-family: times new roman, times, serif; font-size: 10pt;\">Karl Christian<\/span><\/td>\n<td style=\"text-align: center;\" width=\"62\"><span style=\"font-family: times new roman, times, serif; font-size: 10pt;\">20.08.1776<\/span><\/td>\n<td style=\"text-align: center;\" width=\"67\"><span style=\"font-family: times new roman, times, serif; font-size: 10pt;\">24.08.1776<\/span><\/td>\n<td style=\"text-align: center;\" width=\"71\"><\/td>\n<td style=\"text-align: center;\" width=\"63\"><span style=\"font-family: times new roman, times, serif; font-size: 10pt;\">02.07.1777<\/span><\/td>\n<td style=\"text-align: center;\" width=\"64\"><span style=\"font-family: times new roman, times, serif; font-size: 10pt;\">04.07.1777<\/span><\/td>\n<td style=\"text-align: center;\" width=\"39\"><span style=\"font-family: times new roman, times, serif; font-size: 10pt;\">0,87<\/span><\/td>\n<td style=\"text-align: center;\" width=\"41\"><\/td>\n<\/tr>\n<tr>\n<td style=\"text-align: center;\"><span style=\"font-family: times new roman, times, serif; font-size: 10pt;\">2<\/span><\/td>\n<td><span style=\"font-family: times new roman, times, serif; font-size: 10pt;\">Wilhelmina Elisabeth Margaretha<\/span><\/td>\n<td style=\"text-align: center;\"><span style=\"font-family: times new roman, times, serif; font-size: 10pt;\">29.08.1778<\/span><\/td>\n<td style=\"text-align: center;\"><span style=\"font-family: times new roman, times, serif; font-size: 10pt;\">02.09.1778<\/span><\/td>\n<td style=\"text-align: center;\"><\/td>\n<td style=\"text-align: center;\"><span style=\"font-family: times new roman, times, serif; font-size: 10pt;\">12.08.1783<\/span><\/td>\n<td style=\"text-align: center;\"><span style=\"font-family: times new roman, times, serif; font-size: 10pt;\">14.08.1783<\/span><\/td>\n<td style=\"text-align: center;\"><span style=\"font-family: times new roman, times, serif; font-size: 10pt;\">4,96<\/span><\/td>\n<td style=\"text-align: center;\"><\/td>\n<\/tr>\n<tr>\n<td style=\"text-align: center;\"><span style=\"font-family: times new roman, times, serif; font-size: 10pt;\">3<\/span><\/td>\n<td><span style=\"font-family: times new roman, times, serif; font-size: 10pt;\">Johann Henrich<\/span><\/td>\n<td style=\"text-align: center;\"><span style=\"font-family: times new roman, times, serif; font-size: 10pt;\">09.09.1788<\/span><\/td>\n<td style=\"text-align: center;\"><span style=\"font-family: times new roman, times, serif; font-size: 10pt;\">14.09.1788<\/span><\/td>\n<td style=\"text-align: center;\"><span style=\"font-family: times new roman, times, serif; font-size: 10pt;\">15.04.1802<\/span><\/td>\n<td style=\"text-align: center;\"><\/td>\n<td style=\"text-align: center;\"><\/td>\n<td style=\"text-align: center;\"><\/td>\n<td style=\"text-align: center;\"><span style=\"font-family: times new roman, times, serif; font-size: 10pt;\">verh.<\/span><\/td>\n<\/tr>\n<tr>\n<td style=\"text-align: center;\"><span style=\"font-family: times new roman, times, serif; font-size: 10pt;\">4<\/span><\/td>\n<td><span style=\"font-family: times new roman, times, serif; font-size: 10pt;\">Georg Philipp<\/span><\/td>\n<td style=\"text-align: center;\"><span style=\"font-family: times new roman, times, serif; font-size: 10pt;\">11.04.1794<\/span><\/td>\n<td style=\"text-align: center;\"><span style=\"font-family: times new roman, times, serif; font-size: 10pt;\">14.04.1794<\/span><\/td>\n<td style=\"text-align: center;\"><\/td>\n<td style=\"text-align: center;\"><\/td>\n<td style=\"text-align: center;\"><\/td>\n<td style=\"text-align: center;\"><\/td>\n<td style=\"text-align: center;\"><\/td>\n<\/tr>\n<\/tbody>\n<\/table>\n<p><span style=\"font-family: times new roman, times, serif; font-size: 10pt;\">Kind Nr. 3) oo 07.07.1805 mit Anna Maria Kunz<\/span><\/p>\n<p style=\"text-align: justify;\"><span style=\"font-family: times new roman, times, serif; font-size: 10pt;\"><strong>Paten: zu 1) <\/strong><em>der hochedelgeb[orene] Herr Carl Christian Hiemer, freyherr[lich] v[on] Steinischer \u2026; Herr Johann Anton Crecelius, Geri&lt;chts&gt;schreiber zu Miehlen; und Eleonora &lt;Doro&gt;thea Sommerin, Gerichtsmanns zu &lt;Nie&gt;derbacheim Ehefrau \u2014 <\/em><strong>zu 2) <\/strong><em>1) Johann Wilhelm Mangold, wey[land] Georg &lt;&#8230;&gt; Mangolds von hier hinterla\u00dfener ehe[licher] Sohn; 2) Catharina Margaretha, Georg Friederich Metzen von hier j\u00fcngste Tochter; und 3) Elisabetha Margaretha, Johann Heinrich Mausen <\/em>[?]<em>, Kirchen\u00e4ltesten in Schweighausen &lt;&#8230;&gt; Tochter \u2014 <\/em><strong>zu 3) <\/strong><em>Johann Henrich Elperskirch, ein alter, lediger Pursch, 66 Jahr alt, aus Schweighausen als Vaters Bruder <\/em>[*26.03.1725 Schweighausen]<em>; 2) Johannes Jungmann, Gerichtsmann in Oberlahnstein; 3) Anna Barbara, des obersten M\u00fcllers im M\u00fcllengrund, Christian Crecelius, Ehefrau \u2014 <\/em><strong>zu 4) <\/strong><em>1) Georg Philipp Sch\u00fctz, des hiesigen b\u00fcrgerlichen Einwohners, Kirchen- und Gemeindevorstehers Johann Philipp Sch\u00fctzen \u00e4ltester Sohn; 2) Georg Peter \u2026, aus \u2026 geb\u00fcrtig und Zimmermann zu Aal; 3) Maria Elisabetha Wagnerin, des verstorbenen hiesigen b\u00fcrgerlichen Einwohners Johann Philipp Wagners nachgela\u00dfene \u2026 [Witwe].<\/em><\/span><\/p>\n<hr \/>\n<p><span style=\"font-family: times new roman, times, serif; font-size: 10pt;\"><strong>Weitere Belege: Gerichtsbuch Fr\u00fccht<\/strong> (HHStAW, Abt. 3\/8, Nr. 9)<\/span><\/p>\n<p><span style=\"font-family: times new roman, times, serif; font-size: 10pt;\"><strong>2. Mai 1776 \u2014 Schulthei\u00df Johann Georg Elberskirch kauft von Anton Gensmann zu Fr\u00fccht ein St\u00fcck Ackerland und eine Wiese f\u00fcr 15 Rtl. und 1 Simmer Korn<\/strong><\/span><\/p>\n<p><span style=\"font-family: times new roman, times, serif; font-size: 10pt;\">[fol. 270v] <em>Acttum Frucht 1776<\/em><\/span><\/p>\n<p style=\"text-align: justify;\"><span style=\"font-family: times new roman, times, serif; font-size: 10pt;\"><em>Habe ich, Johan G\u00f6rg Elberskirch, ein Stuck gekaufft von Andohn G\u00e4n\u00dfman zu Frucht und ein Wi\u00dfgen, alle beid zu Hintters Dallen am Stuck, termt oben Gottfrid Muller und unten Philips Crecelius, an der Wie\u00df termt untten Anderi\u00df Gen\u00dfman, oben Wetteder <\/em>[?] <em>selbsten, vor und um 15 Rthlr, ein Simmer Korn, den Daller zu 90 Kreitzer gerechnet, vor erb und eygen, damit zu schalten und zu walten, wie er wiell, auch mitt Lasten und Beschwertten, und setzet auch den J[ohann] G[eorg] Elberskirch zum wurcklichen Besietzer ein, aber den Andohn Gen\u00dfman und seine Erben immer und ehwig herau\u00df, wilges dan Andohn Gen\u00dfman auch eygenhandich untterschriben.<\/em><\/span><\/p>\n<p><span style=\"font-family: times new roman, times, serif; font-size: 10pt;\"><em>So geschehen Frucht, den 2ten Mey 1776.<br \/>\n<\/em><\/span><span style=\"font-family: times new roman, times, serif; font-size: 10pt;\"><em>J[ohann] G[eorg] Elberskirch, Schulthei\u00df<br \/>\n<\/em><\/span><span style=\"font-family: times new roman, times, serif; font-size: 10pt;\"><em>Andon Gen\u00dfman +<\/em><\/span><\/p>\n<hr \/>\n<p><span style=\"font-family: times new roman, times, serif; font-size: 10pt;\"><strong>12. April 1774 \u2014 Schulthei\u00df Johann Georg Elberskirch steigert mehrere G\u00fcter<\/strong><\/span><\/p>\n<p><span style=\"font-family: times new roman, times, serif; font-size: 10pt;\">[fol. 271r] <em>Actum Frucht 1774<\/em><\/span><\/p>\n<p style=\"text-align: justify;\"><span style=\"font-family: times new roman, times, serif; font-size: 10pt;\"><em>Habe ich als zeittlicher Schuldei\u00df zu Frucht, Elberskirch, ein Stuck an der Gemein gesteicht <\/em>[gesteigert]<em> vor und um 19 [fl]. 18 [kr.], 14 [kr.] Weinkauff, welges Stuck licht auf dem grossen Feldt in den Kauttenstuckern und die Term sein oben Gottfried Muller, unten Herr vom Stein, welges Geldt Fallendin Schutz der Junger hat zahlt an die Junfer Blauin nach Kobelentz; i[tem] ein Stuck zu &#8230;sters Dallen, termt unten Gottfrid Muller, oben Adam L\u00f6benstein; ferner einen Gartten in den Eigeng\u00e4rtten <\/em>[Eicheng\u00e4rten]<em>, termt oben Philips Crecelius, untten Elberskirch selbst, vor und um 25 [fl.], mit allen K\u00f6sten, vor erb und eygen, damit zu schalten und zu walten, wie er wiell, auch mit Lasten und Beschwertten und setzt den J[ohann] G[eorg] Elberskir zum wurckllichen Besitzer ein, mich und die Meinen aber ihmmer und ehwig herrau\u00df. Welges ich Falledin Schutz bek\u00e4nde, wie oben und auch w\u00fcrckllich untterschrieben und der Frau Hau\u00dfmerck.<\/em><\/span><\/p>\n<p><span style=\"font-family: times new roman, times, serif; font-size: 10pt;\"><em>Frucht, den 12 Abr[il] 1774.<br \/>\n<\/em><\/span><span style=\"font-family: times new roman, times, serif; font-size: 10pt;\"><em>J[ohann] G[eorg] Elberskirch, Schuldei\u00df<br \/>\n<\/em><\/span><span style=\"font-family: times new roman, times, serif; font-size: 10pt;\"><em>Johan Faledin Sch\u00fctz und meiner Frau Hau\u00dfm\u00e4rck +<\/em><\/span><\/p>\n<hr \/>\n<p><span style=\"font-family: times new roman, times, serif; font-size: 10pt;\"><span style=\"color: #ff0000;\"><strong><u>Elberskirch<\/u><\/strong><strong>, Johann Henrich:<\/strong> <\/span>am 01.01.1822 zum Schulthei\u00df in Fr\u00fccht ernannt (HHStAW, Abt. 3\/8, Nr. 9, fol. 20r)* 09.09.1788 Fr\u00fccht (gt. 14.09.); konf. 15.04.1802<\/span><\/p>\n<p style=\"text-align: justify;\"><span style=\"font-family: times new roman, times, serif; font-size: 10pt;\"><strong>oo 07.07.1805 Fr\u00fccht<\/strong> mit <strong><u>Kunz<\/u>, Anna Maria:<\/strong> * 09.05.1779 Fr\u00fccht (gt. 13.05.); konf. 28.03.1793; Eltern: Johann Adam Kunz und Katharina Elisabeth geb. R\u00f6hrig<\/span><\/p>\n<table>\n<tbody>\n<tr>\n<td style=\"text-align: center;\" width=\"30\"><span style=\"font-family: times new roman, times, serif; font-size: 10pt;\"><strong>Nr.<\/strong><\/span><\/td>\n<td width=\"147\"><span style=\"font-family: times new roman, times, serif; font-size: 10pt;\"><strong>Vorname (normiert)<\/strong><\/span><\/td>\n<td style=\"text-align: center;\" width=\"62\"><span style=\"font-family: times new roman, times, serif; font-size: 10pt;\"><strong>*<\/strong><\/span><\/td>\n<td style=\"text-align: center;\" width=\"67\"><span style=\"font-family: times new roman, times, serif; font-size: 10pt;\"><strong>gt.<\/strong><\/span><\/td>\n<td style=\"text-align: center;\" width=\"72\"><span style=\"font-family: times new roman, times, serif; font-size: 10pt;\"><strong>konf.<\/strong><\/span><\/td>\n<td style=\"text-align: center;\" width=\"63\"><span style=\"font-family: times new roman, times, serif; font-size: 10pt;\"><strong>+<\/strong><\/span><\/td>\n<td style=\"text-align: center;\" width=\"64\"><span style=\"font-family: times new roman, times, serif; font-size: 10pt;\"><strong>bg.<\/strong><\/span><\/td>\n<td style=\"text-align: center;\" width=\"40\"><span style=\"font-family: times new roman, times, serif; font-size: 10pt;\"><strong>Alter<\/strong><\/span><\/td>\n<td style=\"text-align: center;\" width=\"42\"><span style=\"font-family: times new roman, times, serif; font-size: 10pt;\"><strong>Stand<\/strong><\/span><\/td>\n<\/tr>\n<tr>\n<td style=\"text-align: center;\" width=\"30\"><span style=\"font-family: times new roman, times, serif; font-size: 10pt;\">1<\/span><\/td>\n<td width=\"147\"><span style=\"font-family: times new roman, times, serif; font-size: 10pt;\">Johann Ernst<\/span><\/td>\n<td style=\"text-align: center;\" width=\"62\"><span style=\"font-family: times new roman, times, serif; font-size: 10pt;\">03.03.1806<\/span><\/td>\n<td style=\"text-align: center;\" width=\"67\"><span style=\"font-family: times new roman, times, serif; font-size: 10pt;\">08.03.1806<\/span><\/td>\n<td style=\"text-align: center;\" width=\"72\"><\/td>\n<td style=\"text-align: center;\" width=\"63\"><\/td>\n<td style=\"text-align: center;\" width=\"64\"><\/td>\n<td style=\"text-align: center;\" width=\"40\"><\/td>\n<td style=\"text-align: center;\" width=\"42\"><\/td>\n<\/tr>\n<tr>\n<td style=\"text-align: center;\"><span style=\"font-family: times new roman, times, serif; font-size: 10pt;\">2<\/span><\/td>\n<td><span style=\"font-family: times new roman, times, serif; font-size: 10pt;\">Katharina Elisabeth<\/span><\/td>\n<td style=\"text-align: center;\"><span style=\"font-family: times new roman, times, serif; font-size: 10pt;\">30.09.1807<\/span><\/td>\n<td style=\"text-align: center;\"><span style=\"font-family: times new roman, times, serif; font-size: 10pt;\">04.10.1807<\/span><\/td>\n<td style=\"text-align: center;\"><\/td>\n<td style=\"text-align: center;\"><\/td>\n<td style=\"text-align: center;\"><\/td>\n<td style=\"text-align: center;\"><\/td>\n<td style=\"text-align: center;\"><\/td>\n<\/tr>\n<tr>\n<td style=\"text-align: center;\"><span style=\"font-family: times new roman, times, serif; font-size: 10pt;\">3<\/span><\/td>\n<td><span style=\"font-family: times new roman, times, serif; font-size: 10pt;\">Johannetta Maria<\/span><\/td>\n<td style=\"text-align: center;\"><span style=\"font-family: times new roman, times, serif; font-size: 10pt;\">29.06.1809<\/span><\/td>\n<td style=\"text-align: center;\"><span style=\"font-family: times new roman, times, serif; font-size: 10pt;\">02.07.1809<\/span><\/td>\n<td style=\"text-align: center;\"><\/td>\n<td style=\"text-align: center;\"><\/td>\n<td style=\"text-align: center;\"><\/td>\n<td style=\"text-align: center;\"><\/td>\n<td style=\"text-align: center;\"><\/td>\n<\/tr>\n<tr>\n<td style=\"text-align: center;\"><span style=\"font-family: times new roman, times, serif; font-size: 10pt;\">4<\/span><\/td>\n<td><span style=\"font-family: times new roman, times, serif; font-size: 10pt;\">Johann Friedrich<\/span><\/td>\n<td style=\"text-align: center;\"><span style=\"font-family: times new roman, times, serif; font-size: 10pt;\">20.07.1811<\/span><\/td>\n<td style=\"text-align: center;\"><span style=\"font-family: times new roman, times, serif; font-size: 10pt;\">24.07.1811<\/span><\/td>\n<td style=\"text-align: center;\"><\/td>\n<td style=\"text-align: center;\"><\/td>\n<td style=\"text-align: center;\"><\/td>\n<td style=\"text-align: center;\"><\/td>\n<td style=\"text-align: center;\"><\/td>\n<\/tr>\n<tr>\n<td style=\"text-align: center;\"><span style=\"font-family: times new roman, times, serif; font-size: 10pt;\">5<\/span><\/td>\n<td><span style=\"font-family: times new roman, times, serif; font-size: 10pt;\">Johann Philipp<\/span><\/td>\n<td style=\"text-align: center;\"><span style=\"font-family: times new roman, times, serif; font-size: 10pt;\">22.03.1813<\/span><\/td>\n<td style=\"text-align: center;\"><span style=\"font-family: times new roman, times, serif; font-size: 10pt;\">28.03.1813<\/span><\/td>\n<td style=\"text-align: center;\"><\/td>\n<td style=\"text-align: center;\"><span style=\"font-family: times new roman, times, serif; font-size: 10pt;\">01.08.1813<\/span><\/td>\n<td style=\"text-align: center;\"><span style=\"font-family: times new roman, times, serif; font-size: 10pt;\">04.08.1813<\/span><\/td>\n<td style=\"text-align: center;\"><span style=\"font-family: times new roman, times, serif; font-size: 10pt;\">0,36<\/span><\/td>\n<td style=\"text-align: center;\"><\/td>\n<\/tr>\n<tr>\n<td style=\"text-align: center;\"><span style=\"font-family: times new roman, times, serif; font-size: 10pt;\">6<\/span><\/td>\n<td><span style=\"font-family: times new roman, times, serif; font-size: 10pt;\">Katharina Wilhelmina<br \/>\n<\/span><\/td>\n<td style=\"text-align: center;\"><span style=\"font-family: times new roman, times, serif; font-size: 10pt;\">22.07.1814<\/span><\/td>\n<td style=\"text-align: center;\"><span style=\"font-family: times new roman, times, serif; font-size: 10pt;\">24.07.1814<\/span><\/td>\n<td style=\"text-align: center;\"><\/td>\n<td style=\"text-align: center;\"><\/td>\n<td style=\"text-align: center;\"><\/td>\n<td style=\"text-align: center;\"><\/td>\n<td style=\"text-align: center;\"><span style=\"font-family: times new roman, times, serif; font-size: 10pt;\">verh.<\/span><\/td>\n<\/tr>\n<tr>\n<td style=\"text-align: center;\"><span style=\"font-family: times new roman, times, serif; font-size: 10pt;\">7<\/span><\/td>\n<td><span style=\"font-family: times new roman, times, serif; font-size: 10pt;\">Johann Henrich<\/span><\/td>\n<td style=\"text-align: center;\"><span style=\"font-family: times new roman, times, serif; font-size: 10pt;\">25.12.1816<\/span><\/td>\n<td style=\"text-align: center;\"><span style=\"font-family: times new roman, times, serif; font-size: 10pt;\">27.12.1816<\/span><\/td>\n<td style=\"text-align: center;\"><\/td>\n<td style=\"text-align: center;\"><span style=\"font-family: times new roman, times, serif; font-size: 10pt;\">28.12.1816<\/span><\/td>\n<td style=\"text-align: center;\"><\/td>\n<td style=\"text-align: center;\"><span style=\"font-family: times new roman, times, serif; font-size: 10pt;\">0,01<\/span><\/td>\n<td style=\"text-align: center;\"><\/td>\n<\/tr>\n<\/tbody>\n<\/table>\n<p style=\"text-align: justify;\"><span style=\"font-family: times new roman, times, serif; font-size: 10pt;\">Kind Nr. 6) 28.07.1844 Braubach mit Karl Christian Wilhelm Neuhaus, K\u00fcfer in Braubach (* 20.03.1804 Braubach; + 14.03.1855 Braubach; Eltern: Philipp Heinrich Neuhaus, K\u00fcfer, und Johanna Sophia Elisabeth geb. Himmroth)<\/span><\/p>\n<p style=\"text-align: justify;\"><span style=\"font-family: times new roman, times, serif; font-size: 10pt;\"><strong>Paten: zu 1) <\/strong><em>Ernestina Henrietta Pfeifferin, meine, des zeit[lichen] Pfarrers, \u00e4lteste Tochter; 2) Johann Georg Kuntz, Joh[ann] Adam Kuntzen \u00e4ltester Sohn und Bruder von der Mutter; u. 3) Johann Friederich Crecelius, Heinrich Phil[lipp] Crecelii j\u00fcngster Sohn; sind alle von hier \u2014 <\/em><strong>zu 2) <\/strong><em>1) Catharina Elisabetha R\u00f6hrigin, Joh[ann] Phil[lipp] R\u00f6hrigs &lt;&#8230;&gt; Tochter; 2) Catharina Elisabetha Kuntzin, der Mutter Schwester und Joh[ann] Adam Kunzen zweit\u00e4lteste Tochter; u. 3) Johann Anton Metz, Joh[ann] Gottfried Metzen dritt\u00e4ltester Sohn \u2014 <\/em><strong>zu 3) <\/strong><em>1) Maria Elisabetha L\u00f6wensteinin, Joh[ann] Heinrich L\u00f6wensteins, Kirchensenioris, \u00e4lteste Tochter; 2) Johannetta Jacobina, Joh[ann] Wilhelm Mauls, Burgers u. Schneidermeisters in Nassau, zweit\u00e4lteste Tochter; u. 3) Carl Philipp Kuntz, des hier gestorbenen Joh[ann] Peter Kuntzen, gewesenen b\u00fcrgerlichen Einwohners u. Kirchen\u00e4ltesten nachgela\u00dfener \u00e4ltester Sohn \u2014 <\/em><strong>zu 4) <\/strong><em>1) Johann Georg Mangold von hier; 2) Georg Friederich Gensmann, auch von hier; und 3) Elisabetha Catharina M\u00fcllerin, Philipp Heinrich M\u00fcllers, M\u00fcllers bei Braubach, Ehefrau \u2014 <\/em><strong>zu 5) <\/strong><em>1) Johann Philipp \u2026, Burger und Wirth auf dem Bad Embs; 2) Johann Friederich M\u00fcller, b\u00fcrgerlicher Einwohner von hier; u. 3) Maria Elisabetha Wagnerin, des hier gestorbenen b\u00fcrger[lichen] Einwohners Joh[ann] Philipp Wagners nachgelasene Wittwe \u2014 <\/em><strong>zu 6) <\/strong><em>Maria Catharina Adlerin, des Philipp Gottfried Adlers j\u00fcngste Tochter; 2) Johann Wilhelm M\u00fcller, H[errn] Johannes M\u00fcllers, herrschafftlichen J\u00e4gers \u2026 Sohn; 3) Catharina Maria Crecelius, des Andreas Crecelius aelteste Tochter \u2014 <\/em><strong>zu 7) <\/strong><em>Johann Henrich Metz von hier<\/em><\/span><\/p>\n<hr \/>\n<p><span style=\"font-size: 10pt; font-family: times new roman, times, serif;\"><b>Letztes Update: 13. August 2022<\/b><\/span><br \/>\n<span style=\"font-size: 10pt; font-family: times new roman, times, serif;\"><b>Ralph Jackmuth<\/b><\/span><\/p>\n","protected":false},"excerpt":{"rendered":"<p>Elberskirch, Johann Georg: am 08.12.1771 zum Schulthei\u00df in Fr\u00fccht ernannt (HHStAW, Abt. 3\/8, Nr. 9, fol. 24r); *\/gt. 15.09.1716 Schweighausen; konf. 15.04.1729 Schweighausen; + 16.10.1804 Fr\u00fccht an der Wassersucht (bg. 19.10.), 88 Jahre, 1 Monat und 1 Tag alt; Eltern: Johann Ludwig Elberskirch oo II. 18.12.1716 Schweighausen mit Anna Margaretha geb. Kraft oo 08.08.1775 Fr\u00fccht &hellip; <a href=\"https:\/\/www.ahnenforschung-jackmuth.de\/?page_id=4631\" class=\"more-link\"><span class=\"screen-reader-text\">\u201eOFB Fr\u00fccht 1707-1817 &#8211; Elberskirch\u201c<\/span> weiterlesen<\/a><\/p>\n","protected":false},"author":1,"featured_media":0,"parent":0,"menu_order":0,"comment_status":"closed","ping_status":"closed","template":"","meta":{"footnotes":""},"class_list":["post-4631","page","type-page","status-publish","hentry"],"_links":{"self":[{"href":"https:\/\/www.ahnenforschung-jackmuth.de\/index.php?rest_route=\/wp\/v2\/pages\/4631","targetHints":{"allow":["GET"]}}],"collection":[{"href":"https:\/\/www.ahnenforschung-jackmuth.de\/index.php?rest_route=\/wp\/v2\/pages"}],"about":[{"href":"https:\/\/www.ahnenforschung-jackmuth.de\/index.php?rest_route=\/wp\/v2\/types\/page"}],"author":[{"embeddable":true,"href":"https:\/\/www.ahnenforschung-jackmuth.de\/index.php?rest_route=\/wp\/v2\/users\/1"}],"replies":[{"embeddable":true,"href":"https:\/\/www.ahnenforschung-jackmuth.de\/index.php?rest_route=%2Fwp%2Fv2%2Fcomments&post=4631"}],"version-history":[{"count":0,"href":"https:\/\/www.ahnenforschung-jackmuth.de\/index.php?rest_route=\/wp\/v2\/pages\/4631\/revisions"}],"wp:attachment":[{"href":"https:\/\/www.ahnenforschung-jackmuth.de\/index.php?rest_route=%2Fwp%2Fv2%2Fmedia&parent=4631"}],"curies":[{"name":"wp","href":"https:\/\/api.w.org\/{rel}","templated":true}]}}