{"id":4626,"date":"2020-08-19T11:11:36","date_gmt":"2020-08-19T11:11:36","guid":{"rendered":"http:\/\/www.ahnenforschung-jackmuth.de\/?page_id=4626"},"modified":"2023-08-16T19:29:20","modified_gmt":"2023-08-16T19:29:20","slug":"ofb-fruecht-1707-1817-ehewald-ewald","status":"publish","type":"page","link":"https:\/\/www.ahnenforschung-jackmuth.de\/?page_id=4626","title":{"rendered":"OFB Fr\u00fccht 1615-1817 &#8211; Ehewald\/Ewald"},"content":{"rendered":"<p style=\"text-align: justify;\"><span style=\"font-family: times new roman, times, serif; font-size: 10pt;\"><span style=\"color: #ff0000;\"><strong><u>Ehewald\/Ewald<\/u><\/strong><strong>, Johann Peter:<\/strong><\/span> Dienstknecht (1744), Kuhhirt (1748); + 14.09.1768 Fr\u00fccht (bg. 16.09.), 56 Jahre alt; Eltern evtl.: Johann Georg Ewald, Zimmermann in Ems, und Anna Magdalena geb. Dill<\/span><\/p>\n<p style=\"text-align: justify;\">\u00a0<span style=\"font-family: times new roman, times, serif; font-size: 10pt;\"><strong>oo 11.03.1744 Fr\u00fccht<\/strong>, privatim (<em>mit Genehmhaltung gn\u00e4digster Herrschafft nach vorher geschehener fleisch[licher] Vermischung bey einer Bu\u00df-Sermon<\/em>) mit <strong><u>Ottersbach<\/u>, Maria Katharina:<\/strong> in den Taufeintr\u00e4gen 1747 und 1751 \u201eSophia Katharina\u201c; * 14.04.1712 Fr\u00fccht (gt. 17.04.); konf. 28.04.1726; bg. 05.04.1789 Fr\u00fccht an Entkr\u00e4ftung; Eltern: Johann Jakob Ottersbach und Anna Sophia geb. Dinges<\/span><\/p>\n<table>\n<tbody>\n<tr>\n<td style=\"text-align: center;\" width=\"30\"><span style=\"font-family: times new roman, times, serif; font-size: 10pt;\"><strong>Nr.<\/strong><\/span><\/td>\n<td width=\"147\"><span style=\"font-family: times new roman, times, serif; font-size: 10pt;\"><strong>Vorname (normiert)<\/strong><\/span><\/td>\n<td style=\"text-align: center;\" width=\"62\"><span style=\"font-family: times new roman, times, serif; font-size: 10pt;\"><strong>*<\/strong><\/span><\/td>\n<td style=\"text-align: center;\" width=\"67\"><span style=\"font-family: times new roman, times, serif; font-size: 10pt;\"><strong>gt.<\/strong><\/span><\/td>\n<td style=\"text-align: center;\" width=\"72\"><span style=\"font-family: times new roman, times, serif; font-size: 10pt;\"><strong>konf.<\/strong><\/span><\/td>\n<td style=\"text-align: center;\" width=\"63\"><span style=\"font-family: times new roman, times, serif; font-size: 10pt;\"><strong>+<\/strong><\/span><\/td>\n<td style=\"text-align: center;\" width=\"64\"><span style=\"font-family: times new roman, times, serif; font-size: 10pt;\"><strong>bg.<\/strong><\/span><\/td>\n<td style=\"text-align: center;\" width=\"40\"><span style=\"font-family: times new roman, times, serif; font-size: 10pt;\"><strong>Alter<\/strong><\/span><\/td>\n<td style=\"text-align: center;\" width=\"42\"><span style=\"font-family: times new roman, times, serif; font-size: 10pt;\"><strong>Stand<\/strong><\/span><\/td>\n<\/tr>\n<tr>\n<td style=\"text-align: center;\" width=\"30\"><span style=\"font-family: times new roman, times, serif; font-size: 10pt;\">1<\/span><\/td>\n<td width=\"147\"><span style=\"font-family: times new roman, times, serif; font-size: 10pt;\">Johann Valentin<\/span><\/td>\n<td style=\"text-align: center;\" width=\"62\"><span style=\"font-family: times new roman, times, serif; font-size: 10pt;\">23.01.1744<\/span><\/td>\n<td style=\"text-align: center;\" width=\"67\"><span style=\"font-family: times new roman, times, serif; font-size: 10pt;\">26.01.1744<\/span><\/td>\n<td style=\"text-align: center;\" width=\"72\"><\/td>\n<td style=\"text-align: center;\" width=\"63\"><span style=\"font-family: times new roman, times, serif; font-size: 10pt;\">23.07.1748<\/span><\/td>\n<td style=\"text-align: center;\" width=\"64\"><\/td>\n<td style=\"text-align: center;\" width=\"40\"><span style=\"font-family: times new roman, times, serif; font-size: 10pt;\">4,50<\/span><\/td>\n<td style=\"text-align: center;\" width=\"42\"><\/td>\n<\/tr>\n<tr>\n<td style=\"text-align: center;\"><span style=\"font-family: times new roman, times, serif; font-size: 10pt;\">2<\/span><\/td>\n<td><span style=\"font-family: times new roman, times, serif; font-size: 10pt;\">Maria Elisabeth<\/span><\/td>\n<td style=\"text-align: center;\"><span style=\"font-family: times new roman, times, serif; font-size: 10pt;\">01.04.1747<\/span><\/td>\n<td style=\"text-align: center;\"><\/td>\n<td style=\"text-align: center;\"><span style=\"font-family: times new roman, times, serif; font-size: 10pt;\">10.05.1761<\/span><\/td>\n<td style=\"text-align: center;\"><span style=\"font-family: times new roman, times, serif; font-size: 10pt;\">28.03.1810<\/span><\/td>\n<td style=\"text-align: center;\"><\/td>\n<td style=\"text-align: center;\"><span style=\"font-family: times new roman, times, serif; font-size: 10pt;\">63,03<\/span><\/td>\n<td style=\"text-align: center;\"><span style=\"font-family: times new roman, times, serif; font-size: 10pt;\">verh.<\/span><\/td>\n<\/tr>\n<tr>\n<td style=\"text-align: center;\"><span style=\"font-family: times new roman, times, serif; font-size: 10pt;\">3<\/span><\/td>\n<td><span style=\"font-family: times new roman, times, serif; font-size: 10pt;\">Maria Magdalena<\/span><\/td>\n<td style=\"text-align: center;\"><span style=\"font-family: times new roman, times, serif; font-size: 10pt;\">26.11.1749<\/span><\/td>\n<td style=\"text-align: center;\"><span style=\"font-family: times new roman, times, serif; font-size: 10pt;\">28.11.1749<\/span><\/td>\n<td style=\"text-align: center;\"><\/td>\n<td style=\"text-align: center;\"><span style=\"font-family: times new roman, times, serif; font-size: 10pt;\">26.12.1753<\/span><\/td>\n<td style=\"text-align: center;\"><span style=\"font-family: times new roman, times, serif; font-size: 10pt;\">28.12.1753<\/span><\/td>\n<td style=\"text-align: center;\"><span style=\"font-family: times new roman, times, serif; font-size: 10pt;\">4,08<\/span><\/td>\n<td style=\"text-align: center;\"><\/td>\n<\/tr>\n<tr>\n<td style=\"text-align: center;\"><span style=\"font-family: times new roman, times, serif; font-size: 10pt;\">4<\/span><\/td>\n<td><span style=\"font-family: times new roman, times, serif; font-size: 10pt;\">Johann Anton<\/span><\/td>\n<td style=\"text-align: center;\"><span style=\"font-family: times new roman, times, serif; font-size: 10pt;\">26.07.1751<\/span><\/td>\n<td style=\"text-align: center;\"><span style=\"font-family: times new roman, times, serif; font-size: 10pt;\">28.07.1751<\/span><\/td>\n<td style=\"text-align: center;\"><span style=\"font-family: times new roman, times, serif; font-size: 10pt;\">04.04.1765<\/span><\/td>\n<td style=\"text-align: center;\"><\/td>\n<td style=\"text-align: center;\"><\/td>\n<td style=\"text-align: center;\"><\/td>\n<td style=\"text-align: center;\"><span style=\"font-family: times new roman, times, serif; font-size: 10pt;\">verh.<\/span><\/td>\n<\/tr>\n<tr>\n<td style=\"text-align: center;\"><span style=\"font-family: times new roman, times, serif; font-size: 10pt;\">5<\/span><\/td>\n<td><span style=\"font-family: times new roman, times, serif; font-size: 10pt;\">Johann Philipp<\/span><\/td>\n<td style=\"text-align: center;\"><span style=\"font-family: times new roman, times, serif; font-size: 10pt;\">02.08.1754<\/span><\/td>\n<td style=\"text-align: center;\"><\/td>\n<td style=\"text-align: center;\"><\/td>\n<td style=\"text-align: center;\"><span style=\"font-family: times new roman, times, serif; font-size: 10pt;\">15.04.1760<\/span><\/td>\n<td style=\"text-align: center;\"><\/td>\n<td style=\"text-align: center;\"><span style=\"font-family: times new roman, times, serif; font-size: 10pt;\">5,71<\/span><\/td>\n<td style=\"text-align: center;\"><\/td>\n<\/tr>\n<\/tbody>\n<\/table>\n<p style=\"text-align: justify;\"><span style=\"font-family: times new roman, times, serif; font-size: 10pt;\">Kind Nr. 1) zun\u00e4chst illeg.), + an den Pocken<br \/>\n<\/span><span style=\"font-family: times new roman, times, serif; font-size: 10pt;\">Kind Nr. 2) + <em>an einer geschwollenen inwendig verfaulten &lt;&#8230;&gt; Mund graulich hangenden Zunge, stumm und verschmachtet<\/em>; oo xx.04.1777 mit Johann Peter Mangold<br \/>\n<\/span><span style=\"font-family: times new roman, times, serif; font-size: 10pt;\">Kind Nr. 3) + an den Pocken<br \/>\n<\/span><span style=\"font-family: times new roman, times, serif; font-size: 10pt;\">Kind Nr. 4) oo 25.10.1774 mit Maria Magdalena Schmidt (* 07.05.1749 Becheln; Tochter des Johann Anton Schmidt)<br \/>\n<\/span><span style=\"font-family: times new roman, times, serif; font-size: 10pt;\">Kind Nr. 5) + an den Pocken<\/span><\/p>\n<p style=\"text-align: justify;\"><span style=\"font-family: times new roman, times, serif; font-size: 10pt;\"><strong>Paten: zu 1) <\/strong><em>Joh[ann] Valentin Wagener; Anna Ottilia, des Joh[annes] Thorisch hinterla\u00dfene Wittib \u2014 <\/em><strong>zu 2) <\/strong><em>Joh[ann] Henrich Koch von Buch, ein Knecht allhir; Anna Elisabetha, Joh[ann] Georg Ehewalds Tochter von Embs; und Maria Elisabetha, Joh[annes] Friesenhahns Tochter von Gei\u00dfig \u2014 <\/em><strong>zu 3) <\/strong><em>Joh[ann] Gottfried Sch\u00fctz, Philip Eberhards Sch\u00fctzen Sohn; Maria Margaretha Anselin, Joh[ann] Philips Ansels Tochter; und Maria Magdalena, Philips Gottfried Mangolts Tochter \u2014 <\/em><strong>zu 4) <\/strong><em>Joh[ann] Anthon Ottersbach, k\u00f6nig[liche]r preusischer Drago&lt;ner&gt;, der Mutter Bruder; und Joh[ann] Conrad Wagener, allhiesiger Einwohner; und Maria Catharina Sch\u00fctzin, Joh[ann] Valentin Sch\u00fctzens j\u00fcngste Tochter \u2014 <\/em><strong>zu 5) <\/strong><em>Joh[ann] Philips Mangold, Philips Gottfried Mangolds Sohn; Joh[ann] Matth\u00e4s Sch\u00fctz, Joh[ann] Wilhelm Sch\u00fctzen Sohn; Maria Elisabetha \u2026din; s\u00e4mt[lich] von hier zu Fr\u00fccht<\/em><\/span><\/p>\n<hr \/>\n<p><span style=\"font-family: times new roman, times, serif; font-size: 10pt;\"><strong>Weitere Belege: Gerichtsbuch Fr\u00fccht<\/strong> (HHStAW, Abt. 3\/8, Nr. 9)<\/span><\/p>\n<p><span style=\"font-family: times new roman, times, serif; font-size: 10pt;\"><strong>12. Januar 1769 \u2014 Die Witwe Ehewald zu Fr\u00fccht leiht sich von Johann Georg R\u00f6hrig 18 Rtl. und stellt ihm daf\u00fcr zwei G\u00fcterst\u00fccke als Sicherheit, die er als Zinsersatz bis zur Abzahlung des Kapitals verwenden solle<\/strong><\/span><\/p>\n<p><span style=\"font-family: times new roman, times, serif; font-size: 10pt;\">[fol. 283r] <em>Actum Fr\u00fccht, den 12ten Januarij 1769.<\/em><\/span><\/p>\n<p style=\"text-align: justify;\"><span style=\"font-family: times new roman, times, serif; font-size: 10pt;\"><em>Erschiene Wittib Ehewalt dahier zu Fr\u00fccht und stellte gerichtlich vor, wasmassen Johann Georg R\u00f6hrig dahier ihr die Gef\u00e4lligkeit gethan und zu ihrem Nutzen 18 Rtl. g\u00fctlich nach und nach vorgeliehen, weshalben sie \u00fcber den Empfang der 18 Rthlr bestens quittire und der Ausflucht nicht bezahlten Geldes bestens sich begeben haben wolle. Damit aber ihr Creditor Joh[ann] Georg R\u00f6hrig sowohl Capitals, als Intre[ss]en v\u00f6llig gesichtert seye, so \u00fcbergibt Debitoris nachfolgende G\u00fctherst\u00fccke al\u00df<\/em><\/span><\/p>\n<ul>\n<li><span style=\"font-family: times new roman, times, serif; font-size: 10pt;\"><em>ein St\u00fcck auf dem K\u00f6ppell <\/em>[Auf dem Kippel]<em>, 1 halb Achtell Saat, t[ermt] oben Friedrich Mangoldt, unten Meze Gebr\u00fcder, 8 [Rtl.]<\/em><\/span><\/li>\n<li><span style=\"font-family: times new roman, times, serif; font-size: 10pt;\"><em>ein St\u00fcck im grosse Feld, ein halb Achtell Saat, t[ermt] oben Friedrich Becker, unten Conradt Wagners W[i]tt[i]b, 10 [Rtl.]<\/em><\/span><\/li>\n<\/ul>\n<p style=\"text-align: justify;\"><span style=\"font-family: times new roman, times, serif; font-size: 10pt;\"><em>zu einem sichern Unterpfandt allso und dergestalten, da\u00df der Creditor obbbemeldte G\u00fcther so lange vor die Intre[ss]en benutze, bis Debitorin das Capital a 18 Rthlr abgef\u00fchret, iedoch vorbehaltlich, da\u00df ein St\u00fcck nach dem andern, wie obgesetzt, eingel\u00f6set werden k\u00f6nne, insoferne die Schor aus dem Felde. Urkundlich ist dieser Versatz allhiesigen Gerichtsprotocoll eingeschrieben und Creditori ein Extract daraus ertheilet worden.<\/em><\/span><\/p>\n<p><span style=\"font-family: times new roman, times, serif; font-size: 10pt;\"><em>Actum ut supra.<\/em><\/span><\/p>\n<hr \/>\n<p style=\"text-align: justify;\"><span style=\"font-family: times new roman, times, serif; font-size: 10pt;\"><strong>24. Februar 1769 \u2014 Die Witwe Ehewald zu Fr\u00fccht leiht sich von Johann Georg R\u00f6hrig 10 Rtl. und stellt ihm daf\u00fcr ein G\u00fcterst\u00fcck als Sicherheit, die er als Zinsersatz bis zur Abzahlung des Kapitals verwenden soll.<\/strong><\/span><\/p>\n<p><span style=\"font-family: times new roman, times, serif; font-size: 10pt;\">[fol. 283v]<em> Actum Fr\u00fccht, den 24ten Febr[uarii] 1769.<\/em><\/span><\/p>\n<p style=\"text-align: justify;\"><span style=\"font-family: times new roman, times, serif; font-size: 10pt;\"><em>Erschiene Peter Ehewalds W[i]tt[i]b dahier und bekennete gerichtlich vor sich und ihre Erben, wie sie von Johann Georg R\u00f6hrig 10 Rtlhr entlehnet und baar empfangen, weshalben sie \u00fcber dessen Empfang bestens quittire. Damit aber ihr Creditor Georg R\u00f6hrig sowohl Capitals, al\u00df Intre[ss]en gesichert, so setzet Debitorin ein St\u00fcck in denen Eichenst\u00fccker, einerseits Creditor selbsten, anderseits Friedrich Metz, 1 halb Achtell Saat, zu einem sichern Unterpfandt also und dergestallten, da\u00df der Creditor ersagtes St\u00fcck bis zum v\u00f6lligen Abtrag des Capitals vor die Intre[ss]en benutzen solle. Urkund[lich] ist dieser Versatz allhiesigem Gerichtsbuch einverleibet und dem Creditori ein gleichlautender Extract daraus ertheilt worden.<\/em><\/span><\/p>\n<p><span style=\"font-family: times new roman, times, serif; font-size: 10pt;\"><em>So geschehen ut supra.<\/em><\/span><\/p>\n<hr \/>\n<p style=\"text-align: justify;\"><span style=\"font-family: times new roman, times, serif; font-size: 10pt;\"><strong> 22. M\u00e4rz 1770 \u2014 Die Witwe des Peter Ehewald zu Fr\u00fccht leiht sich von Johann Georg R\u00f6hrig 5 Rtl. und bietet daf\u00fcr eine Wiese al Sicherheit, damit der Kreditor sie als Zinsersatz ben\u00fctze.<\/strong><\/span><\/p>\n<p><span style=\"font-family: times new roman, times, serif; font-size: 10pt;\">[fol. 284v] <em>Actum Fr\u00fccht, den 22ten Mertz 1770.<\/em><\/span><\/p>\n<p style=\"text-align: justify;\"><span style=\"font-family: times new roman, times, serif; font-size: 10pt;\"><em>Erschiene Peter Ehwalds W[i]tt[i]b dahier und bekennet vor sich und ihre Erben, wie sie von Joh[ann] Georg R\u00f6hrig f\u00fcnff Rthlr entlehnet und baar empfangen, weshalben sie \u00fcber dessen Empfangs besten quittire. Damit aber ihr Creditor Georg Rohrig dahier sowohl Capitals, al\u00df Intre[ss]en v\u00f6llig gesichert, so setzet Debitorin eine Wiese in denen Grommetswiesen <\/em>[In der Grummetwies]<em>, t[ermt] unten Loewensteins W[i]tt[i]b, oben Georg R\u00f6hrig selbsten, zu einem sichern Unterpfandt ein, allso und dergestallten, da\u00df der Creditor ersagte Wie\u00df bis zum v\u00f6lligen Abtrags des Capitals vor die Intre[ss]en benutze. Urkund[lich] ist dieser Versatz dem allhiesigen Gerichtsprocotoll einverleibet worden.<\/em><\/span><\/p>\n<p><span style=\"font-family: times new roman, times, serif; font-size: 10pt;\"><em>Geschehen ut supra.<\/em><\/span><\/p>\n<p style=\"text-align: justify;\"><span style=\"font-family: times new roman, times, serif; font-size: 10pt;\"><strong> 8. M\u00e4rz 1770 \u2014 Die Witwe des Peter Ehewald leiht sich von Johann Georg R\u00f6hrig 8 Rtl. und setzt eine Wiese als Sicherheit, die dieser als Zinsersatz benutzen solle.<\/strong><\/span><\/p>\n<p><span style=\"font-family: times new roman, times, serif; font-size: 10pt;\">[fol. 285r] <em>Actum Fr\u00fccht, den 8ten Mertz 1770.<\/em><\/span><\/p>\n<p style=\"text-align: justify;\"><span style=\"font-family: times new roman, times, serif; font-size: 10pt;\"><em>Erschiene Peter Ehewalds W[i]t[ti]b dahier und bekennet vor sich und ihre Erben, wie sie von Joh[ann] Georg R\u00f6hrig 8 Rthlr, schreibe acht Rthlr entlehnet und baar empfangen, weshalben sie \u00fcber dessen Empfang bestens quittire. Damit aber ihr Creditor Georg R\u00f6hrig dahier sowohl Capitals, al\u00df Inre[ss]en vollig gesichert, so sezet Debitorin eine Wiesse in dem Weickert, t[ermt] Georg R\u00f6hrig und Anton Mangold, zu einem sichern Unterpfandt ein also und dergestalten, da\u00df der Creditor ersagte Wiese bis zum v\u00f6lligen Abtrag des Capitals vor die Intre[ss]en benutze. Urkund[lich] ist dieser Versatz dem allhiesigen Gerichtsprotocoll einverleibet worden.<\/em><\/span><\/p>\n<p><span style=\"font-family: times new roman, times, serif; font-size: 10pt;\"><em>Geschehen ut supra.<\/em><\/span><\/p>\n<hr \/>\n<p style=\"text-align: justify;\"><span style=\"font-family: times new roman, times, serif; font-size: 10pt;\"><span style=\"color: #ff0000;\"><strong><u>Ehewald\/Ewald<\/u><\/strong><strong>, Johann Anton:<\/strong> <\/span>* 26.07.1751 Fr\u00fccht (gt. 28.07.); konf. 04.04.1765; Eltern: Johann Peter Ehewald\/Ewald und Maria Katharina geb. Ottersbach<\/span><\/p>\n<p style=\"text-align: justify;\"><span style=\"font-family: times new roman, times, serif; font-size: 10pt;\"><strong>oo 25.10.1774 Fr\u00fccht<\/strong> mit <strong><u>Schmidt<\/u>, Maria Magdalena:<\/strong> wohl * 07.05.1752 Becheln (gt. 09.05.); Eltern: Anton Schmidt und Maria Katharina<\/span><\/p>\n<table>\n<tbody>\n<tr>\n<td style=\"text-align: center;\" width=\"30\"><span style=\"font-family: times new roman, times, serif; font-size: 10pt;\"><strong>Nr.<\/strong><\/span><\/td>\n<td width=\"147\"><span style=\"font-family: times new roman, times, serif; font-size: 10pt;\"><strong>Vorname (normiert)<\/strong><\/span><\/td>\n<td style=\"text-align: center;\" width=\"62\"><span style=\"font-family: times new roman, times, serif; font-size: 10pt;\"><strong>*<\/strong><\/span><\/td>\n<td style=\"text-align: center;\" width=\"67\"><span style=\"font-family: times new roman, times, serif; font-size: 10pt;\"><strong>gt.<\/strong><\/span><\/td>\n<td style=\"text-align: center;\" width=\"72\"><span style=\"font-family: times new roman, times, serif; font-size: 10pt;\"><strong>konf.<\/strong><\/span><\/td>\n<td style=\"text-align: center;\" width=\"63\"><span style=\"font-family: times new roman, times, serif; font-size: 10pt;\"><strong>+<\/strong><\/span><\/td>\n<td style=\"text-align: center;\" width=\"64\"><span style=\"font-family: times new roman, times, serif; font-size: 10pt;\"><strong>bg.<\/strong><\/span><\/td>\n<td style=\"text-align: center;\" width=\"40\"><span style=\"font-family: times new roman, times, serif; font-size: 10pt;\"><strong>Alter<\/strong><\/span><\/td>\n<td style=\"text-align: center;\" width=\"42\"><span style=\"font-family: times new roman, times, serif; font-size: 10pt;\"><strong>Stand<\/strong><\/span><\/td>\n<\/tr>\n<tr>\n<td style=\"text-align: center;\" width=\"30\"><span style=\"font-family: times new roman, times, serif; font-size: 10pt;\">1<\/span><\/td>\n<td width=\"147\"><span style=\"font-family: times new roman, times, serif; font-size: 10pt;\">Maria Elisabeth<\/span><\/td>\n<td style=\"text-align: center;\" width=\"62\"><span style=\"font-family: times new roman, times, serif; font-size: 10pt;\">15.08.1778<\/span><\/td>\n<td style=\"text-align: center;\" width=\"67\"><span style=\"font-family: times new roman, times, serif; font-size: 10pt;\">19.08.1778<\/span><\/td>\n<td style=\"text-align: center;\" width=\"72\"><\/td>\n<td style=\"text-align: center;\" width=\"63\"><\/td>\n<td style=\"text-align: center;\" width=\"64\"><\/td>\n<td style=\"text-align: center;\" width=\"40\"><\/td>\n<td style=\"text-align: center;\" width=\"42\"><\/td>\n<\/tr>\n<\/tbody>\n<\/table>\n<p style=\"text-align: justify;\"><span style=\"font-family: times new roman, times, serif; font-size: 10pt;\"><strong>Paten: <\/strong><em>1) Johann Philipp R\u00f6hrig; 2) Maria Elisabetha, Johann Peter Mangolds Hausfrau von hier; und 3) Maria Elisabetha, Johann Anton Schmidts, hochf\u00fcrst[lich] nassauischen Schulthei\u00dfen in Becheln Hausfrau<\/em><\/span><\/p>\n<p style=\"text-align: justify;\"><span style=\"font-family: times new roman, times, serif; font-size: 10pt;\">Diese Familie wandert 1780 nach D\u00e4nemark aus (Frese\/Schaback: Fr\u00fccht, S. 129), s. a. unter M\u00fcller, Johann Gottfried<\/span><\/p>\n<hr \/>\n<p><span style=\"font-size: 10pt; font-family: times new roman, times, serif;\"><b>Letztes Update: 29. November 2022<\/b><\/span><br \/>\n<span style=\"font-size: 10pt; font-family: times new roman, times, serif;\"><b>Ralph Jackmuth<\/b><\/span><\/p>\n","protected":false},"excerpt":{"rendered":"<p>Ehewald\/Ewald, Johann Peter: Dienstknecht (1744), Kuhhirt (1748); + 14.09.1768 Fr\u00fccht (bg. 16.09.), 56 Jahre alt; Eltern evtl.: Johann Georg Ewald, Zimmermann in Ems, und Anna Magdalena geb. Dill \u00a0oo 11.03.1744 Fr\u00fccht, privatim (mit Genehmhaltung gn\u00e4digster Herrschafft nach vorher geschehener fleisch[licher] Vermischung bey einer Bu\u00df-Sermon) mit Ottersbach, Maria Katharina: in den Taufeintr\u00e4gen 1747 und 1751 \u201eSophia &hellip; <a href=\"https:\/\/www.ahnenforschung-jackmuth.de\/?page_id=4626\" class=\"more-link\"><span class=\"screen-reader-text\">\u201eOFB Fr\u00fccht 1615-1817 &#8211; Ehewald\/Ewald\u201c<\/span> weiterlesen<\/a><\/p>\n","protected":false},"author":1,"featured_media":0,"parent":0,"menu_order":0,"comment_status":"closed","ping_status":"closed","template":"","meta":{"footnotes":""},"class_list":["post-4626","page","type-page","status-publish","hentry"],"_links":{"self":[{"href":"https:\/\/www.ahnenforschung-jackmuth.de\/index.php?rest_route=\/wp\/v2\/pages\/4626","targetHints":{"allow":["GET"]}}],"collection":[{"href":"https:\/\/www.ahnenforschung-jackmuth.de\/index.php?rest_route=\/wp\/v2\/pages"}],"about":[{"href":"https:\/\/www.ahnenforschung-jackmuth.de\/index.php?rest_route=\/wp\/v2\/types\/page"}],"author":[{"embeddable":true,"href":"https:\/\/www.ahnenforschung-jackmuth.de\/index.php?rest_route=\/wp\/v2\/users\/1"}],"replies":[{"embeddable":true,"href":"https:\/\/www.ahnenforschung-jackmuth.de\/index.php?rest_route=%2Fwp%2Fv2%2Fcomments&post=4626"}],"version-history":[{"count":0,"href":"https:\/\/www.ahnenforschung-jackmuth.de\/index.php?rest_route=\/wp\/v2\/pages\/4626\/revisions"}],"wp:attachment":[{"href":"https:\/\/www.ahnenforschung-jackmuth.de\/index.php?rest_route=%2Fwp%2Fv2%2Fmedia&parent=4626"}],"curies":[{"name":"wp","href":"https:\/\/api.w.org\/{rel}","templated":true}]}}