{"id":4618,"date":"2020-08-19T11:01:58","date_gmt":"2020-08-19T11:01:58","guid":{"rendered":"http:\/\/www.ahnenforschung-jackmuth.de\/?page_id=4618"},"modified":"2024-05-08T10:01:19","modified_gmt":"2024-05-08T10:01:19","slug":"ofb-fruecht-1707-1817-diverse-c","status":"publish","type":"page","link":"https:\/\/www.ahnenforschung-jackmuth.de\/?page_id=4618","title":{"rendered":"OFB Fr\u00fccht 1615-1817 &#8211; Diverse C"},"content":{"rendered":"<p style=\"text-align: justify;\"><span style=\"font-family: times new roman, times, serif; font-size: 10pt;\"><span style=\"color: #ff0000;\"><strong>Caspar Michel:<\/strong><\/span> aus Ems; Fr\u00fccht, KB 1, Obligationen, pag. 29: Caspar Michel zu Ems und die Erben des Gangolf \u2026 schulden der Kirche in Fr\u00fccht 7 fl. zu 8 alb. 6 d. Zinsen j\u00e4hrlich, zahlbar auf Martini. Sicherheit: eine Wiese auf dem<em> Breiten Born<\/em>, oben grenzt Paulges Friederich, unten zu Scheffer Merten.<\/span><\/p>\n<hr \/>\n<p><span style=\"font-family: times new roman, times, serif; font-size: 10pt;\"><span style=\"color: #ff0000;\"><strong>Christ Simon: <\/strong><\/span>von Dausenau; als Zeuge gef\u00fchrt, s. u. <a href=\"http:\/\/www.ahnenforschung-jackmuth.de\/?page_id=10032\">Hans Langenbach<\/a><\/span><\/p>\n<hr \/>\n<p style=\"text-align: justify;\"><a name=\"christfreund\"><\/a><span style=\"font-family: times new roman, times, serif; font-size: 10pt;\"><span style=\"color: #ff0000;\"><strong><u>Christfreund<\/u><\/strong><strong>, Johann Philipp Peter:<\/strong>\u00a0<\/span>Schulmeister in Fr\u00fccht; Frese\/Schaback: Fr\u00fccht, S. 77 hierzu: <em>1798 bis 1811 wirkte Peter Christfreund hier. Er f\u00fchrte das nassauische Spruchbuch ein, ebenso die Sommerschule, da w\u00f6chentlich zweimal Schule gehalten wurde. \u2014 <\/em>* 24.08.1781 Dachsenhausen <em>\u2014<\/em> Eltern (OFB Dachsenhausen, Nr. 326): Philipp Justus Christfreund, Schulmeister in Dachsenhausen (03.10.1779 \u2013 31.10.1822), + 20.04.1828 Dachsenhausen, lt. Sterbeeintrag (Zivilregister) war er <em>geboren 1757 zu Leibnizka in dem \u00d6stereichischen gelegen <\/em>und lt. Kirchenbuch <em>geboren zu Leipnick in dem \u00d6stereichischen und zwar circa 1757 <\/em>(meint wohl Lipn\u00edk nad Be\u010dvou in Tschechien, deutsch: <em>Leipnik<\/em>, fr\u00fcher auch <em>Leibnik<\/em> oder <em>Leubnic<\/em>), der Verstorbene hatte keine Dokumente hinterlassen, woraus seine Eltern oder sonstige Familienverh\u00e4ltnisse zu ersehen gewesen w\u00e4ren, und wird als \u201eProsolit\u201c (Fremdling) eingestuft; nach den hessen-nassauischen Annalen von Dr. Hellmuth Gensicke soll er ein getaufter Jude gewesen sein (bisher aber nicht belegt), was den Familiennamen erkl\u00e4ren w\u00fcrde; oo 16.06.1780 Dachsenhausen mit Anna Elisabeth geb. M\u00f6tter (* 01.04.1761 Zippenhainer M\u00fchle (Pfarrei Dachsenhausen); + 15.06.1824 Dachsenhausen)<\/span><\/p>\n<p style=\"text-align: justify;\"><span style=\"font-family: times new roman, times, serif; font-size: 10pt;\"><strong>oo 04.09.1808 Fr\u00fccht<\/strong> mit <strong><u>L\u00f6wenstein<\/u>, Katharina Maria:<\/strong> * 31.01.1784 Fr\u00fccht (gt. 01.02.); konf. 25.12.1797; Eltern: Philipp Gottfried L\u00f6wenstein, Schulthei\u00df in Fr\u00fccht, und Maria Katharina geb. Becker<\/span><\/p>\n<table>\n<tbody>\n<tr>\n<td style=\"text-align: center;\" width=\"30\"><span style=\"font-family: times new roman, times, serif; font-size: 10pt;\"><strong>Nr.<\/strong><\/span><\/td>\n<td width=\"147\"><span style=\"font-family: times new roman, times, serif; font-size: 10pt;\"><strong>Vorname (normiert)<\/strong><\/span><\/td>\n<td style=\"text-align: center;\" width=\"62\"><span style=\"font-family: times new roman, times, serif; font-size: 10pt;\"><strong>*<\/strong><\/span><\/td>\n<td style=\"text-align: center;\" width=\"67\"><span style=\"font-family: times new roman, times, serif; font-size: 10pt;\"><strong>gt.<\/strong><\/span><\/td>\n<td style=\"text-align: center;\" width=\"72\"><span style=\"font-family: times new roman, times, serif; font-size: 10pt;\"><strong>konf.<\/strong><\/span><\/td>\n<td style=\"text-align: center;\" width=\"63\"><span style=\"font-family: times new roman, times, serif; font-size: 10pt;\"><strong>+<\/strong><\/span><\/td>\n<td style=\"text-align: center;\" width=\"64\"><span style=\"font-family: times new roman, times, serif; font-size: 10pt;\"><strong>bg.<\/strong><\/span><\/td>\n<td style=\"text-align: center;\" width=\"40\"><span style=\"font-family: times new roman, times, serif; font-size: 10pt;\"><strong>Alter<\/strong><\/span><\/td>\n<td style=\"text-align: center;\" width=\"42\"><span style=\"font-family: times new roman, times, serif; font-size: 10pt;\"><strong>Stand<\/strong><\/span><\/td>\n<\/tr>\n<tr>\n<td style=\"text-align: center;\" width=\"30\"><span style=\"font-family: times new roman, times, serif; font-size: 10pt;\">1<\/span><\/td>\n<td width=\"147\"><span style=\"font-family: times new roman, times, serif; font-size: 10pt;\">Johann Wilhelm<\/span><\/td>\n<td style=\"text-align: center;\" width=\"62\"><span style=\"font-family: times new roman, times, serif; font-size: 10pt;\">12.06.1809<\/span><\/td>\n<td style=\"text-align: center;\" width=\"67\"><span style=\"font-family: times new roman, times, serif; font-size: 10pt;\">18.06.1809<\/span><\/td>\n<td style=\"text-align: center;\" width=\"72\"><\/td>\n<td style=\"text-align: center;\" width=\"63\"><\/td>\n<td style=\"text-align: center;\" width=\"64\"><\/td>\n<td style=\"text-align: center;\" width=\"40\"><\/td>\n<td style=\"text-align: center;\" width=\"42\"><\/td>\n<\/tr>\n<tr>\n<td style=\"text-align: center;\"><span style=\"font-family: times new roman, times, serif; font-size: 10pt;\">2<\/span><\/td>\n<td><span style=\"font-family: times new roman, times, serif; font-size: 10pt;\">Maria Henrietta<\/span><\/td>\n<td style=\"text-align: center;\"><span style=\"font-family: times new roman, times, serif; font-size: 10pt;\">20.12.1810<\/span><\/td>\n<td style=\"text-align: center;\"><span style=\"font-family: times new roman, times, serif; font-size: 10pt;\">26.12.1810<\/span><\/td>\n<td style=\"text-align: center;\"><\/td>\n<td style=\"text-align: center;\"><\/td>\n<td style=\"text-align: center;\"><\/td>\n<td style=\"text-align: center;\"><\/td>\n<td style=\"text-align: center;\"><\/td>\n<\/tr>\n<\/tbody>\n<\/table>\n<p style=\"text-align: justify;\"><span style=\"font-family: times new roman, times, serif; font-size: 10pt;\"><strong>Paten: zu 1) <\/strong><em>1) Johann Georg Br\u00fchl von Braubach; 2) Maria Wilhelmina L\u00f6wensteinin von hier und Johann Gottfried Christfreund von Dachsenhausen \u2014 <\/em><strong>zu 2) <\/strong><em>Philipp Heinrich Christfreund, des Herrn Schulmeister Christfreunds in Dachsenhausen zweit\u00e4ltester Sohn und Bruder des Vatters; 2) Catharina Maria L\u00f6wensteinin, Johann Anton L\u00f6wensteins Ehefrau von hier; und 3) Maria Margaretha Sch\u00fctzin, Johann Andre\u00e4 Sch\u00fctzen Ehefrau von hier.<\/em><\/span><\/p>\n<hr \/>\n<p><a name=\"chun\"><\/a><span style=\"font-family: times new roman, times, serif; font-size: 10pt;\"><span style=\"color: #ff0000;\"><strong><u>Chun<\/u><\/strong><strong>, Johann Valentin:<\/strong><\/span> Schweinehirt in Fr\u00fccht<\/span><\/p>\n<p><span style=\"font-family: times new roman, times, serif; font-size: 10pt;\">oo mit <strong>Maria Sophia<\/strong><\/span><\/p>\n<table>\n<tbody>\n<tr>\n<td style=\"text-align: center;\" width=\"30\"><span style=\"font-family: times new roman, times, serif; font-size: 10pt;\"><strong>Nr.<\/strong><\/span><\/td>\n<td width=\"147\"><span style=\"font-family: times new roman, times, serif; font-size: 10pt;\"><strong>Vorname (normiert)<\/strong><\/span><\/td>\n<td style=\"text-align: center;\" width=\"62\"><span style=\"font-family: times new roman, times, serif; font-size: 10pt;\"><strong>*<\/strong><\/span><\/td>\n<td style=\"text-align: center;\" width=\"67\"><span style=\"font-family: times new roman, times, serif; font-size: 10pt;\"><strong>gt.<\/strong><\/span><\/td>\n<td style=\"text-align: center;\" width=\"72\"><span style=\"font-family: times new roman, times, serif; font-size: 10pt;\"><strong>konf.<\/strong><\/span><\/td>\n<td style=\"text-align: center;\" width=\"63\"><span style=\"font-family: times new roman, times, serif; font-size: 10pt;\"><strong>+<\/strong><\/span><\/td>\n<td style=\"text-align: center;\" width=\"64\"><span style=\"font-family: times new roman, times, serif; font-size: 10pt;\"><strong>bg.<\/strong><\/span><\/td>\n<td style=\"text-align: center;\" width=\"40\"><span style=\"font-family: times new roman, times, serif; font-size: 10pt;\"><strong>Alter<\/strong><\/span><\/td>\n<td style=\"text-align: center;\" width=\"42\"><span style=\"font-family: times new roman, times, serif; font-size: 10pt;\"><strong>Stand<\/strong><\/span><\/td>\n<\/tr>\n<tr>\n<td style=\"text-align: center;\" width=\"30\"><span style=\"font-family: times new roman, times, serif; font-size: 10pt;\">1<\/span><\/td>\n<td width=\"147\"><span style=\"font-family: times new roman, times, serif; font-size: 10pt;\">Georg Philipp<\/span><\/td>\n<td style=\"text-align: center;\" width=\"62\"><span style=\"font-family: times new roman, times, serif; font-size: 10pt;\">17.01.1736<\/span><\/td>\n<td style=\"text-align: center;\" width=\"67\"><span style=\"font-family: times new roman, times, serif; font-size: 10pt;\">22.01.1736<\/span><\/td>\n<td style=\"text-align: center;\" width=\"72\"><\/td>\n<td style=\"text-align: center;\" width=\"63\"><\/td>\n<td style=\"text-align: center;\" width=\"64\"><\/td>\n<td style=\"text-align: center;\" width=\"40\"><\/td>\n<td style=\"text-align: center;\" width=\"42\"><\/td>\n<\/tr>\n<\/tbody>\n<\/table>\n<p style=\"text-align: justify;\"><span style=\"font-family: times new roman, times, serif; font-size: 10pt;\"><strong>Paten:<\/strong> <em>Joh[ann] Georg Chun, Schuldiener zu Nottenhausen, des Vaters Bruder, und Georg Phi&lt;lipp&gt; Ernst von Oberbachheim, Anna Maria, des wey[land] Philips Adam Ansels ehe[liche] Tochter von hier<\/em><\/span><\/p>\n<hr \/>\n<p><span style=\"font-family: times new roman, times, serif; font-size: 10pt;\"><span style=\"color: #ff0000;\"><strong><u>Chons<\/u><\/strong><strong>, Johann Henrich:<\/strong> <\/span>aus Fr\u00fccht; bg. 21.11.1778 Fr\u00fccht, 65 Jahre weniger 6 Tage alt<\/span><\/p>\n<hr \/>\n<p><a name=\"claus\"><\/a><span style=\"font-family: times new roman, times, serif; font-size: 10pt;\"><span style=\"color: #ff0000;\"><strong><u>Claus<\/u><\/strong><strong>, Maria Katharina:<\/strong> <\/span>Tochter des Schweinhirten in Fr\u00fccht<\/span><\/p>\n<p><span style=\"font-family: times new roman, times, serif; font-size: 10pt;\"><strong>o-o<\/strong> mit <strong>N. N.<\/strong><\/span><\/p>\n<table>\n<tbody>\n<tr>\n<td style=\"text-align: center;\" width=\"30\"><span style=\"font-family: times new roman, times, serif; font-size: 10pt;\"><strong>Nr.<\/strong><\/span><\/td>\n<td width=\"147\"><span style=\"font-family: times new roman, times, serif; font-size: 10pt;\"><strong>Vorname (normiert)<\/strong><\/span><\/td>\n<td style=\"text-align: center;\" width=\"62\"><span style=\"font-family: times new roman, times, serif; font-size: 10pt;\"><strong>*<\/strong><\/span><\/td>\n<td style=\"text-align: center;\" width=\"67\"><span style=\"font-family: times new roman, times, serif; font-size: 10pt;\"><strong>gt.<\/strong><\/span><\/td>\n<td style=\"text-align: center;\" width=\"72\"><span style=\"font-family: times new roman, times, serif; font-size: 10pt;\"><strong>konf.<\/strong><\/span><\/td>\n<td style=\"text-align: center;\" width=\"63\"><span style=\"font-family: times new roman, times, serif; font-size: 10pt;\"><strong>+<\/strong><\/span><\/td>\n<td style=\"text-align: center;\" width=\"64\"><span style=\"font-family: times new roman, times, serif; font-size: 10pt;\"><strong>bg.<\/strong><\/span><\/td>\n<td style=\"text-align: center;\" width=\"40\"><span style=\"font-family: times new roman, times, serif; font-size: 10pt;\"><strong>Alter<\/strong><\/span><\/td>\n<td style=\"text-align: center;\" width=\"42\"><span style=\"font-family: times new roman, times, serif; font-size: 10pt;\"><strong>Stand<\/strong><\/span><\/td>\n<\/tr>\n<tr>\n<td style=\"text-align: center;\" width=\"30\"><span style=\"font-family: times new roman, times, serif; font-size: 10pt;\">1<\/span><\/td>\n<td width=\"147\"><span style=\"font-family: times new roman, times, serif; font-size: 10pt;\">Johann Gottfried<\/span><\/td>\n<td style=\"text-align: center;\" width=\"62\"><span style=\"font-family: times new roman, times, serif; font-size: 10pt;\">18.02.1768<\/span><\/td>\n<td style=\"text-align: center;\" width=\"67\"><span style=\"font-family: times new roman, times, serif; font-size: 10pt;\">21.02.1768<\/span><\/td>\n<td style=\"text-align: center;\" width=\"72\"><\/td>\n<td style=\"text-align: center;\" width=\"63\"><\/td>\n<td style=\"text-align: center;\" width=\"64\"><\/td>\n<td style=\"text-align: center;\" width=\"40\"><\/td>\n<td style=\"text-align: center;\" width=\"42\"><\/td>\n<\/tr>\n<\/tbody>\n<\/table>\n<p style=\"text-align: justify;\"><span style=\"font-family: times new roman, times, serif; font-size: 10pt;\"><strong>Paten: <\/strong><em>Johann Gottfried Sch\u00fctz, Schneider da&lt;hier&gt;; Joh[ann] Conrad Clauss, des Schafers &lt;&#8230;&gt; auf dem Lahnsteiner Berg; und Maria Elisabetha, der Mutter Schw&lt;ester&gt;<\/em><\/span><\/p>\n<hr \/>\n<p><span style=\"font-family: times new roman, times, serif; font-size: 10pt;\"><span style=\"color: #ff0000;\"><strong><u><a id=\"cornelius\"><\/a>Cornelius<\/u><\/strong><strong>, Konrad:<\/strong> <\/span>Musketier<\/span><\/p>\n<p><span style=\"font-family: times new roman, times, serif; font-size: 10pt;\"><strong>oo 17.02.1689 Fr\u00fccht<\/strong> (auf Befehl gn\u00e4diger Herrschaft und Obristwachtmeister von &#8230;<em>heym<\/em>) mit <strong>N. N., Anna Maria:<\/strong> aus Oberlahnstein<\/span><\/p>\n<hr \/>\n<p><a name=\"cronrad\"><\/a><span style=\"font-family: times new roman, times, serif; font-size: 10pt;\"><span style=\"color: #ff0000;\"><strong><u>Cronrad<\/u><\/strong><strong>, Ludwig Wilhelm:<\/strong> <\/span>Pochsteiger auf der &#8230; Wiese<\/span><\/p>\n<p style=\"text-align: justify;\"><span style=\"font-family: times new roman, times, serif; font-size: 10pt;\"><strong>oo 20.10.1799 Fr\u00fccht<\/strong> mit <strong><u>Neff<\/u>, Elisabeth:<\/strong> j\u00fcngste Tochter des Johann Christian Neff, Steiger auf dem \u201eK\u00f6llnische-L\u00f6cher-Bergwerk\u201c (= Grube Friedrichssegen, heute zu Lahnstein, Rhein-Lahn-Kreis)<\/span><\/p>\n<hr \/>\n<p style=\"text-align: justify;\"><span style=\"font-family: times new roman, times, serif; font-size: 10pt; color: #ff0000;\"><strong><u><a id=\"currenberger\"><\/a>K\u00fcrrenberger (<em>Currenberger<\/em>)<\/u><\/strong><strong>, Stephan: <\/strong><\/span><span style=\"font-family: times new roman, times, serif; font-size: 10pt;\">Hofmann (Steinsches Archiv Nassau, Nr. 5812, pag. 222); sch\u00f6neckensch leibeigen; wahrscheinlich Sohn des J\u00f6rg K\u00fcrrenberger, Hofmann des Klosters auf Koblenz-Oberwerth; hat einen Bruder, der f\u00fcr die Kosten des Hexenprozesses b\u00fcrgt (Steinsches Archiv Nassau, Nr. 5812, pag. 222)<\/span><span style=\"font-family: times new roman, times, serif; font-size: 10pt; color: #ff0000;\"><strong><br \/>\n<\/strong><\/span><\/p>\n<p style=\"text-align: justify;\"><span style=\"font-family: times new roman, times, serif; font-size: 10pt;\"><strong>oo I.<\/strong> mit <strong><u>H\u00f6mberger oder Steltzer<\/u>, Johannetta:<\/strong> 28.09.1630 wegen Zauberei gek\u00f6pft (auf der Heide) und verbrannt; Tochter des Johannes H\u00f6mberger oder Steltzer (Steinsches Archiv Nassau, Nr. 5812, pag. 349); hat eine Schwester Sophia (Steinsches Archiv Nassau, Nr. 5812, pag. 348) und <em>Threin<\/em> (Steinsches Archiv Nassau, Nr. 5812, pag. 363)<\/span><\/p>\n<table>\n<tbody>\n<tr>\n<td style=\"text-align: center;\" width=\"27\"><span style=\"font-family: times new roman, times, serif; font-size: 10pt;\"><strong>Nr.<\/strong><\/span><\/td>\n<td width=\"149\"><span style=\"font-family: times new roman, times, serif; font-size: 10pt;\"><strong>Vorname (normiert)<\/strong><\/span><\/td>\n<td style=\"text-align: center;\" width=\"66\"><span style=\"font-family: times new roman, times, serif; font-size: 10pt;\"><strong>*<\/strong><\/span><\/td>\n<td style=\"text-align: center;\" width=\"79\"><span style=\"font-family: times new roman, times, serif; font-size: 10pt;\"><strong>gt.<\/strong><\/span><\/td>\n<td style=\"text-align: center;\" width=\"66\"><span style=\"font-family: times new roman, times, serif; font-size: 10pt;\"><strong>konf.<\/strong><\/span><\/td>\n<td style=\"text-align: center;\" width=\"66\"><span style=\"font-family: times new roman, times, serif; font-size: 10pt;\"><strong>+<\/strong><\/span><\/td>\n<td style=\"text-align: center;\" width=\"66\"><span style=\"font-family: times new roman, times, serif; font-size: 10pt;\"><strong>bg.<\/strong><\/span><\/td>\n<td style=\"text-align: center;\" width=\"45\"><span style=\"font-family: times new roman, times, serif; font-size: 10pt;\"><strong>Alter<\/strong><\/span><\/td>\n<td style=\"text-align: center;\" width=\"41\"><span style=\"font-family: times new roman, times, serif; font-size: 10pt;\"><strong>Stand<\/strong><\/span><\/td>\n<\/tr>\n<tr>\n<td style=\"text-align: center;\" width=\"27\"><span style=\"font-family: times new roman, times, serif; font-size: 10pt;\">1<\/span><\/td>\n<td width=\"149\"><span style=\"font-family: times new roman, times, serif; font-size: 10pt;\">Anna Maria<\/span><\/td>\n<td style=\"text-align: center;\" width=\"66\"><\/td>\n<td style=\"text-align: center;\" width=\"79\"><span style=\"font-family: times new roman, times, serif; font-size: 10pt;\">14.09.1628<\/span><\/td>\n<td style=\"text-align: center;\" width=\"66\"><\/td>\n<td style=\"text-align: center;\" width=\"66\"><\/td>\n<td style=\"text-align: center;\" width=\"66\"><\/td>\n<td style=\"text-align: center;\" width=\"45\"><\/td>\n<td style=\"text-align: center;\" width=\"41\"><\/td>\n<\/tr>\n<tr>\n<td style=\"text-align: center;\"><span style=\"font-family: times new roman, times, serif; font-size: 10pt;\">2<\/span><\/td>\n<td><span style=\"font-family: times new roman, times, serif; font-size: 10pt;\">Hans J\u00f6rg<\/span><\/td>\n<td style=\"text-align: center;\"><\/td>\n<td style=\"text-align: center;\"><span style=\"font-family: times new roman, times, serif; font-size: 10pt;\">14.03.1630<\/span><\/td>\n<td style=\"text-align: center;\"><\/td>\n<td style=\"text-align: center;\"><\/td>\n<td style=\"text-align: center;\"><\/td>\n<td style=\"text-align: center;\"><\/td>\n<td style=\"text-align: center;\"><\/td>\n<\/tr>\n<\/tbody>\n<\/table>\n<p style=\"text-align: justify;\"><span style=\"font-family: times new roman, times, serif; font-size: 10pt;\"><strong>Paten: zu 1) <\/strong><em>Adam H\u00f6mberger; vnd Arnt Ansels Magd Sophey; vnd \u2026 des Hoffman\u00df Weib vffm Oberwert <\/em><em>\u2014<\/em> <strong>zu 2) <\/strong><em>J\u00f6rg Currenberger, dermaliger Hoffman vffm Oberwert; Thiel Zimmerman; vnnd Marx Meischets Tochter Ketter zue Frucht<\/em><\/span><\/p>\n<p style=\"text-align: justify;\"><span style=\"font-family: times new roman, times, serif; font-size: 10pt;\"><strong>oo II. 06.02.1631 <\/strong>mit <strong><u>Eudelborn<\/u>, Katharina: <\/strong>steinisch leibeigen; Tochter des Hans Eudelborn oder Schweitzer zu Fr\u00fccht; Patin 24.04.1631 bei Marx Meuschet\/Meischet (<em>Steffen C\u00fcrenbergers Fraw Catrein<\/em>)<\/span><\/p>\n<table>\n<tbody>\n<tr>\n<td style=\"text-align: center;\" width=\"26\"><span style=\"font-family: times new roman, times, serif; font-size: 10pt;\"><strong>Nr.<\/strong><\/span><\/td>\n<td width=\"154\"><span style=\"font-family: times new roman, times, serif; font-size: 10pt;\"><strong>Vorname (normiert)<\/strong><\/span><\/td>\n<td style=\"text-align: center;\" width=\"78\"><span style=\"font-family: times new roman, times, serif; font-size: 10pt;\"><strong>*<\/strong><\/span><\/td>\n<td style=\"text-align: center;\" width=\"65\"><span style=\"font-family: times new roman, times, serif; font-size: 10pt;\"><strong>gt.<\/strong><\/span><\/td>\n<td style=\"text-align: center;\" width=\"65\"><span style=\"font-family: times new roman, times, serif; font-size: 10pt;\"><strong>konf.<\/strong><\/span><\/td>\n<td style=\"text-align: center;\" width=\"65\"><span style=\"font-family: times new roman, times, serif; font-size: 10pt;\"><strong>+<\/strong><\/span><\/td>\n<td style=\"text-align: center;\" width=\"65\"><span style=\"font-family: times new roman, times, serif; font-size: 10pt;\"><strong>bg.<\/strong><\/span><\/td>\n<td style=\"text-align: center;\" width=\"45\"><span style=\"font-family: times new roman, times, serif; font-size: 10pt;\"><strong>Alter<\/strong><\/span><\/td>\n<td style=\"text-align: center;\" width=\"41\"><span style=\"font-family: times new roman, times, serif; font-size: 10pt;\"><strong>Stand<\/strong><\/span><\/td>\n<\/tr>\n<tr>\n<td style=\"text-align: center;\" width=\"26\"><span style=\"font-family: times new roman, times, serif; font-size: 10pt;\">1<\/span><\/td>\n<td width=\"154\"><span style=\"font-family: times new roman, times, serif; font-size: 10pt;\">N. N. (Totgeburt, w)<\/span><\/td>\n<td style=\"text-align: center;\" width=\"78\"><span style=\"font-family: times new roman, times, serif; font-size: 10pt;\">06.05.1633<\/span><\/td>\n<td style=\"text-align: center;\" width=\"65\"><\/td>\n<td style=\"text-align: center;\" width=\"65\"><\/td>\n<td style=\"text-align: center;\" width=\"65\"><\/td>\n<td style=\"text-align: center;\" width=\"65\"><\/td>\n<td style=\"text-align: center;\" width=\"45\"><\/td>\n<td style=\"text-align: center;\" width=\"41\"><\/td>\n<\/tr>\n<\/tbody>\n<\/table>\n<hr \/>\n<p><span style=\"font-size: 10pt; font-family: times new roman, times, serif;\"><b>Letztes Update: 8. Mai 2024<\/b><\/span><br \/>\n<span style=\"font-size: 10pt; font-family: times new roman, times, serif;\"><b>Ralph Jackmuth<\/b><\/span><\/p>\n","protected":false},"excerpt":{"rendered":"<p>Caspar Michel: aus Ems; Fr\u00fccht, KB 1, Obligationen, pag. 29: Caspar Michel zu Ems und die Erben des Gangolf \u2026 schulden der Kirche in Fr\u00fccht 7 fl. zu 8 alb. 6 d. Zinsen j\u00e4hrlich, zahlbar auf Martini. Sicherheit: eine Wiese auf dem Breiten Born, oben grenzt Paulges Friederich, unten zu Scheffer Merten. Christ Simon: von &hellip; <a href=\"https:\/\/www.ahnenforschung-jackmuth.de\/?page_id=4618\" class=\"more-link\"><span class=\"screen-reader-text\">\u201eOFB Fr\u00fccht 1615-1817 &#8211; Diverse C\u201c<\/span> weiterlesen<\/a><\/p>\n","protected":false},"author":1,"featured_media":0,"parent":0,"menu_order":0,"comment_status":"closed","ping_status":"closed","template":"","meta":{"footnotes":""},"class_list":["post-4618","page","type-page","status-publish","hentry"],"_links":{"self":[{"href":"https:\/\/www.ahnenforschung-jackmuth.de\/index.php?rest_route=\/wp\/v2\/pages\/4618","targetHints":{"allow":["GET"]}}],"collection":[{"href":"https:\/\/www.ahnenforschung-jackmuth.de\/index.php?rest_route=\/wp\/v2\/pages"}],"about":[{"href":"https:\/\/www.ahnenforschung-jackmuth.de\/index.php?rest_route=\/wp\/v2\/types\/page"}],"author":[{"embeddable":true,"href":"https:\/\/www.ahnenforschung-jackmuth.de\/index.php?rest_route=\/wp\/v2\/users\/1"}],"replies":[{"embeddable":true,"href":"https:\/\/www.ahnenforschung-jackmuth.de\/index.php?rest_route=%2Fwp%2Fv2%2Fcomments&post=4618"}],"version-history":[{"count":0,"href":"https:\/\/www.ahnenforschung-jackmuth.de\/index.php?rest_route=\/wp\/v2\/pages\/4618\/revisions"}],"wp:attachment":[{"href":"https:\/\/www.ahnenforschung-jackmuth.de\/index.php?rest_route=%2Fwp%2Fv2%2Fmedia&parent=4618"}],"curies":[{"name":"wp","href":"https:\/\/api.w.org\/{rel}","templated":true}]}}