{"id":444,"date":"2016-10-08T15:40:11","date_gmt":"2016-10-08T15:40:11","guid":{"rendered":"http:\/\/www.ahnenforschung-jackmuth.de\/?page_id=444"},"modified":"2016-10-16T15:49:05","modified_gmt":"2016-10-16T15:49:05","slug":"familie-nr-22","status":"publish","type":"page","link":"https:\/\/www.ahnenforschung-jackmuth.de\/?page_id=444","title":{"rendered":"Familie Nr. 22"},"content":{"rendered":"<table border=\"0\" width=\"100%\" cellspacing=\"0\" cellpadding=\"4\">\n<tbody>\n<tr valign=\"TOP\">\n<td style=\"text-align: justify;\" width=\"50%\"><strong><strong>Heinrich Jackmuth<br \/>\n<\/strong><\/strong> Schreiner<strong><strong><br \/>\n<\/strong><\/strong><strong>* 23.03.1868 Nievern<\/strong> (get. 28.03.)<br \/>\n<strong>+ 29.07.1948 Nievern <\/strong>(begr. 02.08.)<\/p>\n<p style=\"text-align: justify;\"><strong>Eltern:<\/strong> <a href=\"http:\/\/www.ahnenforschung-jackmuth.de\/?page_id=377\">s. Fam. Nr. 18a<\/a><\/p>\n<\/td>\n<td width=\"50%\"><strong>Theresia Wilhelmine Bernd<strong><em><br \/>\n<\/em><\/strong><\/strong>* <strong>20.10.1869 Nievern <\/strong>(get. 28.10.)<strong><br \/>\n<\/strong>+ <strong>04.06.1946 Nievern<\/strong> (begr. 09.06.)<\/p>\n<p style=\"text-align: justify;\"><strong>Eltern<\/strong> (s. OFB Nievern Nr. 183): Johann (VIII.) Bernd, B\u00fcrgermeister in Nievern (* 11.12.1821 Nievern, Sohn von Franz Bernd, Feldsch\u00f6ffe in Nievern, und Margaretha Neureuther aus Simmern, s. OFB Nievern Nr. 155) oo 12.01.1858 Nievern mit Wilhelmina N\u00f6rtersh\u00e4user (* 21.03.1829 Arzheim, Tochter von Peter N\u00f6rtersh\u00e4user aus Dieblich, Ackersmann und Hofp\u00e4chter auf dem H\u00fchnerberg, und Anna Patron aus Arzheim, s. OFB Nievern Nr. 1362)<\/p>\n<\/td>\n<\/tr>\n<\/tbody>\n<\/table>\n<p><strong>oo 1897 Nievern <\/strong>(Trauzeugen: keine Recherche)<strong><br \/>\n<\/strong><\/p>\n<table border=\"0\" width=\"100%\" cellspacing=\"0\" cellpadding=\"4\">\n<tbody>\n<tr valign=\"TOP\">\n<td width=\"7%\">1)<\/td>\n<td width=\"20%\">Elisabeth<\/td>\n<td width=\"30%\">* 30.06.1898 Nievern<\/td>\n<td style=\"text-align: justify;\" width=\"43%\"><\/td>\n<\/tr>\n<tr valign=\"TOP\">\n<td width=\"7%\">2)<\/td>\n<td width=\"20%\">\u00c4gidius<\/td>\n<td width=\"30%\">* 07.01.1900 Nievern<\/td>\n<td width=\"43%\"><\/td>\n<\/tr>\n<tr valign=\"TOP\">\n<td width=\"7%\">3)<\/td>\n<td width=\"20%\">Hildegard Maria<\/td>\n<td width=\"30%\">* 17.05.1901 Nievern<\/td>\n<td width=\"43%\">+ 16.05.1936 Berlin (begr. 19.05.1936 Nievern)<br \/>\noo 14.02.1928 in Nievern<\/td>\n<\/tr>\n<tr valign=\"TOP\">\n<td width=\"7%\">4)<\/td>\n<td width=\"20%\">Adelheid<\/td>\n<td width=\"30%\">* 08.08.1903 Nievern<\/td>\n<td width=\"43%\"><\/td>\n<\/tr>\n<tr valign=\"TOP\">\n<td width=\"7%\">5)<\/td>\n<td width=\"20%\">Josef Heinrich<\/td>\n<td width=\"30%\">* 08.12.1905 Nievern<\/td>\n<td width=\"43%\"><\/td>\n<\/tr>\n<tr valign=\"TOP\">\n<td width=\"7%\">6)<\/td>\n<td width=\"20%\">Wilhelmine Hedwig<\/td>\n<td width=\"30%\">* 26.04.1908 Nievern<\/td>\n<td width=\"43%\">oo 13.07.1941 mit Josef Karl Spreitzer<\/td>\n<\/tr>\n<\/tbody>\n<\/table>\n<p><strong>Paten<\/strong><\/p>\n<p>zu 1) Elisabeth Bernd, Jakob Jackmuth<em><br \/>\n<\/em>zu 2) \u00c4gidius Minning von Koblenz, Anna Bernd von Nievern<br \/>\nzu 3) Maria Minning von Koblenz, Anton &#8230;<br \/>\nzu 4) Adelheid Minning von Koblenz, Heinrich Kurtenau von Nievern<br \/>\nzu 5) Josef Riefenthaler, Katharina R\u00fcbenach<br \/>\nzu 6) Wilhelmine Eisenbeis, Karl &#8230;<\/p>\n<hr style=\"text-align: justify;\" \/>\n<p><span style=\"font-size: small;\"><b>Letztes Update: Oktober 2016<\/b><\/span><br \/>\n<span style=\"font-size: small;\"><b>Ralph Jackmuth<\/b><\/span><\/p>\n","protected":false},"excerpt":{"rendered":"<p>Heinrich Jackmuth Schreiner * 23.03.1868 Nievern (get. 28.03.) + 29.07.1948 Nievern (begr. 02.08.) Eltern: s. Fam. Nr. 18a Theresia Wilhelmine Bernd * 20.10.1869 Nievern (get. 28.10.) + 04.06.1946 Nievern (begr. 09.06.) Eltern (s. OFB Nievern Nr. 183): Johann (VIII.) Bernd, B\u00fcrgermeister in Nievern (* 11.12.1821 Nievern, Sohn von Franz Bernd, Feldsch\u00f6ffe in Nievern, und Margaretha &hellip; <a href=\"https:\/\/www.ahnenforschung-jackmuth.de\/?page_id=444\" class=\"more-link\"><span class=\"screen-reader-text\">\u201eFamilie Nr. 22\u201c<\/span> weiterlesen<\/a><\/p>\n","protected":false},"author":1,"featured_media":0,"parent":0,"menu_order":0,"comment_status":"closed","ping_status":"closed","template":"","meta":{"footnotes":""},"class_list":["post-444","page","type-page","status-publish","hentry"],"_links":{"self":[{"href":"https:\/\/www.ahnenforschung-jackmuth.de\/index.php?rest_route=\/wp\/v2\/pages\/444","targetHints":{"allow":["GET"]}}],"collection":[{"href":"https:\/\/www.ahnenforschung-jackmuth.de\/index.php?rest_route=\/wp\/v2\/pages"}],"about":[{"href":"https:\/\/www.ahnenforschung-jackmuth.de\/index.php?rest_route=\/wp\/v2\/types\/page"}],"author":[{"embeddable":true,"href":"https:\/\/www.ahnenforschung-jackmuth.de\/index.php?rest_route=\/wp\/v2\/users\/1"}],"replies":[{"embeddable":true,"href":"https:\/\/www.ahnenforschung-jackmuth.de\/index.php?rest_route=%2Fwp%2Fv2%2Fcomments&post=444"}],"version-history":[{"count":0,"href":"https:\/\/www.ahnenforschung-jackmuth.de\/index.php?rest_route=\/wp\/v2\/pages\/444\/revisions"}],"wp:attachment":[{"href":"https:\/\/www.ahnenforschung-jackmuth.de\/index.php?rest_route=%2Fwp%2Fv2%2Fmedia&parent=444"}],"curies":[{"name":"wp","href":"https:\/\/api.w.org\/{rel}","templated":true}]}}