{"id":4108,"date":"2019-09-09T18:48:20","date_gmt":"2019-09-09T18:48:20","guid":{"rendered":"http:\/\/www.ahnenforschung-jackmuth.de\/?page_id=4108"},"modified":"2019-09-09T18:48:20","modified_gmt":"2019-09-09T18:48:20","slug":"ems-scharding","status":"publish","type":"page","link":"https:\/\/www.ahnenforschung-jackmuth.de\/?page_id=4108","title":{"rendered":"Ems &#8211; Scharding"},"content":{"rendered":"<p><strong>Scharding [= (du) Jardin], N. N.:<\/strong> H\u00fcttenschreiber<\/p>\n<p>Belege in den B\u00fcrgermeistereirechnungen (BR):<\/p>\n<ul>\n<li style=\"text-align: justify;\"><strong>1707:<\/strong> zahlt 3 Rtl. 36 Peterm\u00e4nnchen (Pet.) f\u00fcr 3 kleine Eichenst\u00e4mme, f\u00fcr einen Buchenstamm und f\u00fcr einen Eichen-Windfall; zahlt 4 Rtl. f\u00fcr 6 Hammerstiele (BR 1707, pag. 9); zahlt 15 Rtl. f\u00fcr 75 Klafter Kohlenholz von den Windf\u00e4llen beim <em>Weysenstein<\/em> (BR 1707, pag. 15)<\/li>\n<li style=\"text-align: justify;\"><strong>1708:<\/strong> zahlt 4 Rtl. f\u00fcr 6 Hammerstiele (BR 1708, pag. 12); die Gemeinde Ems nimmt bei ihm 50 Rtl. Kapital f\u00fcr ein halbes Jahr auf zur Bezahlung der r\u00fcckst\u00e4ndigen Winterquartiergelder an Herrn <em>Eymes<\/em> zu Braubach (BR 1708, pag. 24), hiervon werden 1 Rtl. 30 Pet. Zinsen bezahlt (BR 1708, pag. 34)<\/li>\n<li style=\"text-align: justify;\"><strong>1709:<\/strong> zahlt 18 Pet. \u201ef\u00fcr etwas Geh\u00f6lz \u00fcber das Wasserrad\u201c (BR 1709, pag. 14)<\/li>\n<li style=\"text-align: justify;\"><strong>1710:<\/strong> zahlt 1 Rtl. f\u00fcr 2 Hammerstiele (BR 1710, pag. 13); zahlt 4 Rtl. f\u00fcr 2 Buchenb\u00e4ume (BR 1710, pag. 14); die Gemeinde Ems zahlt an ihn 1 Rtl. 16 Pet. f\u00fcr 70 Pfund gegossene Gewichtsteine, jedes Pfund zu 1 Pet. (BR 1710, pag. 57)<\/li>\n<li style=\"text-align: justify;\"><strong>1711:<\/strong> zahlt 200 Rtl. f\u00fcr 515 Klafter Holz, 2 \u00bd Klafter zu 1 Rtl., weiterhin 97 Rtl. f\u00fcr 218 Klafter Holz, 2 \u00bc Klafter zu 1 Rtl., weiterhin 36 Pet. f\u00fcr 2 Hammerstiele (BR 1711, pag. 12)<\/li>\n<\/ul>\n<hr \/>\n<p><span style=\"font-size: 10pt;\"><strong>Letzte \u00c4nderung: 9. September 2019<\/strong><\/span><br \/>\n<span style=\"font-size: 10pt;\"><strong>Ralph Jackmuth<\/strong><\/span><\/p>\n","protected":false},"excerpt":{"rendered":"<p>Scharding [= (du) Jardin], N. N.: H\u00fcttenschreiber Belege in den B\u00fcrgermeistereirechnungen (BR): 1707: zahlt 3 Rtl. 36 Peterm\u00e4nnchen (Pet.) f\u00fcr 3 kleine Eichenst\u00e4mme, f\u00fcr einen Buchenstamm und f\u00fcr einen Eichen-Windfall; zahlt 4 Rtl. f\u00fcr 6 Hammerstiele (BR 1707, pag. 9); zahlt 15 Rtl. f\u00fcr 75 Klafter Kohlenholz von den Windf\u00e4llen beim Weysenstein (BR 1707, pag. &hellip; <a href=\"https:\/\/www.ahnenforschung-jackmuth.de\/?page_id=4108\" class=\"more-link\"><span class=\"screen-reader-text\">\u201eEms &#8211; Scharding\u201c<\/span> weiterlesen<\/a><\/p>\n","protected":false},"author":1,"featured_media":0,"parent":0,"menu_order":0,"comment_status":"closed","ping_status":"closed","template":"","meta":{"footnotes":""},"class_list":["post-4108","page","type-page","status-publish","hentry"],"_links":{"self":[{"href":"https:\/\/www.ahnenforschung-jackmuth.de\/index.php?rest_route=\/wp\/v2\/pages\/4108","targetHints":{"allow":["GET"]}}],"collection":[{"href":"https:\/\/www.ahnenforschung-jackmuth.de\/index.php?rest_route=\/wp\/v2\/pages"}],"about":[{"href":"https:\/\/www.ahnenforschung-jackmuth.de\/index.php?rest_route=\/wp\/v2\/types\/page"}],"author":[{"embeddable":true,"href":"https:\/\/www.ahnenforschung-jackmuth.de\/index.php?rest_route=\/wp\/v2\/users\/1"}],"replies":[{"embeddable":true,"href":"https:\/\/www.ahnenforschung-jackmuth.de\/index.php?rest_route=%2Fwp%2Fv2%2Fcomments&post=4108"}],"version-history":[{"count":0,"href":"https:\/\/www.ahnenforschung-jackmuth.de\/index.php?rest_route=\/wp\/v2\/pages\/4108\/revisions"}],"wp:attachment":[{"href":"https:\/\/www.ahnenforschung-jackmuth.de\/index.php?rest_route=%2Fwp%2Fv2%2Fmedia&parent=4108"}],"curies":[{"name":"wp","href":"https:\/\/api.w.org\/{rel}","templated":true}]}}