{"id":405,"date":"2016-10-08T13:12:43","date_gmt":"2016-10-08T13:12:43","guid":{"rendered":"http:\/\/www.ahnenforschung-jackmuth.de\/?page_id=405"},"modified":"2016-10-16T15:48:16","modified_gmt":"2016-10-16T15:48:16","slug":"familie-nr-20","status":"publish","type":"page","link":"https:\/\/www.ahnenforschung-jackmuth.de\/?page_id=405","title":{"rendered":"Familie Nr. 20"},"content":{"rendered":"<p>OFB Nievern Nr. 957<\/p>\n<table border=\"0\" width=\"100%\" cellspacing=\"0\" cellpadding=\"4\">\n<tbody>\n<tr valign=\"TOP\">\n<td style=\"text-align: justify;\" width=\"50%\"><strong><strong>Johann Josef Jackmuth<br \/>\n<\/strong><\/strong>H\u00fcttenmann, F\u00e4hrmann, Tagel\u00f6hner<strong><strong><br \/>\n<\/strong><\/strong><strong>* 30.04.1840 Miellen<\/strong> (get. 10.05.)<br \/>\n<strong>+ 18.03.1909 Miellen<\/strong><\/p>\n<p style=\"text-align: justify;\"><strong>Eltern:<\/strong> <a href=\"http:\/\/www.ahnenforschung-jackmuth.de\/?page_id=251\">s. Fam. Nr. 11b<\/a><\/p>\n<p><strong>Bem.:<\/strong> ist bei seiner Trauung \u201eH\u00fcttenarbeiter\u201c; bei Taufe von Kind Nr 1) \u201eH\u00fcttenmann\u201c, 2) \u201eH\u00fcttenarbeiter\u201c, 3) und 5) \u201eTagel\u00f6hner\u201c; bei Tod von Kind Nr. 4) \u201eTagel\u00f6hner\u201c; bei Trauung von Kind Nr. 1) \u201eF\u00e4hrmann\u201c<\/p>\n<p><img loading=\"lazy\" decoding=\"async\" src=\"http:\/\/www.ahnenforschung-jackmuth.de\/jackmuth\/Gen01\/Unterschrift_JohannJosef.jpg\" width=\"414\" height=\"84\" border=\"0\" \/><\/td>\n<td width=\"50%\"><strong><strong>Philippine Burmann<em><br \/>\n<\/em><\/strong><\/strong><strong>* 31.07.1839 Fachbach <\/strong>(get. 12.08.)<br \/>\n<strong>+ 20.02.1916 Miellen<\/strong> (begr. 23.02.)<\/p>\n<p style=\"text-align: justify;\"><strong>Eltern<\/strong> (s. OFB Nievern Nr. 319): Franz Burmann, Schreiner (* 18.09.1794 Fachbach, + 17.02.1865 Fachbach, Sohn von Franz Burmann aus Kirchlinde (zu Dortmund) und Gertrud Billig von Fachbach, s. OFB Nievern Nr. 317) oo II. 04.06.1837 Nievern mit Margaretha Hegmann (* 28.08.1805 Wein\u00e4hr, + 06.10.1878 Fachbach); oo I. 19.10.1819 Nievern mit Maria Margaretha <em>Wimmer\/Wiemer<\/em> (* 25.06.1796 Nauort, + 14.08.1836 Fachbach), s. OFB Nievern Nr. 318<\/p>\n<p style=\"text-align: justify;\"><strong>Bem.:<\/strong> Philippine Burmann verrichtet bei ihrer Trauung \u201eDienst auf der Nieverner H\u00fctte\u201c<\/p>\n<\/td>\n<\/tr>\n<\/tbody>\n<\/table>\n<p><strong>oo <\/strong><strong>26.01.1868 Nievern <\/strong>(Trauzeugen: Johann Zimmermann und Johann Burmann)<strong><br \/>\n<\/strong><\/p>\n<table border=\"0\" width=\"100%\" cellspacing=\"0\" cellpadding=\"4\">\n<tbody>\n<tr valign=\"TOP\">\n<td width=\"7%\">1)<\/td>\n<td width=\"20%\">Wilhelm (sp\u00e4ter nur Wilh. Philipp)<\/td>\n<td width=\"30%\">* 16.09.1869 Miellen<\/td>\n<td style=\"text-align: justify;\" width=\"43%\">+ 03.10.1948 Miellen; oo 1899 (<a href=\"http:\/\/www.ahnenforschung-jackmuth.de\/?page_id=451\">Nr. 23<\/a>)<\/td>\n<\/tr>\n<tr valign=\"TOP\">\n<td width=\"7%\">2)<\/td>\n<td width=\"20%\">Anna<\/td>\n<td width=\"30%\">* 04.08.1871 Miellen<\/td>\n<td width=\"43%\">oo 15.12.1892 mit Franz Xaver Seppi<br \/>\n(* 13.11.1861) aus Sejo\/Tirol<\/td>\n<\/tr>\n<tr valign=\"TOP\">\n<td width=\"7%\">3)<\/td>\n<td width=\"20%\">Elisabeth<\/td>\n<td width=\"30%\">* 29.06.1874 Miellen<\/td>\n<td width=\"43%\"><\/td>\n<\/tr>\n<tr valign=\"TOP\">\n<td width=\"7%\">4)<\/td>\n<td width=\"20%\">Johann<\/td>\n<td width=\"30%\"><\/td>\n<td width=\"43%\">+ 06.02.1878 Miellen<br \/>\nbisher nur \u00fcber das Totenbuch best\u00e4tigt, im Taufbuch bisher nicht gefunden<\/td>\n<\/tr>\n<tr valign=\"TOP\">\n<td width=\"7%\">5)<\/td>\n<td width=\"20%\">Anna Maria<\/td>\n<td width=\"30%\">* 21.07.1880 Miellen<\/td>\n<td width=\"43%\">oo I. 1908 mit Simon Liescheid<br \/>\noo II. 17.07.1927 mit M. Libardoni<br \/>\n(Kopie der Geburtsurkunde liegt vor)<\/td>\n<\/tr>\n<\/tbody>\n<\/table>\n<p><strong>Paten<\/strong><\/p>\n<p>zu 1) in dieser Zeit keine eingetragen<em><br \/>\n<\/em>zu 2) in dieser Zeit keine eingetragen<br \/>\nzu 3) <em>Elisabetha Burmann <\/em>[Schwester der Mutter] <em>und Peter Kilian, beide von Miellen<\/em><br \/>\nzu 4) keine Recherche bzw. Taufe nicht eingetragen<br \/>\nzu 5) <em>Franz Schmidt von Oberlahnstein und Anna Born von Nievern <\/em>[Schwester des Vaters, Ehefrau des Johann Born]<\/p>\n<hr style=\"text-align: justify;\" \/>\n<p><span style=\"font-size: small;\"><b>Letztes Update: Oktober 2016<\/b><\/span><br \/>\n<span style=\"font-size: small;\"><b>Ralph Jackmuth<\/b><\/span><\/p>\n","protected":false},"excerpt":{"rendered":"<p>OFB Nievern Nr. 957 Johann Josef Jackmuth H\u00fcttenmann, F\u00e4hrmann, Tagel\u00f6hner * 30.04.1840 Miellen (get. 10.05.) + 18.03.1909 Miellen Eltern: s. Fam. Nr. 11b Bem.: ist bei seiner Trauung \u201eH\u00fcttenarbeiter\u201c; bei Taufe von Kind Nr 1) \u201eH\u00fcttenmann\u201c, 2) \u201eH\u00fcttenarbeiter\u201c, 3) und 5) \u201eTagel\u00f6hner\u201c; bei Tod von Kind Nr. 4) \u201eTagel\u00f6hner\u201c; bei Trauung von Kind Nr. 1) &hellip; <a href=\"https:\/\/www.ahnenforschung-jackmuth.de\/?page_id=405\" class=\"more-link\"><span class=\"screen-reader-text\">\u201eFamilie Nr. 20\u201c<\/span> weiterlesen<\/a><\/p>\n","protected":false},"author":1,"featured_media":0,"parent":0,"menu_order":0,"comment_status":"closed","ping_status":"closed","template":"","meta":{"footnotes":""},"class_list":["post-405","page","type-page","status-publish","hentry"],"_links":{"self":[{"href":"https:\/\/www.ahnenforschung-jackmuth.de\/index.php?rest_route=\/wp\/v2\/pages\/405","targetHints":{"allow":["GET"]}}],"collection":[{"href":"https:\/\/www.ahnenforschung-jackmuth.de\/index.php?rest_route=\/wp\/v2\/pages"}],"about":[{"href":"https:\/\/www.ahnenforschung-jackmuth.de\/index.php?rest_route=\/wp\/v2\/types\/page"}],"author":[{"embeddable":true,"href":"https:\/\/www.ahnenforschung-jackmuth.de\/index.php?rest_route=\/wp\/v2\/users\/1"}],"replies":[{"embeddable":true,"href":"https:\/\/www.ahnenforschung-jackmuth.de\/index.php?rest_route=%2Fwp%2Fv2%2Fcomments&post=405"}],"version-history":[{"count":0,"href":"https:\/\/www.ahnenforschung-jackmuth.de\/index.php?rest_route=\/wp\/v2\/pages\/405\/revisions"}],"wp:attachment":[{"href":"https:\/\/www.ahnenforschung-jackmuth.de\/index.php?rest_route=%2Fwp%2Fv2%2Fmedia&parent=405"}],"curies":[{"name":"wp","href":"https:\/\/api.w.org\/{rel}","templated":true}]}}