{"id":3991,"date":"2019-04-28T14:28:10","date_gmt":"2019-04-28T14:28:10","guid":{"rendered":"http:\/\/www.ahnenforschung-jackmuth.de\/?page_id=3991"},"modified":"2019-04-28T14:28:15","modified_gmt":"2019-04-28T14:28:15","slug":"ems-zur-transkription","status":"publish","type":"page","link":"https:\/\/www.ahnenforschung-jackmuth.de\/?page_id=3991","title":{"rendered":"Ems &#8211; Zur Transkription"},"content":{"rendered":"<p style=\"text-align: justify;\">Da das ausgewertete Kirchenbuch eine enge Bindung aufweist, verschwindet Text mitunter in der Buchfalz und ist auf den Digitalisaten nicht erkennbar. Rekonstruierter Text steht in spitzen Klammern, ansonsten wird der fehlende Text durch \u201e&lt;&#8230;&gt;\u201c wiedergegeben. Dies f\u00fchrt manchmal auch zu unvollst\u00e4ndigen Daten, was durch \u201exx\u201c wiedergegeben wird (z. B. xx.03.1701 oder xx.xx.1701). Abk\u00fcrzungen f\u00fcr -en, -er und -mm- sind stillschweigend aufgel\u00f6st und stehen ansonsten in eckigen Klammern. Nicht lesbarer Text wird als \u201e&#8230;\u201c wiedergegeben, L\u00fccken im Text als \u201e[ ]\u201c. Interlineare oder marginale Texteinschaltungen sind i. d. R. nicht gekennzeichnet, nicht lesbare Einschaltungen werden als \u201e&gt;&#8230;&lt;\u201c wiedergegeben.<\/p>\n<p style=\"text-align: justify;\">Das Kirchenbuch wurde ann\u00e4hernd vollst\u00e4ndig ausgewertet. Taufpaten wurden zu 61 % \u00fcbernommen (ca. 520 von 852 Eintr\u00e4gen), f\u00fcr die Familien und Einwohner auf dem Bad sind sie vollst\u00e4ndig angegeben.<\/p>\n<hr \/>\n<p style=\"text-align: justify;\"><strong><span style=\"font-size: 10pt;\">Letzte \u00c4nderung: 28. April 2019<\/span><\/strong><br \/>\n<strong><span style=\"font-size: 10pt;\">Ralph Jackmuth<\/span><\/strong><\/p>\n","protected":false},"excerpt":{"rendered":"<p>Da das ausgewertete Kirchenbuch eine enge Bindung aufweist, verschwindet Text mitunter in der Buchfalz und ist auf den Digitalisaten nicht erkennbar. Rekonstruierter Text steht in spitzen Klammern, ansonsten wird der fehlende Text durch \u201e&lt;&#8230;&gt;\u201c wiedergegeben. Dies f\u00fchrt manchmal auch zu unvollst\u00e4ndigen Daten, was durch \u201exx\u201c wiedergegeben wird (z. B. xx.03.1701 oder xx.xx.1701). Abk\u00fcrzungen f\u00fcr -en, &hellip; <a href=\"https:\/\/www.ahnenforschung-jackmuth.de\/?page_id=3991\" class=\"more-link\"><span class=\"screen-reader-text\">\u201eEms &#8211; Zur Transkription\u201c<\/span> weiterlesen<\/a><\/p>\n","protected":false},"author":1,"featured_media":0,"parent":0,"menu_order":0,"comment_status":"closed","ping_status":"closed","template":"","meta":{"footnotes":""},"class_list":["post-3991","page","type-page","status-publish","hentry"],"_links":{"self":[{"href":"https:\/\/www.ahnenforschung-jackmuth.de\/index.php?rest_route=\/wp\/v2\/pages\/3991","targetHints":{"allow":["GET"]}}],"collection":[{"href":"https:\/\/www.ahnenforschung-jackmuth.de\/index.php?rest_route=\/wp\/v2\/pages"}],"about":[{"href":"https:\/\/www.ahnenforschung-jackmuth.de\/index.php?rest_route=\/wp\/v2\/types\/page"}],"author":[{"embeddable":true,"href":"https:\/\/www.ahnenforschung-jackmuth.de\/index.php?rest_route=\/wp\/v2\/users\/1"}],"replies":[{"embeddable":true,"href":"https:\/\/www.ahnenforschung-jackmuth.de\/index.php?rest_route=%2Fwp%2Fv2%2Fcomments&post=3991"}],"version-history":[{"count":0,"href":"https:\/\/www.ahnenforschung-jackmuth.de\/index.php?rest_route=\/wp\/v2\/pages\/3991\/revisions"}],"wp:attachment":[{"href":"https:\/\/www.ahnenforschung-jackmuth.de\/index.php?rest_route=%2Fwp%2Fv2%2Fmedia&parent=3991"}],"curies":[{"name":"wp","href":"https:\/\/api.w.org\/{rel}","templated":true}]}}