{"id":3976,"date":"2019-04-28T13:54:23","date_gmt":"2019-04-28T13:54:23","guid":{"rendered":"http:\/\/www.ahnenforschung-jackmuth.de\/?page_id=3976"},"modified":"2019-04-28T13:54:23","modified_gmt":"2019-04-28T13:54:23","slug":"ems-quellen-zu-leporinus-5","status":"publish","type":"page","link":"https:\/\/www.ahnenforschung-jackmuth.de\/?page_id=3976","title":{"rendered":"Ems &#8211; Quellen zu Leporinus 5"},"content":{"rendered":"<p align=\"JUSTIFY\"><b>Johannes Leporinus als verst. Hof- und Landnotar genannt<br \/>\n<\/b><span style=\"font-size: small;\">HHStAW, Abt. 170 III (Korrespondenzen), Nr. 1700, fol. 235r-236v<\/span><\/p>\n<hr \/>\n<p align=\"RIGHT\">1723<\/p>\n<p align=\"JUSTIFY\">[fol. 235r]<i> Hochwohl- und Hochedelgebohrne, Hochgebietende Herren Commissarij!<\/i><\/p>\n<p align=\"JUSTIFY\"><i>Auff die gestrige beschehene Publication, da\u00df anheute sowohl ein jeder gewesener, al\u00df noch in Function stehender Bedienter sein Bestallungs-Patent in originali vorwei\u00dfen und in copia authentica zum protocollo commissionis \u00fcberlieffern solle, habe nicht ermanglen sollen, gehorsambst vorzustellen, da\u00df bey hoher Anwesenheit Ihro Hoheit meines g[n\u00e4]d[i]gsten F\u00fcrsstens und Herrens in a[nn]o 1723 ich an Platz des verstorbenen Notarij Leporini zum Hoff- und Landt-Notario gn\u00e4digst auff- und angenohmen, mir auch dar\u00fcber ein gn\u00e4digst Bestallungs-Patent ertheilet worden, wie solches denen f\u00fcrst[lichen] Bedienten und Domestiquen wohlwissent und bekandt ist, zu dem hochstg[edachte]n Ihro Hoheit durch dero Oberhoffmeistern und geheimbten Rath H[errn] Baron von Mose im vorigen Jahr in Gegenwarth H[errn] Commendanten <\/i>[fol. 235v] <i>von Magis mir eines Jahrsgeldt Bestallung mit 12 R[eichs]th[a]l[e]r au\u00df dero empfangenden Deputat au\u00dfzahlen la\u00dfen.<\/i><\/p>\n<p align=\"JUSTIFY\"><i>Wann aber ehe diesem dahier gewesener Landt-Commissarius le Grand al\u00df pro anno 1723 mir mein Salarium abgetragen, wie in dessen Rechnung n[umme]ro 108 zu sehen, meinen Bestallungs-Brieff \/: welcher von hochstg[edachte]r Ihro Hoheit meines gn\u00e4digsten Herrens hoher Handt eigenh\u00e4ndig unterschrieben, auch mit dem kleinen hochf\u00fcrst[lichen] Insiegel bedr\u00fcckt gewe\u00dfen:\/ behalten, und solchen, ohnerachtet darumb zum offtern an ihnen geschrieben, nicht zur\u00fcck haben k\u00f6nnen,al\u00dfo kann diesem dero gn\u00e4digen Befehl fiur diesesmahl keine Parition leisten, sondern bitte ob impossibilitatem obige Ahnzeig anstatt gehorsamber Parition gn\u00e4dig anzunehmen.<\/i><\/p>\n<p align=\"JUSTIFY\"><i>Der mit vieler Veneration bin Ew[er] Hochwohl- und Hochedelgeb[ohrne] gehorsamb ergebenster Diener J[ohann] G[eorg] M\u00fcllens, Notari[us]<\/i><\/p>\n<p align=\"JUSTIFY\">[fol. 236v]<i> Hochgem\u00fcsigte Anzeig loco paritionis Mein von Ihro Hoheit, meines gn\u00e4digsten F\u00fcrsten und Herrn &gt;&#8230;&lt; gn\u00e4digst best\u00e4lten Hoff- und Landt-Notarij Johann Georg Mullens.<\/i><\/p>\n<hr \/>\n<p style=\"text-align: justify;\"><strong><span style=\"font-size: 10pt;\">Letzte \u00c4nderung: 28. April 2019<\/span><\/strong><br \/>\n<strong><span style=\"font-size: 10pt;\">Ralph Jackmuth<\/span><\/strong><\/p>\n","protected":false},"excerpt":{"rendered":"<p>Johannes Leporinus als verst. Hof- und Landnotar genannt HHStAW, Abt. 170 III (Korrespondenzen), Nr. 1700, fol. 235r-236v 1723 [fol. 235r] Hochwohl- und Hochedelgebohrne, Hochgebietende Herren Commissarij! Auff die gestrige beschehene Publication, da\u00df anheute sowohl ein jeder gewesener, al\u00df noch in Function stehender Bedienter sein Bestallungs-Patent in originali vorwei\u00dfen und in copia authentica zum protocollo commissionis &hellip; <a href=\"https:\/\/www.ahnenforschung-jackmuth.de\/?page_id=3976\" class=\"more-link\"><span class=\"screen-reader-text\">\u201eEms &#8211; Quellen zu Leporinus 5\u201c<\/span> weiterlesen<\/a><\/p>\n","protected":false},"author":1,"featured_media":0,"parent":0,"menu_order":0,"comment_status":"closed","ping_status":"closed","template":"","meta":{"footnotes":""},"class_list":["post-3976","page","type-page","status-publish","hentry"],"_links":{"self":[{"href":"https:\/\/www.ahnenforschung-jackmuth.de\/index.php?rest_route=\/wp\/v2\/pages\/3976","targetHints":{"allow":["GET"]}}],"collection":[{"href":"https:\/\/www.ahnenforschung-jackmuth.de\/index.php?rest_route=\/wp\/v2\/pages"}],"about":[{"href":"https:\/\/www.ahnenforschung-jackmuth.de\/index.php?rest_route=\/wp\/v2\/types\/page"}],"author":[{"embeddable":true,"href":"https:\/\/www.ahnenforschung-jackmuth.de\/index.php?rest_route=\/wp\/v2\/users\/1"}],"replies":[{"embeddable":true,"href":"https:\/\/www.ahnenforschung-jackmuth.de\/index.php?rest_route=%2Fwp%2Fv2%2Fcomments&post=3976"}],"version-history":[{"count":0,"href":"https:\/\/www.ahnenforschung-jackmuth.de\/index.php?rest_route=\/wp\/v2\/pages\/3976\/revisions"}],"wp:attachment":[{"href":"https:\/\/www.ahnenforschung-jackmuth.de\/index.php?rest_route=%2Fwp%2Fv2%2Fmedia&parent=3976"}],"curies":[{"name":"wp","href":"https:\/\/api.w.org\/{rel}","templated":true}]}}