{"id":3973,"date":"2019-04-28T13:53:30","date_gmt":"2019-04-28T13:53:30","guid":{"rendered":"http:\/\/www.ahnenforschung-jackmuth.de\/?page_id=3973"},"modified":"2019-04-28T13:53:30","modified_gmt":"2019-04-28T13:53:30","slug":"ems-quellen-zu-leporinus-4","status":"publish","type":"page","link":"https:\/\/www.ahnenforschung-jackmuth.de\/?page_id=3973","title":{"rendered":"Ems &#8211; Quellen zu Leporinus 4"},"content":{"rendered":"<p align=\"JUSTIFY\"><b>Widersetzlichkeit des Pfarrers Leporinus bei der Haltung der vorgeschriebenen Bu\u00df-, Fast- und Bettage<br \/>\n<\/b><span style=\"font-size: small;\">HHStAW, Abt. 170 III (Korrespondenzen), Nr. 1632, fol. 49r-50r<\/span><\/p>\n<hr \/>\n<p align=\"RIGHT\">Kassel 1719 November 4<\/p>\n<p align=\"JUSTIFY\">[fol. 49r] <i>Carl. Vester, auch hochgel\u00e4hrte, liebe Getreue!<\/i><\/p>\n<p align=\"JUSTIFY\"><i>Wir haben Euere unterth[\u00e4nig]ste Berichtschreiben vom 24ten und 28ten nechtsverwichenen Monats Oct[obris] wohl erhalten und Un\u00df darab gehorsambst referiren la\u00dfen. Anlangend nun die Abzugsgelder f\u00fcr den J\u00e4ger Johan Tecke\u00df, so sich auff 8 [Rtl.] 38 Peterm[enger] belauffen, so habt Ihr selbige aus denen von Euch angef\u00fchrten Ursachen von denen der verwittibten F\u00fcrsten zu Oranienstein L[ie]bd[en]im Ambt Beilstein zukommenden Haffer-Restanten abzuziehen und die Verf\u00fcgung zu thun, da\u00df solche darin in Abrechnung gebracht werden.<\/i><\/p>\n<p align=\"JUSTIFY\"><i>Wegen des gemeinschafft[lichen] Pfarrherrn Leporini zu Embs Wiedersetzlichkeit in Haltung des ausgeschriebenen Bu\u00df-, Fast- <\/i>[fol. 49v]<i> und Bettags, habt Ihr die demselben desfalls angesetzte Straffe a 150 [Rtl.] auff 60 [Rtl.] zu moderiren und die Veranstaltung zu machen, da\u00df solche auch geh\u00f6rig eingebracht und berechnet werden.<\/i><\/p>\n<p align=\"JUSTIFY\"><i>Wa\u00df die Wiedereinhaftierung des jungen von Creutzbergs wegen ver\u00fcbter Bosheit an seinen Eltern betrifft, so la\u00dfen Wir Un\u00df zwar sothane Arrestirung gn\u00e4digst gefallen, nachdem aber aus desen bisherigen Beze\u00fcgungen nicht wohl abzunehmen, da\u00df derselbe sonsten bey gutem Verstandt seye, also habt Un\u00df, ob derselbe sonsten in seiner \u2026 sanae mentis <\/i>[gesunden Verstands]<i> seye, gleichfalls hiernechst zu berichten.<\/i><\/p>\n<p align=\"JUSTIFY\"><i>Hierbey \u00fcberschicken Wir Euch einen freyen Zollpass \u00fcber die 26 St\u00fcck Weinf\u00e4\u00dfer, welche Unser Frauen Tochter der verwitibten F\u00fcrstin von Oranien und Na\u00dfau L[ie]bd[en] an dem Rhein- und Moselstrohm einkauffen la\u00dfen und bemelte beyde <\/i>[fol. 50r]<i> Str\u00f6hme herunter und dann weiter auff der \u2026 nacher Leuwarden bringen la\u00dfen wollen. Und weilen die Observantz erfordet, auch wegen solcher zollfreyen Passirung mit des H[errn] Landtgraffen zu He\u00dfen-Darmstadt L[ie]bd[en] zu communiciren, al\u00df werden Wir sothane Communication mit heutiger Post zu bewerckstelligen nicht ermanglen.<\/i><\/p>\n<p align=\"JUSTIFY\"><i>Im \u00dcbrigen remittiren Wir Euch hierbey die am 26ten [Septem]br[is] j\u00fcngsthin unterth[\u00e4ni]gst einesendete Brieffschafften nebst derer Specification, um solche an ihren geh\u00f6rigen Orth in dortigem Archiv verwahrlich wieder zu reponiren.<\/i><\/p>\n<p align=\"JUSTIFY\"><i>Versehens Un\u00df.<\/i><\/p>\n<p align=\"JUSTIFY\"><i>Ca\u00dfell, den 4ten [Novem]br[is] 1719<\/i><\/p>\n<p align=\"JUSTIFY\"><i>Arnhold <\/i>[?]<\/p>\n<hr \/>\n<p style=\"text-align: justify;\"><strong><span style=\"font-size: 10pt;\">Letzte \u00c4nderung: 28. April 2019<\/span><\/strong><br \/>\n<strong><span style=\"font-size: 10pt;\">Ralph Jackmuth<\/span><\/strong><\/p>\n","protected":false},"excerpt":{"rendered":"<p>Widersetzlichkeit des Pfarrers Leporinus bei der Haltung der vorgeschriebenen Bu\u00df-, Fast- und Bettage HHStAW, Abt. 170 III (Korrespondenzen), Nr. 1632, fol. 49r-50r Kassel 1719 November 4 [fol. 49r] Carl. Vester, auch hochgel\u00e4hrte, liebe Getreue! Wir haben Euere unterth[\u00e4nig]ste Berichtschreiben vom 24ten und 28ten nechtsverwichenen Monats Oct[obris] wohl erhalten und Un\u00df darab gehorsambst referiren la\u00dfen. Anlangend &hellip; <a href=\"https:\/\/www.ahnenforschung-jackmuth.de\/?page_id=3973\" class=\"more-link\"><span class=\"screen-reader-text\">\u201eEms &#8211; Quellen zu Leporinus 4\u201c<\/span> weiterlesen<\/a><\/p>\n","protected":false},"author":1,"featured_media":0,"parent":0,"menu_order":0,"comment_status":"closed","ping_status":"closed","template":"","meta":{"footnotes":""},"class_list":["post-3973","page","type-page","status-publish","hentry"],"_links":{"self":[{"href":"https:\/\/www.ahnenforschung-jackmuth.de\/index.php?rest_route=\/wp\/v2\/pages\/3973","targetHints":{"allow":["GET"]}}],"collection":[{"href":"https:\/\/www.ahnenforschung-jackmuth.de\/index.php?rest_route=\/wp\/v2\/pages"}],"about":[{"href":"https:\/\/www.ahnenforschung-jackmuth.de\/index.php?rest_route=\/wp\/v2\/types\/page"}],"author":[{"embeddable":true,"href":"https:\/\/www.ahnenforschung-jackmuth.de\/index.php?rest_route=\/wp\/v2\/users\/1"}],"replies":[{"embeddable":true,"href":"https:\/\/www.ahnenforschung-jackmuth.de\/index.php?rest_route=%2Fwp%2Fv2%2Fcomments&post=3973"}],"version-history":[{"count":0,"href":"https:\/\/www.ahnenforschung-jackmuth.de\/index.php?rest_route=\/wp\/v2\/pages\/3973\/revisions"}],"wp:attachment":[{"href":"https:\/\/www.ahnenforschung-jackmuth.de\/index.php?rest_route=%2Fwp%2Fv2%2Fmedia&parent=3973"}],"curies":[{"name":"wp","href":"https:\/\/api.w.org\/{rel}","templated":true}]}}