{"id":3969,"date":"2019-04-28T13:51:06","date_gmt":"2019-04-28T13:51:06","guid":{"rendered":"http:\/\/www.ahnenforschung-jackmuth.de\/?page_id=3969"},"modified":"2019-04-28T13:52:07","modified_gmt":"2019-04-28T13:52:07","slug":"ems-quellen-zu-leporinus-3","status":"publish","type":"page","link":"https:\/\/www.ahnenforschung-jackmuth.de\/?page_id=3969","title":{"rendered":"Ems &#8211; Quellen zu Leporinus 3"},"content":{"rendered":"<p align=\"JUSTIFY\"><b>Eigenm\u00e4chtige Ernennung von Kirchensenioren durch Pfarrer Leporinus (u. a.)<br \/>\n<\/b><span style=\"font-size: small;\">HHStAW, Abt. 170 III (Korrespondenzen), Nr. 1551, fol. 118r-120v<\/span><\/p>\n<hr \/>\n<p align=\"RIGHT\">Kassel 1715 Februar 2<\/p>\n<p align=\"JUSTIFY\">[fol. 118r]<i> Ehrenveste und hochgelahrte, besonders gute Fre\u00fcnde!<\/i><\/p>\n<p align=\"JUSTIFY\"><i>Wir haben ab des Ambtman Goedecks zu Embs erstatteten und von Euch unterm 24ten passato eingeschickten Bericht des mehrern ersehen, wa\u00dfma\u00dfen der gemeinschafftliche Pfarrer Leporinus zu Embs sich ohnl\u00e4ngsthin unterstanden, vier ne\u00fce Kirchen-Seniores gantz einseitig und wieder die bisherige Observantz nicht allein zu erw\u00e4hlen, sondern auch gar in Pflichten zu nehmen, sodann in rebus ecclesiasticis und in specie in Religionssachen zu Schm\u00e4hlerung des pflegbefohlenen Printzen jurium und Kr\u00e4nckung deren reformirten Unterthanen der Gemeimschafft Embs \u00c4nderung zu machen. Nachdeme nun allerdings n\u00f6thig seyn will, sothanen einseitig einzuf\u00fchrenden und der Mitherrschafft zum h\u00f6chsten Praejuditz gereichenden Neuerungen in Zeiten vorzukommen, undt auff deren g\u00e4mtzliche Abstellung anzudringen, mithin die Concurrentz und reciprocirliche Communication in dergleichen tam in ecclesiasticis quam publicis vorfallenden gemeimschafftlichen Sachen der Billigkeit undt Observantz gem\u00e4\u00df beyzubehalten und zwarn <\/i>[fol. 118v]<i> umb soviel desto mehr, al\u00df man hochf\u00fcrst[lich] darmstattischer Seiten intendiret, vor dem f\u00fcrstlichen Hau\u00dfe Dietz in der Gemeinschafft Embs allgem\u00e4chlich ein praecipuum zu erlangen, al\u00df habt Ihr Euch vors Erste \u00fcber sothanes unbillige Verfahren des gemeinschafftlichen Pfarrers Leporini bey dem f\u00fcrstlichen darmstattischen Beambten zu Braubach zu beschwehren und durch den Ambtman Goedeck dagegender n\u00f6thige Vorstellung thun, mithin auff de\u00dfen Remedijrung antragen zu la\u00dfen, hernach aber, wann allen ohnverhoffenden wiedrigenfal\u00df darauff keine annehmliche Erkl\u00e4hrung erfolgen solte, al\u00dfdanm ein Schreiben an des Herrn Landgraffen zu He\u00dfen-Darmstatt hochf\u00fcrst[liche] Durch[lauch]t abzufa\u00dfen und darinnen die wahre Beschaffenheit der Sache wohl vorzustellen, auch das Concept zu ser[enissi]mi n[ost]ri hochf\u00fcrst[liche] Durch[lauch]t gn\u00e4digsten Approbation undt Vollziehung anhero einzusenden, inde\u00dfen aber zu berichten, ob und wa\u00df der gemeimschafftliche Pfarrer Leporinus von wegen des f\u00fcrstlichen Hau\u00dfes Dietz an Bestallung zu genie\u00dfen habe, <\/i>[fol. 119r]<i>, damit man allenfal\u00df an demselben sein wiedriges Verfahren ahnten und solche Bestallung einhalten k\u00f6nne. <\/i><\/p>\n<p align=\"JUSTIFY\"><i>Wegen des von des F\u00fcrsten von Na\u00dfau-Dillenburg D[urc]h[lauch]t verlangenden Bauholtzes zu Erbau- und Reparirung dero zu L\u00f6hnberg habenden und dero Oberstallmeister von B\u00fcring \u00fcbertragenen Hau\u00dfes und Scheuer habt ihr auff die Beantwortung Euers an die hochgr\u00e4ffliche weilburgische Regierung abgela\u00dfenen Schreibens zu tringen, damit desfal\u00df gestalten Dingen nach eine Resolution gefa\u00dfet und h\u00f6chstermelten F\u00fcrstens zu Na\u00dfau-Dillenburg D[urc]h[lauch]t auff dero an ser[enissi]mi n[ost]ri hochf\u00fcrst[liche] Durch[lauch]t desfals abgela\u00dfene beyde Schreiben nach so langem Auffenthalt eine Antwort ertheilet werden m\u00f6ge<\/i><\/p>\n<p align=\"JUSTIFY\"><i>Die eingeschickte Memoralia von Christoff Pfeiffern zu Arborn und der Gemeinde zu Rodenroth ratione der nachgesuchten Freyheit und respe[ctiv]e Erla\u00dfung r\u00fcckst\u00e4ndigen Hafferzin\u00dfe m\u00fc\u00dfen bis zu h\u00f6chstged[chter] ser[enissi]mi n[ost]ri hochf\u00fcrst[liche] D[urc]h[lauch]t Wiederkunfft undt dero gn\u00e4digsten Resolution au\u00dfgesetzt bleiben, welches denen <\/i>[fol. 119v]<i> Supplicanten, da es n\u00f6thig, vorlauffig zur Antwort gegeben werden kann.<\/i><\/p>\n<p align=\"JUSTIFY\"><i>Nachdem auch der Agent Schlegel zu Wien wegen noch nicht erfolgter Bezahlung seines Expensarij abermahls Erinnerung gethan, al\u00df werdet Ihr Veranstaltung zu machen haben, damit s[erenissi]mi n[ost]ri bereits an Euch desfal\u00df ergangenem gn\u00e4digstem Befehl gem\u00e4\u00df, die Zahlung dermahlen geschehen m\u00f6ge.<\/i><\/p>\n<p align=\"JUSTIFY\"><i>Womit Wir Euch freundlich zu dienen geneigt verbleiben.<\/i><\/p>\n<p align=\"JUSTIFY\"><i>Ca\u00dfell, den 2ten Februarij 1715.<\/i><\/p>\n<p align=\"JUSTIFY\"><i>F\u00fcrst[lich] he\u00dfische heimbgela\u00dfene Cantzlar und geheimbde R\u00e4the<\/i><\/p>\n<hr \/>\n<p align=\"JUSTIFY\">[fol. 120v, Adressat]<i> Denen ehrenvest- und hochgelahrten, Unsern besonders guten Fre\u00fcnden, f\u00fcrst[liche]n na\u00dfau-dietzischen zur vormundschafftlichen Regierung verordneten Cantzley-directori und R\u00e4then. Dietz. An die Regierung zu Dietz.<\/i><\/p>\n<p align=\"JUSTIFY\"><i>Rescriptum von ser[enissi]mi sutoris <\/i>[?]<i> hochf[\u00fcrstliche]r D[urc]h[lauch]t betreffendt.<\/i><\/p>\n<p align=\"JUSTIFY\"><i>die einseittig Annehmung 4 Kirchen-Seniorum von dem Pfarrer Leporinus zu Embs, wie auch \u00c4nderung in Religions- und Kirchensachen daselbst<br \/>\n<\/i>[Betreff Punkt 2 im Schreiben]<br \/>\n[Betreff Punkt 3 im Schreiben]<br \/>\n[Betreff Punkt 4 im Schreiben]<\/p>\n<hr \/>\n<p style=\"text-align: justify;\"><strong><span style=\"font-size: 10pt;\">Letzte \u00c4nderung: 28. April 2019<\/span><\/strong><br \/>\n<strong><span style=\"font-size: 10pt;\">Ralph Jackmuth<\/span><\/strong><\/p>\n","protected":false},"excerpt":{"rendered":"<p>Eigenm\u00e4chtige Ernennung von Kirchensenioren durch Pfarrer Leporinus (u. a.) HHStAW, Abt. 170 III (Korrespondenzen), Nr. 1551, fol. 118r-120v Kassel 1715 Februar 2 [fol. 118r] Ehrenveste und hochgelahrte, besonders gute Fre\u00fcnde! Wir haben ab des Ambtman Goedecks zu Embs erstatteten und von Euch unterm 24ten passato eingeschickten Bericht des mehrern ersehen, wa\u00dfma\u00dfen der gemeinschafftliche Pfarrer Leporinus &hellip; <a href=\"https:\/\/www.ahnenforschung-jackmuth.de\/?page_id=3969\" class=\"more-link\"><span class=\"screen-reader-text\">\u201eEms &#8211; Quellen zu Leporinus 3\u201c<\/span> weiterlesen<\/a><\/p>\n","protected":false},"author":1,"featured_media":0,"parent":0,"menu_order":0,"comment_status":"closed","ping_status":"closed","template":"","meta":{"footnotes":""},"class_list":["post-3969","page","type-page","status-publish","hentry"],"_links":{"self":[{"href":"https:\/\/www.ahnenforschung-jackmuth.de\/index.php?rest_route=\/wp\/v2\/pages\/3969","targetHints":{"allow":["GET"]}}],"collection":[{"href":"https:\/\/www.ahnenforschung-jackmuth.de\/index.php?rest_route=\/wp\/v2\/pages"}],"about":[{"href":"https:\/\/www.ahnenforschung-jackmuth.de\/index.php?rest_route=\/wp\/v2\/types\/page"}],"author":[{"embeddable":true,"href":"https:\/\/www.ahnenforschung-jackmuth.de\/index.php?rest_route=\/wp\/v2\/users\/1"}],"replies":[{"embeddable":true,"href":"https:\/\/www.ahnenforschung-jackmuth.de\/index.php?rest_route=%2Fwp%2Fv2%2Fcomments&post=3969"}],"version-history":[{"count":0,"href":"https:\/\/www.ahnenforschung-jackmuth.de\/index.php?rest_route=\/wp\/v2\/pages\/3969\/revisions"}],"wp:attachment":[{"href":"https:\/\/www.ahnenforschung-jackmuth.de\/index.php?rest_route=%2Fwp%2Fv2%2Fmedia&parent=3969"}],"curies":[{"name":"wp","href":"https:\/\/api.w.org\/{rel}","templated":true}]}}