{"id":3962,"date":"2019-04-28T13:48:09","date_gmt":"2019-04-28T13:48:09","guid":{"rendered":"http:\/\/www.ahnenforschung-jackmuth.de\/?page_id=3962"},"modified":"2019-04-28T13:48:09","modified_gmt":"2019-04-28T13:48:09","slug":"ems-quellen-zu-leporinus-1","status":"publish","type":"page","link":"https:\/\/www.ahnenforschung-jackmuth.de\/?page_id=3962","title":{"rendered":"Ems &#8211; Quellen zu Leporinus 1"},"content":{"rendered":"<p align=\"JUSTIFY\"><b>Versetzung (<i>Translocirung<\/i>) des Pfarrers Johannes Leporinus<br \/>\nAbsender: Henriette Amalie von Anhalt-Dessau, F\u00fcrstin von Nassau-Diez (1666\u20131726)<br \/>\n<\/b><span style=\"font-size: small;\">HHStAW, Abt. 170 III (Korrespondenzen), Nr. 1390, fol. 186r\/v (Abschrift 170 III, Nr. 1391 (fol. 300-303)<\/span><\/p>\n<hr \/>\n<p align=\"RIGHT\">Oranienwald 1704 August 16<\/p>\n<p align=\"JUSTIFY\">[fol. 186r] <i>Von Gottes Genaden Amelia, verwittibte F\u00fcrstin zu Nassau, gebohrne F\u00fcrstin zu Anhalt, Hertzogin zu Sach\u00dfen, Engern und Westphalen, Gr\u00e4fin zu Ascanien, Catzenelnbogen, Vianden, Dietz und Spiegelberg, Frau zu Zerbst, Bernburg und Beilstein, Baronesse von Lie\u00dffeld, souveraine Frau von der Erbherrligkeit des Eylands Ameland, Vorm\u00fcnderin und Regentin, Unsern gn\u00e4digen Gru\u00df und geneigten Willen zuvor, ehrnveste, hochgelehrte, liebe, getreue! Da\u00df Ihr wegen der von he\u00dfen-darmst\u00e4ttischer Seiten unternommener Translocirung des Pfarrers Leporini zum Emb\u00df und von dero Regierung in der an Euch abgela\u00dfener Antwort sub dato Darmstadt, 6 Junij, privative angemaa\u00dften juris episcopalis et patronatus, wie auch tentirten Auszug mehrern Ausschu\u00dfes contradicendo et protestando Unsere Gerechtsahme bewahret, ein solches ist so wohl Unserer Intention und Approbation als Euren obliegenden Amts-Pflichten gem\u00e4\u00df und werdet Euch ferner die Conservation Unsers wohlhergebrachten Rechtens iederzeit eyfrigst anbefohlen sein la\u00dfen. <\/i><\/p>\n<p align=\"JUSTIFY\"><i>Hingegen vernehmen Wir misf\u00e4llig, da\u00df, da Wir vermeinet durch Ansetzung eines neuen Inspectoris allem vormahligen unerbaulichen Wesen im Kirchenstand abgeholffen zu haben, allbereits neue Mi\u00dfverst\u00e4ndn\u00fcs und Zwietracht durch passionirte Anreitzungen zwischen denselben und Pfarrer Schnabelius gestifftet worden, so dan[n] zu \u00c4rgern\u00fc\u00df der Gemeinde und zum Spott der Nachbahren und anderer Religion-Geno\u00dfen gereichet. <\/i><\/p>\n<p align=\"JUSTIFY\"><i>Deswegen ist Unser ernster Befehl, da\u00df Ihr bey Zeiten alle Uneinigkeit d\u00e4mpfet und wehret, beyde Prediger vermahnet, in Frieden und geziemender Eintracht mit einander zu leben und sich nach Unsern hinterla\u00dfenen Verordnungen und sonst altem Herkommen zu richten, mit zusammen gesetzen Raht und Flei\u00df nur dahin sehend, da\u00df ihre Zuh\u00f6rer erbauet, christliche Wandel, gute Zucht und Erk\u00e4ntnus in Glaubenssachen bef\u00f6rdert werden m\u00f6gen.<\/i><\/p>\n<p align=\"JUSTIFY\"><i>Wir wollen vor dismahl die eingebrachte Klagen nicht ber\u00fchren, umb keinen Anla\u00df zu geben zu Gegen-Antworten und mehrer Verbitterung, dafern aber die Friedenst\u00f6rer aus Antrieb ihrer Privat-Effecten fortfahren, die Prediger aneinander zu setzen und per indirectum zu mehren Streit <\/i>[fol. 186v] <i>Gelegenheit an Hand zu heben, werden Wir, ehe[licher] sie sichs verh\u00fcten, darin zu ihren Leidwesen versehen, wie Wir urtheilen werden, da\u00df die Wurtzel selbst dieses Unkrauts ausgerottet werden k\u00f6nnen, maa\u00dfen Uns dieselbe zum Theil nicht unbekandt seind.<\/i><\/p>\n<p align=\"JUSTIFY\"><i>Solte aber in zuf\u00e4lligen Emergenten. worin Unsere Verordnung oder die alte Gewohnheit nichts determiniret, einiger Zweiffel oder Discrepantz sich hervorthun, so sollet Ihr nach p[f]lichtm\u00e4\u00dfiger Vorstellung Unser Gutachten dar\u00fcber einholen und darob sein, da\u00df demselben nachgelebet, auch ohne Unser Vorwi\u00dfen nicht Neuerliches, woraus Irrungen und Unordnungen entstehen k\u00f6nten, vorgenommen werde.<\/i><\/p>\n<p align=\"JUSTIFY\"><i>Ferner findet Ihr hierbey angeschlo\u00dfen, was der Landrentm[eiste]r angef\u00fchret, umb zu erweisen, da\u00df es sch\u00e4dlich sein w\u00fcrde, mit Verkauffung des Viehes aufm Hoffe Oranienstein ietziger Zeit einen Anfang zu machen und derentwegen damit noch angestanden werden m\u00fc\u00dfe, worauf Ihr so wohl einer pflichtm\u00e4\u00dfiger Bedencken einrichten, als zu Unserer mehren Versicherung von andern Unsern Beampten und zuvor einem jeden insbesonders, die allegirte Motiven gleichfals nach Pflichten \u00fcberlegen und ihre Gedancken \u00fcber die resolvirte Verpfachtung und Verkauffung des Viehes schrifftlich sollet eingeben la\u00dfen, al\u00dfdan[n] ohne Verzug Uns dieselbe zu weiterer Verordnung \u00fcberschicken.<\/i><\/p>\n<p align=\"JUSTIFY\"><i>Die Grasserischen Kinder haben abermahl ein Supplicq eingesandt wegen ihrer Pretensionen auf ihres verstorbenen Vatters r\u00fcckstandigen Gehalt, habet demnach zu berichten, woran es liege, da\u00df dieselbe noch nicht befriediget worden, damit des Klagens einmahl ein Ende werden. Der Gemeinde Odersberg im Amt Beilstein Bittschrifft mit g[n\u00e4]d[ig]ster Gew\u00e4hrung wegen des im Junio verwichenen Jahres erlittenen Brandschadens geht auch hierbey zur\u00fcck.<\/i><\/p>\n<p align=\"JUSTIFY\"><i>Die \u00dcbermachung des Wechsels werdet Ihr zufolge ergangenen Befehls, so viel m\u00fcglich, beschleunigen. Wie es mit der Niedersh\u00e4user Sache stehe, habet Ihr mit nechstem zu berichten.<\/i><\/p>\n<p align=\"JUSTIFY\"><i>Und verbleiben Euch in Genaden gewogen.<\/i><\/p>\n<p align=\"JUSTIFY\"><i>Oranienwald, den 16 Augusti 1704<\/i><\/p>\n<p align=\"JUSTIFY\"><i>E[ure] wohlaffectionirte F\u00fcrsten zu Nassau.<\/i><\/p>\n<hr \/>\n<p style=\"text-align: justify;\"><strong><span style=\"font-size: 10pt;\">Letzte \u00c4nderung: 28. April 2019<\/span><\/strong><br \/>\n<strong><span style=\"font-size: 10pt;\">Ralph Jackmuth<\/span><\/strong><\/p>\n","protected":false},"excerpt":{"rendered":"<p>Versetzung (Translocirung) des Pfarrers Johannes Leporinus Absender: Henriette Amalie von Anhalt-Dessau, F\u00fcrstin von Nassau-Diez (1666\u20131726) HHStAW, Abt. 170 III (Korrespondenzen), Nr. 1390, fol. 186r\/v (Abschrift 170 III, Nr. 1391 (fol. 300-303) Oranienwald 1704 August 16 [fol. 186r] Von Gottes Genaden Amelia, verwittibte F\u00fcrstin zu Nassau, gebohrne F\u00fcrstin zu Anhalt, Hertzogin zu Sach\u00dfen, Engern und Westphalen, &hellip; <a href=\"https:\/\/www.ahnenforschung-jackmuth.de\/?page_id=3962\" class=\"more-link\"><span class=\"screen-reader-text\">\u201eEms &#8211; Quellen zu Leporinus 1\u201c<\/span> weiterlesen<\/a><\/p>\n","protected":false},"author":1,"featured_media":0,"parent":0,"menu_order":0,"comment_status":"closed","ping_status":"closed","template":"","meta":{"footnotes":""},"class_list":["post-3962","page","type-page","status-publish","hentry"],"_links":{"self":[{"href":"https:\/\/www.ahnenforschung-jackmuth.de\/index.php?rest_route=\/wp\/v2\/pages\/3962","targetHints":{"allow":["GET"]}}],"collection":[{"href":"https:\/\/www.ahnenforschung-jackmuth.de\/index.php?rest_route=\/wp\/v2\/pages"}],"about":[{"href":"https:\/\/www.ahnenforschung-jackmuth.de\/index.php?rest_route=\/wp\/v2\/types\/page"}],"author":[{"embeddable":true,"href":"https:\/\/www.ahnenforschung-jackmuth.de\/index.php?rest_route=\/wp\/v2\/users\/1"}],"replies":[{"embeddable":true,"href":"https:\/\/www.ahnenforschung-jackmuth.de\/index.php?rest_route=%2Fwp%2Fv2%2Fcomments&post=3962"}],"version-history":[{"count":0,"href":"https:\/\/www.ahnenforschung-jackmuth.de\/index.php?rest_route=\/wp\/v2\/pages\/3962\/revisions"}],"wp:attachment":[{"href":"https:\/\/www.ahnenforschung-jackmuth.de\/index.php?rest_route=%2Fwp%2Fv2%2Fmedia&parent=3962"}],"curies":[{"name":"wp","href":"https:\/\/api.w.org\/{rel}","templated":true}]}}