{"id":3853,"date":"2019-04-28T10:52:42","date_gmt":"2019-04-28T10:52:42","guid":{"rendered":"http:\/\/www.ahnenforschung-jackmuth.de\/?page_id=3853"},"modified":"2019-04-28T13:04:52","modified_gmt":"2019-04-28T13:04:52","slug":"kemmenau-zimmerschied","status":"publish","type":"page","link":"https:\/\/www.ahnenforschung-jackmuth.de\/?page_id=3853","title":{"rendered":"Kemmenau &#8211; Zimmerschied"},"content":{"rendered":"<p><span style=\"color: #ff0000;\"><strong><u>Zimmerschied<\/u><\/strong><\/span><strong><span style=\"color: #ff0000;\">, Nikolaus:<\/span> <\/strong>wohnt in Kemmenau; bg. 07.02.1695 Ems, 67 Jahre alt<\/p>\n<p>oo mit <strong>N. N.<\/strong><\/p>\n<table width=\"605\">\n<tbody>\n<tr>\n<td width=\"142\">1) Anna Katharina<\/td>\n<td width=\"94\"><\/td>\n<td style=\"text-align: justify;\" width=\"369\">oo (3. Prokl. 08.01.1693 Ems) mit Johannes <em>Scheurer<\/em> aus Dausenau<\/td>\n<\/tr>\n<tr>\n<td width=\"142\">2) Johann Jakob<\/p>\n<p>&nbsp;<\/td>\n<td width=\"94\"><\/td>\n<td style=\"text-align: justify;\" width=\"369\">oo I. 16.11.1686 Ems mit Maria Elminger aus Weitersburg<br \/>\noo II. 24.11.1691 Ems mit Elisabeth Magd. Gackenbach aus Ems<br \/>\noo III. 10.01.1699 Ems mit Anna Gertrud Lichtenthal aus Hillscheid<\/td>\n<\/tr>\n<tr>\n<td width=\"142\">3) Anna Elisabeth<\/td>\n<td width=\"94\"><\/td>\n<td style=\"text-align: justify;\" width=\"369\">oo (3. Prokl. 24.01.1697 Ems) mit Johann Friedrich <em>Herppel<\/em> aus Dausenau<\/td>\n<\/tr>\n<tr>\n<td width=\"142\">4) Johann Peter<\/td>\n<td width=\"94\">* 1675<\/td>\n<td style=\"text-align: justify;\" width=\"369\">bg. 04.02.1695 Ems, 29 Jahre 4 Monate und 4 Tage alt<\/td>\n<\/tr>\n<\/tbody>\n<\/table>\n<hr \/>\n<p><span style=\"color: #ff0000;\"><strong><u>Zimmerschied<\/u><\/strong><strong>, Johannes: <\/strong><\/span>wohnt in Kemmenau<\/p>\n<p>o-o mit <strong>Barbara<\/strong><\/p>\n<table width=\"605\">\n<tbody>\n<tr>\n<td width=\"151\">Johann Jakob (illeg.)<\/td>\n<td width=\"189\">gt. 25.11.1683 Ems<br \/>\nkonf. 12.06.1698 (Pfingsten)<\/td>\n<td width=\"265\"><\/td>\n<\/tr>\n<\/tbody>\n<\/table>\n<p style=\"text-align: justify;\"><strong>Paten:<\/strong> <em>Gevattern waren: 1) Johann Jacob M\u00fcller, Cunradts Sohn zu Kemmenau; 2) Eulalia, Claus Zimmerschieds Hausfrau; 3) Johann Nicolaus Mertz<\/em><\/p>\n<hr \/>\n<p><span style=\"color: #ff0000;\"><strong><u>Zimmerschied<\/u><\/strong><strong>, Johannes: <\/strong><\/span>wohnt in Kemmenau; bg. 16.12.1703 Ems, 46 Jahre alt<\/p>\n<p><strong>oo I. <\/strong>mit <strong>Anna Barbara: <\/strong>bg. 22.10.1699 Ems<\/p>\n<table width=\"605\">\n<tbody>\n<tr>\n<td width=\"170\">1) Johann Wilhelm<\/td>\n<td width=\"189\">konf. 11.05.1704 (Pfingsten)<\/td>\n<td width=\"246\"><\/td>\n<\/tr>\n<tr>\n<td width=\"170\">2) Johannes<\/td>\n<td width=\"189\">konf. 11.05.1704 (Pfingsten)<\/td>\n<td width=\"246\"><\/td>\n<\/tr>\n<tr>\n<td width=\"170\">3) Johann Nikolaus<\/td>\n<td width=\"189\">gt. 14.04.1695 Ems<\/td>\n<td width=\"246\">bg. 19.07.1698 Ems<\/td>\n<\/tr>\n<tr>\n<td width=\"170\">4) Anna Margaretha<\/td>\n<td width=\"189\">gt. 14.08.1698 Ems<\/td>\n<td width=\"246\">bg. 06.05.1700 Ems<\/td>\n<\/tr>\n<\/tbody>\n<\/table>\n<p style=\"text-align: justify;\"><strong>Paten:<\/strong> <strong>zu 3) <\/strong><em>Tauffzeugen sind: Johann Nicolaus V\u00f6llbach zu Kemmenau vnd Hans Barthel Zimmerschied hier zu Embs. Die God ist: Maria Elisabetha, Jacob Ellmingenders zu Kemmenau Eheweib\u00a0 <\/em>\u2014 <strong>zu 4) <\/strong><em>Tauff-Goden sind: Anna Margretha, wei[land] Hans Jacob V\u00f6llbachs zu Kemmenau nachgelassene Tochter, vnd Anna Margretha, Joh[ann] Anthonij M\u00e4urers zu Zimmerschied Hau\u00dffrau. Der Path ist: Friederich Schaab zu Kemmenau<\/em><\/p>\n<p><strong>oo II. 29.03.1701 Ems<\/strong> (3. Prokl. 20.03.)<\/p>\n<p style=\"text-align: justify;\">mit <strong><u>Mertz<\/u>, Agatha:<\/strong> Tochter des Johannes Mertz aus Oberelbert (VG Montabaur); oo II. (3. Prokl. 15.07.1708 Ems) mit <a href=\"http:\/\/www.ahnenforschung-jackmuth.de\/?page_id=3782\">Andreas Eigenbrod<\/a> aus Zimmerschied<\/p>\n<table width=\"605\">\n<tbody>\n<tr>\n<td width=\"170\">Anna Elisabeth<\/td>\n<td width=\"142\">gt. 10.03.1702 Ems<\/td>\n<td width=\"293\"><\/td>\n<\/tr>\n<\/tbody>\n<\/table>\n<p style=\"text-align: justify;\"><strong>Paten: <\/strong><em>Tauff-Goden sind: Anna Barbara, Johannes Mertzen, eines Einwohners zu Oberilbert Tochter, vnd Sophia Elisabetha, Hans Martin Zimmerschieds dahier zu Embs Tochter. Der Path ist: Johannes Arnd Schneider zu Daussenau<\/em><\/p>\n<hr \/>\n<p style=\"text-align: justify;\"><span style=\"color: #ff0000;\"><strong><u>Zimmerschied<\/u><\/strong><strong>, Johann Jakob:<\/strong><\/span> Sohn des Nikolaus Zimmerschied aus Kemmenau; am 21.12.1695 (hl. Thomas) zum Kirchensenior bestellt (KB 1, pag. 789)<\/p>\n<p><strong>oo I. 16.11.1686 Ems<\/strong><\/p>\n<p>mit <strong><em><u>Elminger<\/u><\/em>, (Anna) Maria:<\/strong> Tochter des Henrich <em>Elminger<\/em> aus Weitersburg (VG Vallendar); bg. 28.10.1690 Ems, 24 Jahre alt<\/p>\n<table width=\"605\">\n<tbody>\n<tr>\n<td width=\"170\">1) Johann Peter<\/td>\n<td width=\"208\">gt. 17.09.1687 Ems<br \/>\nkonf. 15.05.1701 (Pfingsten)<\/td>\n<td width=\"227\">bg. 09.01.1704 Ems<\/td>\n<\/tr>\n<tr>\n<td width=\"170\">2) Maria Sophia<\/td>\n<td width=\"208\">gt. 05.05.1689 Ems<br \/>\nkonf. 11.05.1704 (Pfingsten)<\/td>\n<td width=\"227\"><\/td>\n<\/tr>\n<\/tbody>\n<\/table>\n<p style=\"text-align: justify;\"><strong>Paten:<\/strong> <strong>zu 1) <\/strong><em>Gevattern waren: 1) Johann Peter Zimmerschied, des Kinds Vatter Bruder; 2) Anna Maria, Caroli Mertzen Tochter; 3) Johannes Bartholom\u00e6us Zimmerschied <\/em>\u2014 <strong>zu 2) <\/strong><em>Tauff-Goden sind: Maria Sophia M\u00fcllerin vff Kemmenau vnd Anna Maria, Hans Martin Zimmerschieds Hau\u00dffrau. Der Path aber ist: Otto Wilhelm Schneider auff Kemmenau<\/em><\/p>\n<p><strong>oo II. 24.11.1691 Ems<\/strong><\/p>\n<p style=\"text-align: justify;\">mit <strong><u>Gackenbach<\/u>, Elisabeth Magdalena:<\/strong> Tochter des verst. <a href=\"http:\/\/www.ahnenforschung-jackmuth.de\/?page_id=3229\">Hans Karl Gackenbach<\/a> aus Ems; bg. 14.02.1697 Ems, 31 Jahre alt<\/p>\n<table style=\"height: 140px;\" width=\"614\">\n<tbody>\n<tr style=\"height: 84px;\">\n<td style=\"height: 84px; width: 220.533px;\">1) Anna Katharina<\/td>\n<td style=\"height: 84px; width: 256.183px;\">gt. 13.11.1692 Ems<br \/>\nkonf. 12.06.1707 (Pfingsten)<\/td>\n<td style=\"height: 84px; width: 317.283px;\"><\/td>\n<\/tr>\n<tr style=\"height: 56px;\">\n<td style=\"height: 56px; width: 220.533px;\">2) Elisabeth Katharina<\/td>\n<td style=\"height: 56px; width: 256.183px;\">gt. 29.12.1695 Ems<\/td>\n<td style=\"height: 56px; width: 317.283px;\">bg. 02.02.1697 Ems<\/td>\n<\/tr>\n<\/tbody>\n<\/table>\n<p style=\"text-align: justify;\"><strong>Paten:<\/strong> <strong>zu 1) <\/strong><em>Tauff-Goden sind: Anna, Claus Zimmerschieds zu Kemmenau Tochter, vnd Margretha Catharina, weiland Hans Carl Gackenbachs nachgelassene Tochter. Der Path: Johann Matth\u00e6us, Friederich Horbachs zu Kemmenau Sohn <\/em>\u2014 <strong>zu 2) <\/strong><em>Tauff-Goden sind: Anna Elisabetha, weiland Nicolai Zimmerschieds zu Kemmenau nachgelassene Tochter, vnd Maria Catharina, Joh[ann] Jacob M\u00fcllers daselbst Eheweib. Der Path ist: Johannes Nicol Mertz in p[rae]dicto loco<\/em><\/p>\n<p><strong>oo III. 10.01.1699 Ems <\/strong>(3. Prokl. 08.01.)<\/p>\n<p>mit <strong><u>Lichtenthal<\/u>, Anna Gertrud:<\/strong> Tochter des Johannes Lichtenthal aus Hillscheid (VG H\u00f6hr-Grenzhausen); bg. 26.07.1706 Ems, 43 Jahre alt<\/p>\n<table width=\"614\">\n<tbody>\n<tr>\n<td width=\"170\">1) Johann Hermann<\/td>\n<td width=\"208\">gt. 06.08.1699 Ems<br \/>\nkonf. 04.06.1713 (Pfingsten)<\/td>\n<td width=\"236\"><\/td>\n<\/tr>\n<tr>\n<td width=\"170\">2) Johann Karl<\/td>\n<td width=\"208\">gt. 24.09.1702 Ems<\/td>\n<td width=\"236\"><\/td>\n<\/tr>\n<tr>\n<td width=\"170\">3) Johann Nikolaus<\/td>\n<td width=\"208\">gt. 25.07.1706 im Haus wegen \u201ezugesto\u00dfener Schwachheit\u201c<\/td>\n<td width=\"236\">bg, 26.07.1706 Ems<\/td>\n<\/tr>\n<\/tbody>\n<\/table>\n<p style=\"text-align: justify;\"><strong>Paten:<\/strong> <strong>zu 1) <\/strong><em>Tauffpathen sind: Johann Hermann M\u00fcller vnd Johannes Zimmerschied. Die God ist: Maria Elisabetha, Jacob Ellmingenders Frau; alle Einwohnere zu Kemmenau <\/em>\u2014 <strong>zu 2) <\/strong><em>Tauffpathen sind: Johannes Arnd Schneider zu Daussenau vnd Joh[ann] Carl Ahler, ein gemeiner Vorsteher vnd Becker auff dem Baad. Die God ist: Sibylla, Johannes Lichtenthals, eines Einwohners zu Hillschied, Tochter, vor welche p\u00e4pstische Person am Tauffstein gestanden: Eulalia Maria, Joh[ann] Hermann Mertzen zu Kemmenau Ehefrau <\/em>\u2014 <strong>zu 3) <\/strong><em>(&#8230;) sein Kindlein, welches ihme sein Eheweib 4 Tage vor ihrem Tod zur Welt gebohren, wegen zugesto\u00dfener Schwachheit im Hau\u00df zu Kemmenau tauffen lasen. Tauffzeugen waren: Johann Nicolaus V\u00f6llbach, Johannes Nicol Mertz vnd Agatha, wei[land] Johannes Zimmerschieds nachgelassene Wittib, alle wohnhafft zu Kemmenau<\/em><\/p>\n<p style=\"text-align: justify;\">Im P\u00f6nitentenregister wegen Ehe 8 (!) Monate vor der Geburt (KB 1, pag. 834): <em>Anno 1702, den 9ten Aprilis, war Palm-Sontag, haben Joh[ann] Jacob Zim[m]erschied vnd Anna Gerdraut, Eheleuthe zu Kem[m]enau, wegen zu fr\u00fch von ihnen beschehenen Beyschlaffs, ihre Kirchen-Bu\u00df, wie solche vor Eheleuth vnd die Personen, so von seiner Religion nicht zugethan sind, absonder[lich] verordnet ist, christ[lich] abgestattet.<\/em><\/p>\n<hr \/>\n<p style=\"text-align: justify;\"><strong><span style=\"font-size: 10pt;\">Letzte \u00c4nderung: 28. April 2019<\/span><\/strong><br \/>\n<strong><span style=\"font-size: 10pt;\">Ralph Jackmuth<\/span><\/strong><\/p>\n","protected":false},"excerpt":{"rendered":"<p>Zimmerschied, Nikolaus: wohnt in Kemmenau; bg. 07.02.1695 Ems, 67 Jahre alt oo mit N. N. 1) Anna Katharina oo (3. Prokl. 08.01.1693 Ems) mit Johannes Scheurer aus Dausenau 2) Johann Jakob &nbsp; oo I. 16.11.1686 Ems mit Maria Elminger aus Weitersburg oo II. 24.11.1691 Ems mit Elisabeth Magd. Gackenbach aus Ems oo III. 10.01.1699 Ems &hellip; <a href=\"https:\/\/www.ahnenforschung-jackmuth.de\/?page_id=3853\" class=\"more-link\"><span class=\"screen-reader-text\">\u201eKemmenau &#8211; Zimmerschied\u201c<\/span> weiterlesen<\/a><\/p>\n","protected":false},"author":1,"featured_media":0,"parent":0,"menu_order":0,"comment_status":"closed","ping_status":"closed","template":"","meta":{"footnotes":""},"class_list":["post-3853","page","type-page","status-publish","hentry"],"_links":{"self":[{"href":"https:\/\/www.ahnenforschung-jackmuth.de\/index.php?rest_route=\/wp\/v2\/pages\/3853","targetHints":{"allow":["GET"]}}],"collection":[{"href":"https:\/\/www.ahnenforschung-jackmuth.de\/index.php?rest_route=\/wp\/v2\/pages"}],"about":[{"href":"https:\/\/www.ahnenforschung-jackmuth.de\/index.php?rest_route=\/wp\/v2\/types\/page"}],"author":[{"embeddable":true,"href":"https:\/\/www.ahnenforschung-jackmuth.de\/index.php?rest_route=\/wp\/v2\/users\/1"}],"replies":[{"embeddable":true,"href":"https:\/\/www.ahnenforschung-jackmuth.de\/index.php?rest_route=%2Fwp%2Fv2%2Fcomments&post=3853"}],"version-history":[{"count":0,"href":"https:\/\/www.ahnenforschung-jackmuth.de\/index.php?rest_route=\/wp\/v2\/pages\/3853\/revisions"}],"wp:attachment":[{"href":"https:\/\/www.ahnenforschung-jackmuth.de\/index.php?rest_route=%2Fwp%2Fv2%2Fmedia&parent=3853"}],"curies":[{"name":"wp","href":"https:\/\/api.w.org\/{rel}","templated":true}]}}