{"id":3848,"date":"2019-04-28T10:46:52","date_gmt":"2019-04-28T10:46:52","guid":{"rendered":"http:\/\/www.ahnenforschung-jackmuth.de\/?page_id=3848"},"modified":"2019-04-28T10:46:52","modified_gmt":"2019-04-28T10:46:52","slug":"kemmenau-walther","status":"publish","type":"page","link":"https:\/\/www.ahnenforschung-jackmuth.de\/?page_id=3848","title":{"rendered":"Kemmenau &#8211; Walther"},"content":{"rendered":"<p style=\"text-align: justify;\"><span style=\"color: #ff0000;\"><strong><u>Walther<\/u><\/strong><strong>, Georg Friedrich:<\/strong><\/span> ein Leinweber und Einwohner zu Kemmenau; oo mit Maria Katharina; mit dem 14.08.1711 beginnt ein Taufeintrag f\u00fcr diese Familie zur nachtr\u00e4glichen Vervollst\u00e4ndigung, Taufname und Paten fehlen jedoch<\/p>\n<hr \/>\n<p style=\"text-align: justify;\"><strong><span style=\"font-size: 10pt;\">Letzte \u00c4nderung: 28. April 2019<\/span><\/strong><br \/>\n<strong><span style=\"font-size: 10pt;\">Ralph Jackmuth<\/span><\/strong><\/p>\n","protected":false},"excerpt":{"rendered":"<p>Walther, Georg Friedrich: ein Leinweber und Einwohner zu Kemmenau; oo mit Maria Katharina; mit dem 14.08.1711 beginnt ein Taufeintrag f\u00fcr diese Familie zur nachtr\u00e4glichen Vervollst\u00e4ndigung, Taufname und Paten fehlen jedoch Letzte \u00c4nderung: 28. April 2019 Ralph Jackmuth<\/p>\n","protected":false},"author":1,"featured_media":0,"parent":0,"menu_order":0,"comment_status":"closed","ping_status":"closed","template":"","meta":{"footnotes":""},"class_list":["post-3848","page","type-page","status-publish","hentry"],"_links":{"self":[{"href":"https:\/\/www.ahnenforschung-jackmuth.de\/index.php?rest_route=\/wp\/v2\/pages\/3848","targetHints":{"allow":["GET"]}}],"collection":[{"href":"https:\/\/www.ahnenforschung-jackmuth.de\/index.php?rest_route=\/wp\/v2\/pages"}],"about":[{"href":"https:\/\/www.ahnenforschung-jackmuth.de\/index.php?rest_route=\/wp\/v2\/types\/page"}],"author":[{"embeddable":true,"href":"https:\/\/www.ahnenforschung-jackmuth.de\/index.php?rest_route=\/wp\/v2\/users\/1"}],"replies":[{"embeddable":true,"href":"https:\/\/www.ahnenforschung-jackmuth.de\/index.php?rest_route=%2Fwp%2Fv2%2Fcomments&post=3848"}],"version-history":[{"count":0,"href":"https:\/\/www.ahnenforschung-jackmuth.de\/index.php?rest_route=\/wp\/v2\/pages\/3848\/revisions"}],"wp:attachment":[{"href":"https:\/\/www.ahnenforschung-jackmuth.de\/index.php?rest_route=%2Fwp%2Fv2%2Fmedia&parent=3848"}],"curies":[{"name":"wp","href":"https:\/\/api.w.org\/{rel}","templated":true}]}}