{"id":3839,"date":"2019-04-28T10:38:17","date_gmt":"2019-04-28T10:38:17","guid":{"rendered":"http:\/\/www.ahnenforschung-jackmuth.de\/?page_id=3839"},"modified":"2019-04-28T10:38:17","modified_gmt":"2019-04-28T10:38:17","slug":"kemmenau-thomas","status":"publish","type":"page","link":"https:\/\/www.ahnenforschung-jackmuth.de\/?page_id=3839","title":{"rendered":"Kemmenau &#8211; Thomas"},"content":{"rendered":"<p><span style=\"color: #ff0000;\"><strong><u>Thomas<\/u><\/strong><strong>, Franz:<\/strong><\/span> ein welscher Kohlenbrenner zu Kemmenau<\/p>\n<p>oo mit <strong><em>Maria Lie\u00df<\/em><\/strong><\/p>\n<table width=\"605\">\n<tbody>\n<tr>\n<td width=\"170\">Johann Thomas<\/td>\n<td width=\"151\">gt. 24.03.1689 Ems<\/td>\n<td width=\"283\"><\/td>\n<\/tr>\n<\/tbody>\n<\/table>\n<p style=\"text-align: justify;\"><strong>Paten:<\/strong> <em>Erbetene Tauffzeugen waren: Johann Jacob M\u00fcller zu Kemmenau vnd Maria Catharina, Henrich Schwertkopffs zu Zimmerschied Tochter<\/em><\/p>\n<hr \/>\n<p style=\"text-align: justify;\"><strong><span style=\"font-size: 10pt;\">Letzte \u00c4nderung: 28. April 2019<\/span><\/strong><br \/>\n<strong><span style=\"font-size: 10pt;\">Ralph Jackmuth<\/span><\/strong><\/p>\n","protected":false},"excerpt":{"rendered":"<p>Thomas, Franz: ein welscher Kohlenbrenner zu Kemmenau oo mit Maria Lie\u00df Johann Thomas gt. 24.03.1689 Ems Paten: Erbetene Tauffzeugen waren: Johann Jacob M\u00fcller zu Kemmenau vnd Maria Catharina, Henrich Schwertkopffs zu Zimmerschied Tochter Letzte \u00c4nderung: 28. April 2019 Ralph Jackmuth<\/p>\n","protected":false},"author":1,"featured_media":0,"parent":0,"menu_order":0,"comment_status":"closed","ping_status":"closed","template":"","meta":{"footnotes":""},"class_list":["post-3839","page","type-page","status-publish","hentry"],"_links":{"self":[{"href":"https:\/\/www.ahnenforschung-jackmuth.de\/index.php?rest_route=\/wp\/v2\/pages\/3839","targetHints":{"allow":["GET"]}}],"collection":[{"href":"https:\/\/www.ahnenforschung-jackmuth.de\/index.php?rest_route=\/wp\/v2\/pages"}],"about":[{"href":"https:\/\/www.ahnenforschung-jackmuth.de\/index.php?rest_route=\/wp\/v2\/types\/page"}],"author":[{"embeddable":true,"href":"https:\/\/www.ahnenforschung-jackmuth.de\/index.php?rest_route=\/wp\/v2\/users\/1"}],"replies":[{"embeddable":true,"href":"https:\/\/www.ahnenforschung-jackmuth.de\/index.php?rest_route=%2Fwp%2Fv2%2Fcomments&post=3839"}],"version-history":[{"count":0,"href":"https:\/\/www.ahnenforschung-jackmuth.de\/index.php?rest_route=\/wp\/v2\/pages\/3839\/revisions"}],"wp:attachment":[{"href":"https:\/\/www.ahnenforschung-jackmuth.de\/index.php?rest_route=%2Fwp%2Fv2%2Fmedia&parent=3839"}],"curies":[{"name":"wp","href":"https:\/\/api.w.org\/{rel}","templated":true}]}}