{"id":3825,"date":"2019-04-28T10:32:21","date_gmt":"2019-04-28T10:32:21","guid":{"rendered":"http:\/\/www.ahnenforschung-jackmuth.de\/?page_id=3825"},"modified":"2019-04-28T10:32:21","modified_gmt":"2019-04-28T10:32:21","slug":"kemmenau-schmitt","status":"publish","type":"page","link":"https:\/\/www.ahnenforschung-jackmuth.de\/?page_id=3825","title":{"rendered":"Kemmenau &#8211; Schmitt"},"content":{"rendered":"<p style=\"text-align: justify;\"><span style=\"color: #ff0000;\"><strong><em><u>Schmitt<\/u><\/em><\/strong><strong>, Johann Christoph:<\/strong><\/span> zur Zeit Schafhirte in Kemmenau; Sohn des Hans Henrich <em>Schmitt<\/em> aus Kemmenau<\/p>\n<p><strong>oo 26.07.1707 Ems <\/strong>(3. Prokl. 24.07.)<\/p>\n<p style=\"text-align: justify;\">mit <strong><u>Steinborn<\/u>, Maria Sibylla:<\/strong> Tochter des Johann Ernst Steinborn, anfangs in Nassau, h\u00e4lt sich jetzt auf dem Hof Gutenau auf<\/p>\n<p style=\"text-align: justify;\">Vor dem Taufeintrag vom 14.06.1711 steht ein begonnener Eintrag f\u00fcr diese Familie zur nachtr\u00e4glichen Vervollst\u00e4ndigung, Datum, Taufname und Paten fehlen jedoch.<\/p>\n<hr \/>\n<p style=\"text-align: justify;\"><strong><span style=\"font-size: 10pt;\">Letzte \u00c4nderung: 28. April 2019<\/span><\/strong><br \/>\n<strong><span style=\"font-size: 10pt;\">Ralph Jackmuth<\/span><\/strong><\/p>\n","protected":false},"excerpt":{"rendered":"<p>Schmitt, Johann Christoph: zur Zeit Schafhirte in Kemmenau; Sohn des Hans Henrich Schmitt aus Kemmenau oo 26.07.1707 Ems (3. Prokl. 24.07.) mit Steinborn, Maria Sibylla: Tochter des Johann Ernst Steinborn, anfangs in Nassau, h\u00e4lt sich jetzt auf dem Hof Gutenau auf Vor dem Taufeintrag vom 14.06.1711 steht ein begonnener Eintrag f\u00fcr diese Familie zur nachtr\u00e4glichen &hellip; <a href=\"https:\/\/www.ahnenforschung-jackmuth.de\/?page_id=3825\" class=\"more-link\"><span class=\"screen-reader-text\">\u201eKemmenau &#8211; Schmitt\u201c<\/span> weiterlesen<\/a><\/p>\n","protected":false},"author":1,"featured_media":0,"parent":0,"menu_order":0,"comment_status":"closed","ping_status":"closed","template":"","meta":{"footnotes":""},"class_list":["post-3825","page","type-page","status-publish","hentry"],"_links":{"self":[{"href":"https:\/\/www.ahnenforschung-jackmuth.de\/index.php?rest_route=\/wp\/v2\/pages\/3825","targetHints":{"allow":["GET"]}}],"collection":[{"href":"https:\/\/www.ahnenforschung-jackmuth.de\/index.php?rest_route=\/wp\/v2\/pages"}],"about":[{"href":"https:\/\/www.ahnenforschung-jackmuth.de\/index.php?rest_route=\/wp\/v2\/types\/page"}],"author":[{"embeddable":true,"href":"https:\/\/www.ahnenforschung-jackmuth.de\/index.php?rest_route=\/wp\/v2\/users\/1"}],"replies":[{"embeddable":true,"href":"https:\/\/www.ahnenforschung-jackmuth.de\/index.php?rest_route=%2Fwp%2Fv2%2Fcomments&post=3825"}],"version-history":[{"count":0,"href":"https:\/\/www.ahnenforschung-jackmuth.de\/index.php?rest_route=\/wp\/v2\/pages\/3825\/revisions"}],"wp:attachment":[{"href":"https:\/\/www.ahnenforschung-jackmuth.de\/index.php?rest_route=%2Fwp%2Fv2%2Fmedia&parent=3825"}],"curies":[{"name":"wp","href":"https:\/\/api.w.org\/{rel}","templated":true}]}}